{"id":6353,"date":"2025-09-11T01:17:51","date_gmt":"2025-09-11T01:17:51","guid":{"rendered":"https:\/\/www.hg-cooker.com\/?post_type=product&#038;p=6353"},"modified":"2025-09-11T01:48:38","modified_gmt":"2025-09-11T01:48:38","slug":"wholesale-titanium-cookware-in-bulk","status":"publish","type":"product","link":"https:\/\/www.hg-cooker.com\/fr\/produit\/wholesale-titanium-cookware-in-bulk\/","title":{"rendered":"Articles de cuisine en gros en titane, durables, l\u00e9gers, r\u00e9sistants \u00e0 la corrosion, produits en vrac \u00e0 l'usine"},"content":{"rendered":"<h3 class=\"wp-block-heading\">Options d'ustensiles de cuisine personnalis\u00e9s<\/h3>\n\n\n\n<ul class=\"wp-block-list\">\n<li><strong>Logo :<\/strong> Personnalisable avec le logo de votre marque<\/li>\n\n\n\n<li><strong>Emballage :<\/strong>\u00a0Bo\u00eete de couleur\/Carton, etc.<\/li>\n\n\n\n<li><strong>Mat\u00e9riau : <\/strong>Personnalisable<\/li>\n<\/ul>\n\n\n\n<div class=\"wp-block-columns is-layout-flex wp-container-core-columns-is-layout-9d6595d7 wp-block-columns-is-layout-flex\">\n<div class=\"wp-block-column is-layout-flow wp-block-column-is-layout-flow\"><\/div>\n\n\n\n<div class=\"wp-block-column is-layout-flow wp-block-column-is-layout-flow\"><\/div>\n<\/div>","protected":false},"excerpt":{"rendered":"<p>Nos ustensiles de cuisine en titane de haute qualit\u00e9 pr\u00e9sentent une excellente durabilit\u00e9, une portabilit\u00e9 l\u00e9g\u00e8re et une r\u00e9sistance exceptionnelle \u00e0 la corrosion, ce qui en fait un choix id\u00e9al pour les cuisines professionnelles, la cuisine en plein air et les march\u00e9s de d\u00e9tail. La conception de l'ustensile de cuisine, qui ne r\u00e9agit pas et qui est sans danger pour l'alimentation, offre aux utilisateurs une excellente exp\u00e9rience de la cuisine. Nous invitons les n\u00e9gociants, les grossistes et les d\u00e9taillants du monde entier \u00e0 nous contacter pour obtenir un devis.<\/p>\n<h2>Caract\u00e9ristiques des batteries de cuisine en titane<\/h2>\n<p><!-- wp:list --><\/p>\n<ul class=\"wp-block-list\"><!-- wp:list-item --><\/p>\n<li><strong>Durabilit\u00e9 sup\u00e9rieure : <\/strong>Contrairement aux m\u00e9taux plus tendres, le titane r\u00e9siste aux bosses, aux courbures et aux d\u00e9formations dues \u00e0 la cuisson \u00e0 haute temp\u00e9rature ou \u00e0 une utilisation intensive et prolong\u00e9e.<\/li>\n<p><!-- \/wp:list-item --><\/p>\n<p><!-- wp:list-item --><\/p>\n<li><strong>Conception l\u00e9g\u00e8re :<\/strong> L'un des avantages les plus appr\u00e9ci\u00e9s des ustensiles de cuisine en titane est leur l\u00e9g\u00e8ret\u00e9. Nos ustensiles de cuisine en titane peuvent \u00eatre 45% \u00e0 50% plus l\u00e9gers, ce qui constitue une am\u00e9lioration significative dans la cuisine de tous les jours.<\/li>\n<p><!-- \/wp:list-item --><\/p>\n<p><!-- wp:list-item --><\/p>\n<li><strong>Id\u00e9al pour l'ext\u00e9rieur :<\/strong> Les ustensiles de cuisine en titane allient une r\u00e9sistance exceptionnelle \u00e0 un poids minimal, et leur l\u00e9g\u00e8ret\u00e9 garantit qu'ils n'encombreront pas inutilement votre sac \u00e0 dos.<\/li>\n<p><!-- \/wp:list-item --><\/p>\n<p><!-- wp:list-item --><\/p>\n<li><strong>Peu d'entretien :<\/strong> La surface r\u00e9sistante aux rayures des ustensiles de cuisine en titane emp\u00eache les aliments de coller excessivement, ce qui signifie que la plupart des r\u00e9sidus peuvent \u00eatre enlev\u00e9s avec de l'eau chaude et une \u00e9ponge douce.<\/li>\n<p><!-- \/wp:list-item --><\/p>\n<p><!-- wp:list-item --><\/p>\n<li><strong>Sain et s\u00fbr : <\/strong>Le titane offre une surface de cuisson s\u00fbre et inerte, permettant aux utilisateurs de pr\u00e9parer des repas sains.<\/li>\n<p><!-- \/wp:list-item --><\/ul>\n<p><!-- \/wp:list --><\/p>","protected":false},"featured_media":6355,"comment_status":"closed","ping_status":"closed","template":"","meta":[],"product_brand":[],"product_cat":[69],"product_tag":[],"class_list":{"0":"post-6353","1":"product","2":"type-product","3":"status-publish","4":"has-post-thumbnail","6":"product_cat-wholesale-titanium-cookware","8":"first","9":"instock","10":"shipping-taxable","11":"product-type-simple"},"_links":{"self":[{"href":"https:\/\/www.hg-cooker.com\/fr\/wp-json\/wp\/v2\/product\/6353","targetHints":{"allow":["GET"]}}],"collection":[{"href":"https:\/\/www.hg-cooker.com\/fr\/wp-json\/wp\/v2\/product"}],"about":[{"href":"https:\/\/www.hg-cooker.com\/fr\/wp-json\/wp\/v2\/types\/product"}],"replies":[{"embeddable":true,"href":"https:\/\/www.hg-cooker.com\/fr\/wp-json\/wp\/v2\/comments?post=6353"}],"wp:featuredmedia":[{"embeddable":true,"href":"https:\/\/www.hg-cooker.com\/fr\/wp-json\/wp\/v2\/media\/6355"}],"wp:attachment":[{"href":"https:\/\/www.hg-cooker.com\/fr\/wp-json\/wp\/v2\/media?parent=6353"}],"wp:term":[{"taxonomy":"product_brand","embeddable":true,"href":"https:\/\/www.hg-cooker.com\/fr\/wp-json\/wp\/v2\/product_brand?post=6353"},{"taxonomy":"product_cat","embeddable":true,"href":"https:\/\/www.hg-cooker.com\/fr\/wp-json\/wp\/v2\/product_cat?post=6353"},{"taxonomy":"product_tag","embeddable":true,"href":"https:\/\/www.hg-cooker.com\/fr\/wp-json\/wp\/v2\/product_tag?post=6353"}],"curies":[{"name":"wp","href":"https:\/\/api.w.org\/{rel}","templated":true}]}}