{"id":6201,"date":"2025-08-18T08:10:46","date_gmt":"2025-08-18T08:10:46","guid":{"rendered":"https:\/\/www.hg-cooker.com\/?post_type=product&#038;p=6201"},"modified":"2025-08-18T08:43:41","modified_gmt":"2025-08-18T08:43:41","slug":"wholesale-stainless-steel-3-layer-steamer-pots","status":"publish","type":"product","link":"https:\/\/www.hg-cooker.com\/fr\/produit\/wholesale-stainless-steel-3-layer-steamer-pots\/","title":{"rendered":"Marmites \u00e0 vapeur \u00e0 3 couches - Cuisson rapide et saine, \u00e9conomie d'\u00e9nergie"},"content":{"rendered":"<figure class=\"wp-block-image size-full\"><img fetchpriority=\"high\" decoding=\"async\" width=\"2600\" height=\"757\" src=\"https:\/\/www.hg-cooker.com\/wp-content\/uploads\/2025\/08\/parameters-of-3-layer-steamer-pot.webp\" alt=\"param\u00e8tres de la marmite \u00e0 vapeur \u00e0 3 couches\" class=\"wp-image-6208\" srcset=\"https:\/\/www.hg-cooker.com\/wp-content\/uploads\/2025\/08\/parameters-of-3-layer-steamer-pot.webp 2600w, https:\/\/www.hg-cooker.com\/wp-content\/uploads\/2025\/08\/parameters-of-3-layer-steamer-pot-300x87.webp 300w, https:\/\/www.hg-cooker.com\/wp-content\/uploads\/2025\/08\/parameters-of-3-layer-steamer-pot-768x224.webp 768w, https:\/\/www.hg-cooker.com\/wp-content\/uploads\/2025\/08\/parameters-of-3-layer-steamer-pot-18x5.webp 18w, https:\/\/www.hg-cooker.com\/wp-content\/uploads\/2025\/08\/parameters-of-3-layer-steamer-pot-285x83.webp 285w, https:\/\/www.hg-cooker.com\/wp-content\/uploads\/2025\/08\/parameters-of-3-layer-steamer-pot-1600x466.webp 1600w, https:\/\/www.hg-cooker.com\/wp-content\/uploads\/2025\/08\/parameters-of-3-layer-steamer-pot-660x192.webp 660w, https:\/\/www.hg-cooker.com\/wp-content\/uploads\/2025\/08\/parameters-of-3-layer-steamer-pot-150x44.webp 150w\" sizes=\"(max-width: 2600px) 100vw, 2600px\" \/><\/figure>","protected":false},"excerpt":{"rendered":"<p>Vente en gros de marmites \u00e0 vapeur \u00e0 3 couches. La conception multicouche vous permet de cuire plusieurs plats simultan\u00e9ment sans m\u00e9langer les saveurs. Fabriqu\u00e9es en acier inoxydable de haute qualit\u00e9, elles offrent une conduction uniforme de la chaleur, sont durables et r\u00e9sistantes \u00e0 la rouille, et pr\u00e9servent la saveur originale de vos aliments. En tant que fabricant chinois d'ustensiles de cuisine, nous proposons des devis d'usine. N'h\u00e9sitez pas \u00e0 nous contacter !<\/p>\n<h2>Caract\u00e9ristiques de la marmite \u00e0 vapeur \u00e0 3 couches<\/h2>\n<p><strong>Couches d\u00e9tachables :<\/strong> Cette conception en deux parties permet une utilisation flexible des couches en fonction des besoins de cuisson. Il peut \u00eatre utilis\u00e9 comme un cuiseur vapeur \u00e0 trois \u00e9tages ou comme une marmite \u00e0 soupe.<\/p>\n<p><strong>Efficacit\u00e9 accrue de la cuisson :<\/strong> Les marmites \u00e0 vapeur \u00e0 trois couches de Wholesale vous permettent d'effectuer plusieurs t\u00e2ches et de cuisiner jusqu'\u00e0 trois plats \u00e0 la fois, ce qui permet d'\u00e9conomiser du temps et de l'\u00e9nergie.<\/p>\n<p><strong>Durable :<\/strong> L'acier inoxydable offre une r\u00e9sistance et une duret\u00e9 \u00e9lev\u00e9es, ce qui lui permet de supporter des cycles de chauffage et de refroidissement fr\u00e9quents sans d\u00e9formation ni gonflement.<\/p>\n<p><strong>Cuisine \u00e9conome en \u00e9nergie :<\/strong> Gr\u00e2ce \u00e0 l'am\u00e9lioration de la r\u00e9tention et de la dissipation de la chaleur, moins d'\u00e9nergie est n\u00e9cessaire pour maintenir la temp\u00e9rature de la vapeur.<\/p>\n<p><strong>Poign\u00e9es r\u00e9sistantes \u00e0 l'\u00e9chaudage :<\/strong> Les poign\u00e9es des deux c\u00f4t\u00e9s de la casserole sont robustes et larges, et fabriqu\u00e9es dans un mat\u00e9riau creux pour \u00e9viter efficacement la conduction de la chaleur et les br\u00fblures.<\/p>\n<p><strong>Couvercle incurv\u00e9 :<\/strong> Le couvercle incurv\u00e9 recueille et dirige efficacement la vapeur, ce qui permet \u00e0 l'eau condens\u00e9e de redescendre le long des parois de la casserole jusqu'au fond, pr\u00e9servant ainsi la texture des aliments.<\/p>","protected":false},"featured_media":6209,"comment_status":"closed","ping_status":"closed","template":"","meta":[],"product_brand":[],"product_cat":[52],"product_tag":[],"class_list":{"0":"post-6201","1":"product","2":"type-product","3":"status-publish","4":"has-post-thumbnail","6":"product_cat-stainless-steel-cookware","8":"first","9":"instock","10":"shipping-taxable","11":"product-type-simple"},"_links":{"self":[{"href":"https:\/\/www.hg-cooker.com\/fr\/wp-json\/wp\/v2\/product\/6201","targetHints":{"allow":["GET"]}}],"collection":[{"href":"https:\/\/www.hg-cooker.com\/fr\/wp-json\/wp\/v2\/product"}],"about":[{"href":"https:\/\/www.hg-cooker.com\/fr\/wp-json\/wp\/v2\/types\/product"}],"replies":[{"embeddable":true,"href":"https:\/\/www.hg-cooker.com\/fr\/wp-json\/wp\/v2\/comments?post=6201"}],"wp:featuredmedia":[{"embeddable":true,"href":"https:\/\/www.hg-cooker.com\/fr\/wp-json\/wp\/v2\/media\/6209"}],"wp:attachment":[{"href":"https:\/\/www.hg-cooker.com\/fr\/wp-json\/wp\/v2\/media?parent=6201"}],"wp:term":[{"taxonomy":"product_brand","embeddable":true,"href":"https:\/\/www.hg-cooker.com\/fr\/wp-json\/wp\/v2\/product_brand?post=6201"},{"taxonomy":"product_cat","embeddable":true,"href":"https:\/\/www.hg-cooker.com\/fr\/wp-json\/wp\/v2\/product_cat?post=6201"},{"taxonomy":"product_tag","embeddable":true,"href":"https:\/\/www.hg-cooker.com\/fr\/wp-json\/wp\/v2\/product_tag?post=6201"}],"curies":[{"name":"wp","href":"https:\/\/api.w.org\/{rel}","templated":true}]}}