{"id":6193,"date":"2025-08-18T07:34:58","date_gmt":"2025-08-18T07:34:58","guid":{"rendered":"https:\/\/www.hg-cooker.com\/?post_type=product&#038;p=6193"},"modified":"2025-08-18T08:09:28","modified_gmt":"2025-08-18T08:09:28","slug":"wholesale-3-tier-steamer-pots","status":"publish","type":"product","link":"https:\/\/www.hg-cooker.com\/fr\/produit\/wholesale-3-tier-steamer-pots\/","title":{"rendered":"Grossistes - Marmites \u00e0 vapeur \u00e0 3 \u00e9tages - Convient pour une utilisation commerciale et domestique"},"content":{"rendered":"<figure class=\"wp-block-image size-full\"><img fetchpriority=\"high\" decoding=\"async\" width=\"1920\" height=\"510\" src=\"https:\/\/www.hg-cooker.com\/wp-content\/uploads\/2025\/08\/wholesale-3-tier-steamer-pots.webp\" alt=\"Grossiste pots \u00e0 vapeur \u00e0 3 \u00e9tages\" class=\"wp-image-6194\" srcset=\"https:\/\/www.hg-cooker.com\/wp-content\/uploads\/2025\/08\/wholesale-3-tier-steamer-pots.webp 1920w, https:\/\/www.hg-cooker.com\/wp-content\/uploads\/2025\/08\/wholesale-3-tier-steamer-pots-300x80.webp 300w, https:\/\/www.hg-cooker.com\/wp-content\/uploads\/2025\/08\/wholesale-3-tier-steamer-pots-768x204.webp 768w, https:\/\/www.hg-cooker.com\/wp-content\/uploads\/2025\/08\/wholesale-3-tier-steamer-pots-18x5.webp 18w, https:\/\/www.hg-cooker.com\/wp-content\/uploads\/2025\/08\/wholesale-3-tier-steamer-pots-285x76.webp 285w, https:\/\/www.hg-cooker.com\/wp-content\/uploads\/2025\/08\/wholesale-3-tier-steamer-pots-1600x425.webp 1600w, https:\/\/www.hg-cooker.com\/wp-content\/uploads\/2025\/08\/wholesale-3-tier-steamer-pots-660x175.webp 660w, https:\/\/www.hg-cooker.com\/wp-content\/uploads\/2025\/08\/wholesale-3-tier-steamer-pots-150x40.webp 150w\" sizes=\"(max-width: 1920px) 100vw, 1920px\" \/><\/figure>","protected":false},"excerpt":{"rendered":"<p>Les marmites \u00e0 vapeur \u00e0 3 \u00e9tages en acier inoxydable, con\u00e7ues pour une cuisson saine et efficace, sont id\u00e9ales pour les cuisines domestiques et l'utilisation professionnelle. Nous proposons des prix de gros et acceptons les achats en masse.<\/p>\n<h2>Caract\u00e9ristiques de la marmite \u00e0 vapeur \u00e0 3 \u00e9tages<\/h2>\n<p><strong>Acier inoxydable de haute qualit\u00e9 :<\/strong> Les marmites \u00e0 vapeur en gros sont fabriqu\u00e9es en acier inoxydable de haute qualit\u00e9, r\u00e9sistant \u00e0 la rouille, \u00e0 la corrosion et \u00e0 l'usure.<\/p>\n<p><strong>Augmenter l'efficacit\u00e9 de la cuisson : <\/strong>La marmite \u00e0 vapeur \u00e0 trois niveaux am\u00e9liore consid\u00e9rablement l'efficacit\u00e9 de la cuisson, vous permettant de cuisiner plusieurs plats simultan\u00e9ment avec un seul cuiseur \u00e0 vapeur.<\/p>\n<p><strong>M\u00e9thode de cuisson saine :<\/strong> La cuisson \u00e0 la vapeur est largement consid\u00e9r\u00e9e comme l'une des m\u00e9thodes de cuisson les plus saines, car elle permet de pr\u00e9server un pourcentage plus \u00e9lev\u00e9 des nutriments, vitamines et min\u00e9raux naturels des aliments.<\/p>\n<p><strong>Facile \u00e0 nettoyer et \u00e0 entretenir :<\/strong> L'int\u00e9rieur et l'ext\u00e9rieur \u00e9l\u00e9gants et bien polis de ce cuiseur vapeur \u00e0 trois \u00e9tages en acier inoxydable sont antiadh\u00e9sifs, faciles \u00e0 nettoyer et lavables au lave-vaisselle.<\/p>\n<p><strong>Convient \u00e0 la fois \u00e0 un usage commercial et \u00e0 un usage domestique :<\/strong> Sa conception \u00e0 plusieurs niveaux vous permet de cuire plusieurs plats simultan\u00e9ment, ce qui est pratique pour pr\u00e9parer des repas pour des clients ou pour toute la famille.<\/p>","protected":false},"featured_media":6195,"comment_status":"closed","ping_status":"closed","template":"","meta":[],"product_brand":[],"product_cat":[52],"product_tag":[],"class_list":{"0":"post-6193","1":"product","2":"type-product","3":"status-publish","4":"has-post-thumbnail","6":"product_cat-stainless-steel-cookware","8":"first","9":"instock","10":"shipping-taxable","11":"product-type-simple"},"_links":{"self":[{"href":"https:\/\/www.hg-cooker.com\/fr\/wp-json\/wp\/v2\/product\/6193","targetHints":{"allow":["GET"]}}],"collection":[{"href":"https:\/\/www.hg-cooker.com\/fr\/wp-json\/wp\/v2\/product"}],"about":[{"href":"https:\/\/www.hg-cooker.com\/fr\/wp-json\/wp\/v2\/types\/product"}],"replies":[{"embeddable":true,"href":"https:\/\/www.hg-cooker.com\/fr\/wp-json\/wp\/v2\/comments?post=6193"}],"wp:featuredmedia":[{"embeddable":true,"href":"https:\/\/www.hg-cooker.com\/fr\/wp-json\/wp\/v2\/media\/6195"}],"wp:attachment":[{"href":"https:\/\/www.hg-cooker.com\/fr\/wp-json\/wp\/v2\/media?parent=6193"}],"wp:term":[{"taxonomy":"product_brand","embeddable":true,"href":"https:\/\/www.hg-cooker.com\/fr\/wp-json\/wp\/v2\/product_brand?post=6193"},{"taxonomy":"product_cat","embeddable":true,"href":"https:\/\/www.hg-cooker.com\/fr\/wp-json\/wp\/v2\/product_cat?post=6193"},{"taxonomy":"product_tag","embeddable":true,"href":"https:\/\/www.hg-cooker.com\/fr\/wp-json\/wp\/v2\/product_tag?post=6193"}],"curies":[{"name":"wp","href":"https:\/\/api.w.org\/{rel}","templated":true}]}}