{"id":6157,"date":"2025-08-18T03:58:48","date_gmt":"2025-08-16T01:23:50","guid":{"rendered":"https:\/\/www.hg-cooker.com\/?post_type=product&#038;p=6157"},"modified":"2025-08-18T04:20:41","modified_gmt":"2025-08-18T04:20:41","slug":"wholesale-premium-stainless-steel-stewing-pots","status":"publish","type":"product","link":"https:\/\/www.hg-cooker.com\/fr\/produit\/wholesale-premium-stainless-steel-stewing-pots\/","title":{"rendered":"Wholesale Premium Stainless Steel Stewing Pot With Lid - Multi-Sizes &amp; Stackable"},"content":{"rendered":"<figure class=\"wp-block-image size-full\"><img fetchpriority=\"high\" decoding=\"async\" width=\"1752\" height=\"519\" src=\"https:\/\/www.hg-cooker.com\/wp-content\/uploads\/2025\/08\/parameters-of-stewing-pot.webp\" alt=\"param\u00e8tres de la marmite\" class=\"wp-image-6180\" srcset=\"https:\/\/www.hg-cooker.com\/wp-content\/uploads\/2025\/08\/parameters-of-stewing-pot.webp 1752w, https:\/\/www.hg-cooker.com\/wp-content\/uploads\/2025\/08\/parameters-of-stewing-pot-300x89.webp 300w, https:\/\/www.hg-cooker.com\/wp-content\/uploads\/2025\/08\/parameters-of-stewing-pot-768x228.webp 768w, https:\/\/www.hg-cooker.com\/wp-content\/uploads\/2025\/08\/parameters-of-stewing-pot-18x5.webp 18w, https:\/\/www.hg-cooker.com\/wp-content\/uploads\/2025\/08\/parameters-of-stewing-pot-285x84.webp 285w, https:\/\/www.hg-cooker.com\/wp-content\/uploads\/2025\/08\/parameters-of-stewing-pot-1600x474.webp 1600w, https:\/\/www.hg-cooker.com\/wp-content\/uploads\/2025\/08\/parameters-of-stewing-pot-660x196.webp 660w, https:\/\/www.hg-cooker.com\/wp-content\/uploads\/2025\/08\/parameters-of-stewing-pot-150x44.webp 150w\" sizes=\"(max-width: 1752px) 100vw, 1752px\" \/><\/figure>","protected":false},"excerpt":{"rendered":"<p>Vente en gros de marmites en acier inoxydable de haute qualit\u00e9. Ce faitout en acier inoxydable pr\u00e9sente une finition polie pour la s\u00e9curit\u00e9, la durabilit\u00e9 et une \u00e9l\u00e9gante simplicit\u00e9. Elle est parfaite pour faire cuire lentement des soupes, des rago\u00fbts, du porridge et une vari\u00e9t\u00e9 d'autres plats. Disponible en quatre tailles, nous proposons des services OEM et ODM. Nous acceptons les achats en gros.<\/p>\n<p><!-- wp:heading --><\/p>\n<h2 class=\"wp-block-heading\">Caract\u00e9ristiques de la marmite \u00e0 rago\u00fbt en acier inoxydable de qualit\u00e9 sup\u00e9rieure<\/h2>\n<ul>\n<li><strong>Stable et ergonomique :<\/strong> Les marmites en gros sont dot\u00e9es de poign\u00e9es \u00e0 double manche qui assurent une bonne prise en main. Les poign\u00e9es creuses ralentissent le transfert de chaleur de la marmite vers les poign\u00e9es et assurent l'isolation.<\/li>\n<li><strong>Acier inoxydable Couvercle :<\/strong> Le couvercle en acier inoxydable est plus r\u00e9sistant aux chocs et aux \u00e9clats et offre une excellente r\u00e9tention de la chaleur, emprisonnant efficacement la chaleur et la vapeur \u00e0 l'int\u00e9rieur de la casserole pour une cuisson plus rapide.<\/li>\n<li><strong>Polyvalent :<\/strong> Parfait pour les bouillons d'os \u00e0 cuisson longue et lente, les bouillies de riz parfum\u00e9es ou d'autres plats de viande qui n\u00e9cessitent une cuisson \u00e0 l'\u00e9touff\u00e9e bien assaisonn\u00e9e.<\/li>\n<li><strong>Facile \u00e0 nettoyer :<\/strong> Les marmites en gros sont dot\u00e9es d'une finition polie profonde, ce qui rend le nettoyage incroyablement facile ; il suffit de les essuyer avec une \u00e9ponge et du d\u00e9tergent.<\/li>\n<li><strong>Quatre tailles disponibles :<\/strong> Disponibles en 20 cm, 22 cm, 24 cm et 26 cm, ils r\u00e9pondent aux besoins des cuisines domestiques et commerciales.<\/li>\n<\/ul>\n<p><!-- \/wp:paragraph --><\/p>","protected":false},"featured_media":6161,"comment_status":"closed","ping_status":"closed","template":"","meta":[],"product_brand":[],"product_cat":[52],"product_tag":[],"class_list":{"0":"post-6157","1":"product","2":"type-product","3":"status-publish","4":"has-post-thumbnail","6":"product_cat-stainless-steel-cookware","8":"first","9":"instock","10":"shipping-taxable","11":"product-type-simple"},"_links":{"self":[{"href":"https:\/\/www.hg-cooker.com\/fr\/wp-json\/wp\/v2\/product\/6157","targetHints":{"allow":["GET"]}}],"collection":[{"href":"https:\/\/www.hg-cooker.com\/fr\/wp-json\/wp\/v2\/product"}],"about":[{"href":"https:\/\/www.hg-cooker.com\/fr\/wp-json\/wp\/v2\/types\/product"}],"replies":[{"embeddable":true,"href":"https:\/\/www.hg-cooker.com\/fr\/wp-json\/wp\/v2\/comments?post=6157"}],"wp:featuredmedia":[{"embeddable":true,"href":"https:\/\/www.hg-cooker.com\/fr\/wp-json\/wp\/v2\/media\/6161"}],"wp:attachment":[{"href":"https:\/\/www.hg-cooker.com\/fr\/wp-json\/wp\/v2\/media?parent=6157"}],"wp:term":[{"taxonomy":"product_brand","embeddable":true,"href":"https:\/\/www.hg-cooker.com\/fr\/wp-json\/wp\/v2\/product_brand?post=6157"},{"taxonomy":"product_cat","embeddable":true,"href":"https:\/\/www.hg-cooker.com\/fr\/wp-json\/wp\/v2\/product_cat?post=6157"},{"taxonomy":"product_tag","embeddable":true,"href":"https:\/\/www.hg-cooker.com\/fr\/wp-json\/wp\/v2\/product_tag?post=6157"}],"curies":[{"name":"wp","href":"https:\/\/api.w.org\/{rel}","templated":true}]}}