{"id":6143,"date":"2025-08-26T03:26:55","date_gmt":"2025-08-26T03:26:55","guid":{"rendered":"https:\/\/www.hg-cooker.com\/?post_type=product&#038;p=6143"},"modified":"2025-09-13T02:35:33","modified_gmt":"2025-09-13T02:35:33","slug":"wholesale-stainless-steel-stew-pots","status":"publish","type":"product","link":"https:\/\/www.hg-cooker.com\/fr\/produit\/wholesale-stainless-steel-stew-pots\/","title":{"rendered":"Wholesale Stainless Steel Stew Pots With Tempered Glass Lid - Multi-sizes &amp; Stackable (en anglais)"},"content":{"rendered":"<div class=\"wp-block-columns is-layout-flex wp-container-core-columns-is-layout-9d6595d7 wp-block-columns-is-layout-flex\">\n<div class=\"wp-block-column is-layout-flow wp-block-column-is-layout-flow\">\n<figure class=\"wp-block-image size-full\"><img fetchpriority=\"high\" decoding=\"async\" width=\"2351\" height=\"2351\" src=\"https:\/\/www.hg-cooker.com\/wp-content\/uploads\/2025\/08\/wholesale-stainless-steel-stewing-soup-pot-2.webp\" alt=\"gros pot \u00e0 soupe en acier inoxydable (2)\" class=\"wp-image-6147\" srcset=\"https:\/\/www.hg-cooker.com\/wp-content\/uploads\/2025\/08\/wholesale-stainless-steel-stewing-soup-pot-2.webp 2351w, https:\/\/www.hg-cooker.com\/wp-content\/uploads\/2025\/08\/wholesale-stainless-steel-stewing-soup-pot-2-300x300.webp 300w, https:\/\/www.hg-cooker.com\/wp-content\/uploads\/2025\/08\/wholesale-stainless-steel-stewing-soup-pot-2-150x150.webp 150w, https:\/\/www.hg-cooker.com\/wp-content\/uploads\/2025\/08\/wholesale-stainless-steel-stewing-soup-pot-2-768x768.webp 768w, https:\/\/www.hg-cooker.com\/wp-content\/uploads\/2025\/08\/wholesale-stainless-steel-stewing-soup-pot-2-12x12.webp 12w, https:\/\/www.hg-cooker.com\/wp-content\/uploads\/2025\/08\/wholesale-stainless-steel-stewing-soup-pot-2-285x285.webp 285w, https:\/\/www.hg-cooker.com\/wp-content\/uploads\/2025\/08\/wholesale-stainless-steel-stewing-soup-pot-2-1600x1600.webp 1600w, https:\/\/www.hg-cooker.com\/wp-content\/uploads\/2025\/08\/wholesale-stainless-steel-stewing-soup-pot-2-270x270.webp 270w, https:\/\/www.hg-cooker.com\/wp-content\/uploads\/2025\/08\/wholesale-stainless-steel-stewing-soup-pot-2-540x540.webp 540w, https:\/\/www.hg-cooker.com\/wp-content\/uploads\/2025\/08\/wholesale-stainless-steel-stewing-soup-pot-2-660x660.webp 660w\" sizes=\"(max-width: 2351px) 100vw, 2351px\" \/><\/figure>\n<\/div>\n\n\n\n<div class=\"wp-block-column is-layout-flow wp-block-column-is-layout-flow\">\n<figure class=\"wp-block-image size-full\"><img decoding=\"async\" width=\"2309\" height=\"2309\" src=\"https:\/\/www.hg-cooker.com\/wp-content\/uploads\/2025\/08\/wholesale-stainless-steel-stewing-soup-pot-3.webp\" alt=\"Grossiste pot \u00e0 soupe en acier inoxydable (3)\" class=\"wp-image-6148\" srcset=\"https:\/\/www.hg-cooker.com\/wp-content\/uploads\/2025\/08\/wholesale-stainless-steel-stewing-soup-pot-3.webp 2309w, https:\/\/www.hg-cooker.com\/wp-content\/uploads\/2025\/08\/wholesale-stainless-steel-stewing-soup-pot-3-300x300.webp 300w, https:\/\/www.hg-cooker.com\/wp-content\/uploads\/2025\/08\/wholesale-stainless-steel-stewing-soup-pot-3-150x150.webp 150w, https:\/\/www.hg-cooker.com\/wp-content\/uploads\/2025\/08\/wholesale-stainless-steel-stewing-soup-pot-3-768x768.webp 768w, https:\/\/www.hg-cooker.com\/wp-content\/uploads\/2025\/08\/wholesale-stainless-steel-stewing-soup-pot-3-12x12.webp 12w, https:\/\/www.hg-cooker.com\/wp-content\/uploads\/2025\/08\/wholesale-stainless-steel-stewing-soup-pot-3-285x285.webp 285w, https:\/\/www.hg-cooker.com\/wp-content\/uploads\/2025\/08\/wholesale-stainless-steel-stewing-soup-pot-3-1600x1600.webp 1600w, https:\/\/www.hg-cooker.com\/wp-content\/uploads\/2025\/08\/wholesale-stainless-steel-stewing-soup-pot-3-270x270.webp 270w, https:\/\/www.hg-cooker.com\/wp-content\/uploads\/2025\/08\/wholesale-stainless-steel-stewing-soup-pot-3-540x540.webp 540w, https:\/\/www.hg-cooker.com\/wp-content\/uploads\/2025\/08\/wholesale-stainless-steel-stewing-soup-pot-3-660x660.webp 660w\" sizes=\"(max-width: 2309px) 100vw, 2309px\" \/><\/figure>\n<\/div>\n<\/div>","protected":false},"excerpt":{"rendered":"<p>Vente en gros de marmites en acier inoxydable. Fabriqu\u00e9es en acier inoxydable de qualit\u00e9 alimentaire, ces marmites sont durables, s\u00fbres et fiables, tout en offrant un style moderne. Elles peuvent \u00eatre utilis\u00e9es pour diverses m\u00e9thodes de cuisson, notamment pour faire mijoter des soupes, des bouillies, des brais\u00e9s et des nouilles. Elles conviennent aussi bien aux cuisines commerciales qu'aux cuisines domestiques. Nous acceptons les achats en gros.<\/p>\n<p><!-- wp:heading --><\/p>\n<h2 class=\"wp-block-heading\">Caract\u00e9ristiques de la marmite \u00e0 soupe en acier inoxydable<\/h2>\n<ul>\n<li><strong>Acier inoxydable de haute qualit\u00e9 :<\/strong> Ces marmites en gros sont fabriqu\u00e9es en acier inoxydable hautement poli, ce qui permet d'obtenir une surface lisse comme un miroir, sans bavures ni imperfections. Elles offrent une finition antiadh\u00e9sive et sont faciles \u00e0 nettoyer.<\/li>\n<li><strong>Fabrication de qualit\u00e9 :<\/strong> La densit\u00e9 \u00e9lev\u00e9e et l'\u00e9paisseur uniforme de ces marmites les rendent r\u00e9sistantes \u00e0 la corrosion, \u00e0 la rouille et \u00e0 la d\u00e9formation, ce qui leur permet de r\u00e9sister \u00e0 un usage normal et m\u00eame \u00e0 des chocs sans se cabosser.<\/li>\n<li><strong>Chauffage uniforme :<\/strong> Con\u00e7us pour la cuisson lente et le mijotage des soupes, ces faitouts en gros acier inoxydable favorisent une r\u00e9partition uniforme de la chaleur, ce qui les rend id\u00e9aux pour la soupe de poulet, la soupe de c\u00f4tes de porc ou les plats longuement mijot\u00e9s.<\/li>\n<li><strong>Conception \u00e0 double poign\u00e9e :<\/strong> La conception \u00e0 double poign\u00e9e permet une manipulation ais\u00e9e et une r\u00e9partition uniforme de la pression. Les poign\u00e9es ergonomiques offrent une prise en main confortable.<\/li>\n<li><strong>Service de vente en gros d'ustensiles de cuisine :<\/strong> En tant que fabricant professionnel d'ustensiles de cuisine, nous proposons des ustensiles de cuisine en gros, offrant une large gamme de types et de tailles d'ustensiles de cuisine en acier inoxydable \u00e0 des prix d'usine.<\/li>\n<\/ul>\n<p><!-- \/wp:paragraph --><\/p>","protected":false},"featured_media":6154,"comment_status":"closed","ping_status":"closed","template":"","meta":[],"product_brand":[],"product_cat":[52],"product_tag":[],"class_list":{"0":"post-6143","1":"product","2":"type-product","3":"status-publish","4":"has-post-thumbnail","6":"product_cat-stainless-steel-cookware","8":"first","9":"instock","10":"shipping-taxable","11":"product-type-simple"},"_links":{"self":[{"href":"https:\/\/www.hg-cooker.com\/fr\/wp-json\/wp\/v2\/product\/6143","targetHints":{"allow":["GET"]}}],"collection":[{"href":"https:\/\/www.hg-cooker.com\/fr\/wp-json\/wp\/v2\/product"}],"about":[{"href":"https:\/\/www.hg-cooker.com\/fr\/wp-json\/wp\/v2\/types\/product"}],"replies":[{"embeddable":true,"href":"https:\/\/www.hg-cooker.com\/fr\/wp-json\/wp\/v2\/comments?post=6143"}],"wp:featuredmedia":[{"embeddable":true,"href":"https:\/\/www.hg-cooker.com\/fr\/wp-json\/wp\/v2\/media\/6154"}],"wp:attachment":[{"href":"https:\/\/www.hg-cooker.com\/fr\/wp-json\/wp\/v2\/media?parent=6143"}],"wp:term":[{"taxonomy":"product_brand","embeddable":true,"href":"https:\/\/www.hg-cooker.com\/fr\/wp-json\/wp\/v2\/product_brand?post=6143"},{"taxonomy":"product_cat","embeddable":true,"href":"https:\/\/www.hg-cooker.com\/fr\/wp-json\/wp\/v2\/product_cat?post=6143"},{"taxonomy":"product_tag","embeddable":true,"href":"https:\/\/www.hg-cooker.com\/fr\/wp-json\/wp\/v2\/product_tag?post=6143"}],"curies":[{"name":"wp","href":"https:\/\/api.w.org\/{rel}","templated":true}]}}