{"id":6130,"date":"2025-08-28T06:19:05","date_gmt":"2025-08-28T06:19:05","guid":{"rendered":"https:\/\/www.hg-cooker.com\/?post_type=product&#038;p=6130"},"modified":"2025-09-13T02:31:34","modified_gmt":"2025-09-13T02:31:34","slug":"wholesale-premium-stainless-steel-stew-pots","status":"publish","type":"product","link":"https:\/\/www.hg-cooker.com\/fr\/produit\/wholesale-premium-stainless-steel-stew-pots\/","title":{"rendered":"Wholesale Premium Polished Stainless Steel Stew Pots - Multi-size &amp; Stackable (en anglais)"},"content":{"rendered":"<figure class=\"wp-block-image size-full\"><img fetchpriority=\"high\" decoding=\"async\" width=\"1920\" height=\"597\" src=\"https:\/\/www.hg-cooker.com\/wp-content\/uploads\/2025\/08\/parameters-of-stew-pot.webp\" alt=\"param\u00e8tres du faitout\" class=\"wp-image-6190\" srcset=\"https:\/\/www.hg-cooker.com\/wp-content\/uploads\/2025\/08\/parameters-of-stew-pot.webp 1920w, https:\/\/www.hg-cooker.com\/wp-content\/uploads\/2025\/08\/parameters-of-stew-pot-300x93.webp 300w, https:\/\/www.hg-cooker.com\/wp-content\/uploads\/2025\/08\/parameters-of-stew-pot-768x239.webp 768w, https:\/\/www.hg-cooker.com\/wp-content\/uploads\/2025\/08\/parameters-of-stew-pot-18x6.webp 18w, https:\/\/www.hg-cooker.com\/wp-content\/uploads\/2025\/08\/parameters-of-stew-pot-285x89.webp 285w, https:\/\/www.hg-cooker.com\/wp-content\/uploads\/2025\/08\/parameters-of-stew-pot-1600x498.webp 1600w, https:\/\/www.hg-cooker.com\/wp-content\/uploads\/2025\/08\/parameters-of-stew-pot-660x205.webp 660w, https:\/\/www.hg-cooker.com\/wp-content\/uploads\/2025\/08\/parameters-of-stew-pot-150x47.webp 150w\" sizes=\"(max-width: 1920px) 100vw, 1920px\" \/><\/figure>","protected":false},"excerpt":{"rendered":"<p>Vente en gros de marmites \u00e0 soupe en acier inoxydable de qualit\u00e9 sup\u00e9rieure. Fabriqu\u00e9e en acier inoxydable poli de qualit\u00e9 alimentaire, cette marmite \u00e0 soupe polyvalente est con\u00e7ue selon les principes de durabilit\u00e9, de confort ergonomique et de style minimaliste contemporain. Id\u00e9ale pour faire mijoter des plats chauds, des soupes et des rago\u00fbts, elle apporte efficacit\u00e9 et beaut\u00e9 \u00e0 toute cuisine. Nous proposons des services OEM\/ODM et acceptons volontiers les achats en gros.<\/p>\n<p><!-- wp:heading --><\/p>\n<h2 class=\"wp-block-heading\">Caract\u00e9ristiques du faitout en acier inoxydable poli de qualit\u00e9 sup\u00e9rieure<\/h2>\n<ul>\n<li><strong>Facile \u00e0 nettoyer :<\/strong> Nos marmites sont fabriqu\u00e9es en acier inoxydable de haute qualit\u00e9, poli miroir, avec une surface lisse, exempte de d\u00e9fauts ou de bavures, ce qui am\u00e9liore la r\u00e9sistance aux taches. Elles se nettoient facilement \u00e0 l'aide d'un simple d\u00e9tergent et d'un torchon humide.<\/li>\n<li><strong>Deux styles de couvercles :<\/strong> Disponible avec un couvercle en acier inoxydable ou en verre tremp\u00e9 pour s'adapter aux diff\u00e9rents sc\u00e9narios de cuisson et aux pr\u00e9f\u00e9rences de l'utilisateur.<\/li>\n<li><strong>Poign\u00e9e double :<\/strong> Nos marmites en acier inoxydable poli de haute qualit\u00e9 sont dot\u00e9es de poign\u00e9es \u00e0 double face au design naturellement incurv\u00e9 pour faciliter le levage et le versement.<\/li>\n<li><strong>Empilable :<\/strong> Disponibles en quatre tailles, ces marmites peuvent \u00eatre empil\u00e9es pour lib\u00e9rer de l'espace dans la cuisine.<\/li>\n<li><strong>Polyvalent :<\/strong> Parfait pour pr\u00e9parer des bouillons maison, des sauces mijot\u00e9es ou blanchir des l\u00e9gumes.<\/li>\n<\/ul>\n<p><!-- \/wp:paragraph --><\/p>","protected":false},"featured_media":6181,"comment_status":"closed","ping_status":"closed","template":"","meta":[],"product_brand":[],"product_cat":[52],"product_tag":[],"class_list":{"0":"post-6130","1":"product","2":"type-product","3":"status-publish","4":"has-post-thumbnail","6":"product_cat-stainless-steel-cookware","8":"first","9":"instock","10":"shipping-taxable","11":"product-type-simple"},"_links":{"self":[{"href":"https:\/\/www.hg-cooker.com\/fr\/wp-json\/wp\/v2\/product\/6130","targetHints":{"allow":["GET"]}}],"collection":[{"href":"https:\/\/www.hg-cooker.com\/fr\/wp-json\/wp\/v2\/product"}],"about":[{"href":"https:\/\/www.hg-cooker.com\/fr\/wp-json\/wp\/v2\/types\/product"}],"replies":[{"embeddable":true,"href":"https:\/\/www.hg-cooker.com\/fr\/wp-json\/wp\/v2\/comments?post=6130"}],"wp:featuredmedia":[{"embeddable":true,"href":"https:\/\/www.hg-cooker.com\/fr\/wp-json\/wp\/v2\/media\/6181"}],"wp:attachment":[{"href":"https:\/\/www.hg-cooker.com\/fr\/wp-json\/wp\/v2\/media?parent=6130"}],"wp:term":[{"taxonomy":"product_brand","embeddable":true,"href":"https:\/\/www.hg-cooker.com\/fr\/wp-json\/wp\/v2\/product_brand?post=6130"},{"taxonomy":"product_cat","embeddable":true,"href":"https:\/\/www.hg-cooker.com\/fr\/wp-json\/wp\/v2\/product_cat?post=6130"},{"taxonomy":"product_tag","embeddable":true,"href":"https:\/\/www.hg-cooker.com\/fr\/wp-json\/wp\/v2\/product_tag?post=6130"}],"curies":[{"name":"wp","href":"https:\/\/api.w.org\/{rel}","templated":true}]}}