{"id":6123,"date":"2025-03-31T07:09:54","date_gmt":"2025-03-31T07:09:54","guid":{"rendered":"https:\/\/www.hg-cooker.com\/?post_type=product&#038;p=6123"},"modified":"2025-11-13T01:56:29","modified_gmt":"2025-11-13T01:56:29","slug":"wholesale-premium-stainless-steel-dry-pots","status":"publish","type":"product","link":"https:\/\/www.hg-cooker.com\/fr\/produit\/wholesale-premium-stainless-steel-dry-pots\/","title":{"rendered":"Wholesale Premium Stainless Steel Dry Pots - Durable &amp; Multi-Functional"},"content":{"rendered":"<div class=\"wp-block-columns is-layout-flex wp-container-core-columns-is-layout-9d6595d7 wp-block-columns-is-layout-flex\">\n<div class=\"wp-block-column is-layout-flow wp-block-column-is-layout-flow\">\n<figure class=\"wp-block-image size-full\"><img fetchpriority=\"high\" decoding=\"async\" width=\"2958\" height=\"2958\" src=\"https:\/\/www.hg-cooker.com\/wp-content\/uploads\/2025\/08\/Wholesale-Premium-Stainless-Steel-Dry-Pot-1.webp\" alt=\"Pot \u00e0 sec en acier inoxydable de qualit\u00e9 sup\u00e9rieure (1)\" class=\"wp-image-6124\" srcset=\"https:\/\/www.hg-cooker.com\/wp-content\/uploads\/2025\/08\/Wholesale-Premium-Stainless-Steel-Dry-Pot-1.webp 2958w, https:\/\/www.hg-cooker.com\/wp-content\/uploads\/2025\/08\/Wholesale-Premium-Stainless-Steel-Dry-Pot-1-300x300.webp 300w, https:\/\/www.hg-cooker.com\/wp-content\/uploads\/2025\/08\/Wholesale-Premium-Stainless-Steel-Dry-Pot-1-150x150.webp 150w, https:\/\/www.hg-cooker.com\/wp-content\/uploads\/2025\/08\/Wholesale-Premium-Stainless-Steel-Dry-Pot-1-768x768.webp 768w, https:\/\/www.hg-cooker.com\/wp-content\/uploads\/2025\/08\/Wholesale-Premium-Stainless-Steel-Dry-Pot-1-12x12.webp 12w, https:\/\/www.hg-cooker.com\/wp-content\/uploads\/2025\/08\/Wholesale-Premium-Stainless-Steel-Dry-Pot-1-285x285.webp 285w, https:\/\/www.hg-cooker.com\/wp-content\/uploads\/2025\/08\/Wholesale-Premium-Stainless-Steel-Dry-Pot-1-1600x1600.webp 1600w, https:\/\/www.hg-cooker.com\/wp-content\/uploads\/2025\/08\/Wholesale-Premium-Stainless-Steel-Dry-Pot-1-270x270.webp 270w, https:\/\/www.hg-cooker.com\/wp-content\/uploads\/2025\/08\/Wholesale-Premium-Stainless-Steel-Dry-Pot-1-540x540.webp 540w, https:\/\/www.hg-cooker.com\/wp-content\/uploads\/2025\/08\/Wholesale-Premium-Stainless-Steel-Dry-Pot-1-660x660.webp 660w\" sizes=\"(max-width: 2958px) 100vw, 2958px\" \/><\/figure>\n<\/div>\n\n\n\n<div class=\"wp-block-column is-layout-flow wp-block-column-is-layout-flow\">\n<figure class=\"wp-block-image size-full\"><img decoding=\"async\" width=\"2930\" height=\"2930\" src=\"https:\/\/www.hg-cooker.com\/wp-content\/uploads\/2025\/08\/Wholesale-Premium-Stainless-Steel-Dry-Pot-5.webp\" alt=\"Pot \u00e0 sec en acier inoxydable de qualit\u00e9 sup\u00e9rieure (5)\" class=\"wp-image-6128\" srcset=\"https:\/\/www.hg-cooker.com\/wp-content\/uploads\/2025\/08\/Wholesale-Premium-Stainless-Steel-Dry-Pot-5.webp 2930w, https:\/\/www.hg-cooker.com\/wp-content\/uploads\/2025\/08\/Wholesale-Premium-Stainless-Steel-Dry-Pot-5-300x300.webp 300w, https:\/\/www.hg-cooker.com\/wp-content\/uploads\/2025\/08\/Wholesale-Premium-Stainless-Steel-Dry-Pot-5-150x150.webp 150w, https:\/\/www.hg-cooker.com\/wp-content\/uploads\/2025\/08\/Wholesale-Premium-Stainless-Steel-Dry-Pot-5-768x768.webp 768w, https:\/\/www.hg-cooker.com\/wp-content\/uploads\/2025\/08\/Wholesale-Premium-Stainless-Steel-Dry-Pot-5-12x12.webp 12w, https:\/\/www.hg-cooker.com\/wp-content\/uploads\/2025\/08\/Wholesale-Premium-Stainless-Steel-Dry-Pot-5-285x285.webp 285w, https:\/\/www.hg-cooker.com\/wp-content\/uploads\/2025\/08\/Wholesale-Premium-Stainless-Steel-Dry-Pot-5-1600x1600.webp 1600w, https:\/\/www.hg-cooker.com\/wp-content\/uploads\/2025\/08\/Wholesale-Premium-Stainless-Steel-Dry-Pot-5-270x270.webp 270w, https:\/\/www.hg-cooker.com\/wp-content\/uploads\/2025\/08\/Wholesale-Premium-Stainless-Steel-Dry-Pot-5-540x540.webp 540w, https:\/\/www.hg-cooker.com\/wp-content\/uploads\/2025\/08\/Wholesale-Premium-Stainless-Steel-Dry-Pot-5-660x660.webp 660w\" sizes=\"(max-width: 2930px) 100vw, 2930px\" \/><\/figure>\n<\/div>\n<\/div>","protected":false},"excerpt":{"rendered":"<p>Pot \u00e0 sec en gros en acier inoxydable de premi\u00e8re qualit\u00e9. Fabriqu\u00e9e en acier inoxydable poli de qualit\u00e9 alimentaire, cette marmite \u00e0 sec en acier inoxydable offre une grande durabilit\u00e9, une utilisation ergonomique et un design minimaliste moderne. Parfaite pour les saut\u00e9s et le service, elle est \u00e0 la fois fonctionnelle et chic pour toute cuisine. Les services OEM\/ODM sont pris en charge et les achats en gros sont les bienvenus.<\/p>\n<p><!-- wp:heading --><\/p>\n<h2 class=\"wp-block-heading\">Caract\u00e9ristiques du pot \u00e0 sec en acier inoxydable<\/h2>\n<ul>\n<li><strong>Conception de plaques peu profondes :<\/strong> La plaque peu profonde de ces marmites \u00e0 sec en gros permet d'\u00e9taler les aliments \u00e0 plat dans la marmite, ce qui augmente la surface de chauffe et les rend id\u00e9ales pour la cuisson \u00e0 sec.<\/li>\n<li><strong>Facile \u00e0 tenir : <\/strong>La poign\u00e9e incurv\u00e9e offre une meilleure prise en main et une plus grande stabilit\u00e9, ce qui permet de l'enlever facilement de la cuisini\u00e8re et de la transporter jusqu'\u00e0 la table.<\/li>\n<li><strong>Utilisation polyvalente :<\/strong> Ces pots secs en gros peuvent \u00eatre utilis\u00e9s pour la cuisson \u00e0 sec, comme ustensiles de r\u00e9chauffement ou comme plateaux alimentaires, ce qui les rend extr\u00eamement polyvalents.<\/li>\n<li><strong>Acier inoxydable de qualit\u00e9 alimentaire :<\/strong> Ces pots secs en gros sont fabriqu\u00e9s en acier inoxydable de haute qualit\u00e9, r\u00e9sistant \u00e0 la corrosion, ce qui garantit un contact s\u00fbr avec les aliments. Ils peuvent \u00e9galement contenir des aliments acides ou alcalins comme les citrons et les tomates.<\/li>\n<li><strong>Facile \u00e0 nettoyer :<\/strong> Gr\u00e2ce au polissage et \u00e0 d'autres proc\u00e9d\u00e9s, les pots secs ont une surface tr\u00e8s lisse, ce qui r\u00e9duit l'adh\u00e9rence des r\u00e9sidus alimentaires. Il suffit de les essuyer ou de les laver avec un d\u00e9tergent pour leur redonner leur \u00e9clat.<\/li>\n<\/ul>\n<p><!-- \/wp:paragraph --><\/p>","protected":false},"featured_media":6126,"comment_status":"closed","ping_status":"closed","template":"","meta":[],"product_brand":[],"product_cat":[52,65],"product_tag":[],"class_list":{"0":"post-6123","1":"product","2":"type-product","3":"status-publish","4":"has-post-thumbnail","6":"product_cat-stainless-steel-cookware","7":"product_cat-dry-pot","9":"first","10":"instock","11":"shipping-taxable","12":"product-type-simple"},"_links":{"self":[{"href":"https:\/\/www.hg-cooker.com\/fr\/wp-json\/wp\/v2\/product\/6123","targetHints":{"allow":["GET"]}}],"collection":[{"href":"https:\/\/www.hg-cooker.com\/fr\/wp-json\/wp\/v2\/product"}],"about":[{"href":"https:\/\/www.hg-cooker.com\/fr\/wp-json\/wp\/v2\/types\/product"}],"replies":[{"embeddable":true,"href":"https:\/\/www.hg-cooker.com\/fr\/wp-json\/wp\/v2\/comments?post=6123"}],"wp:featuredmedia":[{"embeddable":true,"href":"https:\/\/www.hg-cooker.com\/fr\/wp-json\/wp\/v2\/media\/6126"}],"wp:attachment":[{"href":"https:\/\/www.hg-cooker.com\/fr\/wp-json\/wp\/v2\/media?parent=6123"}],"wp:term":[{"taxonomy":"product_brand","embeddable":true,"href":"https:\/\/www.hg-cooker.com\/fr\/wp-json\/wp\/v2\/product_brand?post=6123"},{"taxonomy":"product_cat","embeddable":true,"href":"https:\/\/www.hg-cooker.com\/fr\/wp-json\/wp\/v2\/product_cat?post=6123"},{"taxonomy":"product_tag","embeddable":true,"href":"https:\/\/www.hg-cooker.com\/fr\/wp-json\/wp\/v2\/product_tag?post=6123"}],"curies":[{"name":"wp","href":"https:\/\/api.w.org\/{rel}","templated":true}]}}