{"id":6108,"date":"2025-08-18T01:58:25","date_gmt":"2025-08-15T08:46:29","guid":{"rendered":"https:\/\/www.hg-cooker.com\/?post_type=product&#038;p=6108"},"modified":"2025-08-18T02:04:09","modified_gmt":"2025-08-18T02:04:09","slug":"wholesale-stainless-steel-hammered-woks","status":"publish","type":"product","link":"https:\/\/www.hg-cooker.com\/fr\/produit\/wholesale-stainless-steel-hammered-woks\/","title":{"rendered":"Woks martel\u00e9s en acier inoxydable - Bon effet antiadh\u00e9sif et r\u00e9duction de la fum\u00e9e de l'huile"},"content":{"rendered":"<figure class=\"wp-block-image size-full\"><img fetchpriority=\"high\" decoding=\"async\" width=\"1920\" height=\"510\" src=\"https:\/\/www.hg-cooker.com\/wp-content\/uploads\/2025\/08\/parameters-of-hammered-wok.webp\" alt=\"param\u00e8tres du wok martel\u00e9\" class=\"wp-image-6178\" srcset=\"https:\/\/www.hg-cooker.com\/wp-content\/uploads\/2025\/08\/parameters-of-hammered-wok.webp 1920w, https:\/\/www.hg-cooker.com\/wp-content\/uploads\/2025\/08\/parameters-of-hammered-wok-300x80.webp 300w, https:\/\/www.hg-cooker.com\/wp-content\/uploads\/2025\/08\/parameters-of-hammered-wok-768x204.webp 768w, https:\/\/www.hg-cooker.com\/wp-content\/uploads\/2025\/08\/parameters-of-hammered-wok-18x5.webp 18w, https:\/\/www.hg-cooker.com\/wp-content\/uploads\/2025\/08\/parameters-of-hammered-wok-285x76.webp 285w, https:\/\/www.hg-cooker.com\/wp-content\/uploads\/2025\/08\/parameters-of-hammered-wok-1600x425.webp 1600w, https:\/\/www.hg-cooker.com\/wp-content\/uploads\/2025\/08\/parameters-of-hammered-wok-660x175.webp 660w, https:\/\/www.hg-cooker.com\/wp-content\/uploads\/2025\/08\/parameters-of-hammered-wok-150x40.webp 150w\" sizes=\"(max-width: 1920px) 100vw, 1920px\" \/><\/figure>","protected":false},"excerpt":{"rendered":"<p>Vente en gros de woks martel\u00e9s en acier inoxydable. Ce wok pr\u00e9sente une texture de surface unique et ondul\u00e9e, cr\u00e9\u00e9e par un martelage manuel m\u00e9ticuleux. Ces motifs martel\u00e9s conf\u00e8rent au wok une apparence \u00e9l\u00e9gante et une finition antiadh\u00e9sive. Il est dot\u00e9 d'une poign\u00e9e ergonomique et d'un couvercle en verre transparent. Il est parfait pour faire sauter, frire, braiser et mijoter. Contactez Hengguang pour obtenir le meilleur devis d'un fabricant d'ustensiles de cuisine professionnel.<\/p>\n<p><!-- wp:heading --><\/p>\n<h2 class=\"wp-block-heading\">Caract\u00e9ristiques du Wok martel\u00e9 en acier inoxydable<\/h2>\n<ul>\n<li><strong>Excellent effet antiadh\u00e9sif :<\/strong> Pendant la cuisson, les aliments sont soutenus par la surface textur\u00e9e en relief, ce qui minimise le contact direct entre les aliments et la po\u00eale et les rend moins susceptibles de coller qu'avec un fond lisse.<\/li>\n<li><strong>R\u00e9duit la fum\u00e9e d'huile :<\/strong> La surface de la po\u00eale n'\u00e9tant pas compl\u00e8tement plate, les ingr\u00e9dients et l'huile peuvent glisser et se m\u00e9langer plus rapidement, ce qui les emp\u00eache de coller et de surchauffer pendant de longues p\u00e9riodes, r\u00e9duisant ainsi la fum\u00e9e d'huile.<\/li>\n<li><strong>Poign\u00e9e ergonomique en acier inoxydable :<\/strong> La poign\u00e9e est solide et confortable, ce qui facilite la prise en main, m\u00eame pendant les longues s\u00e9ances de cuisson.<\/li>\n<li><strong>Couvercle en verre tremp\u00e9 transparent :<\/strong> \u00c9quip\u00e9 d'un couvercle en verre tremp\u00e9 transparent, vous pouvez voir clairement ce qui est en train de cuire sans l'ouvrir, ce qui permet de conserver l'humidit\u00e9 et la fra\u00eecheur des ingr\u00e9dients.<\/li>\n<\/ul>\n<p><!-- \/wp:paragraph --><\/p>","protected":false},"featured_media":6116,"comment_status":"closed","ping_status":"closed","template":"","meta":[],"product_brand":[],"product_cat":[52],"product_tag":[],"class_list":{"0":"post-6108","1":"product","2":"type-product","3":"status-publish","4":"has-post-thumbnail","6":"product_cat-stainless-steel-cookware","8":"first","9":"instock","10":"shipping-taxable","11":"product-type-simple"},"_links":{"self":[{"href":"https:\/\/www.hg-cooker.com\/fr\/wp-json\/wp\/v2\/product\/6108","targetHints":{"allow":["GET"]}}],"collection":[{"href":"https:\/\/www.hg-cooker.com\/fr\/wp-json\/wp\/v2\/product"}],"about":[{"href":"https:\/\/www.hg-cooker.com\/fr\/wp-json\/wp\/v2\/types\/product"}],"replies":[{"embeddable":true,"href":"https:\/\/www.hg-cooker.com\/fr\/wp-json\/wp\/v2\/comments?post=6108"}],"wp:featuredmedia":[{"embeddable":true,"href":"https:\/\/www.hg-cooker.com\/fr\/wp-json\/wp\/v2\/media\/6116"}],"wp:attachment":[{"href":"https:\/\/www.hg-cooker.com\/fr\/wp-json\/wp\/v2\/media?parent=6108"}],"wp:term":[{"taxonomy":"product_brand","embeddable":true,"href":"https:\/\/www.hg-cooker.com\/fr\/wp-json\/wp\/v2\/product_brand?post=6108"},{"taxonomy":"product_cat","embeddable":true,"href":"https:\/\/www.hg-cooker.com\/fr\/wp-json\/wp\/v2\/product_cat?post=6108"},{"taxonomy":"product_tag","embeddable":true,"href":"https:\/\/www.hg-cooker.com\/fr\/wp-json\/wp\/v2\/product_tag?post=6108"}],"curies":[{"name":"wp","href":"https:\/\/api.w.org\/{rel}","templated":true}]}}