{"id":6100,"date":"2025-08-27T06:51:20","date_gmt":"2025-08-27T06:51:20","guid":{"rendered":"https:\/\/www.hg-cooker.com\/?post_type=product&#038;p=6100"},"modified":"2025-09-13T02:33:01","modified_gmt":"2025-09-13T02:33:01","slug":"wholesale-stainless-steel-snow-pans","status":"publish","type":"product","link":"https:\/\/www.hg-cooker.com\/fr\/produit\/wholesale-stainless-steel-snow-pans\/","title":{"rendered":"Wholesale Stainless Steel Snow Pans with Wooden Handle &amp; Glass Lid (casseroles \u00e0 neige en acier inoxydable avec poign\u00e9e en bois et couvercle en verre)"},"content":{"rendered":"<figure class=\"wp-block-image size-full\"><img fetchpriority=\"high\" decoding=\"async\" width=\"1752\" height=\"476\" src=\"https:\/\/www.hg-cooker.com\/wp-content\/uploads\/2025\/08\/parameters-of-snow-pan.webp\" alt=\"param\u00e8tres du bac \u00e0 neige\" class=\"wp-image-6192\" srcset=\"https:\/\/www.hg-cooker.com\/wp-content\/uploads\/2025\/08\/parameters-of-snow-pan.webp 1752w, https:\/\/www.hg-cooker.com\/wp-content\/uploads\/2025\/08\/parameters-of-snow-pan-300x82.webp 300w, https:\/\/www.hg-cooker.com\/wp-content\/uploads\/2025\/08\/parameters-of-snow-pan-768x209.webp 768w, https:\/\/www.hg-cooker.com\/wp-content\/uploads\/2025\/08\/parameters-of-snow-pan-18x5.webp 18w, https:\/\/www.hg-cooker.com\/wp-content\/uploads\/2025\/08\/parameters-of-snow-pan-285x77.webp 285w, https:\/\/www.hg-cooker.com\/wp-content\/uploads\/2025\/08\/parameters-of-snow-pan-1600x435.webp 1600w, https:\/\/www.hg-cooker.com\/wp-content\/uploads\/2025\/08\/parameters-of-snow-pan-660x179.webp 660w, https:\/\/www.hg-cooker.com\/wp-content\/uploads\/2025\/08\/parameters-of-snow-pan-150x41.webp 150w\" sizes=\"(max-width: 1752px) 100vw, 1752px\" \/><\/figure>","protected":false},"excerpt":{"rendered":"<p>Vente en gros de casseroles \u00e0 neige en acier inoxydable. Il s'agit d'une po\u00eale \u00e0 neige en acier inoxydable martel\u00e9 de belle facture, avec une r\u00e9partition uniforme de la chaleur et un manche en bois chaud pour une prise en main confortable. Elle est munie d'un couvercle en verre transparent pour une meilleure visibilit\u00e9 et convient pour les soupes, les bouillies, les fritures peu profondes et la cuisine en g\u00e9n\u00e9ral. Les services OEM\/ODM sont pris en charge, les achats en gros sont les bienvenus.<\/p>\n<p><!-- wp:heading --><\/p>\n<h2 class=\"wp-block-heading\">Caract\u00e9ristiques de la po\u00eale \u00e0 neige martel\u00e9e en acier inoxydable<\/h2>\n<ul>\n<li><strong>Design martel\u00e9 :<\/strong> La po\u00eale pr\u00e9sente un design robuste et martel\u00e9. Cette conception n'est pas seulement esth\u00e9tique, elle augmente \u00e9galement la zone de distribution de la chaleur, ce qui garantit un chauffage plus homog\u00e8ne.<\/li>\n<li><strong>Poign\u00e9es en bois :<\/strong> Les po\u00eales \u00e0 neige en gros sont dot\u00e9es de poign\u00e9es en bois pour une excellente isolation thermique, \u00e9liminant le besoin de gants de cuisine ou de chiffons, offrant une prise confortable et \u00e9vitant les br\u00fblures.<\/li>\n<li><strong>Une esth\u00e9tique unique :<\/strong> Le grain et la couleur naturels du bois conf\u00e8rent aux casseroles une esth\u00e9tique unique et terre-\u00e0-terre. Ils compl\u00e8tent la texture moderne de l'acier inoxydable, ajoutant une touche chaleureuse et luxueuse \u00e0 toute cuisine.<\/li>\n<li><strong>Versement facile :<\/strong> Les casseroles \u00e0 neige en gros sont dot\u00e9es d'un bec verseur pratique qui permet de verser facilement les soupes, les nouilles et autres aliments sans les renverser.<\/li>\n<li><strong>Polyvalence :<\/strong> La po\u00eale \u00e0 neige est incroyablement polyvalente et permet de r\u00e9aliser presque toutes les t\u00e2ches culinaires. Elle est particuli\u00e8rement adapt\u00e9e pour faire bouillir, mijoter, blanchir, frire et pr\u00e9parer des sauces.<\/li>\n<\/ul>\n<p><!-- \/wp:paragraph --><\/p>","protected":false},"featured_media":6167,"comment_status":"closed","ping_status":"closed","template":"","meta":[],"product_brand":[],"product_cat":[52],"product_tag":[],"class_list":{"0":"post-6100","1":"product","2":"type-product","3":"status-publish","4":"has-post-thumbnail","6":"product_cat-stainless-steel-cookware","8":"first","9":"instock","10":"shipping-taxable","11":"product-type-simple"},"_links":{"self":[{"href":"https:\/\/www.hg-cooker.com\/fr\/wp-json\/wp\/v2\/product\/6100","targetHints":{"allow":["GET"]}}],"collection":[{"href":"https:\/\/www.hg-cooker.com\/fr\/wp-json\/wp\/v2\/product"}],"about":[{"href":"https:\/\/www.hg-cooker.com\/fr\/wp-json\/wp\/v2\/types\/product"}],"replies":[{"embeddable":true,"href":"https:\/\/www.hg-cooker.com\/fr\/wp-json\/wp\/v2\/comments?post=6100"}],"wp:featuredmedia":[{"embeddable":true,"href":"https:\/\/www.hg-cooker.com\/fr\/wp-json\/wp\/v2\/media\/6167"}],"wp:attachment":[{"href":"https:\/\/www.hg-cooker.com\/fr\/wp-json\/wp\/v2\/media?parent=6100"}],"wp:term":[{"taxonomy":"product_brand","embeddable":true,"href":"https:\/\/www.hg-cooker.com\/fr\/wp-json\/wp\/v2\/product_brand?post=6100"},{"taxonomy":"product_cat","embeddable":true,"href":"https:\/\/www.hg-cooker.com\/fr\/wp-json\/wp\/v2\/product_cat?post=6100"},{"taxonomy":"product_tag","embeddable":true,"href":"https:\/\/www.hg-cooker.com\/fr\/wp-json\/wp\/v2\/product_tag?post=6100"}],"curies":[{"name":"wp","href":"https:\/\/api.w.org\/{rel}","templated":true}]}}