{"id":6095,"date":"2025-08-30T06:01:52","date_gmt":"2025-08-30T06:01:52","guid":{"rendered":"https:\/\/www.hg-cooker.com\/?post_type=product&#038;p=6095"},"modified":"2025-09-13T02:28:02","modified_gmt":"2025-09-13T02:28:02","slug":"wholesale-hammered-stainless-steel-milk-pots","status":"publish","type":"product","link":"https:\/\/www.hg-cooker.com\/fr\/produit\/wholesale-hammered-stainless-steel-milk-pots\/","title":{"rendered":"Vente en gros de pots \u00e0 lait en acier inoxydable martel\u00e9 - Deux mod\u00e8les de poign\u00e9es disponibles"},"content":{"rendered":"<div class=\"wp-block-columns is-layout-flex wp-container-core-columns-is-layout-9d6595d7 wp-block-columns-is-layout-flex\">\n<div class=\"wp-block-column is-layout-flow wp-block-column-is-layout-flow\">\n<figure class=\"wp-block-image size-full\"><img fetchpriority=\"high\" decoding=\"async\" width=\"2240\" height=\"2240\" src=\"https:\/\/www.hg-cooker.com\/wp-content\/uploads\/2025\/08\/wholesale-hammered-texture-milk-pots.webp\" alt=\"Gros pots \u00e0 lait \u00e0 texture martel\u00e9e\" class=\"wp-image-6099\" srcset=\"https:\/\/www.hg-cooker.com\/wp-content\/uploads\/2025\/08\/wholesale-hammered-texture-milk-pots.webp 2240w, https:\/\/www.hg-cooker.com\/wp-content\/uploads\/2025\/08\/wholesale-hammered-texture-milk-pots-300x300.webp 300w, https:\/\/www.hg-cooker.com\/wp-content\/uploads\/2025\/08\/wholesale-hammered-texture-milk-pots-150x150.webp 150w, https:\/\/www.hg-cooker.com\/wp-content\/uploads\/2025\/08\/wholesale-hammered-texture-milk-pots-768x768.webp 768w, https:\/\/www.hg-cooker.com\/wp-content\/uploads\/2025\/08\/wholesale-hammered-texture-milk-pots-12x12.webp 12w, https:\/\/www.hg-cooker.com\/wp-content\/uploads\/2025\/08\/wholesale-hammered-texture-milk-pots-285x285.webp 285w, https:\/\/www.hg-cooker.com\/wp-content\/uploads\/2025\/08\/wholesale-hammered-texture-milk-pots-1600x1600.webp 1600w, https:\/\/www.hg-cooker.com\/wp-content\/uploads\/2025\/08\/wholesale-hammered-texture-milk-pots-270x270.webp 270w, https:\/\/www.hg-cooker.com\/wp-content\/uploads\/2025\/08\/wholesale-hammered-texture-milk-pots-540x540.webp 540w, https:\/\/www.hg-cooker.com\/wp-content\/uploads\/2025\/08\/wholesale-hammered-texture-milk-pots-660x660.webp 660w\" sizes=\"(max-width: 2240px) 100vw, 2240px\" \/><\/figure>\n<\/div>\n\n\n\n<div class=\"wp-block-column is-layout-flow wp-block-column-is-layout-flow\">\n<figure class=\"wp-block-image size-full\"><img decoding=\"async\" width=\"2337\" height=\"2337\" src=\"https:\/\/www.hg-cooker.com\/wp-content\/uploads\/2025\/08\/wholesale-hammered-texture-milk-pots-3.webp\" alt=\"pots \u00e0 lait en gros \u00e0 texture martel\u00e9e (3)\" class=\"wp-image-6097\" srcset=\"https:\/\/www.hg-cooker.com\/wp-content\/uploads\/2025\/08\/wholesale-hammered-texture-milk-pots-3.webp 2337w, https:\/\/www.hg-cooker.com\/wp-content\/uploads\/2025\/08\/wholesale-hammered-texture-milk-pots-3-300x300.webp 300w, https:\/\/www.hg-cooker.com\/wp-content\/uploads\/2025\/08\/wholesale-hammered-texture-milk-pots-3-150x150.webp 150w, https:\/\/www.hg-cooker.com\/wp-content\/uploads\/2025\/08\/wholesale-hammered-texture-milk-pots-3-768x768.webp 768w, https:\/\/www.hg-cooker.com\/wp-content\/uploads\/2025\/08\/wholesale-hammered-texture-milk-pots-3-12x12.webp 12w, https:\/\/www.hg-cooker.com\/wp-content\/uploads\/2025\/08\/wholesale-hammered-texture-milk-pots-3-285x285.webp 285w, https:\/\/www.hg-cooker.com\/wp-content\/uploads\/2025\/08\/wholesale-hammered-texture-milk-pots-3-1600x1600.webp 1600w, https:\/\/www.hg-cooker.com\/wp-content\/uploads\/2025\/08\/wholesale-hammered-texture-milk-pots-3-270x270.webp 270w, https:\/\/www.hg-cooker.com\/wp-content\/uploads\/2025\/08\/wholesale-hammered-texture-milk-pots-3-540x540.webp 540w, https:\/\/www.hg-cooker.com\/wp-content\/uploads\/2025\/08\/wholesale-hammered-texture-milk-pots-3-660x660.webp 660w\" sizes=\"(max-width: 2337px) 100vw, 2337px\" \/><\/figure>\n<\/div>\n<\/div>","protected":false},"excerpt":{"rendered":"<p>Vente en gros de pots \u00e0 lait en acier inoxydable martel\u00e9. Ce pot \u00e0 lait martel\u00e9 allie parfaitement l'artisanat traditionnel \u00e0 l'esth\u00e9tique moderne. Il peut \u00eatre utilis\u00e9 pour chauffer du lait, cuire des nouilles ou chauffer de la soupe, ce qui en fait un choix id\u00e9al pour un usage domestique ou commercial. En tant que fabricant professionnel d'ustensiles de cuisine, nous proposons des prix de gros comp\u00e9titifs et des canaux d'approvisionnement stables. Nous acceptons les achats en gros.<\/p>\n<p><!-- wp:heading --><\/p>\n<h2 class=\"wp-block-heading\">Caract\u00e9ristiques du pot \u00e0 lait en acier inoxydable<\/h2>\n<ul>\n<li><strong>Acier inoxydable 304 de qualit\u00e9 alimentaire sup\u00e9rieure : <\/strong>Finition lisse et sans bavure, sans danger pour le contact avec les aliments. Sans odeur et r\u00e9sistante \u00e0 la corrosion, elle est id\u00e9ale pour le lait, la bouillie et les aliments acides. La finition polie renforce la r\u00e9sistance aux taches et le nettoyage est rapide et sans effort.<\/li>\n<li><strong>\u00c9l\u00e9gante texture martel\u00e9e : <\/strong>La texture martel\u00e9e raffin\u00e9e conf\u00e8re sophistication et profondeur au corps en acier inoxydable argent\u00e9, \u00e9liminant ainsi l'aspect terne des ustensiles de cuisine traditionnels. La surface micro-gaufr\u00e9e minimise l'adh\u00e9rence et \u00e9vite la surchauffe des points de cuisson.<\/li>\n<li><strong>Poign\u00e9e ergonomique rivet\u00e9e : <\/strong>Le long manche en acier inoxydable avec une courbure naturelle s'adapte confortablement \u00e0 la main. La conception \u00e0 double rivet offre force et stabilit\u00e9 pour verser et soulever en toute s\u00e9curit\u00e9.<\/li>\n<li><strong>Poign\u00e9e allong\u00e9e :<\/strong> La poign\u00e9e allong\u00e9e est solidement fix\u00e9e \u00e0 la marmite par des rivets robustes, ce qui en assure la stabilit\u00e9. Un trou de suspension est pr\u00e9vu \u00e0 l'extr\u00e9mit\u00e9 de la poign\u00e9e pour un rangement pratique.<\/li>\n<li><strong>Polyvalent :<\/strong> Sa conception compacte et pratique lui permet de faire bien plus que simplement bouillir du lait. Il est \u00e9galement parfait pour la cuisson quotidienne de petites portions, comme les nouilles, les boulettes, les \u0153ufs et les flocons d'avoine.<\/li>\n<\/ul>\n<p><!-- \/wp:paragraph --><\/p>","protected":false},"featured_media":6099,"comment_status":"closed","ping_status":"closed","template":"","meta":[],"product_brand":[],"product_cat":[52],"product_tag":[],"class_list":{"0":"post-6095","1":"product","2":"type-product","3":"status-publish","4":"has-post-thumbnail","6":"product_cat-stainless-steel-cookware","8":"first","9":"instock","10":"shipping-taxable","11":"product-type-simple"},"_links":{"self":[{"href":"https:\/\/www.hg-cooker.com\/fr\/wp-json\/wp\/v2\/product\/6095","targetHints":{"allow":["GET"]}}],"collection":[{"href":"https:\/\/www.hg-cooker.com\/fr\/wp-json\/wp\/v2\/product"}],"about":[{"href":"https:\/\/www.hg-cooker.com\/fr\/wp-json\/wp\/v2\/types\/product"}],"replies":[{"embeddable":true,"href":"https:\/\/www.hg-cooker.com\/fr\/wp-json\/wp\/v2\/comments?post=6095"}],"wp:featuredmedia":[{"embeddable":true,"href":"https:\/\/www.hg-cooker.com\/fr\/wp-json\/wp\/v2\/media\/6099"}],"wp:attachment":[{"href":"https:\/\/www.hg-cooker.com\/fr\/wp-json\/wp\/v2\/media?parent=6095"}],"wp:term":[{"taxonomy":"product_brand","embeddable":true,"href":"https:\/\/www.hg-cooker.com\/fr\/wp-json\/wp\/v2\/product_brand?post=6095"},{"taxonomy":"product_cat","embeddable":true,"href":"https:\/\/www.hg-cooker.com\/fr\/wp-json\/wp\/v2\/product_cat?post=6095"},{"taxonomy":"product_tag","embeddable":true,"href":"https:\/\/www.hg-cooker.com\/fr\/wp-json\/wp\/v2\/product_tag?post=6095"}],"curies":[{"name":"wp","href":"https:\/\/api.w.org\/{rel}","templated":true}]}}