{"id":6086,"date":"2025-08-25T02:11:28","date_gmt":"2025-08-25T02:11:28","guid":{"rendered":"https:\/\/www.hg-cooker.com\/?post_type=product&#038;p=6086"},"modified":"2025-09-13T02:43:01","modified_gmt":"2025-09-13T02:43:01","slug":"wholesale-stainless-steel-milk-pans","status":"publish","type":"product","link":"https:\/\/www.hg-cooker.com\/fr\/produit\/wholesale-stainless-steel-milk-pans\/","title":{"rendered":"Vente en gros de pots \u00e0 lait en acier inoxydable - Approvisionnement en vrac et devis d'usine"},"content":{"rendered":"<figure class=\"wp-block-image size-full\"><img fetchpriority=\"high\" decoding=\"async\" width=\"1920\" height=\"567\" src=\"https:\/\/www.hg-cooker.com\/wp-content\/uploads\/2025\/08\/parameters-of-stainless-steel-milk-pot.webp\" alt=\"param\u00e8tres du pot \u00e0 lait en acier inoxydable\" class=\"wp-image-6173\" srcset=\"https:\/\/www.hg-cooker.com\/wp-content\/uploads\/2025\/08\/parameters-of-stainless-steel-milk-pot.webp 1920w, https:\/\/www.hg-cooker.com\/wp-content\/uploads\/2025\/08\/parameters-of-stainless-steel-milk-pot-300x89.webp 300w, https:\/\/www.hg-cooker.com\/wp-content\/uploads\/2025\/08\/parameters-of-stainless-steel-milk-pot-768x227.webp 768w, https:\/\/www.hg-cooker.com\/wp-content\/uploads\/2025\/08\/parameters-of-stainless-steel-milk-pot-18x5.webp 18w, https:\/\/www.hg-cooker.com\/wp-content\/uploads\/2025\/08\/parameters-of-stainless-steel-milk-pot-285x84.webp 285w, https:\/\/www.hg-cooker.com\/wp-content\/uploads\/2025\/08\/parameters-of-stainless-steel-milk-pot-1600x473.webp 1600w, https:\/\/www.hg-cooker.com\/wp-content\/uploads\/2025\/08\/parameters-of-stainless-steel-milk-pot-660x195.webp 660w, https:\/\/www.hg-cooker.com\/wp-content\/uploads\/2025\/08\/parameters-of-stainless-steel-milk-pot-150x44.webp 150w\" sizes=\"(max-width: 1920px) 100vw, 1920px\" \/><\/figure>","protected":false},"excerpt":{"rendered":"<p>Vente en gros de casseroles \u00e0 lait en acier inoxydable. Fabriqu\u00e9 en acier inoxydable 304 de qualit\u00e9 alimentaire, ce pot \u00e0 lait pr\u00e9sente un design cylindrique lisse avec une poign\u00e9e en acier inoxydable facile \u00e0 saisir. La finition polie miroir lui conf\u00e8re une grande solidit\u00e9, r\u00e9siste aux taches et se nettoie facilement. Deux tailles sont disponibles : 16 cm et 18 cm. Les achats en gros sont les bienvenus.<\/p>\n<p><!-- wp:heading --><\/p>\n<h2 class=\"wp-block-heading\">Caract\u00e9ristiques du pot \u00e0 lait en acier inoxydable<\/h2>\n<ul>\n<li><strong>Acier inoxydable 304 haut de gamme de qualit\u00e9 alimentaire : <\/strong>Int\u00e9rieur lisse, sans bavures, sans rev\u00eatement et sans danger pour le contact direct avec la bouillie, les aliments acides et le lait, sans r\u00e9tention d'odeur ou de saveur. R\u00e9sistant aux taches avec une finition polie et un nettoyage facile par essuyage.<\/li>\n<li><strong>Forme cylindrique a\u00e9rodynamique : <\/strong>Pas de bords inutiles sur le corps, ce qui garantit un transfert de chaleur et un nettoyage optimaux. Taille compacte, parfaite pour une portion individuelle ou une petite famille.<\/li>\n<li><strong>Belle et \u00e9l\u00e9gante :<\/strong> Les poign\u00e9es creuses sont g\u00e9n\u00e9ralement con\u00e7ues pour \u00eatre simples et lisses, avec de belles lignes. Par rapport aux poign\u00e9es pleines traditionnelles, elles sont plus l\u00e9g\u00e8res et plus modernes, ajoutant une touche de mode \u00e0 la cuisine.<\/li>\n<li><strong>2 tailles au choix :<\/strong> Le fabricant d'ustensiles de cuisine Hengguang propose deux tailles de casseroles \u00e0 lait et permet de personnaliser la taille.<\/li>\n<\/ul>\n<p><!-- \/wp:paragraph --><\/p>","protected":false},"featured_media":6091,"comment_status":"closed","ping_status":"closed","template":"","meta":[],"product_brand":[],"product_cat":[52],"product_tag":[],"class_list":{"0":"post-6086","1":"product","2":"type-product","3":"status-publish","4":"has-post-thumbnail","6":"product_cat-stainless-steel-cookware","8":"first","9":"instock","10":"shipping-taxable","11":"product-type-simple"},"_links":{"self":[{"href":"https:\/\/www.hg-cooker.com\/fr\/wp-json\/wp\/v2\/product\/6086","targetHints":{"allow":["GET"]}}],"collection":[{"href":"https:\/\/www.hg-cooker.com\/fr\/wp-json\/wp\/v2\/product"}],"about":[{"href":"https:\/\/www.hg-cooker.com\/fr\/wp-json\/wp\/v2\/types\/product"}],"replies":[{"embeddable":true,"href":"https:\/\/www.hg-cooker.com\/fr\/wp-json\/wp\/v2\/comments?post=6086"}],"wp:featuredmedia":[{"embeddable":true,"href":"https:\/\/www.hg-cooker.com\/fr\/wp-json\/wp\/v2\/media\/6091"}],"wp:attachment":[{"href":"https:\/\/www.hg-cooker.com\/fr\/wp-json\/wp\/v2\/media?parent=6086"}],"wp:term":[{"taxonomy":"product_brand","embeddable":true,"href":"https:\/\/www.hg-cooker.com\/fr\/wp-json\/wp\/v2\/product_brand?post=6086"},{"taxonomy":"product_cat","embeddable":true,"href":"https:\/\/www.hg-cooker.com\/fr\/wp-json\/wp\/v2\/product_cat?post=6086"},{"taxonomy":"product_tag","embeddable":true,"href":"https:\/\/www.hg-cooker.com\/fr\/wp-json\/wp\/v2\/product_tag?post=6086"}],"curies":[{"name":"wp","href":"https:\/\/api.w.org\/{rel}","templated":true}]}}