{"id":6079,"date":"2025-08-16T03:22:32","date_gmt":"2025-08-15T03:58:40","guid":{"rendered":"https:\/\/www.hg-cooker.com\/?post_type=product&#038;p=6079"},"modified":"2025-08-16T03:51:09","modified_gmt":"2025-08-16T03:51:09","slug":"wholesale-stainless-steel-milk-pot-with-glass-lid","status":"publish","type":"product","link":"https:\/\/www.hg-cooker.com\/fr\/produit\/wholesale-stainless-steel-milk-pot-with-glass-lid\/","title":{"rendered":"Grossiste pots \u00e0 lait en acier inoxydable avec couvercle en verre - Deux tailles disponibles"},"content":{"rendered":"<figure class=\"wp-block-image size-full\"><img fetchpriority=\"high\" decoding=\"async\" width=\"1920\" height=\"697\" src=\"https:\/\/www.hg-cooker.com\/wp-content\/uploads\/2025\/08\/parameters-of-stainless-steel-milk-pot-1.webp\" alt=\"param\u00e8tres du pot \u00e0 lait en acier inoxydable\" class=\"wp-image-6175\" srcset=\"https:\/\/www.hg-cooker.com\/wp-content\/uploads\/2025\/08\/parameters-of-stainless-steel-milk-pot-1.webp 1920w, https:\/\/www.hg-cooker.com\/wp-content\/uploads\/2025\/08\/parameters-of-stainless-steel-milk-pot-1-300x109.webp 300w, https:\/\/www.hg-cooker.com\/wp-content\/uploads\/2025\/08\/parameters-of-stainless-steel-milk-pot-1-768x279.webp 768w, https:\/\/www.hg-cooker.com\/wp-content\/uploads\/2025\/08\/parameters-of-stainless-steel-milk-pot-1-18x7.webp 18w, https:\/\/www.hg-cooker.com\/wp-content\/uploads\/2025\/08\/parameters-of-stainless-steel-milk-pot-1-285x103.webp 285w, https:\/\/www.hg-cooker.com\/wp-content\/uploads\/2025\/08\/parameters-of-stainless-steel-milk-pot-1-1600x581.webp 1600w, https:\/\/www.hg-cooker.com\/wp-content\/uploads\/2025\/08\/parameters-of-stainless-steel-milk-pot-1-660x240.webp 660w, https:\/\/www.hg-cooker.com\/wp-content\/uploads\/2025\/08\/parameters-of-stainless-steel-milk-pot-1-150x54.webp 150w\" sizes=\"(max-width: 1920px) 100vw, 1920px\" \/><\/figure>","protected":false},"excerpt":{"rendered":"<p>Vente en gros de pots \u00e0 lait en acier inoxydable. Fabriqu\u00e9e en acier inoxydable 304 poli de haute qualit\u00e9, cette casserole est facile \u00e0 nettoyer, durable et s\u00fbre. Dot\u00e9e d'un verre transparent, elle vous permet de surveiller facilement le processus de cuisson, ce qui la rend id\u00e9ale pour chauffer le lait, la bouillie et d'autres aliments. Nous proposons des services OEM\/ODM et acceptons les achats en gros.<\/p>\n<p><!-- wp:heading --><\/p>\n<h2 class=\"wp-block-heading\">Caract\u00e9ristiques du pot \u00e0 lait en acier inoxydable<\/h2>\n<ul>\n<li><strong>Acier inoxydable 304 de haute qualit\u00e9 :<\/strong> Fabriqu\u00e9 en acier inoxydable 304 de qualit\u00e9 alimentaire, il r\u00e9siste \u00e0 la corrosion, \u00e0 l'usure, au nettoyage et \u00e0 la rouille, ce qui le rend id\u00e9al pour la cuisine de tous les jours.<\/li>\n<li><strong>Poign\u00e9e ergonomique :<\/strong> La poign\u00e9e incurv\u00e9e est con\u00e7ue de mani\u00e8re ergonomique pour une prise en main confortable. La poign\u00e9e est solidement reli\u00e9e au corps de la marmite, ce qui garantit une structure stable et permet de soulever et de verser facilement la marmite.<\/li>\n<li><strong>Polyvalent :<\/strong> Ce petit pot convient \u00e0 de nombreuses utilisations, notamment pour chauffer du lait ou des aliments pour b\u00e9b\u00e9s, faire fondre du beurre ou du chocolat, et bien d'autres choses encore.<\/li>\n<li><strong>Facile \u00e0 nettoyer :<\/strong> La surface lisse en acier inoxydable r\u00e9siste aux taches et est tr\u00e8s facile \u00e0 nettoyer.<\/li>\n<li><strong>Service de vente en gros d'ustensiles de cuisine :<\/strong> Le fabricant d'ustensiles de cuisine Hengguang propose un service de vente en gros d'ustensiles de cuisine, offrant une vari\u00e9t\u00e9 de styles et de devis d'usine.<\/li>\n<\/ul>\n<p><!-- \/wp:paragraph --><\/p>","protected":false},"featured_media":6081,"comment_status":"closed","ping_status":"closed","template":"","meta":[],"product_brand":[],"product_cat":[52],"product_tag":[],"class_list":{"0":"post-6079","1":"product","2":"type-product","3":"status-publish","4":"has-post-thumbnail","6":"product_cat-stainless-steel-cookware","8":"first","9":"instock","10":"shipping-taxable","11":"product-type-simple"},"_links":{"self":[{"href":"https:\/\/www.hg-cooker.com\/fr\/wp-json\/wp\/v2\/product\/6079","targetHints":{"allow":["GET"]}}],"collection":[{"href":"https:\/\/www.hg-cooker.com\/fr\/wp-json\/wp\/v2\/product"}],"about":[{"href":"https:\/\/www.hg-cooker.com\/fr\/wp-json\/wp\/v2\/types\/product"}],"replies":[{"embeddable":true,"href":"https:\/\/www.hg-cooker.com\/fr\/wp-json\/wp\/v2\/comments?post=6079"}],"wp:featuredmedia":[{"embeddable":true,"href":"https:\/\/www.hg-cooker.com\/fr\/wp-json\/wp\/v2\/media\/6081"}],"wp:attachment":[{"href":"https:\/\/www.hg-cooker.com\/fr\/wp-json\/wp\/v2\/media?parent=6079"}],"wp:term":[{"taxonomy":"product_brand","embeddable":true,"href":"https:\/\/www.hg-cooker.com\/fr\/wp-json\/wp\/v2\/product_brand?post=6079"},{"taxonomy":"product_cat","embeddable":true,"href":"https:\/\/www.hg-cooker.com\/fr\/wp-json\/wp\/v2\/product_cat?post=6079"},{"taxonomy":"product_tag","embeddable":true,"href":"https:\/\/www.hg-cooker.com\/fr\/wp-json\/wp\/v2\/product_tag?post=6079"}],"curies":[{"name":"wp","href":"https:\/\/api.w.org\/{rel}","templated":true}]}}