{"id":6031,"date":"2025-08-25T02:04:48","date_gmt":"2025-08-25T02:04:48","guid":{"rendered":"https:\/\/www.hg-cooker.com\/?post_type=product&#038;p=6031"},"modified":"2025-09-13T02:43:18","modified_gmt":"2025-09-13T02:43:18","slug":"wholesale-stainless-steel-frying-pans","status":"publish","type":"product","link":"https:\/\/www.hg-cooker.com\/fr\/produit\/wholesale-stainless-steel-frying-pans\/","title":{"rendered":"Wholesale Po\u00eale \u00e0 frire en acier inoxydable avec couvercle en verre - Finition polie et poign\u00e9e ergonomique"},"content":{"rendered":"<figure class=\"wp-block-image size-full\"><img fetchpriority=\"high\" decoding=\"async\" width=\"1752\" height=\"498\" src=\"https:\/\/www.hg-cooker.com\/wp-content\/uploads\/2025\/08\/parameters-of-stainless-steel-frying-pan.webp\" alt=\"param\u00e8tres de la po\u00eale \u00e0 frire en acier inoxydable\" class=\"wp-image-6179\" srcset=\"https:\/\/www.hg-cooker.com\/wp-content\/uploads\/2025\/08\/parameters-of-stainless-steel-frying-pan.webp 1752w, https:\/\/www.hg-cooker.com\/wp-content\/uploads\/2025\/08\/parameters-of-stainless-steel-frying-pan-300x85.webp 300w, https:\/\/www.hg-cooker.com\/wp-content\/uploads\/2025\/08\/parameters-of-stainless-steel-frying-pan-768x218.webp 768w, https:\/\/www.hg-cooker.com\/wp-content\/uploads\/2025\/08\/parameters-of-stainless-steel-frying-pan-18x5.webp 18w, https:\/\/www.hg-cooker.com\/wp-content\/uploads\/2025\/08\/parameters-of-stainless-steel-frying-pan-285x81.webp 285w, https:\/\/www.hg-cooker.com\/wp-content\/uploads\/2025\/08\/parameters-of-stainless-steel-frying-pan-1600x455.webp 1600w, https:\/\/www.hg-cooker.com\/wp-content\/uploads\/2025\/08\/parameters-of-stainless-steel-frying-pan-660x188.webp 660w, https:\/\/www.hg-cooker.com\/wp-content\/uploads\/2025\/08\/parameters-of-stainless-steel-frying-pan-150x43.webp 150w\" sizes=\"(max-width: 1752px) 100vw, 1752px\" \/><\/figure>","protected":false},"excerpt":{"rendered":"<p>Po\u00eales \u00e0 frire en gros en acier inoxydable. Elles sont dot\u00e9es d'un couvercle en verre transparent et d'une poign\u00e9e ergonomique. Fabriqu\u00e9es en acier inoxydable 304 de qualit\u00e9 alimentaire avec une finition polie, elles sont durables, r\u00e9sistantes \u00e0 la rouille et faciles \u00e0 nettoyer. Elles sont parfaites pour les grillades, les fritures et la cuisine de tous les jours. Nous proposons des services OEM\/ODM et nous acceptons les achats en gros.<\/p>\n<p><!-- wp:heading --><\/p>\n<h2 class=\"wp-block-heading\">Caract\u00e9ristiques de la po\u00eale \u00e0 frire en acier inoxydable<\/h2>\n<ul>\n<li><strong>Durable :<\/strong> Les po\u00eales \u00e0 frire en gros sont fabriqu\u00e9es en acier inoxydable de haute qualit\u00e9, tr\u00e8s r\u00e9sistant \u00e0 la corrosion, \u00e0 l'usure et \u00e0 l'oxydation, ce qui leur assure une dur\u00e9e de vie exceptionnellement longue.<\/li>\n<li><strong>S\u00fbr et sain :<\/strong> L'acier inoxydable de qualit\u00e9 alimentaire est un mat\u00e9riau reconnu comme sain, ce qui constitue un choix plus s\u00fbr pour les familles qui souhaitent cuisiner sainement.<\/li>\n<li><strong>Facile \u00e0 nettoyer :<\/strong> Les po\u00eales \u00e0 frire en gros pr\u00e9sentent une surface m\u00e9ticuleusement polie, lisse et non poreuse, ce qui les rend imperm\u00e9ables aux graisses et aux r\u00e9sidus alimentaires, et elles peuvent \u00eatre lav\u00e9es au lave-vaisselle.<\/li>\n<li><strong>Couvercle en verre transparent :<\/strong> Le couvercle en verre transparent permet aux utilisateurs de v\u00e9rifier la progression de la cuisson sans avoir \u00e0 retirer fr\u00e9quemment le couvercle.<\/li>\n<li><strong>Poign\u00e9es confortables et s\u00fbres, r\u00e9sistantes \u00e0 l'\u00e9caillage :<\/strong> Les po\u00eales \u00e0 frire en gros sont dot\u00e9es de poign\u00e9es ergonomiques avec une courbe douce pour une prise en main confortable.<\/li>\n<\/ul>\n<p><!-- \/wp:paragraph --><\/p>","protected":false},"featured_media":6068,"comment_status":"closed","ping_status":"closed","template":"","meta":[],"product_brand":[],"product_cat":[52],"product_tag":[],"class_list":{"0":"post-6031","1":"product","2":"type-product","3":"status-publish","4":"has-post-thumbnail","6":"product_cat-stainless-steel-cookware","8":"first","9":"instock","10":"shipping-taxable","11":"product-type-simple"},"_links":{"self":[{"href":"https:\/\/www.hg-cooker.com\/fr\/wp-json\/wp\/v2\/product\/6031","targetHints":{"allow":["GET"]}}],"collection":[{"href":"https:\/\/www.hg-cooker.com\/fr\/wp-json\/wp\/v2\/product"}],"about":[{"href":"https:\/\/www.hg-cooker.com\/fr\/wp-json\/wp\/v2\/types\/product"}],"replies":[{"embeddable":true,"href":"https:\/\/www.hg-cooker.com\/fr\/wp-json\/wp\/v2\/comments?post=6031"}],"wp:featuredmedia":[{"embeddable":true,"href":"https:\/\/www.hg-cooker.com\/fr\/wp-json\/wp\/v2\/media\/6068"}],"wp:attachment":[{"href":"https:\/\/www.hg-cooker.com\/fr\/wp-json\/wp\/v2\/media?parent=6031"}],"wp:term":[{"taxonomy":"product_brand","embeddable":true,"href":"https:\/\/www.hg-cooker.com\/fr\/wp-json\/wp\/v2\/product_brand?post=6031"},{"taxonomy":"product_cat","embeddable":true,"href":"https:\/\/www.hg-cooker.com\/fr\/wp-json\/wp\/v2\/product_cat?post=6031"},{"taxonomy":"product_tag","embeddable":true,"href":"https:\/\/www.hg-cooker.com\/fr\/wp-json\/wp\/v2\/product_tag?post=6031"}],"curies":[{"name":"wp","href":"https:\/\/api.w.org\/{rel}","templated":true}]}}