{"id":5985,"date":"2025-08-15T09:10:06","date_gmt":"2025-08-14T06:23:16","guid":{"rendered":"https:\/\/www.hg-cooker.com\/?post_type=product&#038;p=5985"},"modified":"2025-08-15T09:40:21","modified_gmt":"2025-08-15T09:40:21","slug":"wholesale-honeycomb-non-stick-woks","status":"publish","type":"product","link":"https:\/\/www.hg-cooker.com\/fr\/produit\/wholesale-honeycomb-non-stick-woks\/","title":{"rendered":"Woks antiadh\u00e9sifs en nid d'abeille - avec poign\u00e9e confort tri-r\u00e9sistante \u00e0 la chaleur (Wholesale Honeycomb)"},"content":{"rendered":"<figure class=\"wp-block-image size-full\"><img fetchpriority=\"high\" decoding=\"async\" width=\"1920\" height=\"682\" src=\"https:\/\/www.hg-cooker.com\/wp-content\/uploads\/2025\/08\/parameters-of-stainless-steel-non-stick-wok-1.webp\" alt=\"param\u00e8tres du wok en acier inoxydable non collant\" class=\"wp-image-6129\" srcset=\"https:\/\/www.hg-cooker.com\/wp-content\/uploads\/2025\/08\/parameters-of-stainless-steel-non-stick-wok-1.webp 1920w, https:\/\/www.hg-cooker.com\/wp-content\/uploads\/2025\/08\/parameters-of-stainless-steel-non-stick-wok-1-300x107.webp 300w, https:\/\/www.hg-cooker.com\/wp-content\/uploads\/2025\/08\/parameters-of-stainless-steel-non-stick-wok-1-768x273.webp 768w, https:\/\/www.hg-cooker.com\/wp-content\/uploads\/2025\/08\/parameters-of-stainless-steel-non-stick-wok-1-18x6.webp 18w, https:\/\/www.hg-cooker.com\/wp-content\/uploads\/2025\/08\/parameters-of-stainless-steel-non-stick-wok-1-285x101.webp 285w, https:\/\/www.hg-cooker.com\/wp-content\/uploads\/2025\/08\/parameters-of-stainless-steel-non-stick-wok-1-1600x568.webp 1600w, https:\/\/www.hg-cooker.com\/wp-content\/uploads\/2025\/08\/parameters-of-stainless-steel-non-stick-wok-1-660x234.webp 660w, https:\/\/www.hg-cooker.com\/wp-content\/uploads\/2025\/08\/parameters-of-stainless-steel-non-stick-wok-1-150x53.webp 150w\" sizes=\"(max-width: 1920px) 100vw, 1920px\" \/><\/figure>","protected":false},"excerpt":{"rendered":"<p>Wholesale Honeycomb Non-Stick Stainless Steel Wok. This wok features a honeycomb non-stick surface for superior non-stick performance. It comes with an ergonomic, heat-resistant handle and a tempered glass lid. Its triply composite steel construction makes it perfect for various cooking styles on gas, induction, and other stovetops.<\/p>\n<p>As a cookware manufacturer, we offer factory quotes and welcome bulk purchases.<\/p>\n<p><!-- wp:heading --><\/p>\n<h2 class=\"wp-block-heading\">Caract\u00e9ristiques du wok antiadh\u00e9sif en nid d'abeille<\/h2>\n<ul>\n<li><strong>Mat\u00e9riau de qualit\u00e9 alimentaire :<\/strong> Le wok antiadh\u00e9sif a fait l'objet de tests rigoureux et d'une certification officielle afin de garantir qu'aucun \u00e9l\u00e9ment nocif ne s'infiltre dans les aliments pendant la cuisson \u00e0 haute temp\u00e9rature.<\/li>\n<li><strong>Rev\u00eatement antiadh\u00e9sif en nid d'abeille :<\/strong> La structure en nid d'abeille augmente la surface de cuisson, r\u00e9duit le contact direct avec les aliments, a un bon effet antiadh\u00e9sif et peut \u00eatre utilis\u00e9e pour frire, sauter et frire avec une petite quantit\u00e9 d'huile, r\u00e9duisant ainsi la consommation d'huile du corps.<\/li>\n<li><strong>Prise en main s\u00fbre et confortable : <\/strong>La poign\u00e9e en m\u00e9tal argent\u00e9 est entour\u00e9e de silicone rouge antid\u00e9rapant pour une prise en main s\u00fbre et confortable, \u00e9vitant la fatigue des mains lors de la pr\u00e9paration des aliments pendant de longues heures. L\u00e9g\u00e8rement incurv\u00e9e vers le haut pour s'adapter \u00e0 la forme naturelle de la paume, la fixation \u00e0 double rivet assure une connexion solide comme le roc, sans vaciller en cours de route.<\/li>\n<li><strong>Compatible avec diff\u00e9rents types de po\u00eales :\u00a0 <\/strong>Le fond est en acier composite et convient \u00e0 une vari\u00e9t\u00e9 de cuisini\u00e8res telles que les cuisini\u00e8res \u00e0 induction, les cuisini\u00e8res \u00e0 gaz, les cuisini\u00e8res \u00e9lectriques, les cuisini\u00e8res en c\u00e9ramique, etc. et permet une conduction rapide de la chaleur et un transfert de chaleur uniforme.<\/li>\n<\/ul>\n<p><!-- \/wp:paragraph --><\/p>","protected":false},"featured_media":6024,"comment_status":"closed","ping_status":"closed","template":"","meta":[],"product_brand":[],"product_cat":[68],"product_tag":[],"class_list":{"0":"post-5985","1":"product","2":"type-product","3":"status-publish","4":"has-post-thumbnail","6":"product_cat-wholesale-non-stick-cookware","8":"first","9":"instock","10":"shipping-taxable","11":"product-type-simple"},"_links":{"self":[{"href":"https:\/\/www.hg-cooker.com\/fr\/wp-json\/wp\/v2\/product\/5985","targetHints":{"allow":["GET"]}}],"collection":[{"href":"https:\/\/www.hg-cooker.com\/fr\/wp-json\/wp\/v2\/product"}],"about":[{"href":"https:\/\/www.hg-cooker.com\/fr\/wp-json\/wp\/v2\/types\/product"}],"replies":[{"embeddable":true,"href":"https:\/\/www.hg-cooker.com\/fr\/wp-json\/wp\/v2\/comments?post=5985"}],"wp:featuredmedia":[{"embeddable":true,"href":"https:\/\/www.hg-cooker.com\/fr\/wp-json\/wp\/v2\/media\/6024"}],"wp:attachment":[{"href":"https:\/\/www.hg-cooker.com\/fr\/wp-json\/wp\/v2\/media?parent=5985"}],"wp:term":[{"taxonomy":"product_brand","embeddable":true,"href":"https:\/\/www.hg-cooker.com\/fr\/wp-json\/wp\/v2\/product_brand?post=5985"},{"taxonomy":"product_cat","embeddable":true,"href":"https:\/\/www.hg-cooker.com\/fr\/wp-json\/wp\/v2\/product_cat?post=5985"},{"taxonomy":"product_tag","embeddable":true,"href":"https:\/\/www.hg-cooker.com\/fr\/wp-json\/wp\/v2\/product_tag?post=5985"}],"curies":[{"name":"wp","href":"https:\/\/api.w.org\/{rel}","templated":true}]}}