{"id":5977,"date":"2025-08-16T03:51:43","date_gmt":"2025-08-14T03:39:59","guid":{"rendered":"https:\/\/www.hg-cooker.com\/?post_type=product&#038;p=5977"},"modified":"2025-08-16T04:19:25","modified_gmt":"2025-08-16T04:19:25","slug":"wholesale-stainless-steel-nonstick-frying-pans","status":"publish","type":"product","link":"https:\/\/www.hg-cooker.com\/fr\/produit\/wholesale-stainless-steel-nonstick-frying-pans\/","title":{"rendered":"Po\u00eales \u00e0 frire antiadh\u00e9sives en nid d'abeille en acier inoxydable avec poign\u00e9e en fil m\u00e9tallique et couvercle en verre"},"content":{"rendered":"<figure class=\"wp-block-image size-full\"><img fetchpriority=\"high\" decoding=\"async\" width=\"5120\" height=\"1348\" src=\"https:\/\/www.hg-cooker.com\/wp-content\/uploads\/2025\/08\/parameters-of-non-stick-frying-pan-1.webp\" alt=\"param\u00e8tres de la po\u00eale \u00e0 frire antiadh\u00e9sive\" class=\"wp-image-6176\" srcset=\"https:\/\/www.hg-cooker.com\/wp-content\/uploads\/2025\/08\/parameters-of-non-stick-frying-pan-1.webp 5120w, https:\/\/www.hg-cooker.com\/wp-content\/uploads\/2025\/08\/parameters-of-non-stick-frying-pan-1-300x79.webp 300w, https:\/\/www.hg-cooker.com\/wp-content\/uploads\/2025\/08\/parameters-of-non-stick-frying-pan-1-768x202.webp 768w, https:\/\/www.hg-cooker.com\/wp-content\/uploads\/2025\/08\/parameters-of-non-stick-frying-pan-1-18x5.webp 18w, https:\/\/www.hg-cooker.com\/wp-content\/uploads\/2025\/08\/parameters-of-non-stick-frying-pan-1-285x75.webp 285w, https:\/\/www.hg-cooker.com\/wp-content\/uploads\/2025\/08\/parameters-of-non-stick-frying-pan-1-1600x421.webp 1600w, https:\/\/www.hg-cooker.com\/wp-content\/uploads\/2025\/08\/parameters-of-non-stick-frying-pan-1-660x174.webp 660w, https:\/\/www.hg-cooker.com\/wp-content\/uploads\/2025\/08\/parameters-of-non-stick-frying-pan-1-150x39.webp 150w\" sizes=\"(max-width: 5120px) 100vw, 5120px\" \/><figcaption class=\"wp-element-caption\">param\u00e8tres de la po\u00eale \u00e0 frire antiadh\u00e9sive<\/figcaption><\/figure>","protected":false},"excerpt":{"rendered":"<p>Po\u00eale \u00e0 frire antiadh\u00e9sive en nid d'abeille en acier inoxydable. La texture innovante en nid d'abeille isole efficacement les aliments, ce qui permet d'obtenir de v\u00e9ritables propri\u00e9t\u00e9s physiques antiadh\u00e9sives. Elle est r\u00e9sistante \u00e0 l'usure et durable, et peut \u00eatre utilis\u00e9e avec une spatule en m\u00e9tal. Le fabricant d'ustensiles de cuisine Hengguang propose des prix d'usine et la personnalisation OEM. Les achats en gros sont les bienvenus.<\/p>\n<p><!-- wp:heading --><\/p>\n<h2 class=\"wp-block-heading\">Caract\u00e9ristiques de la po\u00eale \u00e0 frire antiadh\u00e9sive en acier inoxydable<\/h2>\n<ul>\n<li><strong>Acier inoxydable de haute qualit\u00e9 alimentaire :<\/strong> Fabriqu\u00e9es en acier inoxydable 304 de haute qualit\u00e9, nos po\u00eales \u00e0 frire antiadh\u00e9sives r\u00e9pondent aux normes de s\u00e9curit\u00e9 en mati\u00e8re de contact alimentaire. Leur surface lisse sans bavures et leurs bords arrondis les rendent solides et durables pour une utilisation \u00e0 long terme.<\/li>\n<li><strong>Texture en nid d'abeille :<\/strong> La texture hexagonale en nid d'abeille r\u00e9duit le contact direct entre les aliments et les casseroles, emp\u00eache les aliments de coller \u00e0 la casserole et permet de les retirer facilement de la casserole. Elle convient parfaitement \u00e0 la friture de steaks, de cr\u00eapes et d'\u0153ufs au plat.<\/li>\n<li><strong>Poign\u00e9e creuse :<\/strong> La poign\u00e9e est creuse, \u00e9l\u00e9gante et l\u00e9g\u00e8re, ce qui permet de dissiper la chaleur et de r\u00e9duire la surchauffe de la poign\u00e9e.<\/li>\n<li><strong>Grande durabilit\u00e9 :<\/strong> Les po\u00eales antiadh\u00e9sives en nid d'abeille combinent la durabilit\u00e9 de l'acier inoxydable et la commodit\u00e9 du rev\u00eatement antiadh\u00e9sif. La partie sur\u00e9lev\u00e9e en acier inoxydable prot\u00e8ge le rev\u00eatement antiadh\u00e9sif, ce qui rend cette po\u00eale plus durable que les po\u00eales antiadh\u00e9sives ordinaires.<\/li>\n<\/ul>\n<p><!-- \/wp:paragraph --><\/p>","protected":false},"featured_media":6017,"comment_status":"closed","ping_status":"closed","template":"","meta":[],"product_brand":[],"product_cat":[68],"product_tag":[],"class_list":{"0":"post-5977","1":"product","2":"type-product","3":"status-publish","4":"has-post-thumbnail","6":"product_cat-wholesale-non-stick-cookware","8":"first","9":"instock","10":"shipping-taxable","11":"product-type-simple"},"_links":{"self":[{"href":"https:\/\/www.hg-cooker.com\/fr\/wp-json\/wp\/v2\/product\/5977","targetHints":{"allow":["GET"]}}],"collection":[{"href":"https:\/\/www.hg-cooker.com\/fr\/wp-json\/wp\/v2\/product"}],"about":[{"href":"https:\/\/www.hg-cooker.com\/fr\/wp-json\/wp\/v2\/types\/product"}],"replies":[{"embeddable":true,"href":"https:\/\/www.hg-cooker.com\/fr\/wp-json\/wp\/v2\/comments?post=5977"}],"wp:featuredmedia":[{"embeddable":true,"href":"https:\/\/www.hg-cooker.com\/fr\/wp-json\/wp\/v2\/media\/6017"}],"wp:attachment":[{"href":"https:\/\/www.hg-cooker.com\/fr\/wp-json\/wp\/v2\/media?parent=5977"}],"wp:term":[{"taxonomy":"product_brand","embeddable":true,"href":"https:\/\/www.hg-cooker.com\/fr\/wp-json\/wp\/v2\/product_brand?post=5977"},{"taxonomy":"product_cat","embeddable":true,"href":"https:\/\/www.hg-cooker.com\/fr\/wp-json\/wp\/v2\/product_cat?post=5977"},{"taxonomy":"product_tag","embeddable":true,"href":"https:\/\/www.hg-cooker.com\/fr\/wp-json\/wp\/v2\/product_tag?post=5977"}],"curies":[{"name":"wp","href":"https:\/\/api.w.org\/{rel}","templated":true}]}}