{"id":5970,"date":"2025-08-15T09:51:52","date_gmt":"2025-08-14T03:00:07","guid":{"rendered":"https:\/\/www.hg-cooker.com\/?post_type=product&#038;p=5970"},"modified":"2025-08-15T10:14:38","modified_gmt":"2025-08-15T10:14:38","slug":"wholesale-stainless-steel-non-stick-milk-pots","status":"publish","type":"product","link":"https:\/\/www.hg-cooker.com\/fr\/produit\/wholesale-stainless-steel-non-stick-milk-pots\/","title":{"rendered":"Gros pot \u00e0 lait antiadh\u00e9sif en acier inoxydable avec poign\u00e9e longue et couvercle en verre"},"content":{"rendered":"<figure class=\"wp-block-image size-full\"><img fetchpriority=\"high\" decoding=\"async\" width=\"1920\" height=\"631\" src=\"https:\/\/www.hg-cooker.com\/wp-content\/uploads\/2025\/08\/parameters-of-non-stick-milk-pot.webp\" alt=\"param\u00e8tres du pot \u00e0 lait antiadh\u00e9sif\" class=\"wp-image-6140\" srcset=\"https:\/\/www.hg-cooker.com\/wp-content\/uploads\/2025\/08\/parameters-of-non-stick-milk-pot.webp 1920w, https:\/\/www.hg-cooker.com\/wp-content\/uploads\/2025\/08\/parameters-of-non-stick-milk-pot-300x99.webp 300w, https:\/\/www.hg-cooker.com\/wp-content\/uploads\/2025\/08\/parameters-of-non-stick-milk-pot-768x252.webp 768w, https:\/\/www.hg-cooker.com\/wp-content\/uploads\/2025\/08\/parameters-of-non-stick-milk-pot-18x6.webp 18w, https:\/\/www.hg-cooker.com\/wp-content\/uploads\/2025\/08\/parameters-of-non-stick-milk-pot-285x94.webp 285w, https:\/\/www.hg-cooker.com\/wp-content\/uploads\/2025\/08\/parameters-of-non-stick-milk-pot-1600x526.webp 1600w, https:\/\/www.hg-cooker.com\/wp-content\/uploads\/2025\/08\/parameters-of-non-stick-milk-pot-660x217.webp 660w, https:\/\/www.hg-cooker.com\/wp-content\/uploads\/2025\/08\/parameters-of-non-stick-milk-pot-150x49.webp 150w\" sizes=\"(max-width: 1920px) 100vw, 1920px\" \/><\/figure>","protected":false},"excerpt":{"rendered":"<p>Wholesale non-stick milk pan. This pan features a honeycomb surface design for excellent non-stick properties. Its three-layer stainless steel construction ensures durability, quick heat conduction, and even heating. It comes with a visible tempered glass lid for easy viewing while cooking. It&#8217;s perfect for boiling milk, simmering porridge, or preparing baby food.<\/p>\n<p>En tant que <a href=\"https:\/\/www.hg-cooker.com\/fr\/categorie-produit\/ustensiles-de-cuisine-en-acier-inoxydable\/\" target=\"_blank\" rel=\"noopener\"><strong>fabricant d'ustensiles de cuisine<\/strong><\/a>Hengguang propose des produits de qualit\u00e9 industrielle et prend en charge les services OEM\/ODM. Les achats en gros sont les bienvenus.<\/p>\n<p><!-- wp:heading --><\/p>\n<h2 class=\"wp-block-heading\">Caract\u00e9ristiques du pot \u00e0 lait antiadh\u00e9sif<\/h2>\n<p><!-- \/wp:heading --> <!-- wp:paragraph --><\/p>\n<ul>\n<li><strong>Base en composite triple couche :<\/strong> Dot\u00e9e d'une construction \u00e0 trois couches solidement coll\u00e9es, la base en acier inoxydable est compatible avec une grande vari\u00e9t\u00e9 de tables de cuisson, y compris les tables \u00e0 induction et les cuisini\u00e8res \u00e0 gaz, garantissant un chauffage uniforme.<\/li>\n<li><strong>Nid d'abeille Texture :<\/strong> La texture hexagonale en nid d'abeille augmente la surface de contact, r\u00e9duit la friction directe et emp\u00eache le collage, ce qui est id\u00e9al pour la cuisson d'aliments d\u00e9licats comme les \u0153ufs et les cr\u00eapes. Cette conception minimise \u00e9galement les r\u00e9sidus alimentaires, ce qui acc\u00e9l\u00e8re le nettoyage.<\/li>\n<li><strong>Poign\u00e9e ergonomique longue pour le confort et la s\u00e9curit\u00e9 :<\/strong> La poign\u00e9e en acier inoxydable renforc\u00e9e en forme de Y est solidement rivet\u00e9e \u00e0 la marmite et s'adapte \u00e0 la paume de votre main, garantissant une bonne prise en main.<\/li>\n<li><strong>Couvercle en verre tremp\u00e9 ventil\u00e9 :<\/strong> Le couvercle en verre tremp\u00e9 transparent permet de voir facilement la cuisson sans ouvrir le couvercle, et les \u00e9vents d\u00e9licats \u00e9quilibrent la pression pour \u00e9viter les d\u00e9bordements.<\/li>\n<li><strong>Service de vente en gros d'ustensiles de cuisine antiadh\u00e9sifs :<\/strong> Hengguang propose des articles de cuisine antiadh\u00e9sifs en gros pour les acheteurs B2B. Nous proposons une vari\u00e9t\u00e9 de styles et de tailles, y compris des po\u00eales \u00e0 lait et des woks. Veuillez nous contacter pour vos achats.<\/li>\n<\/ul>\n<p><!-- \/wp:paragraph --><\/p>","protected":false},"featured_media":6011,"comment_status":"closed","ping_status":"closed","template":"","meta":[],"product_brand":[],"product_cat":[68],"product_tag":[],"class_list":{"0":"post-5970","1":"product","2":"type-product","3":"status-publish","4":"has-post-thumbnail","6":"product_cat-wholesale-non-stick-cookware","8":"first","9":"instock","10":"shipping-taxable","11":"product-type-simple"},"_links":{"self":[{"href":"https:\/\/www.hg-cooker.com\/fr\/wp-json\/wp\/v2\/product\/5970","targetHints":{"allow":["GET"]}}],"collection":[{"href":"https:\/\/www.hg-cooker.com\/fr\/wp-json\/wp\/v2\/product"}],"about":[{"href":"https:\/\/www.hg-cooker.com\/fr\/wp-json\/wp\/v2\/types\/product"}],"replies":[{"embeddable":true,"href":"https:\/\/www.hg-cooker.com\/fr\/wp-json\/wp\/v2\/comments?post=5970"}],"wp:featuredmedia":[{"embeddable":true,"href":"https:\/\/www.hg-cooker.com\/fr\/wp-json\/wp\/v2\/media\/6011"}],"wp:attachment":[{"href":"https:\/\/www.hg-cooker.com\/fr\/wp-json\/wp\/v2\/media?parent=5970"}],"wp:term":[{"taxonomy":"product_brand","embeddable":true,"href":"https:\/\/www.hg-cooker.com\/fr\/wp-json\/wp\/v2\/product_brand?post=5970"},{"taxonomy":"product_cat","embeddable":true,"href":"https:\/\/www.hg-cooker.com\/fr\/wp-json\/wp\/v2\/product_cat?post=5970"},{"taxonomy":"product_tag","embeddable":true,"href":"https:\/\/www.hg-cooker.com\/fr\/wp-json\/wp\/v2\/product_tag?post=5970"}],"curies":[{"name":"wp","href":"https:\/\/api.w.org\/{rel}","templated":true}]}}