{"id":5961,"date":"2025-08-16T03:21:17","date_gmt":"2025-08-16T03:21:17","guid":{"rendered":"https:\/\/www.hg-cooker.com\/?post_type=product&#038;p=5961"},"modified":"2025-08-16T03:21:59","modified_gmt":"2025-08-16T03:21:59","slug":"wholesale-non-stick-frying-pans","status":"publish","type":"product","link":"https:\/\/www.hg-cooker.com\/fr\/produit\/wholesale-non-stick-frying-pans\/","title":{"rendered":"Po\u00eales \u00e0 frire antiadh\u00e9sives en gros - avec fond en acier inoxydable composite et poign\u00e9e ergonomique"},"content":{"rendered":"<figure class=\"wp-block-image size-full\"><img fetchpriority=\"high\" decoding=\"async\" width=\"1920\" height=\"586\" src=\"https:\/\/www.hg-cooker.com\/wp-content\/uploads\/2025\/08\/parameters-of-non-stick-frying-pan.webp\" alt=\"param\u00e8tres de la po\u00eale \u00e0 frire antiadh\u00e9sive\" class=\"wp-image-6174\" srcset=\"https:\/\/www.hg-cooker.com\/wp-content\/uploads\/2025\/08\/parameters-of-non-stick-frying-pan.webp 1920w, https:\/\/www.hg-cooker.com\/wp-content\/uploads\/2025\/08\/parameters-of-non-stick-frying-pan-300x92.webp 300w, https:\/\/www.hg-cooker.com\/wp-content\/uploads\/2025\/08\/parameters-of-non-stick-frying-pan-768x234.webp 768w, https:\/\/www.hg-cooker.com\/wp-content\/uploads\/2025\/08\/parameters-of-non-stick-frying-pan-18x5.webp 18w, https:\/\/www.hg-cooker.com\/wp-content\/uploads\/2025\/08\/parameters-of-non-stick-frying-pan-285x87.webp 285w, https:\/\/www.hg-cooker.com\/wp-content\/uploads\/2025\/08\/parameters-of-non-stick-frying-pan-1600x488.webp 1600w, https:\/\/www.hg-cooker.com\/wp-content\/uploads\/2025\/08\/parameters-of-non-stick-frying-pan-660x201.webp 660w, https:\/\/www.hg-cooker.com\/wp-content\/uploads\/2025\/08\/parameters-of-non-stick-frying-pan-150x46.webp 150w\" sizes=\"(max-width: 1920px) 100vw, 1920px\" \/><\/figure>","protected":false},"excerpt":{"rendered":"<p>Po\u00eale \u00e0 frire antiadh\u00e9sive en gros. Cette po\u00eale \u00e0 frire en acier inoxydable 304 composite de haute qualit\u00e9 pr\u00e9sente un design antiadh\u00e9sif en nid d'abeille pour d'excellentes performances antiadh\u00e9sives et un couvercle en verre tremp\u00e9 pour faciliter la surveillance pendant la cuisson. Elle chauffe uniform\u00e9ment, est facile \u00e0 nettoyer et fonctionne avec diverses sources de chaleur. Elle est parfaite pour la friture, les saut\u00e9s et d'autres m\u00e9thodes de cuisson. Les commandes en gros sont les bienvenues.<\/p>\n<p><!-- wp:heading --><\/p>\n<h2 class=\"wp-block-heading\">Caract\u00e9ristiques de la po\u00eale \u00e0 frire antiadh\u00e9sive<\/h2>\n<ul>\n<li><strong>Cinq tailles au choix :<\/strong> Nos po\u00eales \u00e0 frire en gros sont disponibles en cinq tailles diff\u00e9rentes : 22 cm, 24 cm, 26 cm, 28 cm et 30 cm, pour r\u00e9pondre aux besoins de diff\u00e9rentes familles et de diff\u00e9rents types de cuisine.<\/li>\n<li><strong>Conception antiadh\u00e9sive en nid d'abeille :<\/strong> Le motif en nid d'abeille am\u00e9liore les performances antiadh\u00e9sives et assure une r\u00e9partition uniforme de la chaleur, emp\u00eachant ainsi les aliments de coller. Il permet \u00e9galement d'emp\u00eacher les aliments collants comme les omelettes et les cr\u00eapes d'adh\u00e9rer.<\/li>\n<li><strong>Poign\u00e9e ergonomique :<\/strong> Le manche comporte une \u00e2me en m\u00e9tal argent\u00e9 avec un rev\u00eatement antid\u00e9rapant rouge, \u00e9vitant les br\u00fblures et les glissements, et offrant une prise en main confortable.<\/li>\n<li><strong>Facile \u00e0 nettoyer, peu d'entretien :<\/strong> Emp\u00eache efficacement les aliments de coller, ce qui rend le nettoyage rapide et facile avec un simple rin\u00e7age.<\/li>\n<li><strong>Acier inoxydable triple \u00e9paisseur Fond :<\/strong> Nos po\u00eales \u00e0 frire antiadh\u00e9sives en gros sont dot\u00e9es d'un fond en acier inoxydable \u00e0 trois couches. Le noyau en aluminium ou en cuivre du fond en acier inoxydable triple absorbe rapidement la chaleur et la r\u00e9partit uniform\u00e9ment sur le fond et les c\u00f4t\u00e9s, \u00e9liminant ainsi les points chauds pendant la cuisson.<\/li>\n<\/ul>\n<p><!-- \/wp:paragraph --><\/p>","protected":false},"featured_media":6005,"comment_status":"closed","ping_status":"closed","template":"","meta":[],"product_brand":[],"product_cat":[68],"product_tag":[],"class_list":{"0":"post-5961","1":"product","2":"type-product","3":"status-publish","4":"has-post-thumbnail","6":"product_cat-wholesale-non-stick-cookware","8":"first","9":"instock","10":"shipping-taxable","11":"product-type-simple"},"_links":{"self":[{"href":"https:\/\/www.hg-cooker.com\/fr\/wp-json\/wp\/v2\/product\/5961","targetHints":{"allow":["GET"]}}],"collection":[{"href":"https:\/\/www.hg-cooker.com\/fr\/wp-json\/wp\/v2\/product"}],"about":[{"href":"https:\/\/www.hg-cooker.com\/fr\/wp-json\/wp\/v2\/types\/product"}],"replies":[{"embeddable":true,"href":"https:\/\/www.hg-cooker.com\/fr\/wp-json\/wp\/v2\/comments?post=5961"}],"wp:featuredmedia":[{"embeddable":true,"href":"https:\/\/www.hg-cooker.com\/fr\/wp-json\/wp\/v2\/media\/6005"}],"wp:attachment":[{"href":"https:\/\/www.hg-cooker.com\/fr\/wp-json\/wp\/v2\/media?parent=5961"}],"wp:term":[{"taxonomy":"product_brand","embeddable":true,"href":"https:\/\/www.hg-cooker.com\/fr\/wp-json\/wp\/v2\/product_brand?post=5961"},{"taxonomy":"product_cat","embeddable":true,"href":"https:\/\/www.hg-cooker.com\/fr\/wp-json\/wp\/v2\/product_cat?post=5961"},{"taxonomy":"product_tag","embeddable":true,"href":"https:\/\/www.hg-cooker.com\/fr\/wp-json\/wp\/v2\/product_tag?post=5961"}],"curies":[{"name":"wp","href":"https:\/\/api.w.org\/{rel}","templated":true}]}}