{"id":5722,"date":"2025-05-05T07:43:24","date_gmt":"2025-05-05T07:43:24","guid":{"rendered":"https:\/\/www.hg-cooker.com\/?post_type=product&#038;p=5722"},"modified":"2025-09-13T02:44:28","modified_gmt":"2025-09-13T02:44:28","slug":"pot-a-lait-bouillant-en-acier-inoxydable-wholesale-76","status":"publish","type":"product","link":"https:\/\/www.hg-cooker.com\/fr\/produit\/pot-a-lait-bouillant-en-acier-inoxydable-wholesale-76\/","title":{"rendered":"Batterie de cuisine antiadh\u00e9sive 3 pi\u00e8ces en gros - Durable et efficace"},"content":{"rendered":"<h3 class=\"wp-block-heading\">Param\u00e8tres des batteries de cuisine antiadh\u00e9sives 3 pi\u00e8ces<\/h3>\n\n\n\n<figure class=\"wp-block-image size-full\"><img fetchpriority=\"high\" decoding=\"async\" width=\"2400\" height=\"800\" src=\"https:\/\/www.hg-cooker.com\/wp-content\/uploads\/2025\/08\/parameters-of-non-stick-cookware-set.webp\" alt=\"param\u00e8tres de la batterie de cuisine antiadh\u00e9sive\" class=\"wp-image-5723\" srcset=\"https:\/\/www.hg-cooker.com\/wp-content\/uploads\/2025\/08\/parameters-of-non-stick-cookware-set.webp 2400w, https:\/\/www.hg-cooker.com\/wp-content\/uploads\/2025\/08\/parameters-of-non-stick-cookware-set-150x50.webp 150w, https:\/\/www.hg-cooker.com\/wp-content\/uploads\/2025\/08\/parameters-of-non-stick-cookware-set-660x220.webp 660w, https:\/\/www.hg-cooker.com\/wp-content\/uploads\/2025\/08\/parameters-of-non-stick-cookware-set-300x100.webp 300w, https:\/\/www.hg-cooker.com\/wp-content\/uploads\/2025\/08\/parameters-of-non-stick-cookware-set-768x256.webp 768w, https:\/\/www.hg-cooker.com\/wp-content\/uploads\/2025\/08\/parameters-of-non-stick-cookware-set-18x6.webp 18w, https:\/\/www.hg-cooker.com\/wp-content\/uploads\/2025\/08\/parameters-of-non-stick-cookware-set-285x95.webp 285w, https:\/\/www.hg-cooker.com\/wp-content\/uploads\/2025\/08\/parameters-of-non-stick-cookware-set-1600x533.webp 1600w\" sizes=\"(max-width: 2400px) 100vw, 2400px\" \/><\/figure>\n\n\n\n<h3 class=\"wp-block-heading\">Options d'ustensiles de cuisine personnalis\u00e9s<\/h3>\n\n\n\n<p><strong>Logo :<\/strong> Personnalisable avec le logo de votre marque<br><strong>Emballage :<\/strong>&nbsp;Bo\u00eete de couleur\/Carton, etc.<br><strong>Mat\u00e9riau : <\/strong>Personnalisable<\/p>","protected":false},"excerpt":{"rendered":"<p>Batteries de cuisine antiadh\u00e9sives 3 pi\u00e8ces en gros. Cet ensemble associe un rev\u00eatement antiadh\u00e9sif en nid d'abeille \u00e0 une base en mat\u00e9riau composite pour une chauffe excellente et uniforme et une finition antiadh\u00e9sive. Compatible avec une vari\u00e9t\u00e9 de sources de chaleur, y compris les tables de cuisson \u00e0 gaz et \u00e0 induction, elle s'adapte aux divers besoins des cuisines modernes. Disponible en plusieurs tailles, les achats en gros sont les bienvenus.<\/p>\n<h2>Caract\u00e9ristiques des batteries de cuisine antiadh\u00e9sives<\/h2>\n<ul>\n<li><strong>Technologie avanc\u00e9e de fond en composite :<\/strong> Le fond de l'ustensile de cuisson est dot\u00e9 d'une technologie de fond composite, compos\u00e9e de trois couches de mat\u00e9riaux. Cela garantit une conduction rapide et constante de la chaleur et emp\u00eache les ingr\u00e9dients de chauffer de mani\u00e8re in\u00e9gale, ce qui rend la cuisson plus efficace.<\/li>\n<li><strong>Super performance antiadh\u00e9sive :<\/strong> Le fond et les parois de la marmite sont dot\u00e9s d'un rev\u00eatement antiadh\u00e9sif sup\u00e9rieur en nid d'abeille qui emp\u00eache les ingr\u00e9dients de coller au fond et aux parois de la marmite et r\u00e9duit la perte d'aliments, ce qui facilite le nettoyage.<\/li>\n<li><strong>Forme ergonomique de la poign\u00e9e :<\/strong> La poign\u00e9e extra-plate offre non seulement une prise en main plus confortable, mais am\u00e9liore aussi consid\u00e9rablement le contr\u00f4le, \u00e9liminant ainsi les contraintes li\u00e9es \u00e0 l'utilisation, en particulier lors de la pr\u00e9paration de saut\u00e9s ou du transport d'une casserole lourde.<\/li>\n<li><strong>Emballage exact :<\/strong> Chaque pot est emball\u00e9 avec pr\u00e9cision, avec une couche de mat\u00e9riau absorbant les chocs \u00e0 l'int\u00e9rieur pour prot\u00e9ger efficacement contre les chocs et les chutes pendant le transport.<\/li>\n<li><strong>Articles de cuisine en gros :<\/strong> Le fabricant d'ustensiles de cuisine en acier inoxydable Hengguang propose des ustensiles de cuisine en acier inoxydable en gros d'excellente qualit\u00e9 et une personnalisation en gros, au service des acheteurs en gros.<\/li>\n<\/ul>","protected":false},"featured_media":5724,"comment_status":"closed","ping_status":"closed","template":"","meta":[],"product_brand":[],"product_cat":[52],"product_tag":[],"class_list":{"0":"post-5722","1":"product","2":"type-product","3":"status-publish","4":"has-post-thumbnail","6":"product_cat-stainless-steel-cookware","8":"first","9":"instock","10":"shipping-taxable","11":"product-type-simple"},"_links":{"self":[{"href":"https:\/\/www.hg-cooker.com\/fr\/wp-json\/wp\/v2\/product\/5722","targetHints":{"allow":["GET"]}}],"collection":[{"href":"https:\/\/www.hg-cooker.com\/fr\/wp-json\/wp\/v2\/product"}],"about":[{"href":"https:\/\/www.hg-cooker.com\/fr\/wp-json\/wp\/v2\/types\/product"}],"replies":[{"embeddable":true,"href":"https:\/\/www.hg-cooker.com\/fr\/wp-json\/wp\/v2\/comments?post=5722"}],"wp:featuredmedia":[{"embeddable":true,"href":"https:\/\/www.hg-cooker.com\/fr\/wp-json\/wp\/v2\/media\/5724"}],"wp:attachment":[{"href":"https:\/\/www.hg-cooker.com\/fr\/wp-json\/wp\/v2\/media?parent=5722"}],"wp:term":[{"taxonomy":"product_brand","embeddable":true,"href":"https:\/\/www.hg-cooker.com\/fr\/wp-json\/wp\/v2\/product_brand?post=5722"},{"taxonomy":"product_cat","embeddable":true,"href":"https:\/\/www.hg-cooker.com\/fr\/wp-json\/wp\/v2\/product_cat?post=5722"},{"taxonomy":"product_tag","embeddable":true,"href":"https:\/\/www.hg-cooker.com\/fr\/wp-json\/wp\/v2\/product_tag?post=5722"}],"curies":[{"name":"wp","href":"https:\/\/api.w.org\/{rel}","templated":true}]}}