{"id":5709,"date":"2025-05-05T06:45:19","date_gmt":"2025-05-05T06:45:19","guid":{"rendered":"https:\/\/www.hg-cooker.com\/?post_type=product&#038;p=5709"},"modified":"2025-09-13T02:44:40","modified_gmt":"2025-09-13T02:44:40","slug":"pot-a-lait-bouillant-en-acier-inoxydable-wholesale-75","status":"publish","type":"product","link":"https:\/\/www.hg-cooker.com\/fr\/produit\/pot-a-lait-bouillant-en-acier-inoxydable-wholesale-75\/","title":{"rendered":"Grossiste batterie de cuisine antiadh\u00e9sive - Texture nid d'abeille et fond en acier composite"},"content":{"rendered":"<h3 class=\"wp-block-heading\">Param\u00e8tres des batteries de cuisine antiadh\u00e9sives<\/h3>\n\n\n\n<figure class=\"wp-block-image size-full\"><img fetchpriority=\"high\" decoding=\"async\" width=\"2400\" height=\"800\" src=\"https:\/\/www.hg-cooker.com\/wp-content\/uploads\/2025\/08\/wholesale-non-stick-cookware-sets-2.webp\" alt=\"batteries de cuisine antiadh\u00e9sives en gros (2)\" class=\"wp-image-5720\" srcset=\"https:\/\/www.hg-cooker.com\/wp-content\/uploads\/2025\/08\/wholesale-non-stick-cookware-sets-2.webp 2400w, https:\/\/www.hg-cooker.com\/wp-content\/uploads\/2025\/08\/wholesale-non-stick-cookware-sets-2-150x50.webp 150w, https:\/\/www.hg-cooker.com\/wp-content\/uploads\/2025\/08\/wholesale-non-stick-cookware-sets-2-660x220.webp 660w, https:\/\/www.hg-cooker.com\/wp-content\/uploads\/2025\/08\/wholesale-non-stick-cookware-sets-2-300x100.webp 300w, https:\/\/www.hg-cooker.com\/wp-content\/uploads\/2025\/08\/wholesale-non-stick-cookware-sets-2-768x256.webp 768w, https:\/\/www.hg-cooker.com\/wp-content\/uploads\/2025\/08\/wholesale-non-stick-cookware-sets-2-18x6.webp 18w, https:\/\/www.hg-cooker.com\/wp-content\/uploads\/2025\/08\/wholesale-non-stick-cookware-sets-2-285x95.webp 285w, https:\/\/www.hg-cooker.com\/wp-content\/uploads\/2025\/08\/wholesale-non-stick-cookware-sets-2-1600x533.webp 1600w\" sizes=\"(max-width: 2400px) 100vw, 2400px\" \/><\/figure>\n\n\n\n<h3 class=\"wp-block-heading\">Options d'ustensiles de cuisine personnalis\u00e9s<\/h3>\n\n\n\n<p><strong>Logo :<\/strong> Personnalisable avec le logo de votre marque<br><strong>Emballage :<\/strong>\u00a0Bo\u00eete de couleur\/Carton, etc.<br><strong>Mat\u00e9riau : <\/strong>Personnalisable<\/p>","protected":false},"excerpt":{"rendered":"<p>Vente en gros d'ustensiles de cuisine antiadh\u00e9sifs. La batterie de cuisine antiadh\u00e9sive 3 pi\u00e8ces comprend une casserole \u00e0 lait et une po\u00eale \u00e0 frire. La batterie de cuisine est dot\u00e9e d'une surface antiadh\u00e9sive unique en nid d'abeille qui n\u00e9cessite moins d'huile pour la cuisson, r\u00e9duit l'adh\u00e9rence des aliments et facilite le nettoyage.<\/p>\n<h2>Caract\u00e9ristiques de la batterie de cuisine antiadh\u00e9sive<\/h2>\n<p><strong>Technologie antiadh\u00e9sive en nid d'abeille :<\/strong> Les batteries de cuisine sont dot\u00e9es d'une texture alv\u00e9ol\u00e9e unique qui emp\u00eache efficacement les aliments de coller, de cuire avec moins d'huile et sans r\u00e9sidus, ce qui vous permet de frotter moins souvent.<\/p>\n<p><strong>Cuisine sans huile et sans fum\u00e9e :<\/strong> Gr\u00e2ce \u00e0 la r\u00e9partition uniforme de la chaleur de la surface antiadh\u00e9sive, vous cuisinerez avec moins d'huile et moins de fum\u00e9es de cuisson, ce qui est plus sain et plus respectueux de l'environnement.<\/p>\n<p><strong>Diff\u00e9rentes tailles disponibles :<\/strong> Tous les ustensiles de cuisine antiadh\u00e9sifs sont disponibles en diff\u00e9rentes tailles, allant de 18 cm \u00e0 30 cm, parfaits pour la cuisine quotidienne \u00e0 la maison.<\/p>\n<p><strong>Compatible avec diff\u00e9rentes sources de chaleur :<\/strong> La batterie de cuisine antiadh\u00e9sive peut \u00eatre utilis\u00e9e sur diff\u00e9rentes sources de chaleur, y compris les cuisini\u00e8res \u00e0 gaz, \u00e0 induction et \u00e9lectriques, s'adaptant ainsi parfaitement aux diff\u00e9rentes conditions de cuisson.<\/p>\n<p><strong>Conception esth\u00e9tique et fonctionnelle :<\/strong> Cette batterie de cuisine pr\u00e9sente un design minimaliste avec un ext\u00e9rieur en acier inoxydable lisse et argent\u00e9 et un design alv\u00e9ol\u00e9 tr\u00e8s tendance qui se marie bien avec le design des cuisines modernes.<\/p>\n<p><strong>Service de vente en gros d'ustensiles de cuisine :<\/strong> Hengguang a plus de 30 ans d'exp\u00e9rience dans la fabrication d'ustensiles de cuisine. Nous proposons une large gamme d'ustensiles de cuisine et prenons en charge les demandes OEM et ODM.<\/p>","protected":false},"featured_media":5719,"comment_status":"closed","ping_status":"closed","template":"","meta":[],"product_brand":[],"product_cat":[52],"product_tag":[],"class_list":{"0":"post-5709","1":"product","2":"type-product","3":"status-publish","4":"has-post-thumbnail","6":"product_cat-stainless-steel-cookware","8":"first","9":"instock","10":"shipping-taxable","11":"product-type-simple"},"_links":{"self":[{"href":"https:\/\/www.hg-cooker.com\/fr\/wp-json\/wp\/v2\/product\/5709","targetHints":{"allow":["GET"]}}],"collection":[{"href":"https:\/\/www.hg-cooker.com\/fr\/wp-json\/wp\/v2\/product"}],"about":[{"href":"https:\/\/www.hg-cooker.com\/fr\/wp-json\/wp\/v2\/types\/product"}],"replies":[{"embeddable":true,"href":"https:\/\/www.hg-cooker.com\/fr\/wp-json\/wp\/v2\/comments?post=5709"}],"wp:featuredmedia":[{"embeddable":true,"href":"https:\/\/www.hg-cooker.com\/fr\/wp-json\/wp\/v2\/media\/5719"}],"wp:attachment":[{"href":"https:\/\/www.hg-cooker.com\/fr\/wp-json\/wp\/v2\/media?parent=5709"}],"wp:term":[{"taxonomy":"product_brand","embeddable":true,"href":"https:\/\/www.hg-cooker.com\/fr\/wp-json\/wp\/v2\/product_brand?post=5709"},{"taxonomy":"product_cat","embeddable":true,"href":"https:\/\/www.hg-cooker.com\/fr\/wp-json\/wp\/v2\/product_cat?post=5709"},{"taxonomy":"product_tag","embeddable":true,"href":"https:\/\/www.hg-cooker.com\/fr\/wp-json\/wp\/v2\/product_tag?post=5709"}],"curies":[{"name":"wp","href":"https:\/\/api.w.org\/{rel}","templated":true}]}}