{"id":5700,"date":"2025-05-05T03:27:54","date_gmt":"2025-05-05T03:27:54","guid":{"rendered":"https:\/\/www.hg-cooker.com\/?post_type=product&#038;p=5700"},"modified":"2025-09-13T02:44:56","modified_gmt":"2025-09-13T02:44:56","slug":"pot-a-lait-bouillant-en-acier-inoxydable-wholesale-74","status":"publish","type":"product","link":"https:\/\/www.hg-cooker.com\/fr\/produit\/pot-a-lait-bouillant-en-acier-inoxydable-wholesale-74\/","title":{"rendered":"Wholesale Cookware Sets - Batterie de cuisine 3 pi\u00e8ces en acier inoxydable"},"content":{"rendered":"<h3 class=\"wp-block-heading\">Param\u00e8tres des batteries de cuisine <\/h3>\n\n\n\n<figure class=\"wp-block-image size-full\"><img fetchpriority=\"high\" decoding=\"async\" width=\"1920\" height=\"800\" src=\"https:\/\/www.hg-cooker.com\/wp-content\/uploads\/2025\/08\/wholesale-cookware-sets-2.webp\" alt=\"batteries de cuisine en gros (2)\" class=\"wp-image-5708\" srcset=\"https:\/\/www.hg-cooker.com\/wp-content\/uploads\/2025\/08\/wholesale-cookware-sets-2.webp 1920w, https:\/\/www.hg-cooker.com\/wp-content\/uploads\/2025\/08\/wholesale-cookware-sets-2-150x63.webp 150w, https:\/\/www.hg-cooker.com\/wp-content\/uploads\/2025\/08\/wholesale-cookware-sets-2-660x275.webp 660w, https:\/\/www.hg-cooker.com\/wp-content\/uploads\/2025\/08\/wholesale-cookware-sets-2-300x125.webp 300w, https:\/\/www.hg-cooker.com\/wp-content\/uploads\/2025\/08\/wholesale-cookware-sets-2-768x320.webp 768w, https:\/\/www.hg-cooker.com\/wp-content\/uploads\/2025\/08\/wholesale-cookware-sets-2-18x8.webp 18w, https:\/\/www.hg-cooker.com\/wp-content\/uploads\/2025\/08\/wholesale-cookware-sets-2-285x119.webp 285w, https:\/\/www.hg-cooker.com\/wp-content\/uploads\/2025\/08\/wholesale-cookware-sets-2-1600x667.webp 1600w\" sizes=\"(max-width: 1920px) 100vw, 1920px\" \/><\/figure>\n\n\n\n<h2 class=\"wp-block-heading\">Option d'ustensiles de cuisine personnalis\u00e9s<\/h2>\n\n\n\n<p><strong>Logo : <\/strong>Personnalisable avec le logo de votre marque<br><strong>Emballage : <\/strong>Bo\u00eete de couleur\/Carton, etc.<br><strong>Mat\u00e9riau :<\/strong> Personnalisable<\/p>\n\n\n\n<div class=\"wp-block-columns is-layout-flex wp-container-core-columns-is-layout-9d6595d7 wp-block-columns-is-layout-flex\">\n<div class=\"wp-block-column is-layout-flow wp-block-column-is-layout-flow\"><\/div>\n\n\n\n<div class=\"wp-block-column is-layout-flow wp-block-column-is-layout-flow\"><\/div>\n\n\n\n<div class=\"wp-block-column is-layout-flow wp-block-column-is-layout-flow\"><\/div>\n<\/div>\n\n\n\n<div class=\"wp-block-columns is-layout-flex wp-container-core-columns-is-layout-9d6595d7 wp-block-columns-is-layout-flex\">\n<div class=\"wp-block-column is-layout-flow wp-block-column-is-layout-flow\"><\/div>\n\n\n\n<div class=\"wp-block-column is-layout-flow wp-block-column-is-layout-flow\"><\/div>\n\n\n\n<div class=\"wp-block-column is-layout-flow wp-block-column-is-layout-flow\"><\/div>\n<\/div>\n\n\n\n<div class=\"wp-block-columns is-layout-flex wp-container-core-columns-is-layout-9d6595d7 wp-block-columns-is-layout-flex\">\n<div class=\"wp-block-column is-layout-flow wp-block-column-is-layout-flow\"><\/div>\n\n\n\n<div class=\"wp-block-column is-layout-flow wp-block-column-is-layout-flow\"><\/div>\n\n\n\n<div class=\"wp-block-column is-layout-flow wp-block-column-is-layout-flow\"><\/div>\n<\/div>\n\n\n\n<div class=\"wp-block-columns is-layout-flex wp-container-core-columns-is-layout-9d6595d7 wp-block-columns-is-layout-flex\">\n<div class=\"wp-block-column is-layout-flow wp-block-column-is-layout-flow\"><\/div>\n\n\n\n<div class=\"wp-block-column is-layout-flow wp-block-column-is-layout-flow\"><\/div>\n\n\n\n<div class=\"wp-block-column is-layout-flow wp-block-column-is-layout-flow\"><\/div>\n<\/div>\n\n\n\n<div class=\"wp-block-columns is-layout-flex wp-container-core-columns-is-layout-9d6595d7 wp-block-columns-is-layout-flex\">\n<div class=\"wp-block-column is-layout-flow wp-block-column-is-layout-flow\"><\/div>\n\n\n\n<div class=\"wp-block-column is-layout-flow wp-block-column-is-layout-flow\"><\/div>\n\n\n\n<div class=\"wp-block-column is-layout-flow wp-block-column-is-layout-flow\"><\/div>\n<\/div>\n\n\n\n<div class=\"wp-block-columns is-layout-flex wp-container-core-columns-is-layout-9d6595d7 wp-block-columns-is-layout-flex\">\n<div class=\"wp-block-column is-layout-flow wp-block-column-is-layout-flow\"><\/div>\n\n\n\n<div class=\"wp-block-column is-layout-flow wp-block-column-is-layout-flow\"><\/div>\n\n\n\n<div class=\"wp-block-column is-layout-flow wp-block-column-is-layout-flow\"><\/div>\n<\/div>","protected":false},"excerpt":{"rendered":"<p>Vente en gros d'ustensiles de cuisine. Cette batterie de cuisine 3 pi\u00e8ces comprend une marmite \u00e0 lait, une marmite \u00e0 soupe et une po\u00eale \u00e0 frire, ce qui permet de r\u00e9pondre \u00e0 une grande vari\u00e9t\u00e9 de besoins en mati\u00e8re de cuisine. Fabriqu\u00e9e en triple acier inoxydable, elle offre une excellente r\u00e9partition de la chaleur et un entretien facile. Disponible en plusieurs tailles, elle convient aussi bien \u00e0 la cuisine domestique qu'\u00e0 une utilisation commerciale.<\/p>\n<p>En tant que fabricant professionnel d'ustensiles de cuisine, Hengguang propose un service de vente en gros d'ustensiles de cuisine et un service de personnalisation. N'h\u00e9sitez pas \u00e0 nous contacter d\u00e8s aujourd'hui !<\/p>\n<h2>Caract\u00e9ristiques de la batterie de cuisine 3 pi\u00e8ces<\/h2>\n<ul>\n<li><strong>Acier inoxydable 304 de qualit\u00e9 alimentaire :<\/strong> La batterie de cuisine 3 pi\u00e8ces est fabriqu\u00e9e en acier inoxydable 304 de haute qualit\u00e9, conforme aux normes internationales de s\u00e9curit\u00e9 alimentaire. Elle pr\u00e9sente une excellente r\u00e9sistance \u00e0 la corrosion et ne contient pas de substances toxiques telles que les PFAS.<\/li>\n<li><strong>Cuisine polyvalente :<\/strong> La batterie de cuisine 3 pi\u00e8ces comprend un pot \u00e0 lait, une marmite \u00e0 soupe et une po\u00eale \u00e0 frire pour de multiples applications culinaires, comme faire bouillir du lait, mijoter de la soupe et frire des l\u00e9gumes.<\/li>\n<li><strong>Durable et facile \u00e0 nettoyer :<\/strong> La batterie de cuisine 3 pi\u00e8ces n'est pas recouverte d'un rev\u00eatement antiadh\u00e9sif et est fabriqu\u00e9e \u00e0 partir d'une structure en acier composite qui lui conf\u00e8re une grande duret\u00e9, une grande durabilit\u00e9 et une grande facilit\u00e9 de nettoyage.<\/li>\n<li><strong>Disponible en diff\u00e9rentes tailles :<\/strong> Tous les produits de l'ensemble sont disponibles en diff\u00e9rentes tailles afin que vous puissiez choisir celui qui convient le mieux \u00e0 vos besoins en mati\u00e8re de cuisine. Qu'il s'agisse de petites ou de grandes portions ou de cuisiner pour toute la famille, cet ensemble offre une grande flexibilit\u00e9 pour tous les types de cuisine.<\/li>\n<li><strong>Service de vente en gros d'ustensiles de cuisine :<\/strong> Nous sommes un fabricant professionnel d'ustensiles de cuisine et nous sommes experts dans la fourniture d'ustensiles de cuisine de qualit\u00e9 r\u00e9pondant aux normes de qualit\u00e9 internationales. Nous proposons des services OEM et ODM \u00e0 des prix comp\u00e9titifs.<\/li>\n<\/ul>","protected":false},"featured_media":5707,"comment_status":"closed","ping_status":"closed","template":"","meta":[],"product_brand":[],"product_cat":[52],"product_tag":[],"class_list":{"0":"post-5700","1":"product","2":"type-product","3":"status-publish","4":"has-post-thumbnail","6":"product_cat-stainless-steel-cookware","8":"first","9":"instock","10":"shipping-taxable","11":"product-type-simple"},"_links":{"self":[{"href":"https:\/\/www.hg-cooker.com\/fr\/wp-json\/wp\/v2\/product\/5700","targetHints":{"allow":["GET"]}}],"collection":[{"href":"https:\/\/www.hg-cooker.com\/fr\/wp-json\/wp\/v2\/product"}],"about":[{"href":"https:\/\/www.hg-cooker.com\/fr\/wp-json\/wp\/v2\/types\/product"}],"replies":[{"embeddable":true,"href":"https:\/\/www.hg-cooker.com\/fr\/wp-json\/wp\/v2\/comments?post=5700"}],"wp:featuredmedia":[{"embeddable":true,"href":"https:\/\/www.hg-cooker.com\/fr\/wp-json\/wp\/v2\/media\/5707"}],"wp:attachment":[{"href":"https:\/\/www.hg-cooker.com\/fr\/wp-json\/wp\/v2\/media?parent=5700"}],"wp:term":[{"taxonomy":"product_brand","embeddable":true,"href":"https:\/\/www.hg-cooker.com\/fr\/wp-json\/wp\/v2\/product_brand?post=5700"},{"taxonomy":"product_cat","embeddable":true,"href":"https:\/\/www.hg-cooker.com\/fr\/wp-json\/wp\/v2\/product_cat?post=5700"},{"taxonomy":"product_tag","embeddable":true,"href":"https:\/\/www.hg-cooker.com\/fr\/wp-json\/wp\/v2\/product_tag?post=5700"}],"curies":[{"name":"wp","href":"https:\/\/api.w.org\/{rel}","templated":true}]}}