{"id":5458,"date":"2025-05-22T09:01:27","date_gmt":"2025-05-22T09:01:27","guid":{"rendered":"https:\/\/www.hg-cooker.com\/?post_type=product&#038;p=5458"},"modified":"2025-06-01T15:33:09","modified_gmt":"2025-06-01T15:33:09","slug":"pot-a-lait-bouillant-en-acier-inoxydable-wholesale-73","status":"publish","type":"product","link":"https:\/\/www.hg-cooker.com\/fr\/produit\/pot-a-lait-bouillant-en-acier-inoxydable-wholesale-73\/","title":{"rendered":"Wholesale Wok chinois anti-adh\u00e9rent en acier inoxydable tri-plis - Taille : 34cm"},"content":{"rendered":"<h3 class=\"wp-block-heading\">Param\u00e8tres du wok chinois antiadh\u00e9sif<\/h3>\n\n\n\n<figure class=\"wp-block-table\"><table class=\"has-fixed-layout\"><tbody><tr><td>Objet<\/td><td>Sp\u00e9cifications<\/td><td>Mat\u00e9riau<\/td><td>Quantit\u00e9 d'emballage<\/td><td>Taille de l'emballage (cm)<\/td><\/tr><tr><td>HG-SBBZCG34<\/td><td>34cm<\/td><td>304<\/td><td>6<\/td><td>54\u00d768\u00d748<\/td><\/tr><\/tbody><\/table><\/figure>\n\n\n\n<h3 class=\"wp-block-heading\">Param\u00e8tres connexes de la s\u00e9rie d'ustensiles de cuisine<\/h3>\n\n\n\n<figure class=\"wp-block-image size-full\"><img fetchpriority=\"high\" decoding=\"async\" width=\"3354\" height=\"1701\" src=\"https:\/\/www.hg-cooker.com\/wp-content\/uploads\/2025\/05\/Skillets-and-wok-series-parameters.webp\" alt=\"Param\u00e8tres des s\u00e9ries de po\u00eales et de woks\" class=\"wp-image-5440\" srcset=\"https:\/\/www.hg-cooker.com\/wp-content\/uploads\/2025\/05\/Skillets-and-wok-series-parameters.webp 3354w, https:\/\/www.hg-cooker.com\/wp-content\/uploads\/2025\/05\/Skillets-and-wok-series-parameters-150x76.webp 150w, https:\/\/www.hg-cooker.com\/wp-content\/uploads\/2025\/05\/Skillets-and-wok-series-parameters-660x335.webp 660w, https:\/\/www.hg-cooker.com\/wp-content\/uploads\/2025\/05\/Skillets-and-wok-series-parameters-300x152.webp 300w, https:\/\/www.hg-cooker.com\/wp-content\/uploads\/2025\/05\/Skillets-and-wok-series-parameters-768x389.webp 768w, https:\/\/www.hg-cooker.com\/wp-content\/uploads\/2025\/05\/Skillets-and-wok-series-parameters-18x9.webp 18w, https:\/\/www.hg-cooker.com\/wp-content\/uploads\/2025\/05\/Skillets-and-wok-series-parameters-285x145.webp 285w, https:\/\/www.hg-cooker.com\/wp-content\/uploads\/2025\/05\/Skillets-and-wok-series-parameters-1600x811.webp 1600w\" sizes=\"(max-width: 3354px) 100vw, 3354px\" \/><figcaption class=\"wp-element-caption\">Param\u00e8tres des s\u00e9ries de po\u00eales et de woks<\/figcaption><\/figure>\n\n\n\n<p><\/p>","protected":false},"excerpt":{"rendered":"<p>Le wok chinois antiadh\u00e9sif en gros, fabriqu\u00e9 avec des mat\u00e9riaux de haute qualit\u00e9 et un rev\u00eatement antiadh\u00e9sif durable, est id\u00e9al pour tous les types de cuisson, tels que les saut\u00e9s, les fritures et les po\u00eal\u00e9es. Ne contient pas de PFOA, certifi\u00e9 de qualit\u00e9 alimentaire. Hengguang prend en charge les demandes OEM et ODM, n'h\u00e9sitez pas \u00e0 nous contacter.<\/p>\n<h2>Caract\u00e9ristiques du wok chinois antiadh\u00e9sif<\/h2>\n<p><strong>Convient aux cuisines commerciales :<\/strong> Le wok antiadh\u00e9sif peut r\u00e9sister \u00e0 la cuisson continue \u00e0 haute temp\u00e9rature sans se d\u00e9former. Il est dot\u00e9 d'un rev\u00eatement antiadh\u00e9sif, ce qui le rend plus facile \u00e0 nettoyer.<\/p>\n<p><strong>Sain et s\u00fbr :<\/strong> Certifi\u00e9 conforme aux normes alimentaires de la FDA et de la GB, ce wok ne contient pas de substances nocives telles que le PFOA et le PTFE, ce qui garantit une exp\u00e9rience de cuisson plus s\u00fbre pour les utilisateurs.<\/p>\n<p><strong>Structure durable \u00e0 trois couches :<\/strong> Ce wok est compos\u00e9 de trois couches d'acier inoxydable, ce qui lui conf\u00e8re une excellente conductivit\u00e9 thermique et une r\u00e9partition uniforme de l'\u00e9nergie calorifique. Il permet de minimiser les points chauds et de pr\u00e9server la saveur et la valeur nutritive des aliments.<\/p>\n<p><strong>Conception humanis\u00e9e :<\/strong> Le wok est dot\u00e9 d'une poign\u00e9e ergonomique r\u00e9sistante \u00e0 la chaleur et d'un couvercle en verre tremp\u00e9 en option pour faciliter la surveillance pendant la cuisson.<\/p>","protected":false},"featured_media":5463,"comment_status":"closed","ping_status":"closed","template":"","meta":[],"product_brand":[],"product_cat":[52],"product_tag":[],"class_list":{"0":"post-5458","1":"product","2":"type-product","3":"status-publish","4":"has-post-thumbnail","6":"product_cat-stainless-steel-cookware","8":"first","9":"instock","10":"shipping-taxable","11":"product-type-simple"},"_links":{"self":[{"href":"https:\/\/www.hg-cooker.com\/fr\/wp-json\/wp\/v2\/product\/5458","targetHints":{"allow":["GET"]}}],"collection":[{"href":"https:\/\/www.hg-cooker.com\/fr\/wp-json\/wp\/v2\/product"}],"about":[{"href":"https:\/\/www.hg-cooker.com\/fr\/wp-json\/wp\/v2\/types\/product"}],"replies":[{"embeddable":true,"href":"https:\/\/www.hg-cooker.com\/fr\/wp-json\/wp\/v2\/comments?post=5458"}],"wp:featuredmedia":[{"embeddable":true,"href":"https:\/\/www.hg-cooker.com\/fr\/wp-json\/wp\/v2\/media\/5463"}],"wp:attachment":[{"href":"https:\/\/www.hg-cooker.com\/fr\/wp-json\/wp\/v2\/media?parent=5458"}],"wp:term":[{"taxonomy":"product_brand","embeddable":true,"href":"https:\/\/www.hg-cooker.com\/fr\/wp-json\/wp\/v2\/product_brand?post=5458"},{"taxonomy":"product_cat","embeddable":true,"href":"https:\/\/www.hg-cooker.com\/fr\/wp-json\/wp\/v2\/product_cat?post=5458"},{"taxonomy":"product_tag","embeddable":true,"href":"https:\/\/www.hg-cooker.com\/fr\/wp-json\/wp\/v2\/product_tag?post=5458"}],"curies":[{"name":"wp","href":"https:\/\/api.w.org\/{rel}","templated":true}]}}