{"id":5453,"date":"2025-05-22T08:11:58","date_gmt":"2025-05-22T08:11:58","guid":{"rendered":"https:\/\/www.hg-cooker.com\/?post_type=product&#038;p=5453"},"modified":"2025-06-01T15:40:25","modified_gmt":"2025-06-01T15:40:25","slug":"pot-a-lait-bouillant-en-acier-inoxydable-wholesale-72","status":"publish","type":"product","link":"https:\/\/www.hg-cooker.com\/fr\/produit\/pot-a-lait-bouillant-en-acier-inoxydable-wholesale-72\/","title":{"rendered":"Wholesale Wok en acier inoxydable triple \u00e9paisseur avec couvercle en verre antid\u00e9flagrant"},"content":{"rendered":"<h3 class=\"wp-block-heading\">Param\u00e8tres du Wok en acier inoxydable avec couvercle<\/h3>\n\n\n\n<figure class=\"wp-block-table\"><table class=\"has-fixed-layout\"><tbody><tr><td>Objet<\/td><td>Sp\u00e9cifications<\/td><td>Mat\u00e9riau<\/td><td>Quantit\u00e9 d'emballage<\/td><td>Taille de l'emballage (cm)<\/td><\/tr><tr><td>HG-CWCG30<\/td><td>30cm<\/td><td>304<\/td><td>6<\/td><td>-<\/td><\/tr><tr><td>HG-CWCG32<\/td><td>32cm<\/td><td>304<\/td><td>6<\/td><td>-<\/td><\/tr><tr><td>HG-CWCG34<\/td><td>34cm<\/td><td>304<\/td><td>6<\/td><td>54\u00d734\u00d716<\/td><\/tr><\/tbody><\/table><\/figure>\n\n\n\n<h3 class=\"wp-block-heading\">Param\u00e8tres connexes de la s\u00e9rie d'ustensiles de cuisine<\/h3>\n\n\n\n<figure class=\"wp-block-image size-full\"><img fetchpriority=\"high\" decoding=\"async\" width=\"3354\" height=\"1701\" src=\"https:\/\/www.hg-cooker.com\/wp-content\/uploads\/2025\/05\/Skillets-and-wok-series-parameters.webp\" alt=\"Param\u00e8tres des s\u00e9ries de po\u00eales et de woks\" class=\"wp-image-5440\" srcset=\"https:\/\/www.hg-cooker.com\/wp-content\/uploads\/2025\/05\/Skillets-and-wok-series-parameters.webp 3354w, https:\/\/www.hg-cooker.com\/wp-content\/uploads\/2025\/05\/Skillets-and-wok-series-parameters-150x76.webp 150w, https:\/\/www.hg-cooker.com\/wp-content\/uploads\/2025\/05\/Skillets-and-wok-series-parameters-660x335.webp 660w, https:\/\/www.hg-cooker.com\/wp-content\/uploads\/2025\/05\/Skillets-and-wok-series-parameters-300x152.webp 300w, https:\/\/www.hg-cooker.com\/wp-content\/uploads\/2025\/05\/Skillets-and-wok-series-parameters-768x389.webp 768w, https:\/\/www.hg-cooker.com\/wp-content\/uploads\/2025\/05\/Skillets-and-wok-series-parameters-18x9.webp 18w, https:\/\/www.hg-cooker.com\/wp-content\/uploads\/2025\/05\/Skillets-and-wok-series-parameters-285x145.webp 285w, https:\/\/www.hg-cooker.com\/wp-content\/uploads\/2025\/05\/Skillets-and-wok-series-parameters-1600x811.webp 1600w\" sizes=\"(max-width: 3354px) 100vw, 3354px\" \/><figcaption class=\"wp-element-caption\">Param\u00e8tres des s\u00e9ries de po\u00eales et de woks<\/figcaption><\/figure>","protected":false},"excerpt":{"rendered":"<p>Po\u00eale \u00e0 frire en acier inoxydable de haute qualit\u00e9 avec couvercle, adapt\u00e9e aux cuisines domestiques et commerciales. Convient pour les saut\u00e9s, la friture, la cuisson \u00e0 la vapeur et d'autres m\u00e9thodes de cuisson. Compatible avec les cuisini\u00e8res \u00e0 gaz, les cuisini\u00e8res \u00e9lectriques et les cuisini\u00e8res \u00e0 induction. Il existe 3 tailles au choix : 30cm, 32cm et 34cm. Contactez-nous pour un devis.<\/p>\n<h2>Caract\u00e9ristiques du Wok en acier inoxydable avec couvercle<\/h2>\n<p><strong>Multi-fonctions :<\/strong> Le wok en acier inoxydable convient aux saut\u00e9s chinois, aux fritures, aux rago\u00fbts et \u00e0 d'autres m\u00e9thodes de cuisson.<\/p>\n<p><strong>Couvercle en verre tremp\u00e9 tr\u00e8s r\u00e9sistant :<\/strong> \u00c9quip\u00e9 d'un couvercle en verre antid\u00e9flagrant de haute qualit\u00e9, il peut r\u00e9sister aux temp\u00e9ratures \u00e9lev\u00e9es et aux explosions, ainsi qu'au froid et \u00e0 la chaleur soudains, ce qui rend son utilisation plus s\u00fbre.<\/p>\n<p><strong>Conception professionnelle de qualit\u00e9 commerciale :<\/strong> Le corps de la marmite est profond, la capacit\u00e9 est grande, la cuisson \u00e0 la po\u00eale est plus confortable, elle convient \u00e0 la maison et au restaurant.<\/p>\n<p><strong>Prix de gros en usine :<\/strong> Fabriqu\u00e9s par l'usine d'ustensiles de cuisine de Hengguang, ils sont fournis directement par l'usine et offrent des prix comp\u00e9titifs.<\/p>\n<p><strong>Services OEM et ODM :<\/strong> Hengguang propose des solutions personnalis\u00e9es d'un seul tenant pour les ustensiles de cuisine, couvrant la conception du produit, la s\u00e9lection des mat\u00e9riaux, l'impression du logo et la personnalisation de l'emballage.<\/p>","protected":false},"featured_media":5457,"comment_status":"closed","ping_status":"closed","template":"","meta":[],"product_brand":[],"product_cat":[52],"product_tag":[],"class_list":{"0":"post-5453","1":"product","2":"type-product","3":"status-publish","4":"has-post-thumbnail","6":"product_cat-stainless-steel-cookware","8":"first","9":"instock","10":"shipping-taxable","11":"product-type-simple"},"_links":{"self":[{"href":"https:\/\/www.hg-cooker.com\/fr\/wp-json\/wp\/v2\/product\/5453","targetHints":{"allow":["GET"]}}],"collection":[{"href":"https:\/\/www.hg-cooker.com\/fr\/wp-json\/wp\/v2\/product"}],"about":[{"href":"https:\/\/www.hg-cooker.com\/fr\/wp-json\/wp\/v2\/types\/product"}],"replies":[{"embeddable":true,"href":"https:\/\/www.hg-cooker.com\/fr\/wp-json\/wp\/v2\/comments?post=5453"}],"wp:featuredmedia":[{"embeddable":true,"href":"https:\/\/www.hg-cooker.com\/fr\/wp-json\/wp\/v2\/media\/5457"}],"wp:attachment":[{"href":"https:\/\/www.hg-cooker.com\/fr\/wp-json\/wp\/v2\/media?parent=5453"}],"wp:term":[{"taxonomy":"product_brand","embeddable":true,"href":"https:\/\/www.hg-cooker.com\/fr\/wp-json\/wp\/v2\/product_brand?post=5453"},{"taxonomy":"product_cat","embeddable":true,"href":"https:\/\/www.hg-cooker.com\/fr\/wp-json\/wp\/v2\/product_cat?post=5453"},{"taxonomy":"product_tag","embeddable":true,"href":"https:\/\/www.hg-cooker.com\/fr\/wp-json\/wp\/v2\/product_tag?post=5453"}],"curies":[{"name":"wp","href":"https:\/\/api.w.org\/{rel}","templated":true}]}}