{"id":5447,"date":"2025-05-22T07:31:40","date_gmt":"2025-05-22T07:31:40","guid":{"rendered":"https:\/\/www.hg-cooker.com\/?post_type=product&#038;p=5447"},"modified":"2025-06-01T15:15:06","modified_gmt":"2025-06-01T15:15:06","slug":"pot-a-lait-bouillant-en-acier-inoxydable-wholesale-71","status":"publish","type":"product","link":"https:\/\/www.hg-cooker.com\/fr\/produit\/pot-a-lait-bouillant-en-acier-inoxydable-wholesale-71\/","title":{"rendered":"Wholesale Tri Ply Stainless Steel Frying Pan, Induction Compatible, Available in Multiple Sizes"},"content":{"rendered":"<h3 class=\"wp-block-heading\">Param\u00e8tres de la po\u00eale \u00e0 frire en acier inoxydable Tri Ply<\/h3>\n\n\n\n<figure class=\"wp-block-table\"><table class=\"has-fixed-layout\"><tbody><tr><td>Objet<\/td><td>Sp\u00e9cifications<\/td><td>Mat\u00e9riau<\/td><td>Quantit\u00e9 d'emballage<\/td><td>Taille de l'emballage (cm)<\/td><\/tr><tr><td>HG-BZJG22<\/td><td>22cm<\/td><td>Acier inoxydable 304<\/td><td>8<\/td><td>41.5\u00d747\u00d740<\/td><\/tr><tr><td>HG-BZJG24<\/td><td>24cm<\/td><td>Acier inoxydable 304<\/td><td>8<\/td><td>45.5\u00d751\u00d740<\/td><\/tr><tr><td>HG-BZJG26<\/td><td>26cm<\/td><td>Acier inoxydable 304<\/td><td>8<\/td><td>47.5\u00d759\u00d740<\/td><\/tr><tr><td>HG-BZJG28<\/td><td>28cm<\/td><td>Acier inoxydable 304<\/td><td>8<\/td><td>49.5\u00d763\u00d740<\/td><\/tr><tr><td>HG-BZJG30<\/td><td>30cm<\/td><td>Acier inoxydable 304<\/td><td>8<\/td><td>51.5\u00d767\u00d740<\/td><\/tr><\/tbody><\/table><\/figure>\n\n\n\n<h3 class=\"wp-block-heading\">Param\u00e8tres connexes de la s\u00e9rie d'ustensiles de cuisine<\/h3>\n\n\n\n<figure class=\"wp-block-image size-full\"><img fetchpriority=\"high\" decoding=\"async\" width=\"3354\" height=\"1701\" src=\"https:\/\/www.hg-cooker.com\/wp-content\/uploads\/2025\/05\/Skillets-and-wok-series-parameters.webp\" alt=\"Param\u00e8tres des s\u00e9ries de po\u00eales et de woks\" class=\"wp-image-5440\" srcset=\"https:\/\/www.hg-cooker.com\/wp-content\/uploads\/2025\/05\/Skillets-and-wok-series-parameters.webp 3354w, https:\/\/www.hg-cooker.com\/wp-content\/uploads\/2025\/05\/Skillets-and-wok-series-parameters-150x76.webp 150w, https:\/\/www.hg-cooker.com\/wp-content\/uploads\/2025\/05\/Skillets-and-wok-series-parameters-660x335.webp 660w, https:\/\/www.hg-cooker.com\/wp-content\/uploads\/2025\/05\/Skillets-and-wok-series-parameters-300x152.webp 300w, https:\/\/www.hg-cooker.com\/wp-content\/uploads\/2025\/05\/Skillets-and-wok-series-parameters-768x389.webp 768w, https:\/\/www.hg-cooker.com\/wp-content\/uploads\/2025\/05\/Skillets-and-wok-series-parameters-18x9.webp 18w, https:\/\/www.hg-cooker.com\/wp-content\/uploads\/2025\/05\/Skillets-and-wok-series-parameters-285x145.webp 285w, https:\/\/www.hg-cooker.com\/wp-content\/uploads\/2025\/05\/Skillets-and-wok-series-parameters-1600x811.webp 1600w\" sizes=\"(max-width: 3354px) 100vw, 3354px\" \/><\/figure>\n\n\n\n<div class=\"wp-block-columns is-layout-flex wp-container-core-columns-is-layout-9d6595d7 wp-block-columns-is-layout-flex\">\n<div class=\"wp-block-column is-layout-flow wp-block-column-is-layout-flow\"><\/div>\n\n\n\n<div class=\"wp-block-column is-layout-flow wp-block-column-is-layout-flow\"><\/div>\n\n\n\n<div class=\"wp-block-column is-layout-flow wp-block-column-is-layout-flow\"><\/div>\n<\/div>\n\n\n\n<div class=\"wp-block-columns is-layout-flex wp-container-core-columns-is-layout-9d6595d7 wp-block-columns-is-layout-flex\">\n<div class=\"wp-block-column is-layout-flow wp-block-column-is-layout-flow\"><\/div>\n\n\n\n<div class=\"wp-block-column is-layout-flow wp-block-column-is-layout-flow\"><\/div>\n\n\n\n<div class=\"wp-block-column is-layout-flow wp-block-column-is-layout-flow\"><\/div>\n<\/div>\n\n\n\n<div class=\"wp-block-columns is-layout-flex wp-container-core-columns-is-layout-9d6595d7 wp-block-columns-is-layout-flex\">\n<div class=\"wp-block-column is-layout-flow wp-block-column-is-layout-flow\"><\/div>\n\n\n\n<div class=\"wp-block-column is-layout-flow wp-block-column-is-layout-flow\"><\/div>\n\n\n\n<div class=\"wp-block-column is-layout-flow wp-block-column-is-layout-flow\"><\/div>\n<\/div>\n\n\n\n<div class=\"wp-block-columns is-layout-flex wp-container-core-columns-is-layout-9d6595d7 wp-block-columns-is-layout-flex\">\n<div class=\"wp-block-column is-layout-flow wp-block-column-is-layout-flow\"><\/div>\n\n\n\n<div class=\"wp-block-column is-layout-flow wp-block-column-is-layout-flow\"><\/div>\n\n\n\n<div class=\"wp-block-column is-layout-flow wp-block-column-is-layout-flow\"><\/div>\n<\/div>\n\n\n\n<div class=\"wp-block-columns is-layout-flex wp-container-core-columns-is-layout-9d6595d7 wp-block-columns-is-layout-flex\">\n<div class=\"wp-block-column is-layout-flow wp-block-column-is-layout-flow\"><\/div>\n\n\n\n<div class=\"wp-block-column is-layout-flow wp-block-column-is-layout-flow\"><\/div>\n\n\n\n<div class=\"wp-block-column is-layout-flow wp-block-column-is-layout-flow\"><\/div>\n<\/div>\n\n\n\n<div class=\"wp-block-columns is-layout-flex wp-container-core-columns-is-layout-9d6595d7 wp-block-columns-is-layout-flex\">\n<div class=\"wp-block-column is-layout-flow wp-block-column-is-layout-flow\"><\/div>\n\n\n\n<div class=\"wp-block-column is-layout-flow wp-block-column-is-layout-flow\"><\/div>\n\n\n\n<div class=\"wp-block-column is-layout-flow wp-block-column-is-layout-flow\"><\/div>\n<\/div>","protected":false},"excerpt":{"rendered":"<p>La po\u00eale \u00e0 frire en gros en acier inoxydable, fabriqu\u00e9e en acier inoxydable triple de haute qualit\u00e9, conduit uniform\u00e9ment et rapidement la chaleur, a des performances professionnelles de niveau cuisine, et a une base lourde pour \u00e9viter la d\u00e9formation. Les restaurants, les h\u00f4tels et les acheteurs B2B sont invit\u00e9s \u00e0 acheter en gros.<\/p>\n<h2>Caract\u00e9ristiques de la po\u00eale \u00e0 frire en acier inoxydable Tri-Ply<\/h2>\n<p><strong>Chauffage rapide et homog\u00e8ne :<\/strong> La po\u00eale \u00e0 frire adopte une structure composite \u00e0 trois couches, combinant les avantages de diff\u00e9rents m\u00e9taux : le noyau en aluminium conduit rapidement la chaleur, et la couche ext\u00e9rieure en acier inoxydable dissipe la chaleur de mani\u00e8re uniforme, ce qui permet d'obtenir de bons r\u00e9sultats de cuisson.<\/p>\n<p><strong>Durabilit\u00e9 et longue dur\u00e9e de vie :<\/strong> La conception sans rev\u00eatement \u00e9vite les rayures ou l'\u00e9caillage, et le mat\u00e9riau en acier inoxydable peut r\u00e9sister aux fours et aux flammes nues, et offre des performances stables pour une utilisation \u00e0 long terme.<\/p>\n<p><strong>Cuisson polyvalente :<\/strong> La po\u00eale \u00e0 frire en acier inoxydable triple est compatible avec une grande vari\u00e9t\u00e9 de cuisini\u00e8res, y compris les cuisini\u00e8res \u00e0 gaz, les cuisini\u00e8res \u00e0 induction, les cuisini\u00e8res \u00e9lectriques en c\u00e9ramique, les fours, etc.<\/p>\n<p><strong>Avantages de la vente en gros :<\/strong> Ventes directes \u00e0 l'usine, faibles co\u00fbts d'achat en vrac, adapt\u00e9es aux restaurants, aux h\u00f4tels, aux distributeurs d'articles de cuisine, r\u00e9duisant les co\u00fbts unitaires.<\/p>","protected":false},"featured_media":5452,"comment_status":"closed","ping_status":"closed","template":"","meta":[],"product_brand":[],"product_cat":[52],"product_tag":[],"class_list":{"0":"post-5447","1":"product","2":"type-product","3":"status-publish","4":"has-post-thumbnail","6":"product_cat-stainless-steel-cookware","8":"first","9":"instock","10":"shipping-taxable","11":"product-type-simple"},"_links":{"self":[{"href":"https:\/\/www.hg-cooker.com\/fr\/wp-json\/wp\/v2\/product\/5447","targetHints":{"allow":["GET"]}}],"collection":[{"href":"https:\/\/www.hg-cooker.com\/fr\/wp-json\/wp\/v2\/product"}],"about":[{"href":"https:\/\/www.hg-cooker.com\/fr\/wp-json\/wp\/v2\/types\/product"}],"replies":[{"embeddable":true,"href":"https:\/\/www.hg-cooker.com\/fr\/wp-json\/wp\/v2\/comments?post=5447"}],"wp:featuredmedia":[{"embeddable":true,"href":"https:\/\/www.hg-cooker.com\/fr\/wp-json\/wp\/v2\/media\/5452"}],"wp:attachment":[{"href":"https:\/\/www.hg-cooker.com\/fr\/wp-json\/wp\/v2\/media?parent=5447"}],"wp:term":[{"taxonomy":"product_brand","embeddable":true,"href":"https:\/\/www.hg-cooker.com\/fr\/wp-json\/wp\/v2\/product_brand?post=5447"},{"taxonomy":"product_cat","embeddable":true,"href":"https:\/\/www.hg-cooker.com\/fr\/wp-json\/wp\/v2\/product_cat?post=5447"},{"taxonomy":"product_tag","embeddable":true,"href":"https:\/\/www.hg-cooker.com\/fr\/wp-json\/wp\/v2\/product_tag?post=5447"}],"curies":[{"name":"wp","href":"https:\/\/api.w.org\/{rel}","templated":true}]}}