{"id":5438,"date":"2025-05-22T07:05:34","date_gmt":"2025-05-22T07:05:34","guid":{"rendered":"https:\/\/www.hg-cooker.com\/?post_type=product&#038;p=5438"},"modified":"2025-06-01T15:11:15","modified_gmt":"2025-06-01T15:11:15","slug":"pot-a-lait-bouillant-en-acier-inoxydable-wholesale-70","status":"publish","type":"product","link":"https:\/\/www.hg-cooker.com\/fr\/produit\/pot-a-lait-bouillant-en-acier-inoxydable-wholesale-70\/","title":{"rendered":"Po\u00eale \u00e0 frire antiadh\u00e9sive de haute qualit\u00e9, adapt\u00e9e aux cuisini\u00e8res \u00e0 induction, mat\u00e9riau tripl\u00e9"},"content":{"rendered":"<h3 class=\"wp-block-heading\">Param\u00e8tres de la po\u00eale \u00e0 frire antiadh\u00e9sive de haute qualit\u00e9<\/h3>\n\n\n\n<figure class=\"wp-block-table\"><table class=\"has-fixed-layout\"><tbody><tr><td>Objet<\/td><td>Taille<\/td><td>Mat\u00e9riau<\/td><td>Qt\u00e9\/Pack<\/td><td>Dimensions de l'emballage (cm)<\/td><\/tr><tr><td>HG-WGJG22<\/td><td>22cm<\/td><td>Acier inoxydable 304<\/td><td>8<\/td><td>41.5\u00d747\u00d739<\/td><\/tr><tr><td>HG-WGJG24<\/td><td>24cm<\/td><td>Acier inoxydable 304<\/td><td>8<\/td><td>45.5\u00d751\u00d739<\/td><\/tr><tr><td>HG-WGJG26<\/td><td>26cm<\/td><td>Acier inoxydable 304<\/td><td>8<\/td><td>47.5\u00d759\u00d739<\/td><\/tr><tr><td>HG-WGJG28<\/td><td>28cm<\/td><td>Acier inoxydable 304<\/td><td>8<\/td><td>49.5\u00d763\u00d739<\/td><\/tr><tr><td>HG-WGJG30<\/td><td>30cm<\/td><td>Acier inoxydable 304<\/td><td>8<\/td><td>51.5\u00d767\u00d739<\/td><\/tr><\/tbody><\/table><\/figure>\n\n\n\n<div class=\"wp-block-columns is-layout-flex wp-container-core-columns-is-layout-9d6595d7 wp-block-columns-is-layout-flex\">\n<div class=\"wp-block-column is-layout-flow wp-block-column-is-layout-flow\"><\/div>\n\n\n\n<div class=\"wp-block-column is-layout-flow wp-block-column-is-layout-flow\"><\/div>\n<\/div>\n\n\n\n<h3 class=\"wp-block-heading\">Param\u00e8tres connexes de la s\u00e9rie d'ustensiles de cuisine<\/h3>\n\n\n\n<figure class=\"wp-block-image size-full\"><img fetchpriority=\"high\" decoding=\"async\" width=\"3354\" height=\"1701\" src=\"https:\/\/www.hg-cooker.com\/wp-content\/uploads\/2025\/05\/Skillets-and-wok-series-parameters.webp\" alt=\"Param\u00e8tres des s\u00e9ries de po\u00eales et de woks\" class=\"wp-image-5440\" srcset=\"https:\/\/www.hg-cooker.com\/wp-content\/uploads\/2025\/05\/Skillets-and-wok-series-parameters.webp 3354w, https:\/\/www.hg-cooker.com\/wp-content\/uploads\/2025\/05\/Skillets-and-wok-series-parameters-150x76.webp 150w, https:\/\/www.hg-cooker.com\/wp-content\/uploads\/2025\/05\/Skillets-and-wok-series-parameters-660x335.webp 660w, https:\/\/www.hg-cooker.com\/wp-content\/uploads\/2025\/05\/Skillets-and-wok-series-parameters-300x152.webp 300w, https:\/\/www.hg-cooker.com\/wp-content\/uploads\/2025\/05\/Skillets-and-wok-series-parameters-768x389.webp 768w, https:\/\/www.hg-cooker.com\/wp-content\/uploads\/2025\/05\/Skillets-and-wok-series-parameters-18x9.webp 18w, https:\/\/www.hg-cooker.com\/wp-content\/uploads\/2025\/05\/Skillets-and-wok-series-parameters-285x145.webp 285w, https:\/\/www.hg-cooker.com\/wp-content\/uploads\/2025\/05\/Skillets-and-wok-series-parameters-1600x811.webp 1600w\" sizes=\"(max-width: 3354px) 100vw, 3354px\" \/><\/figure>\n\n\n\n<div class=\"wp-block-columns is-layout-flex wp-container-core-columns-is-layout-9d6595d7 wp-block-columns-is-layout-flex\">\n<div class=\"wp-block-column is-layout-flow wp-block-column-is-layout-flow\"><\/div>\n\n\n\n<div class=\"wp-block-column is-layout-flow wp-block-column-is-layout-flow\"><\/div>\n\n\n\n<div class=\"wp-block-column is-layout-flow wp-block-column-is-layout-flow\"><\/div>\n<\/div>\n\n\n\n<div class=\"wp-block-columns is-layout-flex wp-container-core-columns-is-layout-9d6595d7 wp-block-columns-is-layout-flex\">\n<div class=\"wp-block-column is-layout-flow wp-block-column-is-layout-flow\"><\/div>\n\n\n\n<div class=\"wp-block-column is-layout-flow wp-block-column-is-layout-flow\"><\/div>\n\n\n\n<div class=\"wp-block-column is-layout-flow wp-block-column-is-layout-flow\"><\/div>\n<\/div>\n\n\n\n<div class=\"wp-block-columns is-layout-flex wp-container-core-columns-is-layout-9d6595d7 wp-block-columns-is-layout-flex\">\n<div class=\"wp-block-column is-layout-flow wp-block-column-is-layout-flow\"><\/div>\n\n\n\n<div class=\"wp-block-column is-layout-flow wp-block-column-is-layout-flow\"><\/div>\n\n\n\n<div class=\"wp-block-column is-layout-flow wp-block-column-is-layout-flow\"><\/div>\n<\/div>\n\n\n\n<div class=\"wp-block-columns is-layout-flex wp-container-core-columns-is-layout-9d6595d7 wp-block-columns-is-layout-flex\">\n<div class=\"wp-block-column is-layout-flow wp-block-column-is-layout-flow\"><\/div>\n\n\n\n<div class=\"wp-block-column is-layout-flow wp-block-column-is-layout-flow\"><\/div>\n\n\n\n<div class=\"wp-block-column is-layout-flow wp-block-column-is-layout-flow\"><\/div>\n<\/div>\n\n\n\n<div class=\"wp-block-columns is-layout-flex wp-container-core-columns-is-layout-9d6595d7 wp-block-columns-is-layout-flex\">\n<div class=\"wp-block-column is-layout-flow wp-block-column-is-layout-flow\"><\/div>\n\n\n\n<div class=\"wp-block-column is-layout-flow wp-block-column-is-layout-flow\"><\/div>\n\n\n\n<div class=\"wp-block-column is-layout-flow wp-block-column-is-layout-flow\"><\/div>\n<\/div>\n\n\n\n<div class=\"wp-block-columns is-layout-flex wp-container-core-columns-is-layout-9d6595d7 wp-block-columns-is-layout-flex\">\n<div class=\"wp-block-column is-layout-flow wp-block-column-is-layout-flow\"><\/div>\n\n\n\n<div class=\"wp-block-column is-layout-flow wp-block-column-is-layout-flow\"><\/div>\n\n\n\n<div class=\"wp-block-column is-layout-flow wp-block-column-is-layout-flow\"><\/div>\n<\/div>\n\n\n\n<div class=\"wp-block-columns is-layout-flex wp-container-core-columns-is-layout-9d6595d7 wp-block-columns-is-layout-flex\">\n<div class=\"wp-block-column is-layout-flow wp-block-column-is-layout-flow\"><\/div>\n\n\n\n<div class=\"wp-block-column is-layout-flow wp-block-column-is-layout-flow\"><\/div>\n\n\n\n<div class=\"wp-block-column is-layout-flow wp-block-column-is-layout-flow\"><\/div>\n<\/div>","protected":false},"excerpt":{"rendered":"<p>Nos po\u00eales \u00e0 frire antiadh\u00e9sives sont fabriqu\u00e9es en acier inoxydable de haute qualit\u00e9 et recouvertes d'un \u00e9pais rev\u00eatement antiadh\u00e9sif, ce qui permet de r\u00e9duire la quantit\u00e9 d'huile utilis\u00e9e pour la cuisson. Elles conviennent aux cuisini\u00e8res \u00e0 gaz, aux cuisini\u00e8res \u00e0 induction, aux cuisini\u00e8res \u00e9lectriques en c\u00e9ramique et \u00e0 d'autres sources de chaleur, pour r\u00e9pondre aux besoins de diff\u00e9rents sc\u00e9narios tels que les restaurants, les h\u00f4tels et les familles. Contactez-nous pour un devis.<\/p>\n<h2>Caract\u00e9ristiques de la po\u00eale \u00e0 frire antiadh\u00e9sive de haute qualit\u00e9<\/h2>\n<p><strong>Rev\u00eatement antiadh\u00e9sif de premi\u00e8re qualit\u00e9 :<\/strong> La po\u00eale \u00e0 frire antiadh\u00e9sive est dot\u00e9e d'une surface antiadh\u00e9sive de qualit\u00e9 sup\u00e9rieure pour une cuisson sans effort, parfaite pour frire les \u0153ufs, le poisson, la viande et les l\u00e9gumes avec un minimum d'huile.<\/p>\n<p><strong>Distribution uniforme de la chaleur :<\/strong> Fabriqu\u00e9 en acier inoxydable, il assure une r\u00e9partition uniforme de la chaleur sur toute la surface, r\u00e9duisant ainsi le temps de cuisson et emp\u00eachant les aliments de br\u00fbler.<\/p>\n<p><strong>Plusieurs tailles au choix :<\/strong> Disponible en 22cm, 24cm, 26cm, 28cm et 30cm pour r\u00e9pondre \u00e0 une vari\u00e9t\u00e9 de besoins de cuisson.<\/p>\n<p><strong>Possibilit\u00e9 de personnalisation OEM et ODM :<\/strong> Rev\u00eatements, logos, emballages et poign\u00e9es personnalisables pour r\u00e9pondre aux exigences de votre marque - parfaits pour les projets de marques priv\u00e9es ou la distribution au d\u00e9tail.<\/p>","protected":false},"featured_media":5445,"comment_status":"closed","ping_status":"closed","template":"","meta":[],"product_brand":[],"product_cat":[52],"product_tag":[],"class_list":{"0":"post-5438","1":"product","2":"type-product","3":"status-publish","4":"has-post-thumbnail","6":"product_cat-stainless-steel-cookware","8":"first","9":"instock","10":"shipping-taxable","11":"product-type-simple"},"_links":{"self":[{"href":"https:\/\/www.hg-cooker.com\/fr\/wp-json\/wp\/v2\/product\/5438","targetHints":{"allow":["GET"]}}],"collection":[{"href":"https:\/\/www.hg-cooker.com\/fr\/wp-json\/wp\/v2\/product"}],"about":[{"href":"https:\/\/www.hg-cooker.com\/fr\/wp-json\/wp\/v2\/types\/product"}],"replies":[{"embeddable":true,"href":"https:\/\/www.hg-cooker.com\/fr\/wp-json\/wp\/v2\/comments?post=5438"}],"wp:featuredmedia":[{"embeddable":true,"href":"https:\/\/www.hg-cooker.com\/fr\/wp-json\/wp\/v2\/media\/5445"}],"wp:attachment":[{"href":"https:\/\/www.hg-cooker.com\/fr\/wp-json\/wp\/v2\/media?parent=5438"}],"wp:term":[{"taxonomy":"product_brand","embeddable":true,"href":"https:\/\/www.hg-cooker.com\/fr\/wp-json\/wp\/v2\/product_brand?post=5438"},{"taxonomy":"product_cat","embeddable":true,"href":"https:\/\/www.hg-cooker.com\/fr\/wp-json\/wp\/v2\/product_cat?post=5438"},{"taxonomy":"product_tag","embeddable":true,"href":"https:\/\/www.hg-cooker.com\/fr\/wp-json\/wp\/v2\/product_tag?post=5438"}],"curies":[{"name":"wp","href":"https:\/\/api.w.org\/{rel}","templated":true}]}}