{"id":5434,"date":"2025-08-29T04:05:36","date_gmt":"2025-08-29T04:05:36","guid":{"rendered":"https:\/\/www.hg-cooker.com\/?post_type=product&#038;p=5434"},"modified":"2025-09-13T02:29:15","modified_gmt":"2025-09-13T02:29:15","slug":"pot-a-lait-bouillant-en-acier-inoxydable-wholesale-69","status":"publish","type":"product","link":"https:\/\/www.hg-cooker.com\/fr\/produit\/pot-a-lait-bouillant-en-acier-inoxydable-wholesale-69\/","title":{"rendered":"Po\u00eale \u00e0 lait anti-adh\u00e9rente en gros, mat\u00e9riau en acier inoxydable triple \u00e9paisseur, tailles disponibles : 18cm, 20cm, 22cm"},"content":{"rendered":"<h3 class=\"wp-block-heading\"> Param\u00e8tres de la po\u00eale \u00e0 lait antiadh\u00e9sive<\/h3>\n\n\n\n<figure class=\"wp-block-table\"><table class=\"has-fixed-layout\"><tbody><tr><td>Objet<\/td><td>Taille<\/td><td>Mat\u00e9riau<\/td><td>Qt\u00e9\/Pack<\/td><td>Dimensions de l'emballage (cm)<\/td><\/tr><tr><td>HG-BZNG18<\/td><td>18cm<\/td><td>Acier inoxydable 304<\/td><td>8 pi\u00e8ces<\/td><td>41 \u00d7 42 \u00d7 55<\/td><\/tr><tr><td>HG-BZNG20<\/td><td>20cm<\/td><td>Acier inoxydable 304<\/td><td>8 pi\u00e8ces<\/td><td>43 \u00d7 46 \u00d7 57<\/td><\/tr><tr><td>HG-BZNG22<\/td><td>22cm<\/td><td>Acier inoxydable 304<\/td><td>8 pi\u00e8ces<\/td><td>45 \u00d7 50 \u00d7 59<\/td><\/tr><\/tbody><\/table><\/figure>\n\n\n\n<h3 class=\"wp-block-heading\">Param\u00e8tres connexes de la s\u00e9rie d'ustensiles de cuisine<\/h3>\n\n\n\n<figure class=\"wp-block-image size-full\"><img fetchpriority=\"high\" decoding=\"async\" width=\"3354\" height=\"1701\" src=\"https:\/\/www.hg-cooker.com\/wp-content\/uploads\/2025\/05\/Hengguang-cooking-pot-series-parameters.jpg\" alt=\"Param\u00e8tres de la s\u00e9rie de marmites Hengguang\" class=\"wp-image-5428\" srcset=\"https:\/\/www.hg-cooker.com\/wp-content\/uploads\/2025\/05\/Hengguang-cooking-pot-series-parameters.jpg 3354w, https:\/\/www.hg-cooker.com\/wp-content\/uploads\/2025\/05\/Hengguang-cooking-pot-series-parameters-150x76.jpg 150w, https:\/\/www.hg-cooker.com\/wp-content\/uploads\/2025\/05\/Hengguang-cooking-pot-series-parameters-660x335.jpg 660w, https:\/\/www.hg-cooker.com\/wp-content\/uploads\/2025\/05\/Hengguang-cooking-pot-series-parameters-300x152.jpg 300w, https:\/\/www.hg-cooker.com\/wp-content\/uploads\/2025\/05\/Hengguang-cooking-pot-series-parameters-768x389.jpg 768w, https:\/\/www.hg-cooker.com\/wp-content\/uploads\/2025\/05\/Hengguang-cooking-pot-series-parameters-18x9.jpg 18w, https:\/\/www.hg-cooker.com\/wp-content\/uploads\/2025\/05\/Hengguang-cooking-pot-series-parameters-285x145.jpg 285w, https:\/\/www.hg-cooker.com\/wp-content\/uploads\/2025\/05\/Hengguang-cooking-pot-series-parameters-1600x811.jpg 1600w\" sizes=\"(max-width: 3354px) 100vw, 3354px\" \/><figcaption class=\"wp-element-caption\">Param\u00e8tres de la s\u00e9rie de marmites Hengguang<\/figcaption><\/figure>\n\n\n\n<div class=\"wp-block-columns is-layout-flex wp-container-core-columns-is-layout-9d6595d7 wp-block-columns-is-layout-flex\">\n<div class=\"wp-block-column is-layout-flow wp-block-column-is-layout-flow\"><\/div>\n\n\n\n<div class=\"wp-block-column is-layout-flow wp-block-column-is-layout-flow\"><\/div>\n\n\n\n<div class=\"wp-block-column is-layout-flow wp-block-column-is-layout-flow\"><\/div>\n<\/div>\n\n\n\n<div class=\"wp-block-columns is-layout-flex wp-container-core-columns-is-layout-9d6595d7 wp-block-columns-is-layout-flex\">\n<div class=\"wp-block-column is-layout-flow wp-block-column-is-layout-flow\"><\/div>\n\n\n\n<div class=\"wp-block-column is-layout-flow wp-block-column-is-layout-flow\"><\/div>\n\n\n\n<div class=\"wp-block-column is-layout-flow wp-block-column-is-layout-flow\"><\/div>\n<\/div>\n\n\n\n<div class=\"wp-block-columns is-layout-flex wp-container-core-columns-is-layout-9d6595d7 wp-block-columns-is-layout-flex\">\n<div class=\"wp-block-column is-layout-flow wp-block-column-is-layout-flow\"><\/div>\n\n\n\n<div class=\"wp-block-column is-layout-flow wp-block-column-is-layout-flow\"><\/div>\n\n\n\n<div class=\"wp-block-column is-layout-flow wp-block-column-is-layout-flow\"><\/div>\n<\/div>\n\n\n\n<div class=\"wp-block-columns is-layout-flex wp-container-core-columns-is-layout-9d6595d7 wp-block-columns-is-layout-flex\">\n<div class=\"wp-block-column is-layout-flow wp-block-column-is-layout-flow\"><\/div>\n\n\n\n<div class=\"wp-block-column is-layout-flow wp-block-column-is-layout-flow\"><\/div>\n\n\n\n<div class=\"wp-block-column is-layout-flow wp-block-column-is-layout-flow\"><\/div>\n<\/div>\n\n\n\n<div class=\"wp-block-columns is-layout-flex wp-container-core-columns-is-layout-9d6595d7 wp-block-columns-is-layout-flex\">\n<div class=\"wp-block-column is-layout-flow wp-block-column-is-layout-flow\"><\/div>\n\n\n\n<div class=\"wp-block-column is-layout-flow wp-block-column-is-layout-flow\"><\/div>\n\n\n\n<div class=\"wp-block-column is-layout-flow wp-block-column-is-layout-flow\"><\/div>\n<\/div>\n\n\n\n<div class=\"wp-block-columns is-layout-flex wp-container-core-columns-is-layout-9d6595d7 wp-block-columns-is-layout-flex\">\n<div class=\"wp-block-column is-layout-flow wp-block-column-is-layout-flow\"><\/div>\n\n\n\n<div class=\"wp-block-column is-layout-flow wp-block-column-is-layout-flow\"><\/div>\n\n\n\n<div class=\"wp-block-column is-layout-flow wp-block-column-is-layout-flow\"><\/div>\n<\/div>\n\n\n\n<div class=\"wp-block-columns is-layout-flex wp-container-core-columns-is-layout-9d6595d7 wp-block-columns-is-layout-flex\">\n<div class=\"wp-block-column is-layout-flow wp-block-column-is-layout-flow\"><\/div>\n\n\n\n<div class=\"wp-block-column is-layout-flow wp-block-column-is-layout-flow\"><\/div>\n\n\n\n<div class=\"wp-block-column is-layout-flow wp-block-column-is-layout-flow\"><\/div>\n<\/div>","protected":false},"excerpt":{"rendered":"<p>Po\u00eale \u00e0 lait antiadh\u00e9sive en acier inoxydable, id\u00e9ale pour chauffer le lait, pr\u00e9parer des sauces ou des petits plats. Convient \u00e0 une vari\u00e9t\u00e9 de cuisini\u00e8res, y compris les cuisini\u00e8res \u00e0 induction, les cuisini\u00e8res \u00e0 gaz, etc. Peut \u00eatre utilis\u00e9e pour cuisiner dans de nombreux types de cuisines. Disponible en trois tailles : 18cm, 20cm et 22cm. Contactez-nous pour un devis.<\/p>\n<h2>Caract\u00e9ristiques de la casserole \u00e0 lait antiadh\u00e9sive<\/h2>\n<p><strong>Bec verseur :<\/strong> Le bec verseur int\u00e9gr\u00e9 vous permet de verser le lait ou le liquide en douceur et sans d\u00e9g\u00e2ts.<\/p>\n<p><strong>Multi-fonctions :<\/strong> La casserole \u00e0 lait peut \u00eatre utilis\u00e9e pour la cuisine quotidienne \u00e0 la maison, pour chauffer le lait, le lait de soja, etc. Elle convient \u00e9galement pour faire fondre le beurre, le chocolat et chauffer le lait dans les caf\u00e9s.<\/p>\n<p><strong>Plusieurs options de taille :<\/strong> La casserole \u00e0 lait est disponible en 18 cm, 20 cm et 22 cm. Elle convient aux cuisines des particuliers, des restaurants et des traiteurs qui ont des besoins diff\u00e9rents en mati\u00e8re de cuisson.<\/p>\n<p><strong>Compatible avec de nombreuses cuisini\u00e8res :<\/strong> La casserole \u00e0 lait convient aux cuisini\u00e8res \u00e0 gaz, aux cuisini\u00e8res \u00e9lectriques, aux cuisini\u00e8res en c\u00e9ramique et aux cuisini\u00e8res \u00e0 induction, ce qui en fait un choix id\u00e9al pour les cuisines modernes.<\/p>\n<p><strong>Support OEM\/ODM :<\/strong> Hengguang propose des services professionnels OEM et ODM, qui permettent de personnaliser la taille, les poign\u00e9es, la conception du fond, le rev\u00eatement antiadh\u00e9sif et l'emballage, ce qui convient aux marques priv\u00e9es.<\/p>","protected":false},"featured_media":5437,"comment_status":"closed","ping_status":"closed","template":"","meta":[],"product_brand":[],"product_cat":[52],"product_tag":[],"class_list":{"0":"post-5434","1":"product","2":"type-product","3":"status-publish","4":"has-post-thumbnail","6":"product_cat-stainless-steel-cookware","8":"first","9":"instock","10":"shipping-taxable","11":"product-type-simple"},"_links":{"self":[{"href":"https:\/\/www.hg-cooker.com\/fr\/wp-json\/wp\/v2\/product\/5434","targetHints":{"allow":["GET"]}}],"collection":[{"href":"https:\/\/www.hg-cooker.com\/fr\/wp-json\/wp\/v2\/product"}],"about":[{"href":"https:\/\/www.hg-cooker.com\/fr\/wp-json\/wp\/v2\/types\/product"}],"replies":[{"embeddable":true,"href":"https:\/\/www.hg-cooker.com\/fr\/wp-json\/wp\/v2\/comments?post=5434"}],"wp:featuredmedia":[{"embeddable":true,"href":"https:\/\/www.hg-cooker.com\/fr\/wp-json\/wp\/v2\/media\/5437"}],"wp:attachment":[{"href":"https:\/\/www.hg-cooker.com\/fr\/wp-json\/wp\/v2\/media?parent=5434"}],"wp:term":[{"taxonomy":"product_brand","embeddable":true,"href":"https:\/\/www.hg-cooker.com\/fr\/wp-json\/wp\/v2\/product_brand?post=5434"},{"taxonomy":"product_cat","embeddable":true,"href":"https:\/\/www.hg-cooker.com\/fr\/wp-json\/wp\/v2\/product_cat?post=5434"},{"taxonomy":"product_tag","embeddable":true,"href":"https:\/\/www.hg-cooker.com\/fr\/wp-json\/wp\/v2\/product_tag?post=5434"}],"curies":[{"name":"wp","href":"https:\/\/api.w.org\/{rel}","templated":true}]}}