{"id":5429,"date":"2025-05-22T03:32:08","date_gmt":"2025-05-22T03:32:08","guid":{"rendered":"https:\/\/www.hg-cooker.com\/?post_type=product&#038;p=5429"},"modified":"2025-06-01T14:59:41","modified_gmt":"2025-06-01T14:59:41","slug":"pot-a-lait-bouillant-en-acier-inoxydable-wholesale-68","status":"publish","type":"product","link":"https:\/\/www.hg-cooker.com\/fr\/produit\/pot-a-lait-bouillant-en-acier-inoxydable-wholesale-68\/","title":{"rendered":"Pot de cuisson antiadh\u00e9sif en gros \/ Pot de lait, mat\u00e9riau en acier inoxydable tripl\u00e9, trois tailles : 18cm, 20cm et 22cm"},"content":{"rendered":"<h3 class=\"wp-block-heading\">Param\u00e8tres de la marmite antiadh\u00e9sive <\/h3>\n\n\n\n<figure class=\"wp-block-table\"><table class=\"has-fixed-layout\"><tbody><tr><td>Num\u00e9ro d'article<\/td><td>Taille<\/td><td>Mat\u00e9riau<\/td><td>Qt\u00e9\/Pack<\/td><td>Dimensions de l'emballage (cm)<\/td><\/tr><tr><td>HG-SCGNG18<\/td><td>18 cm<\/td><td>Acier inoxydable 304<\/td><td>8 pi\u00e8ces\/carton<\/td><td>41 \u00d7 42 \u00d7 55<\/td><\/tr><tr><td>HG-SCGNG20<\/td><td>20 cm<\/td><td>Acier inoxydable 304<\/td><td>8 pi\u00e8ces\/carton<\/td><td>43 \u00d7 46 \u00d7 57<\/td><\/tr><tr><td>HG-SCGNG22<\/td><td>22 cm<\/td><td>Acier inoxydable 304<\/td><td>8 pi\u00e8ces\/carton<\/td><td>45 \u00d7 50 \u00d7 59<\/td><\/tr><\/tbody><\/table><\/figure>\n\n\n\n<div class=\"wp-block-columns is-layout-flex wp-container-core-columns-is-layout-9d6595d7 wp-block-columns-is-layout-flex\">\n<div class=\"wp-block-column is-layout-flow wp-block-column-is-layout-flow\"><\/div>\n\n\n\n<div class=\"wp-block-column is-layout-flow wp-block-column-is-layout-flow\"><\/div>\n<\/div>\n\n\n\n<h3 class=\"wp-block-heading\">Param\u00e8tres connexes de la s\u00e9rie d'ustensiles de cuisine<\/h3>\n\n\n\n<figure class=\"wp-block-image size-full\"><img fetchpriority=\"high\" decoding=\"async\" width=\"3354\" height=\"1701\" src=\"https:\/\/www.hg-cooker.com\/wp-content\/uploads\/2025\/05\/Hengguang-cooking-pot-series-parameters.jpg\" alt=\"Param\u00e8tres de la s\u00e9rie de marmites Hengguang\" class=\"wp-image-5428\" srcset=\"https:\/\/www.hg-cooker.com\/wp-content\/uploads\/2025\/05\/Hengguang-cooking-pot-series-parameters.jpg 3354w, https:\/\/www.hg-cooker.com\/wp-content\/uploads\/2025\/05\/Hengguang-cooking-pot-series-parameters-150x76.jpg 150w, https:\/\/www.hg-cooker.com\/wp-content\/uploads\/2025\/05\/Hengguang-cooking-pot-series-parameters-660x335.jpg 660w, https:\/\/www.hg-cooker.com\/wp-content\/uploads\/2025\/05\/Hengguang-cooking-pot-series-parameters-300x152.jpg 300w, https:\/\/www.hg-cooker.com\/wp-content\/uploads\/2025\/05\/Hengguang-cooking-pot-series-parameters-768x389.jpg 768w, https:\/\/www.hg-cooker.com\/wp-content\/uploads\/2025\/05\/Hengguang-cooking-pot-series-parameters-18x9.jpg 18w, https:\/\/www.hg-cooker.com\/wp-content\/uploads\/2025\/05\/Hengguang-cooking-pot-series-parameters-285x145.jpg 285w, https:\/\/www.hg-cooker.com\/wp-content\/uploads\/2025\/05\/Hengguang-cooking-pot-series-parameters-1600x811.jpg 1600w\" sizes=\"(max-width: 3354px) 100vw, 3354px\" \/><figcaption class=\"wp-element-caption\">Param\u00e8tres de la s\u00e9rie de marmites Hengguang<\/figcaption><\/figure>\n\n\n\n<div class=\"wp-block-columns is-layout-flex wp-container-core-columns-is-layout-9d6595d7 wp-block-columns-is-layout-flex\">\n<div class=\"wp-block-column is-layout-flow wp-block-column-is-layout-flow\"><\/div>\n\n\n\n<div class=\"wp-block-column is-layout-flow wp-block-column-is-layout-flow\"><\/div>\n\n\n\n<div class=\"wp-block-column is-layout-flow wp-block-column-is-layout-flow\"><\/div>\n<\/div>\n\n\n\n<div class=\"wp-block-columns is-layout-flex wp-container-core-columns-is-layout-9d6595d7 wp-block-columns-is-layout-flex\">\n<div class=\"wp-block-column is-layout-flow wp-block-column-is-layout-flow\"><\/div>\n\n\n\n<div class=\"wp-block-column is-layout-flow wp-block-column-is-layout-flow\"><\/div>\n\n\n\n<div class=\"wp-block-column is-layout-flow wp-block-column-is-layout-flow\"><\/div>\n<\/div>\n\n\n\n<div class=\"wp-block-columns is-layout-flex wp-container-core-columns-is-layout-9d6595d7 wp-block-columns-is-layout-flex\">\n<div class=\"wp-block-column is-layout-flow wp-block-column-is-layout-flow\"><\/div>\n\n\n\n<div class=\"wp-block-column is-layout-flow wp-block-column-is-layout-flow\"><\/div>\n\n\n\n<div class=\"wp-block-column is-layout-flow wp-block-column-is-layout-flow\"><\/div>\n<\/div>\n\n\n\n<div class=\"wp-block-columns is-layout-flex wp-container-core-columns-is-layout-9d6595d7 wp-block-columns-is-layout-flex\">\n<div class=\"wp-block-column is-layout-flow wp-block-column-is-layout-flow\"><\/div>\n\n\n\n<div class=\"wp-block-column is-layout-flow wp-block-column-is-layout-flow\"><\/div>\n\n\n\n<div class=\"wp-block-column is-layout-flow wp-block-column-is-layout-flow\"><\/div>\n<\/div>\n\n\n\n<div class=\"wp-block-columns is-layout-flex wp-container-core-columns-is-layout-9d6595d7 wp-block-columns-is-layout-flex\">\n<div class=\"wp-block-column is-layout-flow wp-block-column-is-layout-flow\"><\/div>\n\n\n\n<div class=\"wp-block-column is-layout-flow wp-block-column-is-layout-flow\"><\/div>\n\n\n\n<div class=\"wp-block-column is-layout-flow wp-block-column-is-layout-flow\"><\/div>\n<\/div>\n\n\n\n<div class=\"wp-block-columns is-layout-flex wp-container-core-columns-is-layout-9d6595d7 wp-block-columns-is-layout-flex\">\n<div class=\"wp-block-column is-layout-flow wp-block-column-is-layout-flow\"><\/div>\n\n\n\n<div class=\"wp-block-column is-layout-flow wp-block-column-is-layout-flow\"><\/div>\n\n\n\n<div class=\"wp-block-column is-layout-flow wp-block-column-is-layout-flow\"><\/div>\n<\/div>\n\n\n\n<div class=\"wp-block-columns is-layout-flex wp-container-core-columns-is-layout-9d6595d7 wp-block-columns-is-layout-flex\">\n<div class=\"wp-block-column is-layout-flow wp-block-column-is-layout-flow\"><\/div>\n\n\n\n<div class=\"wp-block-column is-layout-flow wp-block-column-is-layout-flow\"><\/div>\n\n\n\n<div class=\"wp-block-column is-layout-flow wp-block-column-is-layout-flow\"><\/div>\n<\/div>","protected":false},"excerpt":{"rendered":"<p>Marmite antiadh\u00e9sive en gros, fabriqu\u00e9e en acier inoxydable \u00e0 trois couches de haute qualit\u00e9, elle chauffe rapidement et conduit la chaleur de mani\u00e8re uniforme. La surface int\u00e9rieure est recouverte d'un rev\u00eatement antiadh\u00e9sif de qualit\u00e9 alimentaire pour une cuisson plus saine et plus \u00e9conome en carburant. Nous prenons en charge la personnalisation OEM et ODM, n'h\u00e9sitez pas \u00e0 nous contacter pour obtenir un devis.<\/p>\n<h2>Caract\u00e9ristiques de la marmite antiadh\u00e9sive<\/h2>\n<p><strong>Construction en acier inoxydable triple \u00e9paisseur :<\/strong> Gr\u00e2ce \u00e0 sa structure \u00e0 trois couches - acier inoxydable + noyau en aluminium + acier inoxydable - ce pot \u00e0 lait chauffe les aliments rapidement et uniform\u00e9ment.<\/p>\n<p><strong>Mat\u00e9riaux sans danger pour les aliments :<\/strong> Cette marmite est fabriqu\u00e9e en acier inoxydable 304 de haute qualit\u00e9, parfait pour une utilisation \u00e0 long terme dans les cuisines domestiques et commerciales.<\/p>\n<p><strong>Surface int\u00e9rieure antiadh\u00e9sive :<\/strong> Le rev\u00eatement antiadh\u00e9sif de qualit\u00e9 alimentaire facilite le nettoyage. Utilise moins d'huile, ce qui est parfait pour cuisiner des aliments pauvres en mati\u00e8res grasses.<\/p>\n<p><strong>Plusieurs tailles disponibles :<\/strong> Disponible en trois tailles (18 cm, 20 cm et 22 cm), il peut r\u00e9pondre \u00e0 diff\u00e9rents besoins de cuisson dans diff\u00e9rents sc\u00e9narios.<\/p>\n<p><strong>Compatible avec de nombreuses cuisini\u00e8res :<\/strong> Convient aux cuisini\u00e8res \u00e0 gaz, aux cuisini\u00e8res \u00e0 induction et \u00e0 d'autres cuisini\u00e8res, adapt\u00e9es \u00e0 diff\u00e9rents types de cuisines.<\/p>","protected":false},"featured_media":5433,"comment_status":"closed","ping_status":"closed","template":"","meta":[],"product_brand":[],"product_cat":[52],"product_tag":[],"class_list":{"0":"post-5429","1":"product","2":"type-product","3":"status-publish","4":"has-post-thumbnail","6":"product_cat-stainless-steel-cookware","8":"first","9":"instock","10":"shipping-taxable","11":"product-type-simple"},"_links":{"self":[{"href":"https:\/\/www.hg-cooker.com\/fr\/wp-json\/wp\/v2\/product\/5429","targetHints":{"allow":["GET"]}}],"collection":[{"href":"https:\/\/www.hg-cooker.com\/fr\/wp-json\/wp\/v2\/product"}],"about":[{"href":"https:\/\/www.hg-cooker.com\/fr\/wp-json\/wp\/v2\/types\/product"}],"replies":[{"embeddable":true,"href":"https:\/\/www.hg-cooker.com\/fr\/wp-json\/wp\/v2\/comments?post=5429"}],"wp:featuredmedia":[{"embeddable":true,"href":"https:\/\/www.hg-cooker.com\/fr\/wp-json\/wp\/v2\/media\/5433"}],"wp:attachment":[{"href":"https:\/\/www.hg-cooker.com\/fr\/wp-json\/wp\/v2\/media?parent=5429"}],"wp:term":[{"taxonomy":"product_brand","embeddable":true,"href":"https:\/\/www.hg-cooker.com\/fr\/wp-json\/wp\/v2\/product_brand?post=5429"},{"taxonomy":"product_cat","embeddable":true,"href":"https:\/\/www.hg-cooker.com\/fr\/wp-json\/wp\/v2\/product_cat?post=5429"},{"taxonomy":"product_tag","embeddable":true,"href":"https:\/\/www.hg-cooker.com\/fr\/wp-json\/wp\/v2\/product_tag?post=5429"}],"curies":[{"name":"wp","href":"https:\/\/api.w.org\/{rel}","templated":true}]}}