{"id":5414,"date":"2025-08-16T01:08:31","date_gmt":"2025-08-16T01:08:31","guid":{"rendered":"https:\/\/www.hg-cooker.com\/?post_type=product&#038;p=5414"},"modified":"2025-09-13T02:45:35","modified_gmt":"2025-09-13T02:45:35","slug":"pot-a-lait-bouillant-en-acier-inoxydable-wholesale-66","status":"publish","type":"product","link":"https:\/\/www.hg-cooker.com\/fr\/produit\/pot-a-lait-bouillant-en-acier-inoxydable-wholesale-66\/","title":{"rendered":"Pot \u00e0 lait en acier inoxydable, deux tailles : 16cm et 18cm - Acier inoxydable de qualit\u00e9 alimentaire, non rev\u00eatu"},"content":{"rendered":"<h3 class=\"wp-block-heading\">Param\u00e8tres du pot \u00e0 lait en acier inoxydable<\/h3>\n\n\n\n<figure class=\"wp-block-table\"><table class=\"has-fixed-layout\"><tbody><tr><td>Num\u00e9ro d'art<\/td><td>Sp\u00e9cifications<\/td><td>Mat\u00e9riau<\/td><td>Quantit\u00e9 d'emballage<\/td><td>Taille de l'emballage (cm)<\/td><\/tr><tr><td>HG-WTCNG16<\/td><td>16cm<\/td><td>Acier inoxydable 304<\/td><td>6 pi\u00e8ces<\/td><td>67\u00d751\u00d738<\/td><\/tr><tr><td>HG-WTCNG18<\/td><td>18cm<\/td><td>Acier inoxydable 304<\/td><td>6 pi\u00e8ces<\/td><td>71\u00d756\u00d742<\/td><\/tr><\/tbody><\/table><\/figure>\n\n\n\n<h3 class=\"wp-block-heading\">Param\u00e8tres connexes de la s\u00e9rie d'ustensiles de cuisine<\/h3>\n\n\n<div class=\"wp-block-image\">\n<figure class=\"aligncenter size-full\"><img fetchpriority=\"high\" decoding=\"async\" width=\"3354\" height=\"1701\" src=\"https:\/\/www.hg-cooker.com\/wp-content\/uploads\/2025\/05\/Hengguang-cooking-pot-series-parameters.webp\" alt=\"Param\u00e8tres de la s\u00e9rie de marmites Hengguang\" class=\"wp-image-5420\" srcset=\"https:\/\/www.hg-cooker.com\/wp-content\/uploads\/2025\/05\/Hengguang-cooking-pot-series-parameters.webp 3354w, https:\/\/www.hg-cooker.com\/wp-content\/uploads\/2025\/05\/Hengguang-cooking-pot-series-parameters-150x76.webp 150w, https:\/\/www.hg-cooker.com\/wp-content\/uploads\/2025\/05\/Hengguang-cooking-pot-series-parameters-660x335.webp 660w, https:\/\/www.hg-cooker.com\/wp-content\/uploads\/2025\/05\/Hengguang-cooking-pot-series-parameters-300x152.webp 300w, https:\/\/www.hg-cooker.com\/wp-content\/uploads\/2025\/05\/Hengguang-cooking-pot-series-parameters-768x389.webp 768w, https:\/\/www.hg-cooker.com\/wp-content\/uploads\/2025\/05\/Hengguang-cooking-pot-series-parameters-18x9.webp 18w, https:\/\/www.hg-cooker.com\/wp-content\/uploads\/2025\/05\/Hengguang-cooking-pot-series-parameters-285x145.webp 285w, https:\/\/www.hg-cooker.com\/wp-content\/uploads\/2025\/05\/Hengguang-cooking-pot-series-parameters-1600x811.webp 1600w\" sizes=\"(max-width: 3354px) 100vw, 3354px\" \/><figcaption class=\"wp-element-caption\">Param\u00e8tres de la s\u00e9rie de marmites Hengguang<\/figcaption><\/figure>\n<\/div>\n\n\n<p><\/p>","protected":false},"excerpt":{"rendered":"<p>Vente en gros de casseroles \u00e0 lait en acier inoxydable, 16 cm et 18 cm en deux tailles, convenant aux cuisines domestiques, aux dortoirs et m\u00eame \u00e0 l'ext\u00e9rieur, pour chauffer le lait, pr\u00e9parer des aliments pour b\u00e9b\u00e9s, faire bouillir des \u0153ufs ou pr\u00e9parer des sauces.<\/p>\n<h2>Caract\u00e9ristiques du pot \u00e0 lait en acier inoxydable<\/h2>\n<p><strong>Mat\u00e9riau en acier inoxydable de qualit\u00e9 alimentaire :<\/strong> Fabriqu\u00e9 en acier inoxydable 304 de haute qualit\u00e9, il r\u00e9pond aux normes internationales de s\u00e9curit\u00e9 alimentaire.<\/p>\n<p><strong>Mod\u00e8le non couch\u00e9 :<\/strong> Non rev\u00eatu, ce pot \u00e0 lait en acier inoxydable n'a pas besoin de se pr\u00e9occuper des rayures ou de l'effritement du rev\u00eatement et a une dur\u00e9e de vie plus longue.<\/p>\n<p><strong>Poign\u00e9e ergonomique :<\/strong> \u00c9quip\u00e9 d'une poign\u00e9e anti-br\u00fblure, il est stable \u00e0 tenir et plus s\u00fbr \u00e0 d\u00e9placer.<\/p>\n<p><strong>Application multi-sc\u00e8ne :<\/strong> Le petit pot \u00e0 lait peut \u00eatre utilis\u00e9 dans les cuisines domestiques, les dortoirs d'\u00e9tudiants, les pique-niques en camping et les sc\u00e8nes commerciales de restauration.<\/p>\n<p><strong>Service OEM et ODM :<\/strong> Le logo, l'emballage ext\u00e9rieur, la couleur, la taille et l'\u00e9paisseur de la poign\u00e9e sont personnalisables. Le couvercle peut \u00eatre en verre ou en acier inoxydable pour r\u00e9pondre aux diff\u00e9rentes pr\u00e9f\u00e9rences du march\u00e9.<\/p>","protected":false},"featured_media":5418,"comment_status":"closed","ping_status":"closed","template":"","meta":[],"product_brand":[],"product_cat":[52],"product_tag":[],"class_list":{"0":"post-5414","1":"product","2":"type-product","3":"status-publish","4":"has-post-thumbnail","6":"product_cat-stainless-steel-cookware","8":"first","9":"instock","10":"shipping-taxable","11":"product-type-simple"},"_links":{"self":[{"href":"https:\/\/www.hg-cooker.com\/fr\/wp-json\/wp\/v2\/product\/5414","targetHints":{"allow":["GET"]}}],"collection":[{"href":"https:\/\/www.hg-cooker.com\/fr\/wp-json\/wp\/v2\/product"}],"about":[{"href":"https:\/\/www.hg-cooker.com\/fr\/wp-json\/wp\/v2\/types\/product"}],"replies":[{"embeddable":true,"href":"https:\/\/www.hg-cooker.com\/fr\/wp-json\/wp\/v2\/comments?post=5414"}],"wp:featuredmedia":[{"embeddable":true,"href":"https:\/\/www.hg-cooker.com\/fr\/wp-json\/wp\/v2\/media\/5418"}],"wp:attachment":[{"href":"https:\/\/www.hg-cooker.com\/fr\/wp-json\/wp\/v2\/media?parent=5414"}],"wp:term":[{"taxonomy":"product_brand","embeddable":true,"href":"https:\/\/www.hg-cooker.com\/fr\/wp-json\/wp\/v2\/product_brand?post=5414"},{"taxonomy":"product_cat","embeddable":true,"href":"https:\/\/www.hg-cooker.com\/fr\/wp-json\/wp\/v2\/product_cat?post=5414"},{"taxonomy":"product_tag","embeddable":true,"href":"https:\/\/www.hg-cooker.com\/fr\/wp-json\/wp\/v2\/product_tag?post=5414"}],"curies":[{"name":"wp","href":"https:\/\/api.w.org\/{rel}","templated":true}]}}