{"id":5301,"date":"2025-04-10T08:53:49","date_gmt":"2025-04-10T08:53:49","guid":{"rendered":"https:\/\/www.hg-cooker.com\/?post_type=product&#038;p=5301"},"modified":"2025-04-10T09:20:37","modified_gmt":"2025-04-10T09:20:37","slug":"pot-a-lait-bouillant-en-acier-inoxydable-wholesale-65","status":"publish","type":"product","link":"https:\/\/www.hg-cooker.com\/fr\/produit\/pot-a-lait-bouillant-en-acier-inoxydable-wholesale-65\/","title":{"rendered":"Mat\u00e9riau en acier inoxydable tripl\u00e9 pour la fabrication d'ustensiles de cuisine"},"content":{"rendered":"<div class=\"wp-block-columns is-layout-flex wp-container-core-columns-is-layout-9d6595d7 wp-block-columns-is-layout-flex\">\n<div class=\"wp-block-column is-layout-flow wp-block-column-is-layout-flow\">\n<h2 class=\"wp-block-heading\">Param\u00e8tres des disques triples en acier inoxydable<\/h2>\n\n\n\n<p><strong>Nom du produit<\/strong>Disques en acier inoxydable composite \u00e0 trois plis<\/p>\n\n\n\n<p><strong>Mat\u00e9riau du produit<\/strong>Acier inoxydable 304\/316 + aluminium + acier inoxydable 430<br><br><strong>Epaisseur optionnelle du produit<\/strong>:<br>1.8mm\/2.0mm\/2.2mm\/2.5mm\/3.0mm<\/p>\n\n\n\n<p><strong>Formes du produit<\/strong>:circulaire \/ forme sp\u00e9ciale<\/p>\n\n\n\n<p><strong>Taille optionnelle du produit<\/strong>:<br>La taille circulaire peut \u00eatre comprise entre 250 mm et 500 mm.<br>La taille des formes sp\u00e9ciales peut \u00eatre de 900 mm.<\/p>\n<\/div>\n\n\n\n<div class=\"wp-block-column is-layout-flow wp-block-column-is-layout-flow\">\n<h2 class=\"wp-block-heading\">Options personnalisables<\/h2>\n\n\n\n<p><strong>Mod\u00e8le<\/strong>:Personnalisation de toutes sortes de motifs sur les disques en acier inoxydable \u00e0 trois plis.<br><br><strong>Mat\u00e9riau<\/strong>Acier inoxydable 304\/316 + aluminium + acier inoxydable 430<br><br><strong>Taille<\/strong>:Personnaliser les diff\u00e9rentes tailles de disques en acier inoxydable \u00e0 trois plis.<br><br><strong>Formes<\/strong>Plaques rondes \/ Toute forme sp\u00e9ciale<br><br><strong>MOQ<\/strong>:1000 pi\u00e8ces<\/p>\n\n\n\n<p><a href=\"https:\/\/www.hg-cooker.com\/fr\/disques-triples-en-acier-inoxydable\/\" target=\"_blank\" rel=\"noreferrer noopener\"><strong>D\u00e9couvrez plus de d\u00e9tails personnalis\u00e9s sur les disques tripl\u00e9s en acier inoxydable<\/strong><\/a><\/p>\n<\/div>\n<\/div>\n\n\n\n<div class=\"wp-block-columns is-layout-flex wp-container-core-columns-is-layout-9d6595d7 wp-block-columns-is-layout-flex\">\n<div class=\"wp-block-column is-layout-flow wp-block-column-is-layout-flow\">\n<figure class=\"wp-block-image size-full\"><img fetchpriority=\"high\" decoding=\"async\" width=\"1800\" height=\"1350\" src=\"https:\/\/www.hg-cooker.com\/wp-content\/uploads\/2025\/04\/Henguang-tri-ply-stainless-steel-material-manufacturing-factory-1.webp\" alt=\"Usine de fabrication de mat\u00e9riaux en acier inoxydable tripl\u00e9 de Henguang (1)\" class=\"wp-image-5306\" srcset=\"https:\/\/www.hg-cooker.com\/wp-content\/uploads\/2025\/04\/Henguang-tri-ply-stainless-steel-material-manufacturing-factory-1.webp 1800w, https:\/\/www.hg-cooker.com\/wp-content\/uploads\/2025\/04\/Henguang-tri-ply-stainless-steel-material-manufacturing-factory-1-150x113.webp 150w, https:\/\/www.hg-cooker.com\/wp-content\/uploads\/2025\/04\/Henguang-tri-ply-stainless-steel-material-manufacturing-factory-1-660x495.webp 660w, https:\/\/www.hg-cooker.com\/wp-content\/uploads\/2025\/04\/Henguang-tri-ply-stainless-steel-material-manufacturing-factory-1-300x225.webp 300w, https:\/\/www.hg-cooker.com\/wp-content\/uploads\/2025\/04\/Henguang-tri-ply-stainless-steel-material-manufacturing-factory-1-768x576.webp 768w, https:\/\/www.hg-cooker.com\/wp-content\/uploads\/2025\/04\/Henguang-tri-ply-stainless-steel-material-manufacturing-factory-1-16x12.webp 16w, https:\/\/www.hg-cooker.com\/wp-content\/uploads\/2025\/04\/Henguang-tri-ply-stainless-steel-material-manufacturing-factory-1-285x214.webp 285w, https:\/\/www.hg-cooker.com\/wp-content\/uploads\/2025\/04\/Henguang-tri-ply-stainless-steel-material-manufacturing-factory-1-1600x1200.webp 1600w, https:\/\/www.hg-cooker.com\/wp-content\/uploads\/2025\/04\/Henguang-tri-ply-stainless-steel-material-manufacturing-factory-1-800x600.webp 800w\" sizes=\"(max-width: 1800px) 100vw, 1800px\" \/><\/figure>\n<\/div>\n\n\n\n<div class=\"wp-block-column is-layout-flow wp-block-column-is-layout-flow\">\n<figure class=\"wp-block-image size-full\"><img decoding=\"async\" width=\"1800\" height=\"1350\" src=\"https:\/\/www.hg-cooker.com\/wp-content\/uploads\/2025\/04\/Henguang-tri-ply-stainless-steel-material-manufacturing-factory-2.webp\" alt=\"Usine de fabrication de mat\u00e9riaux en acier inoxydable tripl\u00e9 de Henguang (2)\" class=\"wp-image-5308\" srcset=\"https:\/\/www.hg-cooker.com\/wp-content\/uploads\/2025\/04\/Henguang-tri-ply-stainless-steel-material-manufacturing-factory-2.webp 1800w, https:\/\/www.hg-cooker.com\/wp-content\/uploads\/2025\/04\/Henguang-tri-ply-stainless-steel-material-manufacturing-factory-2-150x113.webp 150w, https:\/\/www.hg-cooker.com\/wp-content\/uploads\/2025\/04\/Henguang-tri-ply-stainless-steel-material-manufacturing-factory-2-660x495.webp 660w, https:\/\/www.hg-cooker.com\/wp-content\/uploads\/2025\/04\/Henguang-tri-ply-stainless-steel-material-manufacturing-factory-2-300x225.webp 300w, https:\/\/www.hg-cooker.com\/wp-content\/uploads\/2025\/04\/Henguang-tri-ply-stainless-steel-material-manufacturing-factory-2-768x576.webp 768w, https:\/\/www.hg-cooker.com\/wp-content\/uploads\/2025\/04\/Henguang-tri-ply-stainless-steel-material-manufacturing-factory-2-16x12.webp 16w, https:\/\/www.hg-cooker.com\/wp-content\/uploads\/2025\/04\/Henguang-tri-ply-stainless-steel-material-manufacturing-factory-2-285x214.webp 285w, https:\/\/www.hg-cooker.com\/wp-content\/uploads\/2025\/04\/Henguang-tri-ply-stainless-steel-material-manufacturing-factory-2-1600x1200.webp 1600w, https:\/\/www.hg-cooker.com\/wp-content\/uploads\/2025\/04\/Henguang-tri-ply-stainless-steel-material-manufacturing-factory-2-800x600.webp 800w\" sizes=\"(max-width: 1800px) 100vw, 1800px\" \/><\/figure>\n<\/div>\n<\/div>","protected":false},"excerpt":{"rendered":"<p>Hengguang fournit des mat\u00e9riaux en acier inoxydable \u00e0 trois couches de haute qualit\u00e9 pour la fabrication d'ustensiles de cuisine, permettant une personnalisation compl\u00e8te, y compris l'\u00e9paisseur, la taille, la texture, la forme, etc. L'approvisionnement est fiable, le prix est comp\u00e9titif et la livraison est rapide (15 jours).<\/p>\n<h2>Caract\u00e9ristiques et avantages du mat\u00e9riau en acier inoxydable tripl\u00e9<\/h2>\n<p><strong>Premium Performance :<\/strong> L'acier inoxydable \u00e0 trois couches est le mat\u00e9riau de choix pour les ustensiles de cuisine des cuisiniers professionnels. L'inclusion de ce mat\u00e9riau dans votre gamme de produits vous permettra de cibler les consommateurs \u00e0 forte valeur ajout\u00e9e et de d\u00e9velopper le march\u00e9 des ustensiles de cuisine haut de gamme.<\/p>\n<p><strong>Durabilit\u00e9 et r\u00e9sistance structurelle \u00e9lev\u00e9es :<\/strong> La construction en trois couches r\u00e9siste efficacement au gauchissement, m\u00eame dans le cadre de processus de fabrication \u00e0 haute temp\u00e9rature tels que le collage par impact et le formage sous pression. Cela signifie moins de d\u00e9fauts, moins de retours et une durabilit\u00e9 \u00e0 long terme du produit.<\/p>\n<p><strong>Compatible avec l'induction et polyvalent :<\/strong> La coque magn\u00e9tique en acier inoxydable rend l'ustensile de cuisson ultime compatible avec l'induction, ainsi qu'avec toutes les autres cuisini\u00e8res. Vous pouvez d\u00e9sormais vendre vos ustensiles de cuisine comme un produit v\u00e9ritablement universel, ce qui vous permettra d'\u00e9largir votre client\u00e8le.<\/p>\n<p><strong>Facile \u00e0 mettre en \u0153uvre :<\/strong> Notre acier inoxydable tripl\u00e9 est facile \u00e0 former, \u00e0 souder et \u00e0 polir, ce qui vous permet de rationaliser votre processus de production tout en obtenant des r\u00e9sultats de haute qualit\u00e9.<\/p>\n<p><strong>Service sur mesure :<\/strong> Nous proposons des mod\u00e8les, des \u00e9paisseurs, des tailles et des formes sur mesure pour les mat\u00e9riaux en acier inoxydable triple afin de r\u00e9pondre \u00e0 vos besoins en mati\u00e8re de fabrication d'ustensiles de cuisine.<\/p>","protected":false},"featured_media":5303,"comment_status":"closed","ping_status":"closed","template":"","meta":[],"product_brand":[],"product_cat":[53],"product_tag":[],"class_list":{"0":"post-5301","1":"product","2":"type-product","3":"status-publish","4":"has-post-thumbnail","6":"product_cat-tri-ply-stainless-steel-discs","8":"first","9":"instock","10":"shipping-taxable","11":"product-type-simple"},"_links":{"self":[{"href":"https:\/\/www.hg-cooker.com\/fr\/wp-json\/wp\/v2\/product\/5301","targetHints":{"allow":["GET"]}}],"collection":[{"href":"https:\/\/www.hg-cooker.com\/fr\/wp-json\/wp\/v2\/product"}],"about":[{"href":"https:\/\/www.hg-cooker.com\/fr\/wp-json\/wp\/v2\/types\/product"}],"replies":[{"embeddable":true,"href":"https:\/\/www.hg-cooker.com\/fr\/wp-json\/wp\/v2\/comments?post=5301"}],"wp:featuredmedia":[{"embeddable":true,"href":"https:\/\/www.hg-cooker.com\/fr\/wp-json\/wp\/v2\/media\/5303"}],"wp:attachment":[{"href":"https:\/\/www.hg-cooker.com\/fr\/wp-json\/wp\/v2\/media?parent=5301"}],"wp:term":[{"taxonomy":"product_brand","embeddable":true,"href":"https:\/\/www.hg-cooker.com\/fr\/wp-json\/wp\/v2\/product_brand?post=5301"},{"taxonomy":"product_cat","embeddable":true,"href":"https:\/\/www.hg-cooker.com\/fr\/wp-json\/wp\/v2\/product_cat?post=5301"},{"taxonomy":"product_tag","embeddable":true,"href":"https:\/\/www.hg-cooker.com\/fr\/wp-json\/wp\/v2\/product_tag?post=5301"}],"curies":[{"name":"wp","href":"https:\/\/api.w.org\/{rel}","templated":true}]}}