{"id":5239,"date":"2025-04-02T06:09:15","date_gmt":"2025-04-02T06:09:15","guid":{"rendered":"https:\/\/www.hg-cooker.com\/?post_type=product&#038;p=5239"},"modified":"2025-04-02T06:54:24","modified_gmt":"2025-04-02T06:54:24","slug":"pot-a-lait-bouillant-en-acier-inoxydable-wholesale-64","status":"publish","type":"product","link":"https:\/\/www.hg-cooker.com\/fr\/produit\/pot-a-lait-bouillant-en-acier-inoxydable-wholesale-64\/","title":{"rendered":"Wholesale Hanging Cooking Pots, Hanging Dry Pot with Curved Handle, Seafood Hot Pot\uff0cBudae Jjigae Pot"},"content":{"rendered":"<h3 class=\"wp-block-heading\">D\u00e9tails des pots de cuisson suspendus<\/h3>\n\n\n\n<div class=\"wp-block-columns is-layout-flex wp-container-core-columns-is-layout-9d6595d7 wp-block-columns-is-layout-flex\">\n<div class=\"wp-block-column is-layout-flow wp-block-column-is-layout-flow\">\n<figure class=\"wp-block-image size-full\"><img fetchpriority=\"high\" decoding=\"async\" width=\"2500\" height=\"3750\" src=\"https:\/\/www.hg-cooker.com\/wp-content\/uploads\/2025\/04\/Hanging-Cooking-Pots-Details-1.webp\" alt=\"Pots de cuisson suspendus D\u00e9tails (1)\" class=\"wp-image-5240\" srcset=\"https:\/\/www.hg-cooker.com\/wp-content\/uploads\/2025\/04\/Hanging-Cooking-Pots-Details-1.webp 2500w, https:\/\/www.hg-cooker.com\/wp-content\/uploads\/2025\/04\/Hanging-Cooking-Pots-Details-1-100x150.webp 100w, https:\/\/www.hg-cooker.com\/wp-content\/uploads\/2025\/04\/Hanging-Cooking-Pots-Details-1-440x660.webp 440w, https:\/\/www.hg-cooker.com\/wp-content\/uploads\/2025\/04\/Hanging-Cooking-Pots-Details-1-200x300.webp 200w, https:\/\/www.hg-cooker.com\/wp-content\/uploads\/2025\/04\/Hanging-Cooking-Pots-Details-1-768x1152.webp 768w, https:\/\/www.hg-cooker.com\/wp-content\/uploads\/2025\/04\/Hanging-Cooking-Pots-Details-1-8x12.webp 8w, https:\/\/www.hg-cooker.com\/wp-content\/uploads\/2025\/04\/Hanging-Cooking-Pots-Details-1-285x428.webp 285w, https:\/\/www.hg-cooker.com\/wp-content\/uploads\/2025\/04\/Hanging-Cooking-Pots-Details-1-1600x2400.webp 1600w\" sizes=\"(max-width: 2500px) 100vw, 2500px\" \/><\/figure>\n<\/div>\n\n\n\n<div class=\"wp-block-column is-layout-flow wp-block-column-is-layout-flow\">\n<figure class=\"wp-block-image size-full\"><img decoding=\"async\" width=\"2500\" height=\"3750\" src=\"https:\/\/www.hg-cooker.com\/wp-content\/uploads\/2025\/04\/Hanging-Cooking-Pots-Details-2.webp\" alt=\"Pots de cuisson suspendus D\u00e9tails (2)\" class=\"wp-image-5241\" srcset=\"https:\/\/www.hg-cooker.com\/wp-content\/uploads\/2025\/04\/Hanging-Cooking-Pots-Details-2.webp 2500w, https:\/\/www.hg-cooker.com\/wp-content\/uploads\/2025\/04\/Hanging-Cooking-Pots-Details-2-100x150.webp 100w, https:\/\/www.hg-cooker.com\/wp-content\/uploads\/2025\/04\/Hanging-Cooking-Pots-Details-2-440x660.webp 440w, https:\/\/www.hg-cooker.com\/wp-content\/uploads\/2025\/04\/Hanging-Cooking-Pots-Details-2-200x300.webp 200w, https:\/\/www.hg-cooker.com\/wp-content\/uploads\/2025\/04\/Hanging-Cooking-Pots-Details-2-768x1152.webp 768w, https:\/\/www.hg-cooker.com\/wp-content\/uploads\/2025\/04\/Hanging-Cooking-Pots-Details-2-8x12.webp 8w, https:\/\/www.hg-cooker.com\/wp-content\/uploads\/2025\/04\/Hanging-Cooking-Pots-Details-2-285x428.webp 285w, https:\/\/www.hg-cooker.com\/wp-content\/uploads\/2025\/04\/Hanging-Cooking-Pots-Details-2-1600x2400.webp 1600w\" sizes=\"(max-width: 2500px) 100vw, 2500px\" \/><\/figure>\n<\/div>\n<\/div>\n\n\n\n<h3 class=\"wp-block-heading\">Param\u00e8tres des marmites suspendues<\/h3>\n\n\n\n<figure class=\"wp-block-table\"><table class=\"has-fixed-layout\"><tbody><tr><td>Nom du produit<\/td><td>Taille&nbsp;<\/td><td>Mat\u00e9riau<\/td><td>PCS\/CTN<\/td><td>Poids (kg)<\/td><td>Taille du carton<\/td><\/tr><tr><td rowspan=\"4\">Pot de cuisson suspendu (pot sec)<\/td><td>20CM<\/td><td>Acier inoxydable tripl\u00e9&nbsp;<\/td><td>20<\/td><td>13,5 kg<\/td><td>22*22*42.5<\/td><\/tr><tr><td>22CM<\/td><td>Acier inoxydable tripl\u00e9&nbsp;<\/td><td>20<\/td><td>16,2 kg<\/td><td>24*24*43<\/td><\/tr><tr><td>24CM<\/td><td>Acier inoxydable tripl\u00e9&nbsp;<\/td><td>20<\/td><td>19 kg<\/td><td>26*26*45.5<\/td><\/tr><tr><td>26CM<\/td><td>Acier inoxydable tripl\u00e9&nbsp;<\/td><td>20<\/td><td>20,6 kg<\/td><td>28*28*43.5<\/td><\/tr><\/tbody><\/table><\/figure>","protected":false},"excerpt":{"rendered":"<p>Marmites suspendues en gros, sp\u00e9cialement con\u00e7ues pour la cuisine japonaise et cor\u00e9enne, parfaites pour les cuisines classiques telles que budae jjigae, sukiyaki, oden, kaisen nabe, etc. Compatible avec les r\u00e9chauds \u00e0 alcool, les flammes nues, les fours et autres m\u00e9thodes de chauffage, elle peut m\u00eame \u00eatre utilis\u00e9e pour le camping en plein air, r\u00e9pondant ainsi \u00e0 de nombreux besoins d'utilisation. Cette marmite suspendue est un choix id\u00e9al pour les restaurants de barbecue cor\u00e9ens et les cha\u00eenes de hot pot. N'h\u00e9sitez pas \u00e0 nous contacter pour obtenir un devis.<\/p>\n<h2>Caract\u00e9ristiques et avantages des marmites suspendues<\/h2>\n<p><strong>Poign\u00e9e incurv\u00e9e pour la suspension :<\/strong> Les poign\u00e9es robustes et ergonomiques facilitent le rangement. Convient aux restaurants sp\u00e9cialis\u00e9s et au camping en plein air.<\/p>\n<p><strong>Compatible avec diverses sources de chaleur :<\/strong> Peut \u00eatre utilis\u00e9 sur les r\u00e9chauds \u00e0 alcool, les flammes nues et les br\u00fbleurs portables. Convient \u00e0 la cuisine d'int\u00e9rieur et d'ext\u00e9rieur.<\/p>\n<p><strong>Applications de cuisson polyvalentes :<\/strong> Convient \u00e0 une grande vari\u00e9t\u00e9 de plats tels que le hot pot aux fruits de mer, le budae jjigae (rago\u00fbt de l'arm\u00e9e cor\u00e9enne), les soupes, les rago\u00fbts et m\u00eame les plats brais\u00e9s.<\/p>\n<p><strong>Facile \u00e0 nettoyer et \u00e0 entretenir :<\/strong> La surface int\u00e9rieure polie facilite le nettoyage et emp\u00eache les aliments de coller.<\/p>\n<p><strong>L'attrait de la prime :<\/strong> \u00c9l\u00e9gant et durable, il constitue un choix id\u00e9al pour les restaurants haut de gamme, les pubs japonais et les barbecues cor\u00e9ens.<\/p>","protected":false},"featured_media":5242,"comment_status":"closed","ping_status":"closed","template":"","meta":[],"product_brand":[],"product_cat":[65],"product_tag":[],"class_list":{"0":"post-5239","1":"product","2":"type-product","3":"status-publish","4":"has-post-thumbnail","6":"product_cat-dry-pot","8":"first","9":"instock","10":"shipping-taxable","11":"product-type-simple"},"_links":{"self":[{"href":"https:\/\/www.hg-cooker.com\/fr\/wp-json\/wp\/v2\/product\/5239","targetHints":{"allow":["GET"]}}],"collection":[{"href":"https:\/\/www.hg-cooker.com\/fr\/wp-json\/wp\/v2\/product"}],"about":[{"href":"https:\/\/www.hg-cooker.com\/fr\/wp-json\/wp\/v2\/types\/product"}],"replies":[{"embeddable":true,"href":"https:\/\/www.hg-cooker.com\/fr\/wp-json\/wp\/v2\/comments?post=5239"}],"wp:featuredmedia":[{"embeddable":true,"href":"https:\/\/www.hg-cooker.com\/fr\/wp-json\/wp\/v2\/media\/5242"}],"wp:attachment":[{"href":"https:\/\/www.hg-cooker.com\/fr\/wp-json\/wp\/v2\/media?parent=5239"}],"wp:term":[{"taxonomy":"product_brand","embeddable":true,"href":"https:\/\/www.hg-cooker.com\/fr\/wp-json\/wp\/v2\/product_brand?post=5239"},{"taxonomy":"product_cat","embeddable":true,"href":"https:\/\/www.hg-cooker.com\/fr\/wp-json\/wp\/v2\/product_cat?post=5239"},{"taxonomy":"product_tag","embeddable":true,"href":"https:\/\/www.hg-cooker.com\/fr\/wp-json\/wp\/v2\/product_tag?post=5239"}],"curies":[{"name":"wp","href":"https:\/\/api.w.org\/{rel}","templated":true}]}}