{"id":5223,"date":"2025-04-02T03:39:08","date_gmt":"2025-04-02T03:39:08","guid":{"rendered":"https:\/\/www.hg-cooker.com\/?post_type=product&#038;p=5223"},"modified":"2025-04-02T04:05:29","modified_gmt":"2025-04-02T04:05:29","slug":"pot-a-lait-bouillant-en-acier-inoxydable-wholesale-63","status":"publish","type":"product","link":"https:\/\/www.hg-cooker.com\/fr\/produit\/pot-a-lait-bouillant-en-acier-inoxydable-wholesale-63\/","title":{"rendered":"Grossiste Pot Budae Jjigae avec Poign\u00e9e, Pot de Fruits de Mer Bouillis, Pot Chaud"},"content":{"rendered":"<h3 class=\"wp-block-heading\">D\u00e9tails de la marmite Budae Jjigae avec poign\u00e9e<\/h3>\n\n\n\n<div class=\"wp-block-columns is-layout-flex wp-container-core-columns-is-layout-9d6595d7 wp-block-columns-is-layout-flex\">\n<div class=\"wp-block-column is-layout-flow wp-block-column-is-layout-flow\">\n<figure class=\"wp-block-image size-full\"><img fetchpriority=\"high\" decoding=\"async\" width=\"1800\" height=\"2700\" src=\"https:\/\/www.hg-cooker.com\/wp-content\/uploads\/2025\/04\/Budae-Jjigae-Pot-Details-1.webp\" alt=\"D\u00e9tails du pot Budae Jjigae (1)\" class=\"wp-image-5230\" srcset=\"https:\/\/www.hg-cooker.com\/wp-content\/uploads\/2025\/04\/Budae-Jjigae-Pot-Details-1.webp 1800w, https:\/\/www.hg-cooker.com\/wp-content\/uploads\/2025\/04\/Budae-Jjigae-Pot-Details-1-100x150.webp 100w, https:\/\/www.hg-cooker.com\/wp-content\/uploads\/2025\/04\/Budae-Jjigae-Pot-Details-1-440x660.webp 440w, https:\/\/www.hg-cooker.com\/wp-content\/uploads\/2025\/04\/Budae-Jjigae-Pot-Details-1-200x300.webp 200w, https:\/\/www.hg-cooker.com\/wp-content\/uploads\/2025\/04\/Budae-Jjigae-Pot-Details-1-768x1152.webp 768w, https:\/\/www.hg-cooker.com\/wp-content\/uploads\/2025\/04\/Budae-Jjigae-Pot-Details-1-8x12.webp 8w, https:\/\/www.hg-cooker.com\/wp-content\/uploads\/2025\/04\/Budae-Jjigae-Pot-Details-1-285x428.webp 285w, https:\/\/www.hg-cooker.com\/wp-content\/uploads\/2025\/04\/Budae-Jjigae-Pot-Details-1-1600x2400.webp 1600w\" sizes=\"(max-width: 1800px) 100vw, 1800px\" \/><\/figure>\n<\/div>\n\n\n\n<div class=\"wp-block-column is-layout-flow wp-block-column-is-layout-flow\">\n<figure class=\"wp-block-image size-full\"><img decoding=\"async\" width=\"1800\" height=\"2700\" src=\"https:\/\/www.hg-cooker.com\/wp-content\/uploads\/2025\/04\/Budae-Jjigae-Pot-Details-2.webp\" alt=\"D\u00e9tails du pot Budae Jjigae (2)\" class=\"wp-image-5231\" srcset=\"https:\/\/www.hg-cooker.com\/wp-content\/uploads\/2025\/04\/Budae-Jjigae-Pot-Details-2.webp 1800w, https:\/\/www.hg-cooker.com\/wp-content\/uploads\/2025\/04\/Budae-Jjigae-Pot-Details-2-100x150.webp 100w, https:\/\/www.hg-cooker.com\/wp-content\/uploads\/2025\/04\/Budae-Jjigae-Pot-Details-2-440x660.webp 440w, https:\/\/www.hg-cooker.com\/wp-content\/uploads\/2025\/04\/Budae-Jjigae-Pot-Details-2-200x300.webp 200w, https:\/\/www.hg-cooker.com\/wp-content\/uploads\/2025\/04\/Budae-Jjigae-Pot-Details-2-768x1152.webp 768w, https:\/\/www.hg-cooker.com\/wp-content\/uploads\/2025\/04\/Budae-Jjigae-Pot-Details-2-8x12.webp 8w, https:\/\/www.hg-cooker.com\/wp-content\/uploads\/2025\/04\/Budae-Jjigae-Pot-Details-2-285x428.webp 285w, https:\/\/www.hg-cooker.com\/wp-content\/uploads\/2025\/04\/Budae-Jjigae-Pot-Details-2-1600x2400.webp 1600w\" sizes=\"(max-width: 1800px) 100vw, 1800px\" \/><\/figure>\n<\/div>\n<\/div>\n\n\n\n<h3 class=\"wp-block-heading\">Param\u00e8tres du pot Budae Jjigae avec poign\u00e9e<\/h3>\n\n\n\n<figure class=\"wp-block-table\"><table class=\"has-fixed-layout\"><tbody><tr><td>Nom du produit<\/td><td>Taille&nbsp;<\/td><td>Mat\u00e9riau<\/td><td>PCS\/CTN<\/td><td>Poids (kg)<\/td><td>Taille du carton<\/td><\/tr><tr><td rowspan=\"2\">Pot Budae Jjigae avec poign\u00e9e<\/td><td>26CM<\/td><td>Acier inoxydable tripl\u00e9&nbsp;<\/td><td>10<\/td><td>12kg<\/td><td>36*34*34<\/td><\/tr><tr><td>28CM<\/td><td>Acier inoxydable tripl\u00e9&nbsp;<\/td><td>10<\/td><td>13,2 kg<\/td><td>35*34.5*39<\/td><\/tr><\/tbody><\/table><\/figure>","protected":false},"excerpt":{"rendered":"<p>La marmite Budae Jjigae en gros convient \u00e0 la cuisson d'une vari\u00e9t\u00e9 de hot pots, de marmites et de rago\u00fbts, en particulier pour la pr\u00e9paration de la marmite de l'arm\u00e9e cor\u00e9enne et de la marmite de fruits de mer. Grande capacit\u00e9, convient aux r\u00e9unions de famille ou \u00e0 un usage commercial, comme les restaurants et les restaurants de hot pot. N'h\u00e9sitez pas \u00e0 nous contacter pour obtenir un devis.<\/p>\n<h2>Caract\u00e9ristiques et avantages de la marmite Budae Jjigae avec poign\u00e9e<\/h2>\n<p><strong>Cuisine polyvalente :<\/strong> Cette marmite est id\u00e9ale pour cuisiner une grande vari\u00e9t\u00e9 de plats, notamment le Budae Jjigae, le bouillon de fruits de mer, le hot pot, les rago\u00fbts et les soupes, parfaits pour la cuisine cor\u00e9enne traditionnelle et d'autres cuisines asiatiques.<\/p>\n<p><strong>Poign\u00e9e pratique :<\/strong> La poign\u00e9e ergonomique facilite le transport et le service, en particulier lors de la manipulation d'ingr\u00e9dients chauds et lourds, garantissant ainsi s\u00e9curit\u00e9 et confort pendant la cuisson et le service.<\/p>\n<p><strong>Construction durable :<\/strong> Fabriqu\u00e9e \u00e0 partir de mat\u00e9riaux de haute qualit\u00e9, cette marmite Budae Jjigae peut r\u00e9sister \u00e0 des temp\u00e9ratures \u00e9lev\u00e9es et \u00e0 une utilisation prolong\u00e9e, ce qui lui conf\u00e8re une longue dur\u00e9e de vie dans les cuisines domestiques et commerciales.<\/p>\n<p><strong>Grande taille :<\/strong> Gr\u00e2ce \u00e0 sa grande capacit\u00e9, cette marmite est parfaite pour la cuisson de grandes quantit\u00e9s, ce qui en fait un excellent choix pour les r\u00e9unions de famille, les f\u00eates ou l'utilisation commerciale dans les restaurants et les lieux o\u00f9 l'on sert des plats chauds.<\/p>\n<p><strong>Prix de gros :<\/strong> Ce produit se concentre sur les ventes en gros, ce qui est parfait pour les restaurants, les grossistes et les d\u00e9taillants.<\/p>","protected":false},"featured_media":5232,"comment_status":"closed","ping_status":"closed","template":"","meta":[],"product_brand":[],"product_cat":[65],"product_tag":[],"class_list":{"0":"post-5223","1":"product","2":"type-product","3":"status-publish","4":"has-post-thumbnail","6":"product_cat-dry-pot","8":"first","9":"instock","10":"shipping-taxable","11":"product-type-simple"},"_links":{"self":[{"href":"https:\/\/www.hg-cooker.com\/fr\/wp-json\/wp\/v2\/product\/5223","targetHints":{"allow":["GET"]}}],"collection":[{"href":"https:\/\/www.hg-cooker.com\/fr\/wp-json\/wp\/v2\/product"}],"about":[{"href":"https:\/\/www.hg-cooker.com\/fr\/wp-json\/wp\/v2\/types\/product"}],"replies":[{"embeddable":true,"href":"https:\/\/www.hg-cooker.com\/fr\/wp-json\/wp\/v2\/comments?post=5223"}],"wp:featuredmedia":[{"embeddable":true,"href":"https:\/\/www.hg-cooker.com\/fr\/wp-json\/wp\/v2\/media\/5232"}],"wp:attachment":[{"href":"https:\/\/www.hg-cooker.com\/fr\/wp-json\/wp\/v2\/media?parent=5223"}],"wp:term":[{"taxonomy":"product_brand","embeddable":true,"href":"https:\/\/www.hg-cooker.com\/fr\/wp-json\/wp\/v2\/product_brand?post=5223"},{"taxonomy":"product_cat","embeddable":true,"href":"https:\/\/www.hg-cooker.com\/fr\/wp-json\/wp\/v2\/product_cat?post=5223"},{"taxonomy":"product_tag","embeddable":true,"href":"https:\/\/www.hg-cooker.com\/fr\/wp-json\/wp\/v2\/product_tag?post=5223"}],"curies":[{"name":"wp","href":"https:\/\/api.w.org\/{rel}","templated":true}]}}