{"id":5214,"date":"2025-04-02T03:02:32","date_gmt":"2025-04-02T03:02:32","guid":{"rendered":"https:\/\/www.hg-cooker.com\/?post_type=product&#038;p=5214"},"modified":"2025-04-02T03:38:33","modified_gmt":"2025-04-02T03:38:33","slug":"pot-a-lait-bouillant-en-acier-inoxydable-wholesale-62","status":"publish","type":"product","link":"https:\/\/www.hg-cooker.com\/fr\/produit\/pot-a-lait-bouillant-en-acier-inoxydable-wholesale-62\/","title":{"rendered":"Wholesale Japanese Lotus Leaf Dry Pot, Sukiyaki Pot\uff0cSeafood Hot Pot, Convient pour les cuisini\u00e8res \u00e0 alcool et les cuisini\u00e8res \u00e0 induction"},"content":{"rendered":"<h3 class=\"wp-block-heading\">D\u00e9tails de Pot sec de feuilles de lotus japonais<\/h3>\n\n\n\n<div class=\"wp-block-columns is-layout-flex wp-container-core-columns-is-layout-9d6595d7 wp-block-columns-is-layout-flex\">\n<div class=\"wp-block-column is-layout-flow wp-block-column-is-layout-flow\">\n<figure class=\"wp-block-image size-full\"><img fetchpriority=\"high\" decoding=\"async\" width=\"1800\" height=\"2700\" src=\"https:\/\/www.hg-cooker.com\/wp-content\/uploads\/2025\/04\/Japanese-Lotus-Leaf-Dry-Pot-Details-1.webp\" alt=\"Feuille de lotus japonais en pot sec D\u00e9tails (1)\" class=\"wp-image-5221\" srcset=\"https:\/\/www.hg-cooker.com\/wp-content\/uploads\/2025\/04\/Japanese-Lotus-Leaf-Dry-Pot-Details-1.webp 1800w, https:\/\/www.hg-cooker.com\/wp-content\/uploads\/2025\/04\/Japanese-Lotus-Leaf-Dry-Pot-Details-1-100x150.webp 100w, https:\/\/www.hg-cooker.com\/wp-content\/uploads\/2025\/04\/Japanese-Lotus-Leaf-Dry-Pot-Details-1-440x660.webp 440w, https:\/\/www.hg-cooker.com\/wp-content\/uploads\/2025\/04\/Japanese-Lotus-Leaf-Dry-Pot-Details-1-200x300.webp 200w, https:\/\/www.hg-cooker.com\/wp-content\/uploads\/2025\/04\/Japanese-Lotus-Leaf-Dry-Pot-Details-1-768x1152.webp 768w, https:\/\/www.hg-cooker.com\/wp-content\/uploads\/2025\/04\/Japanese-Lotus-Leaf-Dry-Pot-Details-1-8x12.webp 8w, https:\/\/www.hg-cooker.com\/wp-content\/uploads\/2025\/04\/Japanese-Lotus-Leaf-Dry-Pot-Details-1-285x428.webp 285w, https:\/\/www.hg-cooker.com\/wp-content\/uploads\/2025\/04\/Japanese-Lotus-Leaf-Dry-Pot-Details-1-1600x2400.webp 1600w\" sizes=\"(max-width: 1800px) 100vw, 1800px\" \/><\/figure>\n<\/div>\n\n\n\n<div class=\"wp-block-column is-layout-flow wp-block-column-is-layout-flow\">\n<figure class=\"wp-block-image size-full\"><img decoding=\"async\" width=\"1800\" height=\"2700\" src=\"https:\/\/www.hg-cooker.com\/wp-content\/uploads\/2025\/04\/Japanese-Lotus-Leaf-Dry-Pot-Details-2.webp\" alt=\"Feuille de lotus japonais en pot sec D\u00e9tails (2)\" class=\"wp-image-5222\" srcset=\"https:\/\/www.hg-cooker.com\/wp-content\/uploads\/2025\/04\/Japanese-Lotus-Leaf-Dry-Pot-Details-2.webp 1800w, https:\/\/www.hg-cooker.com\/wp-content\/uploads\/2025\/04\/Japanese-Lotus-Leaf-Dry-Pot-Details-2-100x150.webp 100w, https:\/\/www.hg-cooker.com\/wp-content\/uploads\/2025\/04\/Japanese-Lotus-Leaf-Dry-Pot-Details-2-440x660.webp 440w, https:\/\/www.hg-cooker.com\/wp-content\/uploads\/2025\/04\/Japanese-Lotus-Leaf-Dry-Pot-Details-2-200x300.webp 200w, https:\/\/www.hg-cooker.com\/wp-content\/uploads\/2025\/04\/Japanese-Lotus-Leaf-Dry-Pot-Details-2-768x1152.webp 768w, https:\/\/www.hg-cooker.com\/wp-content\/uploads\/2025\/04\/Japanese-Lotus-Leaf-Dry-Pot-Details-2-8x12.webp 8w, https:\/\/www.hg-cooker.com\/wp-content\/uploads\/2025\/04\/Japanese-Lotus-Leaf-Dry-Pot-Details-2-285x428.webp 285w, https:\/\/www.hg-cooker.com\/wp-content\/uploads\/2025\/04\/Japanese-Lotus-Leaf-Dry-Pot-Details-2-1600x2400.webp 1600w\" sizes=\"(max-width: 1800px) 100vw, 1800px\" \/><\/figure>\n<\/div>\n<\/div>\n\n\n\n<h3 class=\"wp-block-heading\">Param\u00e8tres de la feuille de lotus japonais en pot sec<\/h3>\n\n\n\n<figure class=\"wp-block-table\"><table class=\"has-fixed-layout\"><tbody><tr><td>Nom du produit<\/td><td>Taille&nbsp;<\/td><td>Mat\u00e9riau<\/td><td>PCS\/CTN<\/td><td>Poids (kg)<\/td><td>Taille du carton<\/td><\/tr><tr><td rowspan=\"3\">Feuille de lotus japonais en pot sec<\/td><td>18CM<\/td><td>Acier inoxydable tripl\u00e9&nbsp;<\/td><td>20<\/td><td>11,2 kg<\/td><td>24*24*22<\/td><\/tr><tr><td>22CM<\/td><td>Acier inoxydable tripl\u00e9&nbsp;<\/td><td>20<\/td><td>15,7 kg<\/td><td>29*29*26<\/td><\/tr><tr><td>26CM<\/td><td>Acier inoxydable tripl\u00e9&nbsp;<\/td><td>20<\/td><td>19 kg<\/td><td>31*31*27.5<\/td><\/tr><\/tbody><\/table><\/figure>","protected":false},"excerpt":{"rendered":"<p>La marmite japonaise \u00e0 feuilles de lotus imite la beaut\u00e9 naturelle des feuilles de lotus. Fabriqu\u00e9e en acier inoxydable de haute qualit\u00e9, elle conserve parfaitement la chaleur et a un effet de chauffage uniforme, c'est un choix id\u00e9al pour les saut\u00e9s, la cuisson des fruits de mer, les pots chauds.<\/p>\n<h2>Caract\u00e9ristiques et avantages de la feuille de lotus japonais en pot sec<\/h2>\n<p><strong>Design esth\u00e9tique unique :<\/strong> L'aspect de la feuille de lotus lui conf\u00e8re une allure japonaise \u00e9l\u00e9gante et traditionnelle, qui rehausse l'exp\u00e9rience gastronomique et convient parfaitement \u00e0 un usage dans un restaurant.<\/p>\n<p><strong>Mat\u00e9riaux de haute qualit\u00e9 et durabilit\u00e9 :<\/strong> Fabriqu\u00e9 en acier inoxydable triple de haute qualit\u00e9, il est martel\u00e9 pour garantir une structure durable et offre une excellente r\u00e9tention de la chaleur ainsi qu'une distribution uniforme de la chaleur.<\/p>\n<p><strong>Plusieurs options de taille :<\/strong> Cette marmite s\u00e8che est disponible en plusieurs tailles, de 18 \u00e0 26 cm, pour r\u00e9pondre aux besoins de portions vari\u00e9es, qu'il s'agisse de portions individuelles ou de grands groupes.<\/p>\n<p><strong>Id\u00e9al pour la vente en gros et la personnalisation :<\/strong> Il prend en charge la personnalisation OEM et ODM, permettant le marquage, l'ajustement de la taille et la gravure de logos, et propose des prix d'usine, ce qui en fait un excellent choix pour les restaurants, les h\u00f4tels, les soci\u00e9t\u00e9s de restauration et les d\u00e9taillants d'ustensiles de cuisine.<\/p>","protected":false},"featured_media":5215,"comment_status":"closed","ping_status":"closed","template":"","meta":[],"product_brand":[],"product_cat":[65],"product_tag":[],"class_list":{"0":"post-5214","1":"product","2":"type-product","3":"status-publish","4":"has-post-thumbnail","6":"product_cat-dry-pot","8":"first","9":"instock","10":"shipping-taxable","11":"product-type-simple"},"_links":{"self":[{"href":"https:\/\/www.hg-cooker.com\/fr\/wp-json\/wp\/v2\/product\/5214","targetHints":{"allow":["GET"]}}],"collection":[{"href":"https:\/\/www.hg-cooker.com\/fr\/wp-json\/wp\/v2\/product"}],"about":[{"href":"https:\/\/www.hg-cooker.com\/fr\/wp-json\/wp\/v2\/types\/product"}],"replies":[{"embeddable":true,"href":"https:\/\/www.hg-cooker.com\/fr\/wp-json\/wp\/v2\/comments?post=5214"}],"wp:featuredmedia":[{"embeddable":true,"href":"https:\/\/www.hg-cooker.com\/fr\/wp-json\/wp\/v2\/media\/5215"}],"wp:attachment":[{"href":"https:\/\/www.hg-cooker.com\/fr\/wp-json\/wp\/v2\/media?parent=5214"}],"wp:term":[{"taxonomy":"product_brand","embeddable":true,"href":"https:\/\/www.hg-cooker.com\/fr\/wp-json\/wp\/v2\/product_brand?post=5214"},{"taxonomy":"product_cat","embeddable":true,"href":"https:\/\/www.hg-cooker.com\/fr\/wp-json\/wp\/v2\/product_cat?post=5214"},{"taxonomy":"product_tag","embeddable":true,"href":"https:\/\/www.hg-cooker.com\/fr\/wp-json\/wp\/v2\/product_tag?post=5214"}],"curies":[{"name":"wp","href":"https:\/\/api.w.org\/{rel}","templated":true}]}}