{"id":5204,"date":"2025-04-02T02:38:05","date_gmt":"2025-04-02T02:38:05","guid":{"rendered":"https:\/\/www.hg-cooker.com\/?post_type=product&#038;p=5204"},"modified":"2025-04-02T03:02:02","modified_gmt":"2025-04-02T03:02:02","slug":"pot-a-lait-bouillant-en-acier-inoxydable-wholesale-61","status":"publish","type":"product","link":"https:\/\/www.hg-cooker.com\/fr\/produit\/pot-a-lait-bouillant-en-acier-inoxydable-wholesale-61\/","title":{"rendered":"Wholesale Thai Style Dry Pot, Quick Cooking Pot, Seafood Pot\uff0cSuitable for Alcohol Stoves and Induction Cookers"},"content":{"rendered":"<h3 class=\"wp-block-heading\">D\u00e9tails de la marmite s\u00e8che \u00e0 la tha\u00eflandaise<\/h3>\n\n\n\n<div class=\"wp-block-columns is-layout-flex wp-container-core-columns-is-layout-9d6595d7 wp-block-columns-is-layout-flex\">\n<div class=\"wp-block-column is-layout-flow wp-block-column-is-layout-flow\">\n<figure class=\"wp-block-image size-full\"><img fetchpriority=\"high\" decoding=\"async\" width=\"1600\" height=\"2400\" src=\"https:\/\/www.hg-cooker.com\/wp-content\/uploads\/2025\/04\/Thai-Style-Dry-Pot-Details-1.webp\" alt=\"D\u00e9tails de la marmite s\u00e8che \u00e0 la tha\u00eflandaise (1)\" class=\"wp-image-5205\" srcset=\"https:\/\/www.hg-cooker.com\/wp-content\/uploads\/2025\/04\/Thai-Style-Dry-Pot-Details-1.webp 1600w, https:\/\/www.hg-cooker.com\/wp-content\/uploads\/2025\/04\/Thai-Style-Dry-Pot-Details-1-100x150.webp 100w, https:\/\/www.hg-cooker.com\/wp-content\/uploads\/2025\/04\/Thai-Style-Dry-Pot-Details-1-440x660.webp 440w, https:\/\/www.hg-cooker.com\/wp-content\/uploads\/2025\/04\/Thai-Style-Dry-Pot-Details-1-200x300.webp 200w, https:\/\/www.hg-cooker.com\/wp-content\/uploads\/2025\/04\/Thai-Style-Dry-Pot-Details-1-768x1152.webp 768w, https:\/\/www.hg-cooker.com\/wp-content\/uploads\/2025\/04\/Thai-Style-Dry-Pot-Details-1-8x12.webp 8w, https:\/\/www.hg-cooker.com\/wp-content\/uploads\/2025\/04\/Thai-Style-Dry-Pot-Details-1-285x428.webp 285w\" sizes=\"(max-width: 1600px) 100vw, 1600px\" \/><\/figure>\n<\/div>\n\n\n\n<div class=\"wp-block-column is-layout-flow wp-block-column-is-layout-flow\">\n<figure class=\"wp-block-image size-full\"><img decoding=\"async\" width=\"1600\" height=\"2400\" src=\"https:\/\/www.hg-cooker.com\/wp-content\/uploads\/2025\/04\/Thai-Style-Dry-Pot-Details-2.webp\" alt=\"D\u00e9tails de la marmite s\u00e8che \u00e0 la tha\u00eflandaise (2)\" class=\"wp-image-5206\" srcset=\"https:\/\/www.hg-cooker.com\/wp-content\/uploads\/2025\/04\/Thai-Style-Dry-Pot-Details-2.webp 1600w, https:\/\/www.hg-cooker.com\/wp-content\/uploads\/2025\/04\/Thai-Style-Dry-Pot-Details-2-100x150.webp 100w, https:\/\/www.hg-cooker.com\/wp-content\/uploads\/2025\/04\/Thai-Style-Dry-Pot-Details-2-440x660.webp 440w, https:\/\/www.hg-cooker.com\/wp-content\/uploads\/2025\/04\/Thai-Style-Dry-Pot-Details-2-200x300.webp 200w, https:\/\/www.hg-cooker.com\/wp-content\/uploads\/2025\/04\/Thai-Style-Dry-Pot-Details-2-768x1152.webp 768w, https:\/\/www.hg-cooker.com\/wp-content\/uploads\/2025\/04\/Thai-Style-Dry-Pot-Details-2-8x12.webp 8w, https:\/\/www.hg-cooker.com\/wp-content\/uploads\/2025\/04\/Thai-Style-Dry-Pot-Details-2-285x428.webp 285w\" sizes=\"(max-width: 1600px) 100vw, 1600px\" \/><\/figure>\n<\/div>\n<\/div>\n\n\n\n<h3 class=\"wp-block-heading\">Param\u00e8tres de la marmite s\u00e8che \u00e0 la tha\u00eflandaise<\/h3>\n\n\n\n<figure class=\"wp-block-table\"><table class=\"has-fixed-layout\"><tbody><tr><td>Nom du produit<\/td><td>Taille&nbsp;<\/td><td>Mat\u00e9riau<\/td><td>PCS\/CTN<\/td><td>Poids (kg)<\/td><td>Taille du carton<\/td><\/tr><tr><td rowspan=\"6\">Pot \u00e0 sec de style tha\u00eflandais \u00e0 texture de flocon de neige avec poign\u00e9e<\/td><td>18CM<\/td><td>Acier inoxydable tripl\u00e9&nbsp;<\/td><td>20<\/td><td>11,4 kg<\/td><td>41.5*23*27.5<\/td><\/tr><tr><td>20CM<\/td><td>Acier inoxydable tripl\u00e9&nbsp;<\/td><td>20<\/td><td>13,4 kg<\/td><td>45*24.5*30<\/td><\/tr><tr><td>22CM<\/td><td>Acier inoxydable tripl\u00e9&nbsp;<\/td><td>20<\/td><td>16 kg<\/td><td>53*27*31<\/td><\/tr><tr><td>24CM<\/td><td>Acier inoxydable tripl\u00e9&nbsp;<\/td><td>20<\/td><td>18,8 kg<\/td><td>59*29.5*33<\/td><\/tr><tr><td>26CM<\/td><td>Acier inoxydable tripl\u00e9&nbsp;<\/td><td>20<\/td><td>21,4 kg<\/td><td>67.5*34*31.5<\/td><\/tr><tr><td>28CM<\/td><td>Acier inoxydable tripl\u00e9&nbsp;<\/td><td>20<\/td><td>24,8 kg<\/td><td>61.5*32*35.5<\/td><\/tr><\/tbody><\/table><\/figure>","protected":false},"excerpt":{"rendered":"<p>Notre pot \u00e0 sec de style tha\u00eflandais de qualit\u00e9 sup\u00e9rieure est disponible dans une vari\u00e9t\u00e9 de tailles et est fabriqu\u00e9 en triple acier inoxydable, ce qui garantit une excellente distribution de la chaleur et une grande durabilit\u00e9. Convient aux cuisini\u00e8res \u00e0 gaz, aux cuisini\u00e8res \u00e0 induction et aux flammes nues. Id\u00e9ale pour la cuisson des fruits de mer, de la viande et des l\u00e9gumes. Support oem et odm, contactez-nous pour un devis.<\/p>\n<h2>Caract\u00e9ristiques et avantages de la marmite s\u00e8che \u00e0 la tha\u00eflandaise<\/h2>\n<p><strong>Un design beau et pratique :<\/strong> Avec sa belle surface martel\u00e9e et sa poign\u00e9e dor\u00e9e, il est plus esth\u00e9tique et plus facile \u00e0 tenir, ce qui am\u00e9liore l'exp\u00e9rience culinaire.<\/p>\n<p><strong>Fonctions de cuisson polyvalentes :<\/strong> Adapt\u00e9e aux cuisini\u00e8res \u00e0 induction, aux plaques de cuisson \u00e0 gaz et aux flammes, elle convient aussi bien \u00e0 la maison qu'au restaurant.<\/p>\n<p><strong>Chauffage efficace :<\/strong> Il est capable de chauffer rapidement, ce qui r\u00e9duit le temps de cuisson et le rend plus efficace pour cuisiner des aliments d\u00e9licieux.<\/p>\n<p><strong>Plusieurs options de taille :<\/strong> Nous proposons diff\u00e9rentes tailles, de 18 \u00e0 28 cm, pour r\u00e9pondre aux besoins des cuisines domestiques et des restaurants.<\/p>\n<p><strong>Services OEM et ODM :<\/strong> Ils peuvent \u00eatre personnalis\u00e9s (OEM et ODM), y compris en termes de taille et d'impression de logo, ce qui en fait un excellent choix pour les restaurants, les h\u00f4tels, les soci\u00e9t\u00e9s de restauration et les d\u00e9taillants d'ustensiles de cuisine.<\/p>","protected":false},"featured_media":5207,"comment_status":"closed","ping_status":"closed","template":"","meta":[],"product_brand":[],"product_cat":[65],"product_tag":[],"class_list":{"0":"post-5204","1":"product","2":"type-product","3":"status-publish","4":"has-post-thumbnail","6":"product_cat-dry-pot","8":"first","9":"instock","10":"shipping-taxable","11":"product-type-simple"},"_links":{"self":[{"href":"https:\/\/www.hg-cooker.com\/fr\/wp-json\/wp\/v2\/product\/5204","targetHints":{"allow":["GET"]}}],"collection":[{"href":"https:\/\/www.hg-cooker.com\/fr\/wp-json\/wp\/v2\/product"}],"about":[{"href":"https:\/\/www.hg-cooker.com\/fr\/wp-json\/wp\/v2\/types\/product"}],"replies":[{"embeddable":true,"href":"https:\/\/www.hg-cooker.com\/fr\/wp-json\/wp\/v2\/comments?post=5204"}],"wp:featuredmedia":[{"embeddable":true,"href":"https:\/\/www.hg-cooker.com\/fr\/wp-json\/wp\/v2\/media\/5207"}],"wp:attachment":[{"href":"https:\/\/www.hg-cooker.com\/fr\/wp-json\/wp\/v2\/media?parent=5204"}],"wp:term":[{"taxonomy":"product_brand","embeddable":true,"href":"https:\/\/www.hg-cooker.com\/fr\/wp-json\/wp\/v2\/product_brand?post=5204"},{"taxonomy":"product_cat","embeddable":true,"href":"https:\/\/www.hg-cooker.com\/fr\/wp-json\/wp\/v2\/product_cat?post=5204"},{"taxonomy":"product_tag","embeddable":true,"href":"https:\/\/www.hg-cooker.com\/fr\/wp-json\/wp\/v2\/product_tag?post=5204"}],"curies":[{"name":"wp","href":"https:\/\/api.w.org\/{rel}","templated":true}]}}