{"id":5187,"date":"2025-04-01T14:39:59","date_gmt":"2025-04-01T14:39:59","guid":{"rendered":"https:\/\/www.hg-cooker.com\/?post_type=product&#038;p=5187"},"modified":"2025-04-01T15:36:26","modified_gmt":"2025-04-01T15:36:26","slug":"pot-a-lait-bouillant-en-acier-inoxydable-wholesale-59","status":"publish","type":"product","link":"https:\/\/www.hg-cooker.com\/fr\/produit\/pot-a-lait-bouillant-en-acier-inoxydable-wholesale-59\/","title":{"rendered":"Pot \u00e0 sec japonais en gros avec poign\u00e9e facile \u00e0 saisir, pot \u00e0 feu, pot Oden, rago\u00fbt de l'arm\u00e9e"},"content":{"rendered":"<h3 class=\"wp-block-heading\">D\u00e9tails du pot \u00e0 sec japonais avec poign\u00e9e facile \u00e0 saisir<\/h3>\n\n\n\n<div class=\"wp-block-columns is-layout-flex wp-container-core-columns-is-layout-9d6595d7 wp-block-columns-is-layout-flex\">\n<div class=\"wp-block-column is-layout-flow wp-block-column-is-layout-flow\">\n<figure class=\"wp-block-image size-full\"><img fetchpriority=\"high\" decoding=\"async\" width=\"1300\" height=\"1706\" src=\"https:\/\/www.hg-cooker.com\/wp-content\/uploads\/2025\/04\/Japanese-Dry-Pot-Details-1-1.webp\" alt=\"D\u00e9tails du pot sec japonais (1)\" class=\"wp-image-5194\" srcset=\"https:\/\/www.hg-cooker.com\/wp-content\/uploads\/2025\/04\/Japanese-Dry-Pot-Details-1-1.webp 1300w, https:\/\/www.hg-cooker.com\/wp-content\/uploads\/2025\/04\/Japanese-Dry-Pot-Details-1-1-114x150.webp 114w, https:\/\/www.hg-cooker.com\/wp-content\/uploads\/2025\/04\/Japanese-Dry-Pot-Details-1-1-503x660.webp 503w, https:\/\/www.hg-cooker.com\/wp-content\/uploads\/2025\/04\/Japanese-Dry-Pot-Details-1-1-229x300.webp 229w, https:\/\/www.hg-cooker.com\/wp-content\/uploads\/2025\/04\/Japanese-Dry-Pot-Details-1-1-768x1008.webp 768w, https:\/\/www.hg-cooker.com\/wp-content\/uploads\/2025\/04\/Japanese-Dry-Pot-Details-1-1-9x12.webp 9w, https:\/\/www.hg-cooker.com\/wp-content\/uploads\/2025\/04\/Japanese-Dry-Pot-Details-1-1-285x374.webp 285w\" sizes=\"(max-width: 1300px) 100vw, 1300px\" \/><\/figure>\n<\/div>\n\n\n\n<div class=\"wp-block-column is-layout-flow wp-block-column-is-layout-flow\">\n<figure class=\"wp-block-image size-full\"><img decoding=\"async\" width=\"1300\" height=\"1706\" src=\"https:\/\/www.hg-cooker.com\/wp-content\/uploads\/2025\/04\/Japanese-Dry-Pot-Details-2-1.webp\" alt=\"D\u00e9tails du pot sec japonais (2)\" class=\"wp-image-5195\" srcset=\"https:\/\/www.hg-cooker.com\/wp-content\/uploads\/2025\/04\/Japanese-Dry-Pot-Details-2-1.webp 1300w, https:\/\/www.hg-cooker.com\/wp-content\/uploads\/2025\/04\/Japanese-Dry-Pot-Details-2-1-114x150.webp 114w, https:\/\/www.hg-cooker.com\/wp-content\/uploads\/2025\/04\/Japanese-Dry-Pot-Details-2-1-503x660.webp 503w, https:\/\/www.hg-cooker.com\/wp-content\/uploads\/2025\/04\/Japanese-Dry-Pot-Details-2-1-229x300.webp 229w, https:\/\/www.hg-cooker.com\/wp-content\/uploads\/2025\/04\/Japanese-Dry-Pot-Details-2-1-768x1008.webp 768w, https:\/\/www.hg-cooker.com\/wp-content\/uploads\/2025\/04\/Japanese-Dry-Pot-Details-2-1-9x12.webp 9w, https:\/\/www.hg-cooker.com\/wp-content\/uploads\/2025\/04\/Japanese-Dry-Pot-Details-2-1-285x374.webp 285w\" sizes=\"(max-width: 1300px) 100vw, 1300px\" \/><\/figure>\n<\/div>\n<\/div>\n\n\n\n<h3 class=\"wp-block-heading\">Param\u00e8tres du pot sec japonais<\/h3>\n\n\n\n<figure class=\"wp-block-table\"><table class=\"has-fixed-layout\"><tbody><tr><td>Nom du produit<\/td><td>Taille&nbsp;<\/td><td>Mat\u00e9riau<\/td><td>PCS\/CTN<\/td><td>Poids (kg)<\/td><td>Taille du carton<\/td><\/tr><tr><td rowspan=\"6\">Pot \u00e0 sec japonais avec poign\u00e9e facile \u00e0 saisir<\/td><td>18CM<\/td><td>Acier inoxydable tripl\u00e9&nbsp;<\/td><td>20<\/td><td>11,4 kg<\/td><td>41.5*23*27.5<\/td><\/tr><tr><td>20CM<\/td><td>Acier inoxydable tripl\u00e9&nbsp;<\/td><td>20<\/td><td>13 kg<\/td><td>45*24.5*30<\/td><\/tr><tr><td>22CM<\/td><td>Acier inoxydable tripl\u00e9&nbsp;<\/td><td>20<\/td><td>16 kg<\/td><td>53*27*31<\/td><\/tr><tr><td>24CM<\/td><td>Acier inoxydable tripl\u00e9&nbsp;<\/td><td>20<\/td><td>18kg<\/td><td>59*29.5*33<\/td><\/tr><tr><td>26CM<\/td><td>Acier inoxydable tripl\u00e9&nbsp;<\/td><td>20<\/td><td>21 kg<\/td><td>67.5*34*31.5<\/td><\/tr><tr><td>28CM<\/td><td>Acier inoxydable tripl\u00e9&nbsp;<\/td><td>20<\/td><td>24,2 kg<\/td><td>61.5*32*35.5<\/td><\/tr><\/tbody><\/table><\/figure>\n\n\n\n<div class=\"wp-block-columns is-layout-flex wp-container-core-columns-is-layout-9d6595d7 wp-block-columns-is-layout-flex\">\n<div class=\"wp-block-column is-layout-flow wp-block-column-is-layout-flow\"><\/div>\n\n\n\n<div class=\"wp-block-column is-layout-flow wp-block-column-is-layout-flow\"><\/div>\n\n\n\n<div class=\"wp-block-column is-layout-flow wp-block-column-is-layout-flow\"><\/div>\n<\/div>\n\n\n\n<div class=\"wp-block-columns is-layout-flex wp-container-core-columns-is-layout-9d6595d7 wp-block-columns-is-layout-flex\">\n<div class=\"wp-block-column is-layout-flow wp-block-column-is-layout-flow\"><\/div>\n\n\n\n<div class=\"wp-block-column is-layout-flow wp-block-column-is-layout-flow\"><\/div>\n\n\n\n<div class=\"wp-block-column is-layout-flow wp-block-column-is-layout-flow\"><\/div>\n<\/div>\n\n\n\n<div class=\"wp-block-columns is-layout-flex wp-container-core-columns-is-layout-9d6595d7 wp-block-columns-is-layout-flex\">\n<div class=\"wp-block-column is-layout-flow wp-block-column-is-layout-flow\"><\/div>\n\n\n\n<div class=\"wp-block-column is-layout-flow wp-block-column-is-layout-flow\"><\/div>\n\n\n\n<div class=\"wp-block-column is-layout-flow wp-block-column-is-layout-flow\"><\/div>\n<\/div>\n\n\n\n<div class=\"wp-block-columns is-layout-flex wp-container-core-columns-is-layout-9d6595d7 wp-block-columns-is-layout-flex\">\n<div class=\"wp-block-column is-layout-flow wp-block-column-is-layout-flow\"><\/div>\n\n\n\n<div class=\"wp-block-column is-layout-flow wp-block-column-is-layout-flow\"><\/div>\n\n\n\n<div class=\"wp-block-column is-layout-flow wp-block-column-is-layout-flow\"><\/div>\n<\/div>\n\n\n\n<div class=\"wp-block-columns is-layout-flex wp-container-core-columns-is-layout-9d6595d7 wp-block-columns-is-layout-flex\">\n<div class=\"wp-block-column is-layout-flow wp-block-column-is-layout-flow\"><\/div>\n\n\n\n<div class=\"wp-block-column is-layout-flow wp-block-column-is-layout-flow\"><\/div>\n\n\n\n<div class=\"wp-block-column is-layout-flow wp-block-column-is-layout-flow\"><\/div>\n<\/div>\n\n\n\n<div class=\"wp-block-columns is-layout-flex wp-container-core-columns-is-layout-9d6595d7 wp-block-columns-is-layout-flex\">\n<div class=\"wp-block-column is-layout-flow wp-block-column-is-layout-flow\"><\/div>\n\n\n\n<div class=\"wp-block-column is-layout-flow wp-block-column-is-layout-flow\"><\/div>\n\n\n\n<div class=\"wp-block-column is-layout-flow wp-block-column-is-layout-flow\"><\/div>\n<\/div>\n\n\n\n<div class=\"wp-block-columns is-layout-flex wp-container-core-columns-is-layout-9d6595d7 wp-block-columns-is-layout-flex\">\n<div class=\"wp-block-column is-layout-flow wp-block-column-is-layout-flow\"><\/div>\n\n\n\n<div class=\"wp-block-column is-layout-flow wp-block-column-is-layout-flow\"><\/div>\n\n\n\n<div class=\"wp-block-column is-layout-flow wp-block-column-is-layout-flow\"><\/div>\n<\/div>","protected":false},"excerpt":{"rendered":"<p>Pot \u00e0 sec japonais en gros, acier composite \u00e0 trois couches s\u00e9lectionn\u00e9, conception g\u00e9n\u00e9rale \u00e9paissie pour r\u00e9sister \u00e0 la d\u00e9formation, convient pour la friture, le rago\u00fbt et d'autres sc\u00e9narios de cuisson, fournit une vari\u00e9t\u00e9 de sp\u00e9cifications \u00e0 choisir, prend en charge OEM et ODM, contactez-nous pour un devis.<\/p>\n<h2>Caract\u00e9ristiques et avantages du pot sec japonais\u00a0<\/h2>\n<p><strong>Couche comestible en acier inoxydable 304 :<\/strong> La couche int\u00e9rieure du pot sec qui entre directement en contact avec les ingr\u00e9dients est fabriqu\u00e9e en acier inoxydable SUS304 de qualit\u00e9 alimentaire et a obtenu la certification internationale de s\u00e9curit\u00e9 alimentaire.<\/p>\n<p><strong>Apparence exquise :<\/strong> La couche ext\u00e9rieure est en acier inoxydable 430 avec un motif de marteau unique, ce qui renforce consid\u00e9rablement la sensation visuelle de luxe, et la structure concave et convexe peut r\u00e9duire efficacement l'apparence des rayures.<\/p>\n<p><strong>Conduction rapide de la chaleur :<\/strong> Fabriqu\u00e9 en acier inoxydable \u00e0 trois couches. Cette \"structure en sandwich\" permet \u00e0 la chaleur de se diffuser rapidement du fond de la casserole vers la paroi, ce qui est 60% plus efficace qu'une casserole en acier inoxydable \u00e0 une seule couche.<\/p>\n<p><strong>Multifonctionnel :<\/strong> La marmite s\u00e8che convient parfaitement \u00e0 la pr\u00e9paration de divers plats chauds tels que les fruits de mer, le shabu-shabu, le sukiyaki, etc. Elle peut \u00e9galement \u00eatre utilis\u00e9e pour une vari\u00e9t\u00e9 de m\u00e9thodes de cuisson telles que la soupe et le rago\u00fbt.<\/p>\n<p><strong>Facile \u00e0 nettoyer :<\/strong> La conception sans rev\u00eatement permet un nettoyage au lave-vaisselle. Il est enti\u00e8rement fabriqu\u00e9 en acier inoxydable, de sorte qu'il n'y a pas lieu de s'inqui\u00e9ter des asp\u00e9rit\u00e9s du gla\u00e7age ou du rev\u00eatement.<\/p>","protected":false},"featured_media":5188,"comment_status":"closed","ping_status":"closed","template":"","meta":[],"product_brand":[],"product_cat":[65],"product_tag":[],"class_list":{"0":"post-5187","1":"product","2":"type-product","3":"status-publish","4":"has-post-thumbnail","6":"product_cat-dry-pot","8":"first","9":"instock","10":"shipping-taxable","11":"product-type-simple"},"_links":{"self":[{"href":"https:\/\/www.hg-cooker.com\/fr\/wp-json\/wp\/v2\/product\/5187","targetHints":{"allow":["GET"]}}],"collection":[{"href":"https:\/\/www.hg-cooker.com\/fr\/wp-json\/wp\/v2\/product"}],"about":[{"href":"https:\/\/www.hg-cooker.com\/fr\/wp-json\/wp\/v2\/types\/product"}],"replies":[{"embeddable":true,"href":"https:\/\/www.hg-cooker.com\/fr\/wp-json\/wp\/v2\/comments?post=5187"}],"wp:featuredmedia":[{"embeddable":true,"href":"https:\/\/www.hg-cooker.com\/fr\/wp-json\/wp\/v2\/media\/5188"}],"wp:attachment":[{"href":"https:\/\/www.hg-cooker.com\/fr\/wp-json\/wp\/v2\/media?parent=5187"}],"wp:term":[{"taxonomy":"product_brand","embeddable":true,"href":"https:\/\/www.hg-cooker.com\/fr\/wp-json\/wp\/v2\/product_brand?post=5187"},{"taxonomy":"product_cat","embeddable":true,"href":"https:\/\/www.hg-cooker.com\/fr\/wp-json\/wp\/v2\/product_cat?post=5187"},{"taxonomy":"product_tag","embeddable":true,"href":"https:\/\/www.hg-cooker.com\/fr\/wp-json\/wp\/v2\/product_tag?post=5187"}],"curies":[{"name":"wp","href":"https:\/\/api.w.org\/{rel}","templated":true}]}}