{"id":5127,"date":"2025-04-01T07:30:41","date_gmt":"2025-04-01T07:30:41","guid":{"rendered":"https:\/\/www.hg-cooker.com\/?post_type=product&#038;p=5127"},"modified":"2025-04-02T07:10:22","modified_gmt":"2025-04-02T07:10:22","slug":"pot-a-lait-bouillant-en-acier-inoxydable-wholesale-56","status":"publish","type":"product","link":"https:\/\/www.hg-cooker.com\/fr\/produit\/pot-a-lait-bouillant-en-acier-inoxydable-wholesale-56\/","title":{"rendered":"Wholesale Japanese Bordered Dry Pot, Seafood Boiled Pot, Milk Heating Pot, Instant Ramen Pot (pot \u00e0 ramen instantan\u00e9)"},"content":{"rendered":"<h3 class=\"wp-block-heading\">D\u00e9tails du pot sec \u00e0 bordure japonaise<\/h3>\n\n\n\n<div class=\"wp-block-columns is-layout-flex wp-container-core-columns-is-layout-9d6595d7 wp-block-columns-is-layout-flex\">\n<div class=\"wp-block-column is-layout-flow wp-block-column-is-layout-flow\">\n<figure class=\"wp-block-image size-full\"><img fetchpriority=\"high\" decoding=\"async\" width=\"1024\" height=\"1536\" src=\"https:\/\/www.hg-cooker.com\/wp-content\/uploads\/2025\/04\/Details-of-the-Japanese-Bordered-Dry-Pot-1.webp\" alt=\"D\u00e9tails du pot sec \u00e0 bordure japonaise (1)\" class=\"wp-image-5177\" srcset=\"https:\/\/www.hg-cooker.com\/wp-content\/uploads\/2025\/04\/Details-of-the-Japanese-Bordered-Dry-Pot-1.webp 1024w, https:\/\/www.hg-cooker.com\/wp-content\/uploads\/2025\/04\/Details-of-the-Japanese-Bordered-Dry-Pot-1-100x150.webp 100w, https:\/\/www.hg-cooker.com\/wp-content\/uploads\/2025\/04\/Details-of-the-Japanese-Bordered-Dry-Pot-1-440x660.webp 440w, https:\/\/www.hg-cooker.com\/wp-content\/uploads\/2025\/04\/Details-of-the-Japanese-Bordered-Dry-Pot-1-200x300.webp 200w, https:\/\/www.hg-cooker.com\/wp-content\/uploads\/2025\/04\/Details-of-the-Japanese-Bordered-Dry-Pot-1-768x1152.webp 768w, https:\/\/www.hg-cooker.com\/wp-content\/uploads\/2025\/04\/Details-of-the-Japanese-Bordered-Dry-Pot-1-8x12.webp 8w, https:\/\/www.hg-cooker.com\/wp-content\/uploads\/2025\/04\/Details-of-the-Japanese-Bordered-Dry-Pot-1-285x428.webp 285w\" sizes=\"(max-width: 1024px) 100vw, 1024px\" \/><\/figure>\n<\/div>\n\n\n\n<div class=\"wp-block-column is-layout-flow wp-block-column-is-layout-flow\">\n<figure class=\"wp-block-image size-full\"><img decoding=\"async\" width=\"1024\" height=\"1536\" src=\"https:\/\/www.hg-cooker.com\/wp-content\/uploads\/2025\/04\/Details-of-the-Japanese-Bordered-Dry-Pot-2.webp\" alt=\"D\u00e9tails du pot sec \u00e0 bordure japonaise (2)\" class=\"wp-image-5178\" srcset=\"https:\/\/www.hg-cooker.com\/wp-content\/uploads\/2025\/04\/Details-of-the-Japanese-Bordered-Dry-Pot-2.webp 1024w, https:\/\/www.hg-cooker.com\/wp-content\/uploads\/2025\/04\/Details-of-the-Japanese-Bordered-Dry-Pot-2-100x150.webp 100w, https:\/\/www.hg-cooker.com\/wp-content\/uploads\/2025\/04\/Details-of-the-Japanese-Bordered-Dry-Pot-2-440x660.webp 440w, https:\/\/www.hg-cooker.com\/wp-content\/uploads\/2025\/04\/Details-of-the-Japanese-Bordered-Dry-Pot-2-200x300.webp 200w, https:\/\/www.hg-cooker.com\/wp-content\/uploads\/2025\/04\/Details-of-the-Japanese-Bordered-Dry-Pot-2-768x1152.webp 768w, https:\/\/www.hg-cooker.com\/wp-content\/uploads\/2025\/04\/Details-of-the-Japanese-Bordered-Dry-Pot-2-8x12.webp 8w, https:\/\/www.hg-cooker.com\/wp-content\/uploads\/2025\/04\/Details-of-the-Japanese-Bordered-Dry-Pot-2-285x428.webp 285w\" sizes=\"(max-width: 1024px) 100vw, 1024px\" \/><\/figure>\n<\/div>\n<\/div>\n\n\n\n<div class=\"wp-block-columns is-layout-flex wp-container-core-columns-is-layout-9d6595d7 wp-block-columns-is-layout-flex\">\n<div class=\"wp-block-column is-layout-flow wp-block-column-is-layout-flow\">\n<h3 class=\"wp-block-heading\">D\u00e9tails du pot sec \u00e0 bordure japonaise<\/h3>\n<\/div>\n<\/div>\n\n\n\n<figure class=\"wp-block-table\"><table class=\"has-fixed-layout\"><tbody><tr><td>Nom du produit<\/td><td>Taille&nbsp;<\/td><td>Mat\u00e9riau<\/td><td>PCS\/CTN<\/td><td>Poids (kg)<\/td><td>Taille du carton<\/td><\/tr><tr><td rowspan=\"6\">Pot sec bord\u00e9 \u00e0 la japonaise<\/td><td>18CM<\/td><td>Acier inoxydable tripl\u00e9&nbsp;<\/td><td>20<\/td><td>9,7 kg<\/td><td>21.5*21.5*18.5<\/td><\/tr><tr><td>20CM<\/td><td>Acier inoxydable tripl\u00e9&nbsp;<\/td><td>20<\/td><td>11,9 kg<\/td><td>23.5*23.5*22<\/td><\/tr><tr><td>22CM<\/td><td>Acier inoxydable tripl\u00e9&nbsp;<\/td><td>20<\/td><td>14,5 kg<\/td><td>26*26*25.5<\/td><\/tr><tr><td>24CM<\/td><td>Acier inoxydable tripl\u00e9&nbsp;<\/td><td>20<\/td><td>16,3 kg<\/td><td>27.5*27.5*22.5<\/td><\/tr><tr><td>26CM<\/td><td>Acier inoxydable tripl\u00e9&nbsp;<\/td><td>20<\/td><td>19,4 kg<\/td><td>29.5*29.5*29.5<\/td><\/tr><tr><td>28CM<\/td><td>Acier inoxydable tripl\u00e9&nbsp;<\/td><td>20<\/td><td>22,3 kg<\/td><td>31.5*31.5*33<\/td><\/tr><\/tbody><\/table><\/figure>","protected":false},"excerpt":{"rendered":"<p>Pot \u00e0 sec japonais \u00e0 bordures en gros, avec un design de bord unique, plus facile \u00e0 tenir. Avec une structure en acier inoxydable composite \u00e0 trois couches, elle favorise efficacement la conduction de la chaleur et peut \u00eatre utilis\u00e9e pour cuire toutes sortes d'ingr\u00e9dients. C'est un choix id\u00e9al pour les r\u00e9unions de famille et l'industrie de la restauration.<\/p>\n<h3>Caract\u00e9ristiques et avantages du pot sec \u00e0 bordure japonaise<\/h3>\n<p><strong>Conduction rapide de la chaleur :<\/strong> Cette marmite s\u00e8che est fabriqu\u00e9e en acier inoxydable, ce qui permet aux aliments d'atteindre rapidement la temp\u00e9rature de cuisson la plus appropri\u00e9e et de savourer de d\u00e9licieux plats \u00e0 l'avance.<\/p>\n<p><strong>Mat\u00e9riau \u00e9paissi :<\/strong> Le pot sec utilise un mat\u00e9riau \u00e9pais pour rendre le pot plus solide et moins susceptible d'\u00eatre endommag\u00e9 par une collision, et la dur\u00e9e de vie du produit est plus longue.<\/p>\n<p><strong>Environnements d'application vari\u00e9s :<\/strong> Cette marmite peut \u00eatre utilis\u00e9e dans divers environnements, tels que les cuisines domestiques, les restaurants \u00e0 hot pot, les restaurants \u00e0 buffet, etc. et peut offrir de bonnes performances de cuisson.<\/p>\n<p><strong>Une apparence \u00e9blouissante :<\/strong> Son aspect magnifique le rend plus beau \u00e0 voir, ce qui non seulement am\u00e9liore l'environnement des repas, mais sert \u00e9galement d'ornement pour rendre le restaurant et la cuisine plus \u00e9l\u00e9gants.<\/p>","protected":false},"featured_media":5251,"comment_status":"closed","ping_status":"closed","template":"","meta":[],"product_brand":[],"product_cat":[65],"product_tag":[],"class_list":{"0":"post-5127","1":"product","2":"type-product","3":"status-publish","4":"has-post-thumbnail","6":"product_cat-dry-pot","8":"first","9":"instock","10":"shipping-taxable","11":"product-type-simple"},"_links":{"self":[{"href":"https:\/\/www.hg-cooker.com\/fr\/wp-json\/wp\/v2\/product\/5127","targetHints":{"allow":["GET"]}}],"collection":[{"href":"https:\/\/www.hg-cooker.com\/fr\/wp-json\/wp\/v2\/product"}],"about":[{"href":"https:\/\/www.hg-cooker.com\/fr\/wp-json\/wp\/v2\/types\/product"}],"replies":[{"embeddable":true,"href":"https:\/\/www.hg-cooker.com\/fr\/wp-json\/wp\/v2\/comments?post=5127"}],"wp:featuredmedia":[{"embeddable":true,"href":"https:\/\/www.hg-cooker.com\/fr\/wp-json\/wp\/v2\/media\/5251"}],"wp:attachment":[{"href":"https:\/\/www.hg-cooker.com\/fr\/wp-json\/wp\/v2\/media?parent=5127"}],"wp:term":[{"taxonomy":"product_brand","embeddable":true,"href":"https:\/\/www.hg-cooker.com\/fr\/wp-json\/wp\/v2\/product_brand?post=5127"},{"taxonomy":"product_cat","embeddable":true,"href":"https:\/\/www.hg-cooker.com\/fr\/wp-json\/wp\/v2\/product_cat?post=5127"},{"taxonomy":"product_tag","embeddable":true,"href":"https:\/\/www.hg-cooker.com\/fr\/wp-json\/wp\/v2\/product_tag?post=5127"}],"curies":[{"name":"wp","href":"https:\/\/api.w.org\/{rel}","templated":true}]}}