{"id":5049,"date":"2025-09-12T02:24:36","date_gmt":"2025-09-12T02:24:36","guid":{"rendered":"https:\/\/www.hg-cooker.com\/?post_type=product&#038;p=5049"},"modified":"2026-04-30T07:24:41","modified_gmt":"2026-04-30T07:24:41","slug":"pot-a-lait-bouillant-en-acier-inoxydable-wholesale-54","status":"publish","type":"product","link":"https:\/\/www.hg-cooker.com\/fr\/produit\/pot-a-lait-bouillant-en-acier-inoxydable-wholesale-54\/","title":{"rendered":"Mini autocuiseur en gros, petit autocuiseur haute performance \u00e0 vendre, support OEM et ODM"},"content":{"rendered":"<div class=\"wp-block-columns is-layout-flex wp-container-core-columns-is-layout-9d6595d7 wp-block-columns-is-layout-flex\">\n<div class=\"wp-block-column is-layout-flow wp-block-column-is-layout-flow\">\n<h2 class=\"wp-block-heading\">Options personnalis\u00e9es<\/h2>\n\n\n\n<p><strong>Logo<\/strong>: Personnalisez le logo de votre marque sur la marmite thermique et l'emballage.<br><br><strong>Taille :<\/strong> Personnalisez les diff\u00e9rentes tailles de marmites thermiques en fonction de vos besoins.<br><br><strong>Paquet<\/strong>: carton\/bo\u00eete de couleur.<br><br><a href=\"https:\/\/www.hg-cooker.com\/fr\/custom-solution\/\" data-type=\"page\" data-id=\"2793\" target=\"_blank\" rel=\"noreferrer noopener\"><strong>D\u00e9couvrez plus de d\u00e9tails sur les mini-cuiseurs \u00e0 pression personnalis\u00e9s<\/strong><\/a><\/p>\n<\/div>\n<\/div>\n\n\n\n<div class=\"wp-block-columns is-layout-flex wp-container-core-columns-is-layout-9d6595d7 wp-block-columns-is-layout-flex\">\n<div class=\"wp-block-column is-layout-flow wp-block-column-is-layout-flow\">\n<figure class=\"wp-block-image size-full\"><img fetchpriority=\"high\" decoding=\"async\" width=\"790\" height=\"1561\" src=\"https:\/\/www.hg-cooker.com\/wp-content\/uploads\/2025\/03\/wholesale-mini-pressure-cooker-details-1.jpg\" alt=\"\" class=\"wp-image-5051\" srcset=\"https:\/\/www.hg-cooker.com\/wp-content\/uploads\/2025\/03\/wholesale-mini-pressure-cooker-details-1.jpg 790w, https:\/\/www.hg-cooker.com\/wp-content\/uploads\/2025\/03\/wholesale-mini-pressure-cooker-details-1-76x150.jpg 76w, https:\/\/www.hg-cooker.com\/wp-content\/uploads\/2025\/03\/wholesale-mini-pressure-cooker-details-1-334x660.jpg 334w, https:\/\/www.hg-cooker.com\/wp-content\/uploads\/2025\/03\/wholesale-mini-pressure-cooker-details-1-152x300.jpg 152w, https:\/\/www.hg-cooker.com\/wp-content\/uploads\/2025\/03\/wholesale-mini-pressure-cooker-details-1-768x1518.jpg 768w, https:\/\/www.hg-cooker.com\/wp-content\/uploads\/2025\/03\/wholesale-mini-pressure-cooker-details-1-6x12.jpg 6w, https:\/\/www.hg-cooker.com\/wp-content\/uploads\/2025\/03\/wholesale-mini-pressure-cooker-details-1-285x563.jpg 285w\" sizes=\"(max-width: 790px) 100vw, 790px\" \/><\/figure>\n<\/div>\n\n\n\n<div class=\"wp-block-column is-layout-flow wp-block-column-is-layout-flow\">\n<figure class=\"wp-block-image size-full\"><img decoding=\"async\" width=\"790\" height=\"1561\" src=\"https:\/\/www.hg-cooker.com\/wp-content\/uploads\/2025\/03\/wholesale-mini-pressure-cooker-details-2.jpg\" alt=\"grossiste mini autocuiseur d\u00e9tails (2)\" class=\"wp-image-5052\" srcset=\"https:\/\/www.hg-cooker.com\/wp-content\/uploads\/2025\/03\/wholesale-mini-pressure-cooker-details-2.jpg 790w, https:\/\/www.hg-cooker.com\/wp-content\/uploads\/2025\/03\/wholesale-mini-pressure-cooker-details-2-76x150.jpg 76w, https:\/\/www.hg-cooker.com\/wp-content\/uploads\/2025\/03\/wholesale-mini-pressure-cooker-details-2-334x660.jpg 334w, https:\/\/www.hg-cooker.com\/wp-content\/uploads\/2025\/03\/wholesale-mini-pressure-cooker-details-2-152x300.jpg 152w, https:\/\/www.hg-cooker.com\/wp-content\/uploads\/2025\/03\/wholesale-mini-pressure-cooker-details-2-768x1518.jpg 768w, https:\/\/www.hg-cooker.com\/wp-content\/uploads\/2025\/03\/wholesale-mini-pressure-cooker-details-2-6x12.jpg 6w, https:\/\/www.hg-cooker.com\/wp-content\/uploads\/2025\/03\/wholesale-mini-pressure-cooker-details-2-285x563.jpg 285w\" sizes=\"(max-width: 790px) 100vw, 790px\" \/><\/figure>\n<\/div>\n<\/div>","protected":false},"excerpt":{"rendered":"<p>Mini autocuiseur en gros, capable de cuire du riz et d'autres aliments en 5 minutes seulement. Il est dot\u00e9 d'un nano-rev\u00eatement c\u00e9ramique s\u00fbr et respectueux de l'environnement et de mod\u00e8les non rev\u00eatus. Nous proposons \u00e9galement des services OEM et ODM flexibles pour r\u00e9pondre aux besoins des diff\u00e9rents march\u00e9s.<\/p>\n<h2>Caract\u00e9ristiques et avantages du mini autocuiseur<\/h2>\n<p><strong>Triple mat\u00e9riau en acier inoxydable :<\/strong> Ce mini autocuiseur adopte une structure composite \u00e0 trois couches d'acier inoxydable 304#, d'alliage d'aluminium AL1060# et d'acier inoxydable 430#, ce qui lui conf\u00e8re une tr\u00e8s grande durabilit\u00e9 et d'excellentes performances en mati\u00e8re de conduction de la chaleur.<\/p>\n<p><strong>Cuisson rapide :<\/strong> Ce mini autocuiseur adopte une technologie de cuisson sous pression \u00e0 haut rendement, qui permet de cuire du riz, des soupes, des rago\u00fbts et d'autres aliments en 5 minutes environ.<\/p>\n<p><strong>Fonctionnement pratique :<\/strong> Pour r\u00e9pondre aux besoins des utilisateurs, le fabricant de l'autocuiseur Hengguang utilise un bouton pour contr\u00f4ler l'ouverture et le verrouillage du couvercle.<\/p>\n<p><strong>Sp\u00e9cifications multiples :<\/strong> Afin de r\u00e9pondre aux besoins des diff\u00e9rentes familles et des diff\u00e9rents espaces de cuisine, ce mini autocuiseur offre une vari\u00e9t\u00e9 d'options de capacit\u00e9, y compris 2,5L, 3,0L, 3,5L et 4,0L.<\/p>\n<p><strong>Service OEM et ODM :<\/strong> Nous fournissons des solutions personnalis\u00e9es en fonction de vos besoins, nous prenons en charge la personnalisation de l'aspect, de la fonction, de la couleur du rev\u00eatement, de la capacit\u00e9, etc. de l'autocuiseur.<\/p>","protected":false},"featured_media":7058,"comment_status":"closed","ping_status":"closed","template":"","meta":[],"product_brand":[],"product_cat":[49],"product_tag":[],"class_list":{"0":"post-5049","1":"product","2":"type-product","3":"status-publish","4":"has-post-thumbnail","6":"product_cat-mini-pressure-cooker","8":"first","9":"instock","10":"shipping-taxable","11":"product-type-simple"},"_links":{"self":[{"href":"https:\/\/www.hg-cooker.com\/fr\/wp-json\/wp\/v2\/product\/5049","targetHints":{"allow":["GET"]}}],"collection":[{"href":"https:\/\/www.hg-cooker.com\/fr\/wp-json\/wp\/v2\/product"}],"about":[{"href":"https:\/\/www.hg-cooker.com\/fr\/wp-json\/wp\/v2\/types\/product"}],"replies":[{"embeddable":true,"href":"https:\/\/www.hg-cooker.com\/fr\/wp-json\/wp\/v2\/comments?post=5049"}],"wp:featuredmedia":[{"embeddable":true,"href":"https:\/\/www.hg-cooker.com\/fr\/wp-json\/wp\/v2\/media\/7058"}],"wp:attachment":[{"href":"https:\/\/www.hg-cooker.com\/fr\/wp-json\/wp\/v2\/media?parent=5049"}],"wp:term":[{"taxonomy":"product_brand","embeddable":true,"href":"https:\/\/www.hg-cooker.com\/fr\/wp-json\/wp\/v2\/product_brand?post=5049"},{"taxonomy":"product_cat","embeddable":true,"href":"https:\/\/www.hg-cooker.com\/fr\/wp-json\/wp\/v2\/product_cat?post=5049"},{"taxonomy":"product_tag","embeddable":true,"href":"https:\/\/www.hg-cooker.com\/fr\/wp-json\/wp\/v2\/product_tag?post=5049"}],"curies":[{"name":"wp","href":"https:\/\/api.w.org\/{rel}","templated":true}]}}