{"id":5035,"date":"2025-05-04T06:43:55","date_gmt":"2025-05-04T06:43:55","guid":{"rendered":"https:\/\/www.hg-cooker.com\/?post_type=product&#038;p=5035"},"modified":"2025-11-13T02:33:19","modified_gmt":"2025-11-13T02:33:19","slug":"pot-a-lait-bouillant-en-acier-inoxydable-wholesale-52","status":"publish","type":"product","link":"https:\/\/www.hg-cooker.com\/fr\/produit\/pot-a-lait-bouillant-en-acier-inoxydable-wholesale-52\/","title":{"rendered":"Disques en acier inoxydable \u00e0 trois couches pour la fabrication d'ustensiles de cuisine - Mat\u00e9riau de haute qualit\u00e9, durable et compatible avec l'induction"},"content":{"rendered":"<div class=\"wp-block-columns is-layout-flex wp-container-core-columns-is-layout-9d6595d7 wp-block-columns-is-layout-flex\">\n<div class=\"wp-block-column is-layout-flow wp-block-column-is-layout-flow\">\n<figure class=\"wp-block-image size-full\"><img fetchpriority=\"high\" decoding=\"async\" width=\"800\" height=\"800\" src=\"https:\/\/www.hg-cooker.com\/wp-content\/uploads\/2025\/03\/Wholesale-triply-stainless-steel-discs-2-1.webp\" alt=\"Vente en gros de disques triples en acier inoxydable (2)\" class=\"wp-image-5033\" srcset=\"https:\/\/www.hg-cooker.com\/wp-content\/uploads\/2025\/03\/Wholesale-triply-stainless-steel-discs-2-1.webp 800w, https:\/\/www.hg-cooker.com\/wp-content\/uploads\/2025\/03\/Wholesale-triply-stainless-steel-discs-2-1-150x150.webp 150w, https:\/\/www.hg-cooker.com\/wp-content\/uploads\/2025\/03\/Wholesale-triply-stainless-steel-discs-2-1-660x660.webp 660w, https:\/\/www.hg-cooker.com\/wp-content\/uploads\/2025\/03\/Wholesale-triply-stainless-steel-discs-2-1-300x300.webp 300w, https:\/\/www.hg-cooker.com\/wp-content\/uploads\/2025\/03\/Wholesale-triply-stainless-steel-discs-2-1-768x768.webp 768w, https:\/\/www.hg-cooker.com\/wp-content\/uploads\/2025\/03\/Wholesale-triply-stainless-steel-discs-2-1-12x12.webp 12w, https:\/\/www.hg-cooker.com\/wp-content\/uploads\/2025\/03\/Wholesale-triply-stainless-steel-discs-2-1-285x285.webp 285w, https:\/\/www.hg-cooker.com\/wp-content\/uploads\/2025\/03\/Wholesale-triply-stainless-steel-discs-2-1-270x270.webp 270w, https:\/\/www.hg-cooker.com\/wp-content\/uploads\/2025\/03\/Wholesale-triply-stainless-steel-discs-2-1-540x540.webp 540w\" sizes=\"(max-width: 800px) 100vw, 800px\" \/><\/figure>\n<\/div>\n\n\n\n<div class=\"wp-block-column is-layout-flow wp-block-column-is-layout-flow\">\n<figure class=\"wp-block-image size-full\"><img decoding=\"async\" width=\"800\" height=\"800\" src=\"https:\/\/www.hg-cooker.com\/wp-content\/uploads\/2025\/03\/Wholesale-triply-stainless-steel-discs-3-1.webp\" alt=\"Vente en gros de disques triples en acier inoxydable (3)\" class=\"wp-image-5034\" srcset=\"https:\/\/www.hg-cooker.com\/wp-content\/uploads\/2025\/03\/Wholesale-triply-stainless-steel-discs-3-1.webp 800w, https:\/\/www.hg-cooker.com\/wp-content\/uploads\/2025\/03\/Wholesale-triply-stainless-steel-discs-3-1-150x150.webp 150w, https:\/\/www.hg-cooker.com\/wp-content\/uploads\/2025\/03\/Wholesale-triply-stainless-steel-discs-3-1-660x660.webp 660w, https:\/\/www.hg-cooker.com\/wp-content\/uploads\/2025\/03\/Wholesale-triply-stainless-steel-discs-3-1-300x300.webp 300w, https:\/\/www.hg-cooker.com\/wp-content\/uploads\/2025\/03\/Wholesale-triply-stainless-steel-discs-3-1-768x768.webp 768w, https:\/\/www.hg-cooker.com\/wp-content\/uploads\/2025\/03\/Wholesale-triply-stainless-steel-discs-3-1-12x12.webp 12w, https:\/\/www.hg-cooker.com\/wp-content\/uploads\/2025\/03\/Wholesale-triply-stainless-steel-discs-3-1-285x285.webp 285w, https:\/\/www.hg-cooker.com\/wp-content\/uploads\/2025\/03\/Wholesale-triply-stainless-steel-discs-3-1-270x270.webp 270w, https:\/\/www.hg-cooker.com\/wp-content\/uploads\/2025\/03\/Wholesale-triply-stainless-steel-discs-3-1-540x540.webp 540w\" sizes=\"(max-width: 800px) 100vw, 800px\" \/><\/figure>\n<\/div>\n<\/div>","protected":false},"excerpt":{"rendered":"<p>Nous fournissons des disques en acier inoxydable Tri-Ply de haute qualit\u00e9, qui sont largement utilis\u00e9s dans divers ustensiles de cuisine et \u00e9quipements de cuisine haut de gamme. Ils pr\u00e9sentent les avantages d'une grande durabilit\u00e9, d'une compatibilit\u00e9 avec plusieurs cuisini\u00e8res, d'une performance de cuisson de qualit\u00e9 professionnelle, etc. Nous prenons en charge la personnalisation OEM et ODM. Contactez-nous pour un devis.<\/p>\n<h3>Caract\u00e9ristiques et avantages des disques en acier inoxydable \u00e0 trois couches vendus en gros<\/h3>\n<p><strong>Personnalisable pour diverses applications d'ustensiles de cuisine :<\/strong> Nous proposons des options personnalis\u00e9es en termes de taille, d'\u00e9paisseur et de composition des mat\u00e9riaux pour r\u00e9pondre aux besoins sp\u00e9cifiques de fabrication d'ustensiles de cuisine.<\/p>\n<p><strong>Approvisionnement fiable :<\/strong> Gr\u00e2ce \u00e0 des \u00e9quipements de production avanc\u00e9s et \u00e0 un contr\u00f4le de qualit\u00e9 strict, nous assurons un approvisionnement stable et continu de disques en acier inoxydable \u00e0 trois couches. Cela garantit une livraison dans les d\u00e9lais pour les grands projets de fabrication d'ustensiles de cuisine.<\/p>\n<p><strong>Applications polyvalentes :<\/strong> Nos disques en acier inoxydable \u00e0 trois couches conviennent \u00e0 une grande vari\u00e9t\u00e9 d'ustensiles de cuisine, et les fabricants peuvent compter sur nos mat\u00e9riaux pour fabriquer des produits aux performances stables.<\/p>\n<p><strong>Prix direct d'usine :<\/strong> Nous proposons des prix de gros comp\u00e9titifs pour les commandes en gros. C'est un excellent choix pour les fabricants d'ustensiles de cuisine, les grossistes et les distributeurs \u00e0 la recherche de mat\u00e9riaux abordables et de haute qualit\u00e9.<\/p>","protected":false},"featured_media":5036,"comment_status":"closed","ping_status":"closed","template":"","meta":[],"product_brand":[],"product_cat":[53],"product_tag":[],"class_list":{"0":"post-5035","1":"product","2":"type-product","3":"status-publish","4":"has-post-thumbnail","6":"product_cat-tri-ply-stainless-steel-discs","8":"first","9":"instock","10":"shipping-taxable","11":"product-type-simple"},"_links":{"self":[{"href":"https:\/\/www.hg-cooker.com\/fr\/wp-json\/wp\/v2\/product\/5035","targetHints":{"allow":["GET"]}}],"collection":[{"href":"https:\/\/www.hg-cooker.com\/fr\/wp-json\/wp\/v2\/product"}],"about":[{"href":"https:\/\/www.hg-cooker.com\/fr\/wp-json\/wp\/v2\/types\/product"}],"replies":[{"embeddable":true,"href":"https:\/\/www.hg-cooker.com\/fr\/wp-json\/wp\/v2\/comments?post=5035"}],"wp:featuredmedia":[{"embeddable":true,"href":"https:\/\/www.hg-cooker.com\/fr\/wp-json\/wp\/v2\/media\/5036"}],"wp:attachment":[{"href":"https:\/\/www.hg-cooker.com\/fr\/wp-json\/wp\/v2\/media?parent=5035"}],"wp:term":[{"taxonomy":"product_brand","embeddable":true,"href":"https:\/\/www.hg-cooker.com\/fr\/wp-json\/wp\/v2\/product_brand?post=5035"},{"taxonomy":"product_cat","embeddable":true,"href":"https:\/\/www.hg-cooker.com\/fr\/wp-json\/wp\/v2\/product_cat?post=5035"},{"taxonomy":"product_tag","embeddable":true,"href":"https:\/\/www.hg-cooker.com\/fr\/wp-json\/wp\/v2\/product_tag?post=5035"}],"curies":[{"name":"wp","href":"https:\/\/api.w.org\/{rel}","templated":true}]}}