{"id":5031,"date":"2025-05-08T06:11:58","date_gmt":"2025-05-08T06:11:58","guid":{"rendered":"https:\/\/www.hg-cooker.com\/?post_type=product&#038;p=5031"},"modified":"2025-11-13T02:30:00","modified_gmt":"2025-11-13T02:30:00","slug":"pot-a-lait-bouillant-en-acier-inoxydable-wholesale-51","status":"publish","type":"product","link":"https:\/\/www.hg-cooker.com\/fr\/produit\/pot-a-lait-bouillant-en-acier-inoxydable-wholesale-51\/","title":{"rendered":"Disques d'acier inoxydable tripl\u00e9s Vente directe \u00e0 l'usine - Hengguang Stainless Steel Discs Manufacturer"},"content":{"rendered":"<div class=\"wp-block-columns is-layout-flex wp-container-core-columns-is-layout-9d6595d7 wp-block-columns-is-layout-flex\">\n<div class=\"wp-block-column is-layout-flow wp-block-column-is-layout-flow\">\n<figure class=\"wp-block-image size-full\"><img fetchpriority=\"high\" decoding=\"async\" width=\"800\" height=\"800\" src=\"https:\/\/www.hg-cooker.com\/wp-content\/uploads\/2025\/03\/Wholesale-triply-stainless-steel-discs-2-1.webp\" alt=\"Vente en gros de disques triples en acier inoxydable (2)\" class=\"wp-image-5033\" srcset=\"https:\/\/www.hg-cooker.com\/wp-content\/uploads\/2025\/03\/Wholesale-triply-stainless-steel-discs-2-1.webp 800w, https:\/\/www.hg-cooker.com\/wp-content\/uploads\/2025\/03\/Wholesale-triply-stainless-steel-discs-2-1-150x150.webp 150w, https:\/\/www.hg-cooker.com\/wp-content\/uploads\/2025\/03\/Wholesale-triply-stainless-steel-discs-2-1-660x660.webp 660w, https:\/\/www.hg-cooker.com\/wp-content\/uploads\/2025\/03\/Wholesale-triply-stainless-steel-discs-2-1-300x300.webp 300w, https:\/\/www.hg-cooker.com\/wp-content\/uploads\/2025\/03\/Wholesale-triply-stainless-steel-discs-2-1-768x768.webp 768w, https:\/\/www.hg-cooker.com\/wp-content\/uploads\/2025\/03\/Wholesale-triply-stainless-steel-discs-2-1-12x12.webp 12w, https:\/\/www.hg-cooker.com\/wp-content\/uploads\/2025\/03\/Wholesale-triply-stainless-steel-discs-2-1-285x285.webp 285w, https:\/\/www.hg-cooker.com\/wp-content\/uploads\/2025\/03\/Wholesale-triply-stainless-steel-discs-2-1-270x270.webp 270w, https:\/\/www.hg-cooker.com\/wp-content\/uploads\/2025\/03\/Wholesale-triply-stainless-steel-discs-2-1-540x540.webp 540w\" sizes=\"(max-width: 800px) 100vw, 800px\" \/><\/figure>\n<\/div>\n\n\n\n<div class=\"wp-block-column is-layout-flow wp-block-column-is-layout-flow\">\n<figure class=\"wp-block-image size-full\"><img decoding=\"async\" width=\"800\" height=\"800\" src=\"https:\/\/www.hg-cooker.com\/wp-content\/uploads\/2025\/03\/Wholesale-triply-stainless-steel-discs-3-1.webp\" alt=\"Vente en gros de disques triples en acier inoxydable (3)\" class=\"wp-image-5034\" srcset=\"https:\/\/www.hg-cooker.com\/wp-content\/uploads\/2025\/03\/Wholesale-triply-stainless-steel-discs-3-1.webp 800w, https:\/\/www.hg-cooker.com\/wp-content\/uploads\/2025\/03\/Wholesale-triply-stainless-steel-discs-3-1-150x150.webp 150w, https:\/\/www.hg-cooker.com\/wp-content\/uploads\/2025\/03\/Wholesale-triply-stainless-steel-discs-3-1-660x660.webp 660w, https:\/\/www.hg-cooker.com\/wp-content\/uploads\/2025\/03\/Wholesale-triply-stainless-steel-discs-3-1-300x300.webp 300w, https:\/\/www.hg-cooker.com\/wp-content\/uploads\/2025\/03\/Wholesale-triply-stainless-steel-discs-3-1-768x768.webp 768w, https:\/\/www.hg-cooker.com\/wp-content\/uploads\/2025\/03\/Wholesale-triply-stainless-steel-discs-3-1-12x12.webp 12w, https:\/\/www.hg-cooker.com\/wp-content\/uploads\/2025\/03\/Wholesale-triply-stainless-steel-discs-3-1-285x285.webp 285w, https:\/\/www.hg-cooker.com\/wp-content\/uploads\/2025\/03\/Wholesale-triply-stainless-steel-discs-3-1-270x270.webp 270w, https:\/\/www.hg-cooker.com\/wp-content\/uploads\/2025\/03\/Wholesale-triply-stainless-steel-discs-3-1-540x540.webp 540w\" sizes=\"(max-width: 800px) 100vw, 800px\" \/><\/figure>\n<\/div>\n<\/div>","protected":false},"excerpt":{"rendered":"<p>Hengguang est sp\u00e9cialis\u00e9 dans la vente en gros de disques en acier inoxydable \u00e0 trois plis, fournissant des mat\u00e9riaux de haute performance aux entreprises de fabrication de po\u00eales \u00e0 frire, de marmites \u00e0 rago\u00fbt, de marmites \u00e0 soupe et d'autocuiseurs. Nous proposons des tailles, des \u00e9paisseurs et des compositions sur commande pour r\u00e9pondre \u00e0 des besoins de fabrication sp\u00e9cifiques. Les fabricants et les grossistes sont invit\u00e9s \u00e0 commercer avec nous.<\/p>\n<h3>Caract\u00e9ristiques et avantages des disques triples en acier inoxydable<\/h3>\n<p><strong>Excellente conductivit\u00e9 thermique :<\/strong> Les disques triples en acier inoxydable de Hengguang sont dot\u00e9s d'une couche ext\u00e9rieure en acier inoxydable et d'un noyau en aluminium au milieu. Ils sont parfaits pour les fabricants d'ustensiles de cuisine haut de gamme qui produisent des casseroles, des po\u00eales et des autocuiseurs en acier inoxydable.<\/p>\n<p><strong>Durable et r\u00e9sistant \u00e0 la corrosion :<\/strong> Ces disques sont fabriqu\u00e9s en acier inoxydable de haute qualit\u00e9, ce qui les rend parfaits pour les ustensiles de cuisine durables utilis\u00e9s dans les cuisines professionnelles, la cuisine domestique et m\u00eame les ustensiles de cuisine pour le camping en plein air.<\/p>\n<p><strong>Prix direct d'usine :<\/strong> En tant que fabricant direct, Hengguang propose des prix de gros comp\u00e9titifs, avec des remises suppl\u00e9mentaires pour les commandes en gros.<\/p>\n<p><strong>Options de personnalisation :<\/strong> Nous proposons des tailles, des \u00e9paisseurs et des compositions de mat\u00e9riaux sur mesure pour r\u00e9pondre aux exigences sp\u00e9cifiques de la fabrication d'ustensiles de cuisine. Qu'il s'agisse d'un petit ustensile de cuisine domestique ou d'une grande casserole de qualit\u00e9 professionnelle, nos disques en acier inoxydable peuvent \u00eatre adapt\u00e9s \u00e0 vos besoins.<\/p>","protected":false},"featured_media":5032,"comment_status":"closed","ping_status":"closed","template":"","meta":[],"product_brand":[],"product_cat":[53],"product_tag":[],"class_list":{"0":"post-5031","1":"product","2":"type-product","3":"status-publish","4":"has-post-thumbnail","6":"product_cat-tri-ply-stainless-steel-discs","8":"first","9":"instock","10":"shipping-taxable","11":"product-type-simple"},"_links":{"self":[{"href":"https:\/\/www.hg-cooker.com\/fr\/wp-json\/wp\/v2\/product\/5031","targetHints":{"allow":["GET"]}}],"collection":[{"href":"https:\/\/www.hg-cooker.com\/fr\/wp-json\/wp\/v2\/product"}],"about":[{"href":"https:\/\/www.hg-cooker.com\/fr\/wp-json\/wp\/v2\/types\/product"}],"replies":[{"embeddable":true,"href":"https:\/\/www.hg-cooker.com\/fr\/wp-json\/wp\/v2\/comments?post=5031"}],"wp:featuredmedia":[{"embeddable":true,"href":"https:\/\/www.hg-cooker.com\/fr\/wp-json\/wp\/v2\/media\/5032"}],"wp:attachment":[{"href":"https:\/\/www.hg-cooker.com\/fr\/wp-json\/wp\/v2\/media?parent=5031"}],"wp:term":[{"taxonomy":"product_brand","embeddable":true,"href":"https:\/\/www.hg-cooker.com\/fr\/wp-json\/wp\/v2\/product_brand?post=5031"},{"taxonomy":"product_cat","embeddable":true,"href":"https:\/\/www.hg-cooker.com\/fr\/wp-json\/wp\/v2\/product_cat?post=5031"},{"taxonomy":"product_tag","embeddable":true,"href":"https:\/\/www.hg-cooker.com\/fr\/wp-json\/wp\/v2\/product_tag?post=5031"}],"curies":[{"name":"wp","href":"https:\/\/api.w.org\/{rel}","templated":true}]}}