{"id":5027,"date":"2025-05-05T03:57:10","date_gmt":"2025-05-05T03:57:10","guid":{"rendered":"https:\/\/www.hg-cooker.com\/?post_type=product&#038;p=5027"},"modified":"2025-11-13T02:32:56","modified_gmt":"2025-11-13T02:32:56","slug":"pot-a-lait-bouillant-en-acier-inoxydable-wholesale-50","status":"publish","type":"product","link":"https:\/\/www.hg-cooker.com\/fr\/produit\/pot-a-lait-bouillant-en-acier-inoxydable-wholesale-50\/","title":{"rendered":"Disques en acier inoxydable triples en gros pour usage professionnel, fabrication d'ustensiles de cuisine et applications industrielles"},"content":{"rendered":"<div class=\"wp-block-columns is-layout-flex wp-container-core-columns-is-layout-9d6595d7 wp-block-columns-is-layout-flex\">\n<div class=\"wp-block-column is-layout-flow wp-block-column-is-layout-flow\">\n<figure class=\"wp-block-image size-full\"><img fetchpriority=\"high\" decoding=\"async\" width=\"800\" height=\"800\" src=\"https:\/\/www.hg-cooker.com\/wp-content\/uploads\/2025\/03\/Wholesale-triply-stainless-steel-discs-2.webp\" alt=\"Vente en gros de disques triples en acier inoxydable (2)\" class=\"wp-image-5029\" srcset=\"https:\/\/www.hg-cooker.com\/wp-content\/uploads\/2025\/03\/Wholesale-triply-stainless-steel-discs-2.webp 800w, https:\/\/www.hg-cooker.com\/wp-content\/uploads\/2025\/03\/Wholesale-triply-stainless-steel-discs-2-150x150.webp 150w, https:\/\/www.hg-cooker.com\/wp-content\/uploads\/2025\/03\/Wholesale-triply-stainless-steel-discs-2-660x660.webp 660w, https:\/\/www.hg-cooker.com\/wp-content\/uploads\/2025\/03\/Wholesale-triply-stainless-steel-discs-2-300x300.webp 300w, https:\/\/www.hg-cooker.com\/wp-content\/uploads\/2025\/03\/Wholesale-triply-stainless-steel-discs-2-768x768.webp 768w, https:\/\/www.hg-cooker.com\/wp-content\/uploads\/2025\/03\/Wholesale-triply-stainless-steel-discs-2-12x12.webp 12w, https:\/\/www.hg-cooker.com\/wp-content\/uploads\/2025\/03\/Wholesale-triply-stainless-steel-discs-2-285x285.webp 285w, https:\/\/www.hg-cooker.com\/wp-content\/uploads\/2025\/03\/Wholesale-triply-stainless-steel-discs-2-270x270.webp 270w, https:\/\/www.hg-cooker.com\/wp-content\/uploads\/2025\/03\/Wholesale-triply-stainless-steel-discs-2-540x540.webp 540w\" sizes=\"(max-width: 800px) 100vw, 800px\" \/><\/figure>\n<\/div>\n\n\n\n<div class=\"wp-block-column is-layout-flow wp-block-column-is-layout-flow\">\n<figure class=\"wp-block-image size-full\"><img decoding=\"async\" width=\"800\" height=\"800\" src=\"https:\/\/www.hg-cooker.com\/wp-content\/uploads\/2025\/03\/Wholesale-triply-stainless-steel-discs-3.webp\" alt=\"Vente en gros de disques triples en acier inoxydable (3)\" class=\"wp-image-5030\" srcset=\"https:\/\/www.hg-cooker.com\/wp-content\/uploads\/2025\/03\/Wholesale-triply-stainless-steel-discs-3.webp 800w, https:\/\/www.hg-cooker.com\/wp-content\/uploads\/2025\/03\/Wholesale-triply-stainless-steel-discs-3-150x150.webp 150w, https:\/\/www.hg-cooker.com\/wp-content\/uploads\/2025\/03\/Wholesale-triply-stainless-steel-discs-3-660x660.webp 660w, https:\/\/www.hg-cooker.com\/wp-content\/uploads\/2025\/03\/Wholesale-triply-stainless-steel-discs-3-300x300.webp 300w, https:\/\/www.hg-cooker.com\/wp-content\/uploads\/2025\/03\/Wholesale-triply-stainless-steel-discs-3-768x768.webp 768w, https:\/\/www.hg-cooker.com\/wp-content\/uploads\/2025\/03\/Wholesale-triply-stainless-steel-discs-3-12x12.webp 12w, https:\/\/www.hg-cooker.com\/wp-content\/uploads\/2025\/03\/Wholesale-triply-stainless-steel-discs-3-285x285.webp 285w, https:\/\/www.hg-cooker.com\/wp-content\/uploads\/2025\/03\/Wholesale-triply-stainless-steel-discs-3-270x270.webp 270w, https:\/\/www.hg-cooker.com\/wp-content\/uploads\/2025\/03\/Wholesale-triply-stainless-steel-discs-3-540x540.webp 540w\" sizes=\"(max-width: 800px) 100vw, 800px\" \/><\/figure>\n<\/div>\n<\/div>\n\n\n\n<p><\/p>","protected":false},"excerpt":{"rendered":"<p>Nos disques triples en acier inoxydable offrent une excellente durabilit\u00e9 et distribution de la chaleur, id\u00e9ale pour la fabrication d'ustensiles de cuisine et les applications industrielles. Nous offrons des options de personnalisation OEM et ODM, vous permettant de personnaliser l'\u00e9paisseur, la qualit\u00e9 de l'acier inoxydable, le motif, contactez-nous pour un devis.<\/p>\n<h3>Caract\u00e9ristiques et avantages des disques triples en acier inoxydable<\/h3>\n<p><strong data-start=\"2\" data-end=\"36\" data-is-only-node=\"\" data-immersive-translate-walked=\"9187d9d6-1722-4bf8-952c-92dd258bb7cd\">Options d'\u00e9paisseur personnalisables<\/strong>: Disponible en \u00e9paisseurs de 1,8 mm, 2,0 mm, 2,2 mm, 2,5 mm et 3,0 mm, avec une prise en charge compl\u00e8te des \u00e9paisseurs personnalis\u00e9es.<\/p>\n<p><strong data-start=\"146\" data-end=\"182\" data-is-only-node=\"\" data-immersive-translate-walked=\"9187d9d6-1722-4bf8-952c-92dd258bb7cd\">Choix des nuances d'acier inoxydable<\/strong>: Choisissez parmi deux options d'acier inoxydable de haute qualit\u00e9, 18-8# et 18-10#, pour une durabilit\u00e9 et une r\u00e9sistance \u00e0 la corrosion accrues.<\/p>\n<p><strong data-start=\"308\" data-end=\"333\" data-is-only-node=\"\" data-immersive-translate-walked=\"9187d9d6-1722-4bf8-952c-92dd258bb7cd\">Personnalisation des motifs<\/strong>: La prise en charge d'une vari\u00e9t\u00e9 de motifs, y compris les motifs hexagonaux, les losanges, les logos et d'autres motifs sur mesure, offre une flexibilit\u00e9 cr\u00e9ative totale.<\/p>\n<p><strong data-start=\"469\" data-end=\"484\" data-is-only-node=\"\" data-immersive-translate-walked=\"9187d9d6-1722-4bf8-952c-92dd258bb7cd\">Polyvalence<\/strong>: Id\u00e9al pour la fabrication d'ustensiles de cuisine, les applications industrielles et tout projet n\u00e9cessitant des disques en acier inoxydable durables et personnalisables.<\/p>","protected":false},"featured_media":5028,"comment_status":"closed","ping_status":"closed","template":"","meta":[],"product_brand":[],"product_cat":[53],"product_tag":[],"class_list":{"0":"post-5027","1":"product","2":"type-product","3":"status-publish","4":"has-post-thumbnail","6":"product_cat-tri-ply-stainless-steel-discs","8":"first","9":"instock","10":"shipping-taxable","11":"product-type-simple"},"_links":{"self":[{"href":"https:\/\/www.hg-cooker.com\/fr\/wp-json\/wp\/v2\/product\/5027","targetHints":{"allow":["GET"]}}],"collection":[{"href":"https:\/\/www.hg-cooker.com\/fr\/wp-json\/wp\/v2\/product"}],"about":[{"href":"https:\/\/www.hg-cooker.com\/fr\/wp-json\/wp\/v2\/types\/product"}],"replies":[{"embeddable":true,"href":"https:\/\/www.hg-cooker.com\/fr\/wp-json\/wp\/v2\/comments?post=5027"}],"wp:featuredmedia":[{"embeddable":true,"href":"https:\/\/www.hg-cooker.com\/fr\/wp-json\/wp\/v2\/media\/5028"}],"wp:attachment":[{"href":"https:\/\/www.hg-cooker.com\/fr\/wp-json\/wp\/v2\/media?parent=5027"}],"wp:term":[{"taxonomy":"product_brand","embeddable":true,"href":"https:\/\/www.hg-cooker.com\/fr\/wp-json\/wp\/v2\/product_brand?post=5027"},{"taxonomy":"product_cat","embeddable":true,"href":"https:\/\/www.hg-cooker.com\/fr\/wp-json\/wp\/v2\/product_cat?post=5027"},{"taxonomy":"product_tag","embeddable":true,"href":"https:\/\/www.hg-cooker.com\/fr\/wp-json\/wp\/v2\/product_tag?post=5027"}],"curies":[{"name":"wp","href":"https:\/\/api.w.org\/{rel}","templated":true}]}}