{"id":4904,"date":"2025-02-07T07:21:50","date_gmt":"2025-02-07T07:21:50","guid":{"rendered":"https:\/\/www.hg-cooker.com\/?post_type=product&#038;p=4904"},"modified":"2025-02-07T07:35:31","modified_gmt":"2025-02-07T07:35:31","slug":"pot-a-lait-bouillant-en-acier-inoxydable-wholesale-49","status":"publish","type":"product","link":"https:\/\/www.hg-cooker.com\/fr\/produit\/pot-a-lait-bouillant-en-acier-inoxydable-wholesale-49\/","title":{"rendered":"Disques en acier inoxydable triples en gros, support OEM et ODM"},"content":{"rendered":"<div class=\"wp-block-columns is-layout-flex wp-container-core-columns-is-layout-9d6595d7 wp-block-columns-is-layout-flex\">\n<div class=\"wp-block-column is-layout-flow wp-block-column-is-layout-flow\">\n<h2 class=\"wp-block-heading\">Param\u00e8tres des disques triples en acier inoxydable<\/h2>\n\n\n\n<figure class=\"wp-block-table\"><table class=\"has-fixed-layout\"><tbody><tr><td>Nom du produit<\/td><td>Mat\u00e9riau<\/td><td>\u00c9paisseur en option<\/td><td>Formes<\/td><td>Taille optionnelle<\/td><\/tr><tr><td>Disques en acier inoxydable composite \u00e0 trois couches<\/td><td>Acier inoxydable 304\/316 + aluminium + acier inoxydable 430<\/td><td>1,8 mm \/ 2,0 mm \/ 2,2 mm \/ 2,5 mm \/ 3,0 mm<\/td><td>Circulaire \/ Forme sp\u00e9ciale<\/td><td>Taille circulaire : 250 mm - 500 mm \/ Taille en forme sp\u00e9ciale : Jusqu'\u00e0 900 mm<\/td><\/tr><\/tbody><\/table><\/figure>\n\n\n\n<h2 class=\"wp-block-heading\">Options de disques en acier inoxydable tripl\u00e9s sur mesure<\/h2>\n\n\n\n<p><strong>Mod\u00e8le<\/strong>: Motifs personnalis\u00e9s sur disques tripl\u00e9s en acier inoxydable.<br><br><strong>Mat\u00e9riau<\/strong>: Acier inoxydable 304\/316 + Aluminium + Acier inoxydable 430<br><br><strong>Taille<\/strong>: Taille du disque en acier inoxydable personnalis\u00e9e.<br><br><strong>Formes<\/strong>: Plaque ronde \/ Toute forme sp\u00e9ciale<br><br><strong>MOQ<\/strong>:1000 pi\u00e8ces<\/p>\n\n\n\n<p><a href=\"https:\/\/www.hg-cooker.com\/fr\/disques-triples-en-acier-inoxydable\/\" data-type=\"link\" data-id=\"https:\/\/www.hg-cooker.com\/tri-ply-stainless-steel-discs\/\" target=\"_blank\" rel=\"noreferrer noopener\"><strong>D\u00e9couvrez d'autres solutions de disques en acier inoxydable tripl\u00e9s sur mesure. <\/strong><\/a><\/p>\n<\/div>\n<\/div>\n\n\n\n<div class=\"wp-block-columns is-layout-flex wp-container-core-columns-is-layout-9d6595d7 wp-block-columns-is-layout-flex\">\n<div class=\"wp-block-column is-layout-flow wp-block-column-is-layout-flow\">\n<figure class=\"wp-block-image size-full\"><img fetchpriority=\"high\" decoding=\"async\" width=\"540\" height=\"540\" src=\"https:\/\/www.hg-cooker.com\/wp-content\/uploads\/2025\/02\/wholesale-tri-ply-stainless-steel-discs-3.webp\" alt=\"disques en acier inoxydable tripl\u00e9s en gros (3)\" class=\"wp-image-4907\" srcset=\"https:\/\/www.hg-cooker.com\/wp-content\/uploads\/2025\/02\/wholesale-tri-ply-stainless-steel-discs-3.webp 540w, https:\/\/www.hg-cooker.com\/wp-content\/uploads\/2025\/02\/wholesale-tri-ply-stainless-steel-discs-3-150x150.webp 150w, https:\/\/www.hg-cooker.com\/wp-content\/uploads\/2025\/02\/wholesale-tri-ply-stainless-steel-discs-3-300x300.webp 300w, https:\/\/www.hg-cooker.com\/wp-content\/uploads\/2025\/02\/wholesale-tri-ply-stainless-steel-discs-3-12x12.webp 12w, https:\/\/www.hg-cooker.com\/wp-content\/uploads\/2025\/02\/wholesale-tri-ply-stainless-steel-discs-3-285x285.webp 285w, https:\/\/www.hg-cooker.com\/wp-content\/uploads\/2025\/02\/wholesale-tri-ply-stainless-steel-discs-3-270x270.webp 270w\" sizes=\"(max-width: 540px) 100vw, 540px\" \/><\/figure>\n<\/div>\n\n\n\n<div class=\"wp-block-column is-layout-flow wp-block-column-is-layout-flow\">\n<figure class=\"wp-block-image size-full\"><img decoding=\"async\" width=\"535\" height=\"535\" src=\"https:\/\/www.hg-cooker.com\/wp-content\/uploads\/2025\/02\/wholesale-tri-ply-stainless-steel-discs-4.webp\" alt=\"disques en acier inoxydable tripl\u00e9s en gros (4)\" class=\"wp-image-4908\" srcset=\"https:\/\/www.hg-cooker.com\/wp-content\/uploads\/2025\/02\/wholesale-tri-ply-stainless-steel-discs-4.webp 535w, https:\/\/www.hg-cooker.com\/wp-content\/uploads\/2025\/02\/wholesale-tri-ply-stainless-steel-discs-4-150x150.webp 150w, https:\/\/www.hg-cooker.com\/wp-content\/uploads\/2025\/02\/wholesale-tri-ply-stainless-steel-discs-4-300x300.webp 300w, https:\/\/www.hg-cooker.com\/wp-content\/uploads\/2025\/02\/wholesale-tri-ply-stainless-steel-discs-4-12x12.webp 12w, https:\/\/www.hg-cooker.com\/wp-content\/uploads\/2025\/02\/wholesale-tri-ply-stainless-steel-discs-4-285x285.webp 285w, https:\/\/www.hg-cooker.com\/wp-content\/uploads\/2025\/02\/wholesale-tri-ply-stainless-steel-discs-4-270x270.webp 270w\" sizes=\"(max-width: 535px) 100vw, 535px\" \/><\/figure>\n<\/div>\n<\/div>\n\n\n\n<div class=\"wp-block-columns is-layout-flex wp-container-core-columns-is-layout-9d6595d7 wp-block-columns-is-layout-flex\">\n<div class=\"wp-block-column is-layout-flow wp-block-column-is-layout-flow\"><\/div>\n\n\n\n<div class=\"wp-block-column is-layout-flow wp-block-column-is-layout-flow\"><\/div>\n<\/div>","protected":false},"excerpt":{"rendered":"<p>Disques en gros en acier inoxydable \u00e0 trois couches, avec diverses options d'\u00e9paisseur, utilisant l'acier inoxydable 304\/316, l'aluminium et l'acier inoxydable 430 \u00e0 structure composite \u00e0 trois couches, convenant aux ustensiles de cuisine et \u00e0 la vaisselle haut de gamme. Nous fournissons des services OEM et ODM flexibles et pouvons personnaliser la taille, l'\u00e9paisseur, le traitement de surface et la forme en fonction des besoins du client. N'h\u00e9sitez pas \u00e0 nous contacter.<\/p>\n<h3>Caract\u00e9ristiques et avantages des disques triples en acier inoxydable<\/h3>\n<div>\n<p><strong>Excellente conductivit\u00e9 thermique :<\/strong> Les disques en acier inoxydable \u00e0 trois couches sont constitu\u00e9s de trois couches de mat\u00e9riaux : la couche centrale est en aluminium, et les couches int\u00e9rieure et ext\u00e9rieure sont en acier inoxydable. Ils pr\u00e9sentent une excellente conductivit\u00e9 thermique et sont id\u00e9aux pour la fabrication d'ustensiles de cuisine.<\/p>\n<p><strong>Forte durabilit\u00e9 :<\/strong> La structure \u00e0 trois couches rend les disques en acier inoxydable \u00e0 trois couches plus durables que l'acier inoxydable \u00e0 une couche. Les deux couches ext\u00e9rieures d'acier inoxydable peuvent r\u00e9sister efficacement \u00e0 la corrosion, \u00e0 l'usure et \u00e0 l'oxydation, ce qui prolonge la dur\u00e9e de vie.<\/p>\n<p><strong>Diverses utilisations :<\/strong> Les disques en acier inoxydable \u00e0 trois plis sont largement utilis\u00e9s pour fabriquer divers ustensiles de cuisine haut de gamme en acier inoxydable, tels que les woks, les po\u00eales \u00e0 frire et les marmites \u00e0 rago\u00fbt. Ils peuvent \u00e9galement \u00eatre utilis\u00e9s dans la fabrication d'articles de table pour produire des assiettes \u00e0 d\u00eener modernes, des bols, etc.<\/p>\n<p><strong>Am\u00e9liorer l'esth\u00e9tique du produit :<\/strong> La brillance et la modernit\u00e9 des disques en acier inoxydable triplis les rendent particuli\u00e8rement adapt\u00e9s \u00e0 la fabrication d'ustensiles de cuisine et d'articles m\u00e9nagers raffin\u00e9s, apportant une plus grande beaut\u00e9 visuelle \u00e0 la cuisine ou \u00e0 la table \u00e0 manger.<\/p>\n<p><strong>Service OEM et ODM :<\/strong> En tant que fabricant de disques en acier triplement inoxydable, nous pouvons personnaliser diff\u00e9rentes tailles, \u00e9paisseurs, traitements de surface et conceptions en fonction des besoins des clients afin de r\u00e9pondre \u00e0 leurs besoins sp\u00e9cifiques.<\/p>\n<p><a href=\"https:\/\/www.hg-cooker.com\/fr\/disques-triples-en-acier-inoxydable\/\" target=\"_blank\" rel=\"noopener\"><strong>En savoir plus sur les solutions personnalis\u00e9es de disques en acier inoxydable \u00e0 trois plis.<\/strong><\/a><\/p>\n<\/div>","protected":false},"featured_media":4905,"comment_status":"closed","ping_status":"closed","template":"","meta":[],"product_brand":[],"product_cat":[53],"product_tag":[],"class_list":{"0":"post-4904","1":"product","2":"type-product","3":"status-publish","4":"has-post-thumbnail","6":"product_cat-tri-ply-stainless-steel-discs","8":"first","9":"instock","10":"shipping-taxable","11":"product-type-simple"},"_links":{"self":[{"href":"https:\/\/www.hg-cooker.com\/fr\/wp-json\/wp\/v2\/product\/4904","targetHints":{"allow":["GET"]}}],"collection":[{"href":"https:\/\/www.hg-cooker.com\/fr\/wp-json\/wp\/v2\/product"}],"about":[{"href":"https:\/\/www.hg-cooker.com\/fr\/wp-json\/wp\/v2\/types\/product"}],"replies":[{"embeddable":true,"href":"https:\/\/www.hg-cooker.com\/fr\/wp-json\/wp\/v2\/comments?post=4904"}],"wp:featuredmedia":[{"embeddable":true,"href":"https:\/\/www.hg-cooker.com\/fr\/wp-json\/wp\/v2\/media\/4905"}],"wp:attachment":[{"href":"https:\/\/www.hg-cooker.com\/fr\/wp-json\/wp\/v2\/media?parent=4904"}],"wp:term":[{"taxonomy":"product_brand","embeddable":true,"href":"https:\/\/www.hg-cooker.com\/fr\/wp-json\/wp\/v2\/product_brand?post=4904"},{"taxonomy":"product_cat","embeddable":true,"href":"https:\/\/www.hg-cooker.com\/fr\/wp-json\/wp\/v2\/product_cat?post=4904"},{"taxonomy":"product_tag","embeddable":true,"href":"https:\/\/www.hg-cooker.com\/fr\/wp-json\/wp\/v2\/product_tag?post=4904"}],"curies":[{"name":"wp","href":"https:\/\/api.w.org\/{rel}","templated":true}]}}