{"id":4865,"date":"2025-08-18T01:53:35","date_gmt":"2025-08-18T01:53:35","guid":{"rendered":"https:\/\/www.hg-cooker.com\/?post_type=product&#038;p=4865"},"modified":"2025-11-13T02:21:09","modified_gmt":"2025-11-13T02:21:09","slug":"pot-a-lait-bouillant-en-acier-inoxydable-wholesale-48","status":"publish","type":"product","link":"https:\/\/www.hg-cooker.com\/fr\/produit\/pot-a-lait-bouillant-en-acier-inoxydable-wholesale-48\/","title":{"rendered":"Wholesale Home and Outdoor Stainless Steel Pressure Cooker 3 Litre, Multi Security Design, Support OEM and ODM"},"content":{"rendered":"<div class=\"wp-block-columns is-layout-flex wp-container-core-columns-is-layout-9d6595d7 wp-block-columns-is-layout-flex\">\n<div class=\"wp-block-column is-layout-flow wp-block-column-is-layout-flow\">\n<h2 class=\"wp-block-heading\">Param\u00e8tres de l'autocuiseur en acier inoxydable<\/h2>\n\n\n\n<figure class=\"wp-block-table\"><table class=\"has-fixed-layout\"><tbody><tr><td>Nom du produit<\/td><td>Mat\u00e9riau<\/td><td>Style<\/td><td>Capacit\u00e9<\/td><td>R\u00e9chaud adapt\u00e9<\/td><\/tr><tr><td>Petite cocotte-minute<\/td><td>Acier inoxydable 304# (couvercle) + Acier inoxydable Tri-Ply (corps de la marmite)<\/td><td>Paroi int\u00e9rieure en acier inoxydable \/ Paroi int\u00e9rieure antiadh\u00e9sive<\/td><td>2.5L \/ 3.0L \/ 3.5L \/ 4.0L<\/td><td>Cuisini\u00e8re \u00e0 gaz \/ flamme nue \/ cuisini\u00e8re \u00e0 induction<\/td><\/tr><\/tbody><\/table><\/figure>\n\n\n\n<h3 class=\"wp-block-heading\">Options d'autocuiseur personnalis\u00e9es<\/h3>\n\n\n\n<p><strong>Logo :<\/strong> Personnalisez le logo de votre marque sur les produits et les emballages.<br><br><strong>Rev\u00eatement :<\/strong> Rev\u00eatement antiadh\u00e9sif \/ Acier inoxydable <br><br><strong>Taille : <\/strong>Personnalisez diff\u00e9rentes tailles d'autocuiseurs en fonction de vos besoins.<br><br><strong>Emballage : <\/strong>carton\/bo\u00eete de couleur.<br><br><a href=\"https:\/\/www.hg-cooker.com\/fr\/custom-solution\/\" data-type=\"page\" data-id=\"2793\" target=\"_blank\" rel=\"noreferrer noopener\"><strong>En savoir plus sur les solutions personnalis\u00e9es en mati\u00e8re d'autocuiseurs.<\/strong><\/a><br><\/p>\n<\/div>\n<\/div>\n\n\n\n<div class=\"wp-block-columns is-layout-flex wp-container-core-columns-is-layout-9d6595d7 wp-block-columns-is-layout-flex\">\n<div class=\"wp-block-column is-layout-flow wp-block-column-is-layout-flow\">\n<figure class=\"wp-block-image size-full\"><img fetchpriority=\"high\" decoding=\"async\" width=\"790\" height=\"1673\" src=\"https:\/\/www.hg-cooker.com\/wp-content\/uploads\/2025\/02\/stainless-steel-pressure-cooker-details-5-1.jpg\" alt=\"autocuiseur en acier inoxydable d\u00e9tails (5)\" class=\"wp-image-4870\" srcset=\"https:\/\/www.hg-cooker.com\/wp-content\/uploads\/2025\/02\/stainless-steel-pressure-cooker-details-5-1.jpg 790w, https:\/\/www.hg-cooker.com\/wp-content\/uploads\/2025\/02\/stainless-steel-pressure-cooker-details-5-1-71x150.jpg 71w, https:\/\/www.hg-cooker.com\/wp-content\/uploads\/2025\/02\/stainless-steel-pressure-cooker-details-5-1-312x660.jpg 312w, https:\/\/www.hg-cooker.com\/wp-content\/uploads\/2025\/02\/stainless-steel-pressure-cooker-details-5-1-142x300.jpg 142w, https:\/\/www.hg-cooker.com\/wp-content\/uploads\/2025\/02\/stainless-steel-pressure-cooker-details-5-1-768x1626.jpg 768w, https:\/\/www.hg-cooker.com\/wp-content\/uploads\/2025\/02\/stainless-steel-pressure-cooker-details-5-1-6x12.jpg 6w, https:\/\/www.hg-cooker.com\/wp-content\/uploads\/2025\/02\/stainless-steel-pressure-cooker-details-5-1-285x604.jpg 285w\" sizes=\"(max-width: 790px) 100vw, 790px\" \/><\/figure>\n<\/div>\n\n\n\n<div class=\"wp-block-column is-layout-flow wp-block-column-is-layout-flow\">\n<figure class=\"wp-block-image size-full\"><img decoding=\"async\" width=\"790\" height=\"1673\" src=\"https:\/\/www.hg-cooker.com\/wp-content\/uploads\/2025\/02\/stainless-steel-pressure-cooker-details-6-1.jpg\" alt=\"autocuiseur en acier inoxydable d\u00e9tails (6)\" class=\"wp-image-4871\" srcset=\"https:\/\/www.hg-cooker.com\/wp-content\/uploads\/2025\/02\/stainless-steel-pressure-cooker-details-6-1.jpg 790w, https:\/\/www.hg-cooker.com\/wp-content\/uploads\/2025\/02\/stainless-steel-pressure-cooker-details-6-1-71x150.jpg 71w, https:\/\/www.hg-cooker.com\/wp-content\/uploads\/2025\/02\/stainless-steel-pressure-cooker-details-6-1-312x660.jpg 312w, https:\/\/www.hg-cooker.com\/wp-content\/uploads\/2025\/02\/stainless-steel-pressure-cooker-details-6-1-142x300.jpg 142w, https:\/\/www.hg-cooker.com\/wp-content\/uploads\/2025\/02\/stainless-steel-pressure-cooker-details-6-1-768x1626.jpg 768w, https:\/\/www.hg-cooker.com\/wp-content\/uploads\/2025\/02\/stainless-steel-pressure-cooker-details-6-1-6x12.jpg 6w, https:\/\/www.hg-cooker.com\/wp-content\/uploads\/2025\/02\/stainless-steel-pressure-cooker-details-6-1-285x604.jpg 285w\" sizes=\"(max-width: 790px) 100vw, 790px\" \/><\/figure>\n<\/div>\n<\/div>","protected":false},"excerpt":{"rendered":"<p>Les autocuiseurs pour la maison et l'ext\u00e9rieur sont vendus en gros pour r\u00e9pondre \u00e0 vos besoins quotidiens en mati\u00e8re de cuisine et de camping. Fabriqu\u00e9 en acier inoxydable de haute qualit\u00e9, il a une meilleure conductivit\u00e9 thermique que les autocuiseurs ordinaires et peut cuire les aliments rapidement. Nous proposons des services OEM et ODM et pouvons fournir des conceptions personnalis\u00e9es selon vos besoins. N'h\u00e9sitez pas \u00e0 nous contacter pour obtenir un devis.<\/p>\n<h2>Caract\u00e9ristiques et avantages de l'autocuiseur en acier inoxydable<\/h2>\n<div>\n<p><strong>Mat\u00e9riau de haute qualit\u00e9 :<\/strong> L'autocuiseur est fabriqu\u00e9 en acier inoxydable triple de haute qualit\u00e9, r\u00e9sistant \u00e0 la corrosion et aux temp\u00e9ratures \u00e9lev\u00e9es, ce qui garantit qu'il ne se d\u00e9formera pas facilement lors d'une utilisation \u00e0 long terme.<\/p>\n<p><strong>Convient \u00e0 une vari\u00e9t\u00e9 d'occasions :<\/strong> Qu'il s'agisse d'un usage domestique ou d'un camping en plein air, cet autocuiseur est tr\u00e8s adapt\u00e9, facile \u00e0 transporter et r\u00e9pond \u00e0 diff\u00e9rents besoins.<\/p>\n<p><strong>Capacit\u00e9 mod\u00e9r\u00e9e :<\/strong> La capacit\u00e9 de 3 litres convient parfaitement aux particuliers et aux petites familles, et n'entra\u00eene pas de gaspillage alimentaire.<\/p>\n<p><strong>Conception multifonctionnelle :<\/strong> L'autocuiseur en acier inoxydable peut \u00eatre utilis\u00e9 pour la cuisson, la cuisson \u00e0 l'\u00e9touff\u00e9e, la cuisson \u00e0 la vapeur et d'autres m\u00e9thodes de cuisson pour r\u00e9pondre \u00e0 diff\u00e9rents besoins de cuisson.<\/p>\n<p><strong>Support OEM et ODM :<\/strong> Il peut \u00eatre personnalis\u00e9 en fonction des besoins du client et offrir une conception personnalis\u00e9e pour r\u00e9pondre aux exigences des diff\u00e9rents march\u00e9s.<\/p>\n<\/div>","protected":false},"featured_media":4872,"comment_status":"closed","ping_status":"closed","template":"","meta":[],"product_brand":[],"product_cat":[54],"product_tag":[],"class_list":{"0":"post-4865","1":"product","2":"type-product","3":"status-publish","4":"has-post-thumbnail","6":"product_cat-pressure-cooker","8":"first","9":"instock","10":"shipping-taxable","11":"product-type-simple"},"_links":{"self":[{"href":"https:\/\/www.hg-cooker.com\/fr\/wp-json\/wp\/v2\/product\/4865","targetHints":{"allow":["GET"]}}],"collection":[{"href":"https:\/\/www.hg-cooker.com\/fr\/wp-json\/wp\/v2\/product"}],"about":[{"href":"https:\/\/www.hg-cooker.com\/fr\/wp-json\/wp\/v2\/types\/product"}],"replies":[{"embeddable":true,"href":"https:\/\/www.hg-cooker.com\/fr\/wp-json\/wp\/v2\/comments?post=4865"}],"wp:featuredmedia":[{"embeddable":true,"href":"https:\/\/www.hg-cooker.com\/fr\/wp-json\/wp\/v2\/media\/4872"}],"wp:attachment":[{"href":"https:\/\/www.hg-cooker.com\/fr\/wp-json\/wp\/v2\/media?parent=4865"}],"wp:term":[{"taxonomy":"product_brand","embeddable":true,"href":"https:\/\/www.hg-cooker.com\/fr\/wp-json\/wp\/v2\/product_brand?post=4865"},{"taxonomy":"product_cat","embeddable":true,"href":"https:\/\/www.hg-cooker.com\/fr\/wp-json\/wp\/v2\/product_cat?post=4865"},{"taxonomy":"product_tag","embeddable":true,"href":"https:\/\/www.hg-cooker.com\/fr\/wp-json\/wp\/v2\/product_tag?post=4865"}],"curies":[{"name":"wp","href":"https:\/\/api.w.org\/{rel}","templated":true}]}}