{"id":4526,"date":"2025-09-01T04:25:59","date_gmt":"2025-09-01T04:25:59","guid":{"rendered":"https:\/\/www.hg-cooker.com\/?post_type=product&#038;p=4526"},"modified":"2025-09-13T02:10:59","modified_gmt":"2025-09-13T02:10:59","slug":"pot-a-lait-bouillant-en-acier-inoxydable-wholesale-45","status":"publish","type":"product","link":"https:\/\/www.hg-cooker.com\/fr\/produit\/pot-a-lait-bouillant-en-acier-inoxydable-wholesale-45\/","title":{"rendered":"Pot \u00e0 lait en acier inoxydable tripl\u00e9 avec cuit-vapeur - Hengguang Cookware Manufacturer"},"content":{"rendered":"<div class=\"wp-block-columns is-layout-flex wp-container-core-columns-is-layout-9d6595d7 wp-block-columns-is-layout-flex\">\n<div class=\"wp-block-column is-layout-flow wp-block-column-is-layout-flow\">\n<h2 class=\"wp-block-heading\">Param\u00e8tres du pot \u00e0 lait en acier inoxydable tripl\u00e9<\/h2>\n\n\n\n<figure class=\"wp-block-table\"><table class=\"has-fixed-layout\"><tbody><tr><td>Nom du produit<\/td><td>Pot \u00e0 lait en acier inoxydable<\/td><\/tr><tr><td>Num\u00e9ro de mod\u00e8le<\/td><td>HG-316NG16<\/td><\/tr><tr><td>Mat\u00e9riau<\/td><td>Corps du pot en acier inoxydable 316 \/ Fond en acier inoxydable triple \u00e9paisseur<\/td><\/tr><tr><td>Capacit\u00e9<\/td><td>1,5L (16cm) \/ 2,0L (18cm)<\/td><\/tr><tr><td>R\u00e9chaud adapt\u00e9<\/td><td>Cuisini\u00e8re \u00e0 gaz \/ Cuisini\u00e8re \u00e0 induction \/ Table de cuisson \u00e9lectrique en c\u00e9ramique \/ Cuisini\u00e8re \u00e9lectrique<\/td><\/tr><\/tbody><\/table><\/figure>\n\n\n\n<h2 class=\"wp-block-heading\">Options d'ustensiles de cuisine personnalis\u00e9s<\/h2>\n\n\n\n<figure class=\"wp-block-table\"><table class=\"has-fixed-layout\"><tbody><tr><td>Options d'ustensiles de cuisine personnalis\u00e9s<\/td><td>D\u00e9tails<\/td><\/tr><tr><td>Logo<\/td><td>Personnalisez le logo de votre marque sur les pots de lait et les emballages.<\/td><\/tr><tr><td>Taille<\/td><td>Personnalisez diff\u00e9rentes tailles de pots \u00e0 lait en fonction de vos besoins.<\/td><\/tr><tr><td>Paquet<\/td><td>Carton \/ Bo\u00eete de couleur.<\/td><\/tr><\/tbody><\/table><\/figure>\n<\/div>\n<\/div>\n\n\n\n<div class=\"wp-block-columns is-layout-flex wp-container-core-columns-is-layout-9d6595d7 wp-block-columns-is-layout-flex\">\n<div class=\"wp-block-column is-layout-flow wp-block-column-is-layout-flow\">\n<figure class=\"wp-block-image size-full\"><img fetchpriority=\"high\" decoding=\"async\" width=\"800\" height=\"800\" src=\"https:\/\/www.hg-cooker.com\/wp-content\/uploads\/2024\/07\/wholesale-tri-ply-stainless-steel-milk-pot.webp\" alt=\"pot \u00e0 lait en acier inoxydable tripl\u00e9 (vente en gros)\" class=\"wp-image-4120\" srcset=\"https:\/\/www.hg-cooker.com\/wp-content\/uploads\/2024\/07\/wholesale-tri-ply-stainless-steel-milk-pot.webp 800w, https:\/\/www.hg-cooker.com\/wp-content\/uploads\/2024\/07\/wholesale-tri-ply-stainless-steel-milk-pot-150x150.webp 150w, https:\/\/www.hg-cooker.com\/wp-content\/uploads\/2024\/07\/wholesale-tri-ply-stainless-steel-milk-pot-660x660.webp 660w, https:\/\/www.hg-cooker.com\/wp-content\/uploads\/2024\/07\/wholesale-tri-ply-stainless-steel-milk-pot-300x300.webp 300w, https:\/\/www.hg-cooker.com\/wp-content\/uploads\/2024\/07\/wholesale-tri-ply-stainless-steel-milk-pot-768x768.webp 768w, https:\/\/www.hg-cooker.com\/wp-content\/uploads\/2024\/07\/wholesale-tri-ply-stainless-steel-milk-pot-12x12.webp 12w, https:\/\/www.hg-cooker.com\/wp-content\/uploads\/2024\/07\/wholesale-tri-ply-stainless-steel-milk-pot-285x285.webp 285w, https:\/\/www.hg-cooker.com\/wp-content\/uploads\/2024\/07\/wholesale-tri-ply-stainless-steel-milk-pot-270x270.webp 270w, https:\/\/www.hg-cooker.com\/wp-content\/uploads\/2024\/07\/wholesale-tri-ply-stainless-steel-milk-pot-540x540.webp 540w\" sizes=\"(max-width: 800px) 100vw, 800px\" \/><\/figure>\n<\/div>\n\n\n\n<div class=\"wp-block-column is-layout-flow wp-block-column-is-layout-flow\">\n<figure class=\"wp-block-image size-full\"><img decoding=\"async\" width=\"611\" height=\"611\" src=\"https:\/\/www.hg-cooker.com\/wp-content\/uploads\/2024\/10\/steamer.jpg\" alt=\"\u00e9tuve\" class=\"wp-image-4529\" srcset=\"https:\/\/www.hg-cooker.com\/wp-content\/uploads\/2024\/10\/steamer.jpg 611w, https:\/\/www.hg-cooker.com\/wp-content\/uploads\/2024\/10\/steamer-150x150.jpg 150w, https:\/\/www.hg-cooker.com\/wp-content\/uploads\/2024\/10\/steamer-300x300.jpg 300w, https:\/\/www.hg-cooker.com\/wp-content\/uploads\/2024\/10\/steamer-12x12.jpg 12w, https:\/\/www.hg-cooker.com\/wp-content\/uploads\/2024\/10\/steamer-285x285.jpg 285w, https:\/\/www.hg-cooker.com\/wp-content\/uploads\/2024\/10\/steamer-270x270.jpg 270w, https:\/\/www.hg-cooker.com\/wp-content\/uploads\/2024\/10\/steamer-540x540.jpg 540w\" sizes=\"(max-width: 611px) 100vw, 611px\" \/><\/figure>\n<\/div>\n<\/div>","protected":false},"excerpt":{"rendered":"<p>Les pots \u00e0 lait en acier inoxydable sont d'une excellente conductivit\u00e9 thermique, durables et peuvent r\u00e9pondre aux besoins de cuisson de divers sc\u00e9narios. Ils peuvent \u00eatre utilis\u00e9s dans les cuisines commerciales et les cuisines domestiques. Convient \u00e0 l'approvisionnement de diverses soci\u00e9t\u00e9s de restauration et de d\u00e9taillants. N'h\u00e9sitez pas \u00e0 nous contacter, le fabricant d'ustensiles de cuisine Hengguang vous fournira le meilleur devis.<\/p>\n<h2>Caract\u00e9ristiques et avantages du pot \u00e0 lait en acier inoxydable<\/h2>\n<p><strong>Excellente conductivit\u00e9 thermique :<\/strong> Ce pot \u00e0 lait est compos\u00e9 de trois couches d'acier inoxydable, ce qui garantit un chauffage uniforme et r\u00e9duit la concentration de chaleur, rendant la cuisson plus efficace.<\/p>\n<p><strong>Non toxique et sans danger :<\/strong> Ce pot \u00e0 lait en acier inoxydable \u00e0 trois couches ne contient pas de rev\u00eatement. Qu'il s'agisse de cuisson \u00e0 haute temp\u00e9rature ou d'utilisation quotidienne, aucune substance nocive n'est lib\u00e9r\u00e9e, ce qui garantit la s\u00e9curit\u00e9 des aliments de la famille.<\/p>\n<p><strong>Facile \u00e0 nettoyer :<\/strong> La surface du pot \u00e0 lait est polie et la conception de la surface lisse en acier inoxydable rend le nettoyage simple et rapide. Il peut \u00eatre lav\u00e9 \u00e0 la main ou mis au lave-vaisselle pour un nettoyage rapide. Gagnez du temps et de l'\u00e9nergie.<\/p>\n<p><strong>Convient \u00e0 une vari\u00e9t\u00e9 de po\u00eales<\/strong>: Ce pot \u00e0 lait en acier inoxydable peut \u00eatre utilis\u00e9 sur de nombreux types de cuisini\u00e8res, cuisini\u00e8res \u00e0 induction, cuisini\u00e8res \u00e0 gaz, cuisini\u00e8res en c\u00e9ramique, etc. Gr\u00e2ce \u00e0 sa grande adaptabilit\u00e9, il peut r\u00e9pondre aux besoins de cuisson de diff\u00e9rentes familles.<\/p>\n<p><strong>Service de vente en gros :<\/strong> Nous fournissons des services de pot \u00e0 lait en gros \u00e0 des prix d'usine, nous prenons en charge les commandes en gros et nous fournissons des d\u00e9lais de livraison rapides pour r\u00e9pondre aux besoins de votre entreprise.<\/p>\n<p><strong>Personnalisation OEM et ODM :<\/strong> En tant que fabricant professionnel d'ustensiles de cuisine, Hengguang propose une solution unique de pot \u00e0 lait personnalis\u00e9 pour personnaliser des ustensiles de cuisine de haute qualit\u00e9 qui r\u00e9pondent aux besoins de votre marque.<\/p>","protected":false},"featured_media":4527,"comment_status":"closed","ping_status":"closed","template":"","meta":[],"product_brand":[],"product_cat":[52],"product_tag":[],"class_list":{"0":"post-4526","1":"product","2":"type-product","3":"status-publish","4":"has-post-thumbnail","6":"product_cat-stainless-steel-cookware","8":"first","9":"instock","10":"shipping-taxable","11":"product-type-simple"},"_links":{"self":[{"href":"https:\/\/www.hg-cooker.com\/fr\/wp-json\/wp\/v2\/product\/4526","targetHints":{"allow":["GET"]}}],"collection":[{"href":"https:\/\/www.hg-cooker.com\/fr\/wp-json\/wp\/v2\/product"}],"about":[{"href":"https:\/\/www.hg-cooker.com\/fr\/wp-json\/wp\/v2\/types\/product"}],"replies":[{"embeddable":true,"href":"https:\/\/www.hg-cooker.com\/fr\/wp-json\/wp\/v2\/comments?post=4526"}],"wp:featuredmedia":[{"embeddable":true,"href":"https:\/\/www.hg-cooker.com\/fr\/wp-json\/wp\/v2\/media\/4527"}],"wp:attachment":[{"href":"https:\/\/www.hg-cooker.com\/fr\/wp-json\/wp\/v2\/media?parent=4526"}],"wp:term":[{"taxonomy":"product_brand","embeddable":true,"href":"https:\/\/www.hg-cooker.com\/fr\/wp-json\/wp\/v2\/product_brand?post=4526"},{"taxonomy":"product_cat","embeddable":true,"href":"https:\/\/www.hg-cooker.com\/fr\/wp-json\/wp\/v2\/product_cat?post=4526"},{"taxonomy":"product_tag","embeddable":true,"href":"https:\/\/www.hg-cooker.com\/fr\/wp-json\/wp\/v2\/product_tag?post=4526"}],"curies":[{"name":"wp","href":"https:\/\/api.w.org\/{rel}","templated":true}]}}