{"id":4520,"date":"2025-09-01T10:21:57","date_gmt":"2025-09-01T10:21:57","guid":{"rendered":"https:\/\/www.hg-cooker.com\/?post_type=product&#038;p=4520"},"modified":"2025-09-13T02:06:47","modified_gmt":"2025-09-13T02:06:47","slug":"pot-a-lait-bouillant-en-acier-inoxydable-wholesale-44","status":"publish","type":"product","link":"https:\/\/www.hg-cooker.com\/fr\/produit\/pot-a-lait-bouillant-en-acier-inoxydable-wholesale-44\/","title":{"rendered":"Pot \u00e0 soupe en acier inoxydable avec couvercle Factory Direct Sale:Con\u00e7u pour les cuisines domestiques et commerciales"},"content":{"rendered":"<div class=\"wp-block-columns is-layout-flex wp-container-core-columns-is-layout-9d6595d7 wp-block-columns-is-layout-flex\">\n<div class=\"wp-block-column is-layout-flow wp-block-column-is-layout-flow\">\n<h2 class=\"wp-block-heading\">Param\u00e8tres de la marmite \u00e0 soupe en acier inoxydable<\/h2>\n\n\n\n<p><strong>Nom du produit<\/strong>: Pot \u00e0 soupe en acier inoxydable<br><br><strong>Num\u00e9ro de mod\u00e8le : <\/strong>HG-316NG16<br><br><strong>Mat\u00e9riau :<\/strong> Corps du pot en acier inoxydable 316 \/ Fond en acier inoxydable triple \u00e9paisseur <\/p>\n\n\n\n<p><strong>Capacit\u00e9 : <\/strong>1.5L(16cm)\/2.0L(18cm)<br><br><strong>R\u00e9chaud adapt\u00e9<\/strong>: Cuisini\u00e8re \u00e0 gaz \/ Cuisini\u00e8re \u00e0 induction \/ Table de cuisson \u00e9lectrique en c\u00e9ramique \/ Cuisini\u00e8re \u00e9lectrique.<br><\/p>\n<\/div>\n\n\n\n<div class=\"wp-block-column is-layout-flow wp-block-column-is-layout-flow\">\n<h2 class=\"wp-block-heading\">Options d'ustensiles de cuisine personnalis\u00e9s<\/h2>\n\n\n\n<p><strong>Logo<\/strong>: Personnalisez le logo de votre marque sur la marmite et l'emballage.<br><br><strong>Taille :<\/strong> Personnalisez diff\u00e9rentes tailles de marmites de soupe en fonction de vos besoins.<br><br><strong>Paquet<\/strong>: carton\/bo\u00eete de couleur.<br><br><a href=\"https:\/\/www.hg-cooker.com\/fr\/custom-solution\/\" data-type=\"page\" data-id=\"2793\" target=\"_blank\" rel=\"noreferrer noopener\"><strong>D\u00e9couvrez plus de d\u00e9tails sur les ustensiles de cuisine personnalis\u00e9s<\/strong><\/a><\/p>\n<\/div>\n<\/div>\n\n\n\n<div class=\"wp-block-columns is-layout-flex wp-container-core-columns-is-layout-9d6595d7 wp-block-columns-is-layout-flex\">\n<div class=\"wp-block-column is-layout-flow wp-block-column-is-layout-flow\">\n<figure class=\"wp-block-image size-full\"><img fetchpriority=\"high\" decoding=\"async\" width=\"800\" height=\"800\" src=\"https:\/\/www.hg-cooker.com\/wp-content\/uploads\/2024\/10\/stainless-steel-soup-pot-detail.jpg\" alt=\"pot \u00e0 soupe en acier inoxydable d\u00e9tail\" class=\"wp-image-4523\" srcset=\"https:\/\/www.hg-cooker.com\/wp-content\/uploads\/2024\/10\/stainless-steel-soup-pot-detail.jpg 800w, https:\/\/www.hg-cooker.com\/wp-content\/uploads\/2024\/10\/stainless-steel-soup-pot-detail-150x150.jpg 150w, https:\/\/www.hg-cooker.com\/wp-content\/uploads\/2024\/10\/stainless-steel-soup-pot-detail-660x660.jpg 660w, https:\/\/www.hg-cooker.com\/wp-content\/uploads\/2024\/10\/stainless-steel-soup-pot-detail-300x300.jpg 300w, https:\/\/www.hg-cooker.com\/wp-content\/uploads\/2024\/10\/stainless-steel-soup-pot-detail-768x768.jpg 768w, https:\/\/www.hg-cooker.com\/wp-content\/uploads\/2024\/10\/stainless-steel-soup-pot-detail-12x12.jpg 12w, https:\/\/www.hg-cooker.com\/wp-content\/uploads\/2024\/10\/stainless-steel-soup-pot-detail-285x285.jpg 285w, https:\/\/www.hg-cooker.com\/wp-content\/uploads\/2024\/10\/stainless-steel-soup-pot-detail-270x270.jpg 270w, https:\/\/www.hg-cooker.com\/wp-content\/uploads\/2024\/10\/stainless-steel-soup-pot-detail-540x540.jpg 540w\" sizes=\"(max-width: 800px) 100vw, 800px\" \/><\/figure>\n<\/div>\n\n\n\n<div class=\"wp-block-column is-layout-flow wp-block-column-is-layout-flow\">\n<figure class=\"wp-block-image size-full\"><img decoding=\"async\" width=\"800\" height=\"800\" src=\"https:\/\/www.hg-cooker.com\/wp-content\/uploads\/2024\/10\/stainless-steel-soup-pot-detail-1.jpg\" alt=\"pot \u00e0 soupe en acier inoxydable d\u00e9tail\" class=\"wp-image-4525\" srcset=\"https:\/\/www.hg-cooker.com\/wp-content\/uploads\/2024\/10\/stainless-steel-soup-pot-detail-1.jpg 800w, https:\/\/www.hg-cooker.com\/wp-content\/uploads\/2024\/10\/stainless-steel-soup-pot-detail-1-150x150.jpg 150w, https:\/\/www.hg-cooker.com\/wp-content\/uploads\/2024\/10\/stainless-steel-soup-pot-detail-1-660x660.jpg 660w, https:\/\/www.hg-cooker.com\/wp-content\/uploads\/2024\/10\/stainless-steel-soup-pot-detail-1-300x300.jpg 300w, https:\/\/www.hg-cooker.com\/wp-content\/uploads\/2024\/10\/stainless-steel-soup-pot-detail-1-768x768.jpg 768w, https:\/\/www.hg-cooker.com\/wp-content\/uploads\/2024\/10\/stainless-steel-soup-pot-detail-1-12x12.jpg 12w, https:\/\/www.hg-cooker.com\/wp-content\/uploads\/2024\/10\/stainless-steel-soup-pot-detail-1-285x285.jpg 285w, https:\/\/www.hg-cooker.com\/wp-content\/uploads\/2024\/10\/stainless-steel-soup-pot-detail-1-270x270.jpg 270w, https:\/\/www.hg-cooker.com\/wp-content\/uploads\/2024\/10\/stainless-steel-soup-pot-detail-1-540x540.jpg 540w\" sizes=\"(max-width: 800px) 100vw, 800px\" \/><\/figure>\n<\/div>\n<\/div>","protected":false},"excerpt":{"rendered":"<p>La marmite en gros en acier inoxydable avec couvercle am\u00e9liore votre exp\u00e9rience culinaire. Fabriqu\u00e9e en acier inoxydable de haute qualit\u00e9, cette marmite pr\u00e9sente une excellente conductivit\u00e9 thermique et une grande durabilit\u00e9. Elle convient \u00e0 une utilisation fr\u00e9quente dans les restaurants ou les h\u00f4tels. Qu'il s'agisse de pr\u00e9parer des soupes copieuses, de mijoter des plats d\u00e9licieux ou de cuire de simples p\u00e2tes, cette marmite peut \u00eatre utilis\u00e9e sans probl\u00e8me. En outre, nous proposons des options flexibles de vente en gros et de personnalisation des ustensiles de cuisine. N'h\u00e9sitez pas \u00e0 nous contacter pour obtenir des solutions et des prix comp\u00e9titifs.<\/p>\n<h3>Caract\u00e9ristiques et avantages de la marmite \u00e0 soupe en acier inoxydable<\/h3>\n<p><strong>Mod\u00e8le non couch\u00e9 :<\/strong> Cette marmite est fabriqu\u00e9e \u00e0 partir de mat\u00e9riaux non rev\u00eatus, ce qui est sain et s\u00fbr pour la cuisine \u00e0 la maison et au restaurant.<\/p>\n<p><strong>Structure en acier inoxydable \u00e0 trois plis :<\/strong> La marmite est fabriqu\u00e9e en acier inoxydable \u00e0 trois couches, avec une bonne durabilit\u00e9 et une excellente conductivit\u00e9 thermique. Cela garantit une r\u00e9partition uniforme de la chaleur et une utilisation prolong\u00e9e du produit.<\/p>\n<p><strong>Utilisation sur plusieurs po\u00eales :<\/strong> Cette marmite \u00e0 soupe peut \u00eatre utilis\u00e9e avec plusieurs cuisini\u00e8res, notamment une cuisini\u00e8re \u00e0 gaz, une cuisini\u00e8re \u00e0 induction ou une cuisini\u00e8re \u00e9lectrique, afin de r\u00e9pondre aux besoins des diff\u00e9rents utilisateurs.<\/p>\n<p><strong>Utilisation multifonctionnelle<\/strong>: Pour de nombreux usages culinaires, comme le chauffage du lait, la pr\u00e9paration d'aliments compl\u00e9mentaires, la cuisson de nouilles et la friture, le tout en un seul appareil pour r\u00e9pondre \u00e0 des besoins vari\u00e9s dans la cuisine.\u00a0<\/p>\n<p><strong>Personnalisation OEM&amp;ODM :<\/strong> Nous proposons des solutions d'ustensiles de cuisine sur mesure, notamment une conception personnalis\u00e9e des produits, une s\u00e9lection flexible des mat\u00e9riaux, une vari\u00e9t\u00e9 de tailles et de sp\u00e9cifications, et gr\u00e2ce \u00e0 nos services de personnalisation, vous pouvez cr\u00e9er des ustensiles de cuisine uniques.<\/p>","protected":false},"featured_media":4524,"comment_status":"closed","ping_status":"closed","template":"","meta":[],"product_brand":[],"product_cat":[52],"product_tag":[],"class_list":{"0":"post-4520","1":"product","2":"type-product","3":"status-publish","4":"has-post-thumbnail","6":"product_cat-stainless-steel-cookware","8":"first","9":"instock","10":"shipping-taxable","11":"product-type-simple"},"_links":{"self":[{"href":"https:\/\/www.hg-cooker.com\/fr\/wp-json\/wp\/v2\/product\/4520","targetHints":{"allow":["GET"]}}],"collection":[{"href":"https:\/\/www.hg-cooker.com\/fr\/wp-json\/wp\/v2\/product"}],"about":[{"href":"https:\/\/www.hg-cooker.com\/fr\/wp-json\/wp\/v2\/types\/product"}],"replies":[{"embeddable":true,"href":"https:\/\/www.hg-cooker.com\/fr\/wp-json\/wp\/v2\/comments?post=4520"}],"wp:featuredmedia":[{"embeddable":true,"href":"https:\/\/www.hg-cooker.com\/fr\/wp-json\/wp\/v2\/media\/4524"}],"wp:attachment":[{"href":"https:\/\/www.hg-cooker.com\/fr\/wp-json\/wp\/v2\/media?parent=4520"}],"wp:term":[{"taxonomy":"product_brand","embeddable":true,"href":"https:\/\/www.hg-cooker.com\/fr\/wp-json\/wp\/v2\/product_brand?post=4520"},{"taxonomy":"product_cat","embeddable":true,"href":"https:\/\/www.hg-cooker.com\/fr\/wp-json\/wp\/v2\/product_cat?post=4520"},{"taxonomy":"product_tag","embeddable":true,"href":"https:\/\/www.hg-cooker.com\/fr\/wp-json\/wp\/v2\/product_tag?post=4520"}],"curies":[{"name":"wp","href":"https:\/\/api.w.org\/{rel}","templated":true}]}}