{"id":4514,"date":"2025-09-01T03:36:59","date_gmt":"2025-09-01T03:36:59","guid":{"rendered":"https:\/\/www.hg-cooker.com\/?post_type=product&#038;p=4514"},"modified":"2025-09-13T02:16:40","modified_gmt":"2025-09-13T02:16:40","slug":"pot-a-lait-bouillant-en-acier-inoxydable-wholesale-43","status":"publish","type":"product","link":"https:\/\/www.hg-cooker.com\/fr\/produit\/pot-a-lait-bouillant-en-acier-inoxydable-wholesale-43\/","title":{"rendered":"Grosses marmites en acier inoxydable pour cuisini\u00e8res \u00e0 gaz\uff0cCuisini\u00e8re \u00e0 induction et autres"},"content":{"rendered":"<div class=\"wp-block-columns is-layout-flex wp-container-core-columns-is-layout-9d6595d7 wp-block-columns-is-layout-flex\">\n<div class=\"wp-block-column is-layout-flow wp-block-column-is-layout-flow\">\n<h3 class=\"wp-block-heading\">Param\u00e8tres de la marmite en acier inoxydable<\/h3>\n\n\n\n<figure class=\"wp-block-table\"><table class=\"has-fixed-layout\"><tbody><tr><td>Nom du produit<\/td><td>Pot de cuisson en acier inoxydable<\/td><\/tr><tr><td>Num\u00e9ro de mod\u00e8le<\/td><td>HG-TG18<\/td><\/tr><tr><td>Mat\u00e9riau<\/td><td>Corps du pot en acier inoxydable 304 \/ Fond en acier inoxydable triple \u00e9paisseur<\/td><\/tr><tr><td>Options de taille<\/td><td>18cm \/ 20cm \/ 22cm \/ 24cm<\/td><\/tr><tr><td>R\u00e9chaud adapt\u00e9<\/td><td>Cuisini\u00e8re \u00e0 gaz \/ cuisini\u00e8re \u00e0 induction<\/td><\/tr><\/tbody><\/table><\/figure>\n\n\n\n<h3 class=\"wp-block-heading\">Options d'ustensiles de cuisine personnalis\u00e9s<\/h3>\n\n\n\n<figure class=\"wp-block-table\"><table class=\"has-fixed-layout\"><tbody><tr><td>Options personnalis\u00e9es<\/td><td>D\u00e9tails<\/td><\/tr><tr><td>Logo<\/td><td>Personnalisez le logo de votre marque sur le produit et l'emballage.<\/td><\/tr><tr><td>Mat\u00e9riau<\/td><td>Acier inoxydable Triply\/304 Acier inoxydable\/316 Acier inoxydable<\/td><\/tr><tr><td>Rev\u00eatement<\/td><td>Rev\u00eatement antiadh\u00e9sif\/Nid d'abeille Physiquement antiadh\u00e9sif\/Acier inoxydable (sans rev\u00eatement)<\/td><\/tr><tr><td>Taille<\/td><td>Dimensions personnalis\u00e9es des ustensiles de cuisine<\/td><\/tr><tr><td>Emballage<\/td><td>Carton, bo\u00eete de couleur<\/td><\/tr><\/tbody><\/table><\/figure>\n\n\n\n<p><br><\/p>\n<\/div>\n<\/div>\n\n\n\n<div class=\"wp-block-columns is-layout-flex wp-container-core-columns-is-layout-9d6595d7 wp-block-columns-is-layout-flex\">\n<div class=\"wp-block-column is-layout-flow wp-block-column-is-layout-flow\">\n<figure class=\"wp-block-image size-full\"><img fetchpriority=\"high\" decoding=\"async\" width=\"620\" height=\"620\" src=\"https:\/\/www.hg-cooker.com\/wp-content\/uploads\/2024\/10\/Wholesale-Stainless-Steel-Cooking-Pots-4.jpg\" alt=\"Grosses marmites en acier inoxydable (4)\" class=\"wp-image-4518\" srcset=\"https:\/\/www.hg-cooker.com\/wp-content\/uploads\/2024\/10\/Wholesale-Stainless-Steel-Cooking-Pots-4.jpg 620w, https:\/\/www.hg-cooker.com\/wp-content\/uploads\/2024\/10\/Wholesale-Stainless-Steel-Cooking-Pots-4-150x150.jpg 150w, https:\/\/www.hg-cooker.com\/wp-content\/uploads\/2024\/10\/Wholesale-Stainless-Steel-Cooking-Pots-4-300x300.jpg 300w, https:\/\/www.hg-cooker.com\/wp-content\/uploads\/2024\/10\/Wholesale-Stainless-Steel-Cooking-Pots-4-12x12.jpg 12w, https:\/\/www.hg-cooker.com\/wp-content\/uploads\/2024\/10\/Wholesale-Stainless-Steel-Cooking-Pots-4-285x285.jpg 285w, https:\/\/www.hg-cooker.com\/wp-content\/uploads\/2024\/10\/Wholesale-Stainless-Steel-Cooking-Pots-4-270x270.jpg 270w, https:\/\/www.hg-cooker.com\/wp-content\/uploads\/2024\/10\/Wholesale-Stainless-Steel-Cooking-Pots-4-540x540.jpg 540w\" sizes=\"(max-width: 620px) 100vw, 620px\" \/><\/figure>\n<\/div>\n\n\n\n<div class=\"wp-block-column is-layout-flow wp-block-column-is-layout-flow\">\n<figure class=\"wp-block-image size-full\"><img decoding=\"async\" width=\"620\" height=\"620\" src=\"https:\/\/www.hg-cooker.com\/wp-content\/uploads\/2024\/10\/Wholesale-Stainless-Steel-Cooking-Pots-3.jpg\" alt=\"Grosses marmites en acier inoxydable (3)\" class=\"wp-image-4517\" srcset=\"https:\/\/www.hg-cooker.com\/wp-content\/uploads\/2024\/10\/Wholesale-Stainless-Steel-Cooking-Pots-3.jpg 620w, https:\/\/www.hg-cooker.com\/wp-content\/uploads\/2024\/10\/Wholesale-Stainless-Steel-Cooking-Pots-3-150x150.jpg 150w, https:\/\/www.hg-cooker.com\/wp-content\/uploads\/2024\/10\/Wholesale-Stainless-Steel-Cooking-Pots-3-300x300.jpg 300w, https:\/\/www.hg-cooker.com\/wp-content\/uploads\/2024\/10\/Wholesale-Stainless-Steel-Cooking-Pots-3-12x12.jpg 12w, https:\/\/www.hg-cooker.com\/wp-content\/uploads\/2024\/10\/Wholesale-Stainless-Steel-Cooking-Pots-3-285x285.jpg 285w, https:\/\/www.hg-cooker.com\/wp-content\/uploads\/2024\/10\/Wholesale-Stainless-Steel-Cooking-Pots-3-270x270.jpg 270w, https:\/\/www.hg-cooker.com\/wp-content\/uploads\/2024\/10\/Wholesale-Stainless-Steel-Cooking-Pots-3-540x540.jpg 540w\" sizes=\"(max-width: 620px) 100vw, 620px\" \/><\/figure>\n<\/div>\n<\/div>","protected":false},"excerpt":{"rendered":"<p>Nos casseroles en acier inoxydable sont fabriqu\u00e9es en acier inoxydable 304 de haute qualit\u00e9, avec d'excellentes performances, pour r\u00e9pondre aux besoins de tous les types de cuisines, qu'il s'agisse de cuisines domestiques, de restauration ou d'h\u00f4tels. Nous fournissons \u00e9galement des options flexibles d'ustensiles de cuisine sur mesure pour r\u00e9pondre \u00e0 vos besoins personnalis\u00e9s. Nous invitons les acheteurs B2B \u00e0 nous contacter.<\/p>\n<h3>Caract\u00e9ristiques et avantages de la marmite en acier inoxydable<\/h3>\n<p><strong>Excellente conductivit\u00e9 thermique :<\/strong> Cette marmite en acier inoxydable est dot\u00e9e d'un triple fond en acier inoxydable, qui peut conduire rapidement et uniform\u00e9ment la chaleur, garantissant ainsi que les aliments sont chauff\u00e9s uniform\u00e9ment et r\u00e9duisant le temps de cuisson.<\/p>\n<p><strong>Durabilit\u00e9 :<\/strong> Fabriqu\u00e9 en acier inoxydable 304 de qualit\u00e9 alimentaire, il pr\u00e9sente une excellente r\u00e9sistance \u00e0 la corrosion et \u00e0 l'usure, peut supporter l'influence de temp\u00e9ratures \u00e9lev\u00e9es et d'un environnement acide-base, et garantit que le pot conserve de bonnes performances et un bel aspect lors d'une utilisation \u00e0 long terme.<\/p>\n<p><strong>Facile \u00e0 nettoyer :<\/strong> La surface de l'acier inoxydable est lisse, ne colle pas facilement aux aliments et est relativement facile \u00e0 nettoyer. Il peut \u00eatre mis au lave-vaisselle pour vous faire gagner du temps.<\/p>\n<p><strong>Poign\u00e9e creuse :<\/strong> La poign\u00e9e creuse joue un r\u00f4le dans l'isolation de la chaleur, ce qui est pratique pour se d\u00e9placer et permet d'\u00e9viter les br\u00fblures dans une certaine mesure.<\/p>\n<p><strong>Service de personnalisation OEM&amp;ODM :<\/strong> En tant que fabricant professionnel d'ustensiles de cuisine, Hengguang propose un service complet d'ustensiles de cuisine personnalis\u00e9s, y compris la personnalisation du mat\u00e9riau, de la forme, de la capacit\u00e9 et de l'emballage.<\/p>","protected":false},"featured_media":4515,"comment_status":"closed","ping_status":"closed","template":"","meta":[],"product_brand":[],"product_cat":[52],"product_tag":[],"class_list":{"0":"post-4514","1":"product","2":"type-product","3":"status-publish","4":"has-post-thumbnail","6":"product_cat-stainless-steel-cookware","8":"first","9":"instock","10":"shipping-taxable","11":"product-type-simple"},"_links":{"self":[{"href":"https:\/\/www.hg-cooker.com\/fr\/wp-json\/wp\/v2\/product\/4514","targetHints":{"allow":["GET"]}}],"collection":[{"href":"https:\/\/www.hg-cooker.com\/fr\/wp-json\/wp\/v2\/product"}],"about":[{"href":"https:\/\/www.hg-cooker.com\/fr\/wp-json\/wp\/v2\/types\/product"}],"replies":[{"embeddable":true,"href":"https:\/\/www.hg-cooker.com\/fr\/wp-json\/wp\/v2\/comments?post=4514"}],"wp:featuredmedia":[{"embeddable":true,"href":"https:\/\/www.hg-cooker.com\/fr\/wp-json\/wp\/v2\/media\/4515"}],"wp:attachment":[{"href":"https:\/\/www.hg-cooker.com\/fr\/wp-json\/wp\/v2\/media?parent=4514"}],"wp:term":[{"taxonomy":"product_brand","embeddable":true,"href":"https:\/\/www.hg-cooker.com\/fr\/wp-json\/wp\/v2\/product_brand?post=4514"},{"taxonomy":"product_cat","embeddable":true,"href":"https:\/\/www.hg-cooker.com\/fr\/wp-json\/wp\/v2\/product_cat?post=4514"},{"taxonomy":"product_tag","embeddable":true,"href":"https:\/\/www.hg-cooker.com\/fr\/wp-json\/wp\/v2\/product_tag?post=4514"}],"curies":[{"name":"wp","href":"https:\/\/api.w.org\/{rel}","templated":true}]}}