{"id":4508,"date":"2025-08-16T08:58:36","date_gmt":"2025-08-16T08:58:36","guid":{"rendered":"https:\/\/www.hg-cooker.com\/?post_type=product&#038;p=4508"},"modified":"2025-11-13T02:22:39","modified_gmt":"2025-11-13T02:22:39","slug":"pot-a-lait-bouillant-en-acier-inoxydable-wholesale-42","status":"publish","type":"product","link":"https:\/\/www.hg-cooker.com\/fr\/produit\/pot-a-lait-bouillant-en-acier-inoxydable-wholesale-42\/","title":{"rendered":"Autocuiseurs de camping en gros, pour la cuisine en plein air, la randonn\u00e9e, la p\u00eache et plus encore"},"content":{"rendered":"<div class=\"wp-block-columns is-layout-flex wp-container-core-columns-is-layout-9d6595d7 wp-block-columns-is-layout-flex\">\n<div class=\"wp-block-column is-layout-flow wp-block-column-is-layout-flow\">\n<h2 class=\"wp-block-heading\">Param\u00e8tres de l'autocuiseur de camping<\/h2>\n\n\n\n<p><strong>Nom du produit<\/strong>: Autocuiseur de camping<br><br><strong>Style<\/strong>: Paroi int\u00e9rieure en acier inoxydable \/ Paroi int\u00e9rieure antiadh\u00e9sive<br><br><strong>Capacit\u00e9<\/strong>: 0.8L\/1.2L\/1.6L\/2.0L<br><br><strong>R\u00e9chaud adapt\u00e9<\/strong>: Cuisini\u00e8re \u00e0 gaz \/ Cuisini\u00e8re \u00e0 induction \/ Table de cuisson \u00e9lectrique en c\u00e9ramique \/ Cuisini\u00e8re \u00e9lectrique.<br><\/p>\n<\/div>\n\n\n\n<div class=\"wp-block-column is-layout-flow wp-block-column-is-layout-flow\">\n<h2 class=\"wp-block-heading\">Options personnalis\u00e9es<\/h2>\n\n\n\n<p><strong>Logo<\/strong>: Personnalisez le logo de votre marque sur l'autocuiseur de camping et l'emballage.<br><br><strong>Taille :<\/strong> Personnalisez les diff\u00e9rentes tailles d'autocuiseurs de camping en fonction de vos besoins.<br><br><strong>Paquet<\/strong>: carton\/bo\u00eete de couleur.<br><br><a href=\"https:\/\/www.hg-cooker.com\/fr\/custom-solution\/\" data-type=\"page\" data-id=\"2793\" target=\"_blank\" rel=\"noreferrer noopener\"><strong>D\u00e9couvrez plus de d\u00e9tails sur les autocuiseurs personnalis\u00e9s<\/strong><\/a><\/p>\n<\/div>\n<\/div>\n\n\n\n<div class=\"wp-block-columns is-layout-flex wp-container-core-columns-is-layout-9d6595d7 wp-block-columns-is-layout-flex\">\n<div class=\"wp-block-column is-layout-flow wp-block-column-is-layout-flow\">\n<figure class=\"wp-block-image size-full\"><img fetchpriority=\"high\" decoding=\"async\" width=\"616\" height=\"616\" src=\"https:\/\/www.hg-cooker.com\/wp-content\/uploads\/2024\/10\/Wholesale-Camping-Pressure-Cooker-4.png\" alt=\"Autocuiseur de camping en gros (4)\" class=\"wp-image-4512\" srcset=\"https:\/\/www.hg-cooker.com\/wp-content\/uploads\/2024\/10\/Wholesale-Camping-Pressure-Cooker-4.png 616w, https:\/\/www.hg-cooker.com\/wp-content\/uploads\/2024\/10\/Wholesale-Camping-Pressure-Cooker-4-150x150.png 150w, https:\/\/www.hg-cooker.com\/wp-content\/uploads\/2024\/10\/Wholesale-Camping-Pressure-Cooker-4-300x300.png 300w, https:\/\/www.hg-cooker.com\/wp-content\/uploads\/2024\/10\/Wholesale-Camping-Pressure-Cooker-4-12x12.png 12w, https:\/\/www.hg-cooker.com\/wp-content\/uploads\/2024\/10\/Wholesale-Camping-Pressure-Cooker-4-285x285.png 285w, https:\/\/www.hg-cooker.com\/wp-content\/uploads\/2024\/10\/Wholesale-Camping-Pressure-Cooker-4-270x270.png 270w, https:\/\/www.hg-cooker.com\/wp-content\/uploads\/2024\/10\/Wholesale-Camping-Pressure-Cooker-4-540x540.png 540w\" sizes=\"(max-width: 616px) 100vw, 616px\" \/><\/figure>\n<\/div>\n\n\n\n<div class=\"wp-block-column is-layout-flow wp-block-column-is-layout-flow\">\n<figure class=\"wp-block-image size-full\"><img decoding=\"async\" width=\"611\" height=\"611\" src=\"https:\/\/www.hg-cooker.com\/wp-content\/uploads\/2024\/10\/Wholesale-Camping-Pressure-Cooker-5.png\" alt=\"Autocuiseur de camping en gros (5)\" class=\"wp-image-4513\" srcset=\"https:\/\/www.hg-cooker.com\/wp-content\/uploads\/2024\/10\/Wholesale-Camping-Pressure-Cooker-5.png 611w, https:\/\/www.hg-cooker.com\/wp-content\/uploads\/2024\/10\/Wholesale-Camping-Pressure-Cooker-5-150x150.png 150w, https:\/\/www.hg-cooker.com\/wp-content\/uploads\/2024\/10\/Wholesale-Camping-Pressure-Cooker-5-300x300.png 300w, https:\/\/www.hg-cooker.com\/wp-content\/uploads\/2024\/10\/Wholesale-Camping-Pressure-Cooker-5-12x12.png 12w, https:\/\/www.hg-cooker.com\/wp-content\/uploads\/2024\/10\/Wholesale-Camping-Pressure-Cooker-5-285x285.png 285w, https:\/\/www.hg-cooker.com\/wp-content\/uploads\/2024\/10\/Wholesale-Camping-Pressure-Cooker-5-270x270.png 270w, https:\/\/www.hg-cooker.com\/wp-content\/uploads\/2024\/10\/Wholesale-Camping-Pressure-Cooker-5-540x540.png 540w\" sizes=\"(max-width: 611px) 100vw, 611px\" \/><\/figure>\n<\/div>\n<\/div>","protected":false},"excerpt":{"rendered":"<p>L'autocuiseur de camping en gros r\u00e9pond aux besoins de cuisson des amateurs de plein air. Notre autocuiseur de camping est compact et facile \u00e0 transporter, parfait pour le camping, la randonn\u00e9e et les voyages. \u652f\u6301OEM et ODM, contactez-nous pour un devis.<\/p>\n<h2>Caract\u00e9ristiques et avantages de l'autocuiseur de camping<\/h2>\n<p><strong>L\u00e9ger et portable :<\/strong> Le poids n'est que de 60% par rapport aux cuisini\u00e8res ordinaires, il peut supporter la cuisson \u00e0 haute pression, il est compatible avec les cuisini\u00e8res \u00e0 gaz, \u00e0 bois et \u00e0 induction, et il s'adapte aux diff\u00e9rentes conditions de camping.<\/p>\n<p><strong>Cuisson efficace :<\/strong> L'autocuiseur de camping adopte la meilleure conception structurelle, qui peut cuire le riz en 5 minutes, et constitue le meilleur outil pour la cuisine en plein air.<\/p>\n<p><strong>Syst\u00e8me de s\u00e9curit\u00e9 :<\/strong> L'autocuiseur de camping est dot\u00e9 de divers dispositifs de protection pour la s\u00e9curit\u00e9 des utilisateurs pendant la cuisson \u00e0 haute pression, notamment des soupapes de s\u00e9curit\u00e9 efficaces et des dispositifs de verrouillage tr\u00e8s fiables.<\/p>\n<p><strong>Service de personnalisation :<\/strong> En tant que fabricant professionnel d'autocuiseurs, nous fournissons des services de personnalisation flexibles pour r\u00e9pondre aux divers besoins des acheteurs B2B. Y compris la taille du produit, la conception de l'apparence, la configuration fonctionnelle, etc.<\/p>","protected":false},"featured_media":4509,"comment_status":"closed","ping_status":"closed","template":"","meta":[],"product_brand":[],"product_cat":[54],"product_tag":[],"class_list":{"0":"post-4508","1":"product","2":"type-product","3":"status-publish","4":"has-post-thumbnail","6":"product_cat-pressure-cooker","8":"first","9":"instock","10":"shipping-taxable","11":"product-type-simple"},"_links":{"self":[{"href":"https:\/\/www.hg-cooker.com\/fr\/wp-json\/wp\/v2\/product\/4508","targetHints":{"allow":["GET"]}}],"collection":[{"href":"https:\/\/www.hg-cooker.com\/fr\/wp-json\/wp\/v2\/product"}],"about":[{"href":"https:\/\/www.hg-cooker.com\/fr\/wp-json\/wp\/v2\/types\/product"}],"replies":[{"embeddable":true,"href":"https:\/\/www.hg-cooker.com\/fr\/wp-json\/wp\/v2\/comments?post=4508"}],"wp:featuredmedia":[{"embeddable":true,"href":"https:\/\/www.hg-cooker.com\/fr\/wp-json\/wp\/v2\/media\/4509"}],"wp:attachment":[{"href":"https:\/\/www.hg-cooker.com\/fr\/wp-json\/wp\/v2\/media?parent=4508"}],"wp:term":[{"taxonomy":"product_brand","embeddable":true,"href":"https:\/\/www.hg-cooker.com\/fr\/wp-json\/wp\/v2\/product_brand?post=4508"},{"taxonomy":"product_cat","embeddable":true,"href":"https:\/\/www.hg-cooker.com\/fr\/wp-json\/wp\/v2\/product_cat?post=4508"},{"taxonomy":"product_tag","embeddable":true,"href":"https:\/\/www.hg-cooker.com\/fr\/wp-json\/wp\/v2\/product_tag?post=4508"}],"curies":[{"name":"wp","href":"https:\/\/api.w.org\/{rel}","templated":true}]}}