{"id":4503,"date":"2025-08-14T08:10:22","date_gmt":"2025-08-14T08:10:22","guid":{"rendered":"https:\/\/www.hg-cooker.com\/?post_type=product&#038;p=4503"},"modified":"2025-11-13T02:25:39","modified_gmt":"2025-11-13T02:25:39","slug":"pot-a-lait-bouillant-en-acier-inoxydable-wholesale-41","status":"publish","type":"product","link":"https:\/\/www.hg-cooker.com\/fr\/produit\/pot-a-lait-bouillant-en-acier-inoxydable-wholesale-41\/","title":{"rendered":"Vente en gros d'autocuiseurs en acier inoxydable, autocuiseur en vrac 4l\uff0c5l\uff0c6l"},"content":{"rendered":"<div class=\"wp-block-columns is-layout-flex wp-container-core-columns-is-layout-9d6595d7 wp-block-columns-is-layout-flex\">\n<div class=\"wp-block-column is-layout-flow wp-block-column-is-layout-flow\">\n<h2 class=\"wp-block-heading\">Param\u00e8tres de l'autocuiseur<\/h2>\n\n\n\n<p><strong>Nom du produit<\/strong>: Autocuiseur en acier inoxydable<\/p>\n\n\n\n<p><strong>Num\u00e9ro de mod\u00e8le<\/strong>: HGYLG30UX<br><br><strong>Capacit\u00e9<\/strong>: 4.0L\/5.0L\/6.0L\/8.0L\/10L\/12L<br><br><strong>R\u00e9chaud adapt\u00e9<\/strong>: Cuisini\u00e8re \u00e0 gaz \/ Cuisini\u00e8re \u00e0 induction \/ Table de cuisson \u00e9lectrique en c\u00e9ramique \/ Cuisini\u00e8re \u00e9lectrique.<br><\/p>\n<\/div>\n\n\n\n<div class=\"wp-block-column is-layout-flow wp-block-column-is-layout-flow\">\n<h2 class=\"wp-block-heading\">Options d'autocuiseur personnalis\u00e9es<\/h2>\n\n\n\n<p><strong>Logo<\/strong>: Personnalisez le logo de votre marque sur l'autocuiseur et l'emballage.<br><br><strong>Taille<\/strong>: Dimensions personnalis\u00e9es de l'autocuiseur.<br><br><strong>Emballage<\/strong>: carton\/bo\u00eete de couleur.<br><br><a href=\"https:\/\/www.hg-cooker.com\/fr\/custom-solution\/\" data-type=\"page\" data-id=\"2793\" target=\"_blank\" rel=\"noreferrer noopener\"><strong>D\u00e9couvrez plus de d\u00e9tails sur les autocuiseurs personnalis\u00e9s<\/strong><\/a><\/p>\n<\/div>\n<\/div>\n\n\n\n<div class=\"wp-block-columns is-layout-flex wp-container-core-columns-is-layout-9d6595d7 wp-block-columns-is-layout-flex\">\n<div class=\"wp-block-column is-layout-flow wp-block-column-is-layout-flow\">\n<figure class=\"wp-block-image size-full\"><img fetchpriority=\"high\" decoding=\"async\" width=\"988\" height=\"509\" src=\"https:\/\/www.hg-cooker.com\/wp-content\/uploads\/2024\/10\/stainless-steel-cookware-2.png\" alt=\"ustensiles de cuisine en acier inoxydable (2)\" class=\"wp-image-4505\" srcset=\"https:\/\/www.hg-cooker.com\/wp-content\/uploads\/2024\/10\/stainless-steel-cookware-2.png 988w, https:\/\/www.hg-cooker.com\/wp-content\/uploads\/2024\/10\/stainless-steel-cookware-2-150x77.png 150w, https:\/\/www.hg-cooker.com\/wp-content\/uploads\/2024\/10\/stainless-steel-cookware-2-660x340.png 660w, https:\/\/www.hg-cooker.com\/wp-content\/uploads\/2024\/10\/stainless-steel-cookware-2-300x155.png 300w, https:\/\/www.hg-cooker.com\/wp-content\/uploads\/2024\/10\/stainless-steel-cookware-2-768x396.png 768w, https:\/\/www.hg-cooker.com\/wp-content\/uploads\/2024\/10\/stainless-steel-cookware-2-18x9.png 18w, https:\/\/www.hg-cooker.com\/wp-content\/uploads\/2024\/10\/stainless-steel-cookware-2-285x147.png 285w\" sizes=\"(max-width: 988px) 100vw, 988px\" \/><\/figure>\n<\/div>\n<\/div>\n\n\n\n<p><\/p>","protected":false},"excerpt":{"rendered":"<p>Vente en gros d'autocuiseurs en acier inoxydable de diff\u00e9rentes capacit\u00e9s, notamment 4L, 5L et 6L. Ces autocuiseurs sont durables, permettent une cuisson rapide, sont \u00e9conomes en \u00e9nergie et constituent un must polyvalent pour toute cuisine. Contactez-nous pour un devis.<\/p>\n<h2>Caract\u00e9ristiques et avantages de l'autocuiseur en acier inoxydable<\/h2>\n<p><strong>Large \u00e9ventail d'applications :<\/strong> L'autocuiseur en gros en acier inoxydable peut \u00eatre utilis\u00e9 sur diff\u00e9rentes cuisini\u00e8res, telles que les cuisini\u00e8res \u00e0 gaz, les cuisini\u00e8res \u00e0 induction, les cuisini\u00e8res \u00e9lectriques, les cuisini\u00e8res \u00e9lectriques en c\u00e9ramique, etc. Les utilisateurs peuvent choisir librement la cuisini\u00e8re appropri\u00e9e.<\/p>\n<p><strong>Cuisson rapide :<\/strong> Le m\u00e9canisme de cuisson sous pression raccourcit consid\u00e9rablement le temps de cuisson, conservant les \u00e9l\u00e9ments nutritifs tout en pr\u00e9parant les repas rapidement. Aide les familles occup\u00e9es \u00e0 pr\u00e9parer facilement de d\u00e9licieux repas dans leur vie acc\u00e9l\u00e9r\u00e9e.<\/p>\n<p><strong>R\u00e9sistance aux temp\u00e9ratures \u00e9lev\u00e9es et \u00e0 la corrosion :<\/strong> L'autocuiseur est fabriqu\u00e9 en acier inoxydable 304 de qualit\u00e9 alimentaire. L'excellente r\u00e9sistance \u00e0 la corrosion de l'acier inoxydable 304 peut supporter diff\u00e9rents ingr\u00e9dients, y compris des aliments acides tels que les tomates et le vinaigre, et peut \u00eatre utilis\u00e9e pendant longtemps.<\/p>\n<p><strong>Polyvalence :<\/strong> Ces autocuiseurs sont disponibles en trois tailles : 4L, 5L et 6L, qui sont parfaits pour pr\u00e9parer une grande vari\u00e9t\u00e9 de plats, des soupes et rago\u00fbts aux viandes et c\u00e9r\u00e9ales, et conviennent parfaitement aux petites et grandes familles.<\/p>\n<p><strong>Six grands syst\u00e8mes de s\u00e9curit\u00e9 :<\/strong> Cet autocuiseur est dot\u00e9 de dispositifs de s\u00e9curit\u00e9 tels que la soupape de s\u00e9curit\u00e9, la soupape de limitation de la pression, la soupape d'alarme, etc., afin que les utilisateurs se sentent plus \u00e0 l'aise lorsqu'ils cuisinent sous haute pression.<\/p>","protected":false},"featured_media":4504,"comment_status":"closed","ping_status":"closed","template":"","meta":[],"product_brand":[],"product_cat":[54],"product_tag":[],"class_list":{"0":"post-4503","1":"product","2":"type-product","3":"status-publish","4":"has-post-thumbnail","6":"product_cat-pressure-cooker","8":"first","9":"instock","10":"shipping-taxable","11":"product-type-simple"},"_links":{"self":[{"href":"https:\/\/www.hg-cooker.com\/fr\/wp-json\/wp\/v2\/product\/4503","targetHints":{"allow":["GET"]}}],"collection":[{"href":"https:\/\/www.hg-cooker.com\/fr\/wp-json\/wp\/v2\/product"}],"about":[{"href":"https:\/\/www.hg-cooker.com\/fr\/wp-json\/wp\/v2\/types\/product"}],"replies":[{"embeddable":true,"href":"https:\/\/www.hg-cooker.com\/fr\/wp-json\/wp\/v2\/comments?post=4503"}],"wp:featuredmedia":[{"embeddable":true,"href":"https:\/\/www.hg-cooker.com\/fr\/wp-json\/wp\/v2\/media\/4504"}],"wp:attachment":[{"href":"https:\/\/www.hg-cooker.com\/fr\/wp-json\/wp\/v2\/media?parent=4503"}],"wp:term":[{"taxonomy":"product_brand","embeddable":true,"href":"https:\/\/www.hg-cooker.com\/fr\/wp-json\/wp\/v2\/product_brand?post=4503"},{"taxonomy":"product_cat","embeddable":true,"href":"https:\/\/www.hg-cooker.com\/fr\/wp-json\/wp\/v2\/product_cat?post=4503"},{"taxonomy":"product_tag","embeddable":true,"href":"https:\/\/www.hg-cooker.com\/fr\/wp-json\/wp\/v2\/product_tag?post=4503"}],"curies":[{"name":"wp","href":"https:\/\/api.w.org\/{rel}","templated":true}]}}