{"id":4495,"date":"2025-08-31T07:18:42","date_gmt":"2025-08-31T07:18:42","guid":{"rendered":"https:\/\/www.hg-cooker.com\/?post_type=product&#038;p=4495"},"modified":"2025-09-13T02:26:58","modified_gmt":"2025-09-13T02:26:58","slug":"pot-a-lait-bouillant-en-acier-inoxydable-wholesale-40","status":"publish","type":"product","link":"https:\/\/www.hg-cooker.com\/fr\/produit\/pot-a-lait-bouillant-en-acier-inoxydable-wholesale-40\/","title":{"rendered":"Grosses marmites \u00e0 vapeur en acier inoxydable durables pour une utilisation professionnelle et domestique"},"content":{"rendered":"<h3 class=\"wp-block-heading\">Param\u00e8tres de la marmite \u00e0 vapeur en acier inoxydable<\/h3>\n\n\n\n<figure class=\"wp-block-table\"><table class=\"has-fixed-layout\"><tbody><tr><td>&nbsp;Nom du produit<\/td><td>&nbsp;Utilisation<\/td><td>&nbsp;Couleur<\/td><td>&nbsp;Taille<\/td><td>&nbsp;Application<\/td><td>&nbsp;Fonction<\/td><td>&nbsp;Logo<\/td><td>&nbsp;MOQ<\/td><td>&nbsp;Poign\u00e9e<\/td><\/tr><tr><td>&nbsp;26CM Cuit-vapeur \u00e0 double fond<\/td><td>&nbsp;Cuisine familiale<\/td><td>&nbsp;Argent<\/td><td>&nbsp;67*55*72 cm<\/td><td>&nbsp;Cuisine commerciale<\/td><td>&nbsp;Utilisation de la cuisine Cuisson<\/td><td>&nbsp;Personnaliser le logo<\/td><td>&nbsp;2000set<\/td><td>&nbsp;Poign\u00e9e en acier inoxydable<\/td><\/tr><\/tbody><\/table><\/figure>\n\n\n\n<div class=\"wp-block-columns is-layout-flex wp-container-core-columns-is-layout-9d6595d7 wp-block-columns-is-layout-flex\">\n<div class=\"wp-block-column is-layout-flow wp-block-column-is-layout-flow\">\n<h3 class=\"wp-block-heading\">Options de la marmite \u00e0 vapeur en acier inoxydable personnalis\u00e9e<\/h3>\n\n\n\n<p><strong>Logo<\/strong>: Personnalisez le logo de votre marque sur la marmite thermique et l'emballage.<br><br><strong>Taille :<\/strong> Personnalisez les diff\u00e9rentes tailles de marmites thermiques en fonction de vos besoins.<br><br><strong>Paquet<\/strong>: carton\/bo\u00eete de couleur.<br><br><a href=\"https:\/\/www.hg-cooker.com\/fr\/custom-solution\/\" data-type=\"page\" data-id=\"2793\" target=\"_blank\" rel=\"noreferrer noopener\"><strong>D\u00e9couvrez plus de d\u00e9tails sur les ustensiles de cuisine personnalis\u00e9s<\/strong><\/a>.<\/p>\n<\/div>\n\n\n\n<div class=\"wp-block-column is-layout-flow wp-block-column-is-layout-flow\">\n<figure class=\"wp-block-image size-full\"><img fetchpriority=\"high\" decoding=\"async\" width=\"750\" height=\"750\" src=\"https:\/\/www.hg-cooker.com\/wp-content\/uploads\/2024\/10\/stainless-steel-steamer-pot-5.webp\" alt=\"marmite \u00e0 vapeur en acier inoxydable (5)\" class=\"wp-image-4501\" srcset=\"https:\/\/www.hg-cooker.com\/wp-content\/uploads\/2024\/10\/stainless-steel-steamer-pot-5.webp 750w, https:\/\/www.hg-cooker.com\/wp-content\/uploads\/2024\/10\/stainless-steel-steamer-pot-5-150x150.webp 150w, https:\/\/www.hg-cooker.com\/wp-content\/uploads\/2024\/10\/stainless-steel-steamer-pot-5-660x660.webp 660w, https:\/\/www.hg-cooker.com\/wp-content\/uploads\/2024\/10\/stainless-steel-steamer-pot-5-300x300.webp 300w, https:\/\/www.hg-cooker.com\/wp-content\/uploads\/2024\/10\/stainless-steel-steamer-pot-5-12x12.webp 12w, https:\/\/www.hg-cooker.com\/wp-content\/uploads\/2024\/10\/stainless-steel-steamer-pot-5-285x285.webp 285w, https:\/\/www.hg-cooker.com\/wp-content\/uploads\/2024\/10\/stainless-steel-steamer-pot-5-270x270.webp 270w, https:\/\/www.hg-cooker.com\/wp-content\/uploads\/2024\/10\/stainless-steel-steamer-pot-5-540x540.webp 540w\" sizes=\"(max-width: 750px) 100vw, 750px\" \/><\/figure>\n<\/div>\n<\/div>","protected":false},"excerpt":{"rendered":"<p>Le cuiseur \u00e0 vapeur en gros en acier inoxydable convient parfaitement \u00e0 une utilisation commerciale ou domestique. Fabriqu\u00e9 en acier inoxydable de haute qualit\u00e9, la conception multicouche peut cuire \u00e0 la vapeur et cuire plusieurs aliments en m\u00eame temps, am\u00e9liorant ainsi l'efficacit\u00e9 de la cuisson. Nous fournissons des services professionnels de personnalisation OEM&amp;ODM, n'h\u00e9sitez pas \u00e0 nous contacter.<\/p>\n<h3>Caract\u00e9ristiques et avantages de la marmite \u00e0 vapeur en acier inoxydable<\/h3>\n<p><strong>Mat\u00e9riau durable :<\/strong> La marmite \u00e0 vapeur est fabriqu\u00e9e en acier inoxydable de haute qualit\u00e9, qui r\u00e9siste \u00e0 la corrosion et \u00e0 la rouille et garantit une longue dur\u00e9e de vie.<\/p>\n<p><strong>Conception multicouche :<\/strong> La conception \u00e0 trois couches superpos\u00e9es permet de cuire \u00e0 la vapeur plusieurs aliments \u00e0 la fois, ce qui permet d'\u00e9conomiser du temps et de l'\u00e9nergie.<\/p>\n<p><strong>Chauffage homog\u00e8ne :<\/strong> Les aliments sont ainsi chauff\u00e9s uniform\u00e9ment, sans surchauffe locale.<\/p>\n<p><strong>Poign\u00e9e ergonomique :<\/strong> Cette marmite \u00e0 vapeur en acier inoxydable est dot\u00e9e d'une poign\u00e9e robuste et r\u00e9sistante \u00e0 la chaleur qui permet de la d\u00e9placer et de l'utiliser en toute s\u00e9curit\u00e9 pour la cuisson \u00e0 haute temp\u00e9rature.<\/p>\n<p><strong>Facile \u00e0 nettoyer :<\/strong> Il est fabriqu\u00e9 en acier inoxydable et peut \u00eatre lav\u00e9 \u00e0 la main ou au lave-vaisselle pour un entretien facile.<\/p>\n<p><strong>Multi-fonctionnel :<\/strong> Peut \u00eatre utilis\u00e9 pour cuire \u00e0 la vapeur des l\u00e9gumes, du poisson, des boulettes et bien d'autres plats. Parfait pour les cuisines domestiques ou commerciales.<\/p>","protected":false},"featured_media":4497,"comment_status":"closed","ping_status":"closed","template":"","meta":[],"product_brand":[],"product_cat":[52],"product_tag":[],"class_list":{"0":"post-4495","1":"product","2":"type-product","3":"status-publish","4":"has-post-thumbnail","6":"product_cat-stainless-steel-cookware","8":"first","9":"instock","10":"shipping-taxable","11":"product-type-simple"},"_links":{"self":[{"href":"https:\/\/www.hg-cooker.com\/fr\/wp-json\/wp\/v2\/product\/4495","targetHints":{"allow":["GET"]}}],"collection":[{"href":"https:\/\/www.hg-cooker.com\/fr\/wp-json\/wp\/v2\/product"}],"about":[{"href":"https:\/\/www.hg-cooker.com\/fr\/wp-json\/wp\/v2\/types\/product"}],"replies":[{"embeddable":true,"href":"https:\/\/www.hg-cooker.com\/fr\/wp-json\/wp\/v2\/comments?post=4495"}],"wp:featuredmedia":[{"embeddable":true,"href":"https:\/\/www.hg-cooker.com\/fr\/wp-json\/wp\/v2\/media\/4497"}],"wp:attachment":[{"href":"https:\/\/www.hg-cooker.com\/fr\/wp-json\/wp\/v2\/media?parent=4495"}],"wp:term":[{"taxonomy":"product_brand","embeddable":true,"href":"https:\/\/www.hg-cooker.com\/fr\/wp-json\/wp\/v2\/product_brand?post=4495"},{"taxonomy":"product_cat","embeddable":true,"href":"https:\/\/www.hg-cooker.com\/fr\/wp-json\/wp\/v2\/product_cat?post=4495"},{"taxonomy":"product_tag","embeddable":true,"href":"https:\/\/www.hg-cooker.com\/fr\/wp-json\/wp\/v2\/product_tag?post=4495"}],"curies":[{"name":"wp","href":"https:\/\/api.w.org\/{rel}","templated":true}]}}