{"id":4486,"date":"2024-10-30T02:57:31","date_gmt":"2024-10-30T02:57:31","guid":{"rendered":"https:\/\/www.hg-cooker.com\/?post_type=product&#038;p=4486"},"modified":"2024-10-30T07:18:25","modified_gmt":"2024-10-30T07:18:25","slug":"pot-a-lait-bouillant-en-acier-inoxydable-wholesale-39","status":"publish","type":"product","link":"https:\/\/www.hg-cooker.com\/fr\/produit\/pot-a-lait-bouillant-en-acier-inoxydable-wholesale-39\/","title":{"rendered":"Marmite thermique en gros : \u00e9conomie d'\u00e9nergie et pr\u00e9servation de la chaleur"},"content":{"rendered":"<div class=\"wp-block-columns is-layout-flex wp-container-core-columns-is-layout-9d6595d7 wp-block-columns-is-layout-flex\">\n<div class=\"wp-block-column is-layout-flow wp-block-column-is-layout-flow\">\n<h2 class=\"wp-block-heading\">Param\u00e8tres de la marmite thermique<\/h2>\n\n\n\n<p><strong>Nom du produit<\/strong>: Marmite thermique<br><br><strong>Style<\/strong>: Paroi int\u00e9rieure en acier inoxydable \/ Paroi int\u00e9rieure antiadh\u00e9sive<br><br><strong>Capacit\u00e9<\/strong>: 4.5L\/7.0L<br><br><strong>R\u00e9chaud adapt\u00e9<\/strong>: Cuisini\u00e8re \u00e0 gaz \/ Cuisini\u00e8re \u00e0 induction \/ Table de cuisson \u00e9lectrique en c\u00e9ramique \/ Cuisini\u00e8re \u00e9lectrique.<br><\/p>\n<\/div>\n\n\n\n<div class=\"wp-block-column is-layout-flow wp-block-column-is-layout-flow\">\n<h2 class=\"wp-block-heading\">Options de marmites thermiques personnalis\u00e9es<\/h2>\n\n\n\n<p><strong>Logo<\/strong>: Personnalisez le logo de votre marque sur la marmite thermique et l'emballage.<br><br><strong>Taille :<\/strong> Personnalisez les diff\u00e9rentes tailles de marmites thermiques en fonction de vos besoins.<br><br><strong>Paquet<\/strong>: carton\/bo\u00eete de couleur.<br><br><a href=\"https:\/\/www.hg-cooker.com\/fr\/custom-solution\/\" data-type=\"page\" data-id=\"2793\" target=\"_blank\" rel=\"noreferrer noopener\"><strong>D\u00e9couvrez plus de d\u00e9tails sur les ustensiles de cuisine personnalis\u00e9s<\/strong><\/a><\/p>\n<\/div>\n<\/div>\n\n\n\n<figure class=\"wp-block-image size-full\"><img fetchpriority=\"high\" decoding=\"async\" width=\"1104\" height=\"634\" src=\"https:\/\/www.hg-cooker.com\/wp-content\/uploads\/2024\/10\/Thermal-Cook-Pot-Style-Options.png\" alt=\"Options de style de la marmite thermique\" class=\"wp-image-4491\" srcset=\"https:\/\/www.hg-cooker.com\/wp-content\/uploads\/2024\/10\/Thermal-Cook-Pot-Style-Options.png 1104w, https:\/\/www.hg-cooker.com\/wp-content\/uploads\/2024\/10\/Thermal-Cook-Pot-Style-Options-150x86.png 150w, https:\/\/www.hg-cooker.com\/wp-content\/uploads\/2024\/10\/Thermal-Cook-Pot-Style-Options-660x379.png 660w, https:\/\/www.hg-cooker.com\/wp-content\/uploads\/2024\/10\/Thermal-Cook-Pot-Style-Options-300x172.png 300w, https:\/\/www.hg-cooker.com\/wp-content\/uploads\/2024\/10\/Thermal-Cook-Pot-Style-Options-768x441.png 768w, https:\/\/www.hg-cooker.com\/wp-content\/uploads\/2024\/10\/Thermal-Cook-Pot-Style-Options-18x10.png 18w, https:\/\/www.hg-cooker.com\/wp-content\/uploads\/2024\/10\/Thermal-Cook-Pot-Style-Options-285x164.png 285w\" sizes=\"(max-width: 1104px) 100vw, 1104px\" \/><\/figure>\n\n\n\n<figure class=\"wp-block-image size-full\"><img decoding=\"async\" width=\"1500\" height=\"665\" src=\"https:\/\/www.hg-cooker.com\/wp-content\/uploads\/2024\/10\/Suitable-stoves-for-Thermal-Cook-Pot.png\" alt=\"R\u00e9chauds compatibles avec la marmite thermique\" class=\"wp-image-4487\" srcset=\"https:\/\/www.hg-cooker.com\/wp-content\/uploads\/2024\/10\/Suitable-stoves-for-Thermal-Cook-Pot.png 1500w, https:\/\/www.hg-cooker.com\/wp-content\/uploads\/2024\/10\/Suitable-stoves-for-Thermal-Cook-Pot-150x67.png 150w, https:\/\/www.hg-cooker.com\/wp-content\/uploads\/2024\/10\/Suitable-stoves-for-Thermal-Cook-Pot-660x293.png 660w, https:\/\/www.hg-cooker.com\/wp-content\/uploads\/2024\/10\/Suitable-stoves-for-Thermal-Cook-Pot-300x133.png 300w, https:\/\/www.hg-cooker.com\/wp-content\/uploads\/2024\/10\/Suitable-stoves-for-Thermal-Cook-Pot-768x340.png 768w, https:\/\/www.hg-cooker.com\/wp-content\/uploads\/2024\/10\/Suitable-stoves-for-Thermal-Cook-Pot-18x8.png 18w, https:\/\/www.hg-cooker.com\/wp-content\/uploads\/2024\/10\/Suitable-stoves-for-Thermal-Cook-Pot-285x126.png 285w\" sizes=\"(max-width: 1500px) 100vw, 1500px\" \/><\/figure>\n\n\n\n<p><\/p>","protected":false},"excerpt":{"rendered":"<p>Nous fournissons une vari\u00e9t\u00e9 de styles et de capacit\u00e9s de marmites thermiques pour r\u00e9pondre aux diff\u00e9rents besoins du march\u00e9. Cette marmite thermique peut conserver la chaleur jusqu'\u00e0 dix heures. Choisissez notre marmite thermique pour vous fournir des solutions de cuisson efficaces et \u00e9conomes en \u00e9nergie.<\/p>\n<h3>Caract\u00e9ristiques et avantages de la marmite thermique<\/h3>\n<p><strong>\u00c9conomie d'\u00e9nergie et \u00e9conomie d'\u00e9nergie :<\/strong> Il n'est pas n\u00e9cessaire de chauffer en continu, il suffit de chauffer le pot int\u00e9rieur pendant 10 minutes, puis de le placer dans le pot ext\u00e9rieur et de continuer \u00e0 chauffer pendant 40 minutes, ce qui r\u00e9duit consid\u00e9rablement la consommation d'\u00e9nergie.<\/p>\n<p><strong>Pr\u00e9servation efficace de la chaleur :<\/strong> Le pot ext\u00e9rieur de la marmite thermique adopte un mat\u00e9riau d'isolation thermique efficace, qui peut conserver la chaleur pendant une longue p\u00e9riode. La dur\u00e9e de conservation de la chaleur peut atteindre 10 heures, ce qui permet de conserver la temp\u00e9rature et le go\u00fbt des aliments.<\/p>\n<p><strong>Fonctionnement facile :<\/strong> Deux \u00e9tapes seulement sont n\u00e9cessaires, il suffit de le mettre dans le pot ext\u00e9rieur directement apr\u00e8s l'avoir chauff\u00e9, sans \u00e9tapes de cuisson compliqu\u00e9es, ce qui convient aux familles occup\u00e9es.<\/p>\n<p><strong>Application multifonctionnelle :<\/strong> Adapt\u00e9e \u00e0 la cuisson de soupes, de bouillies, de rago\u00fbts et d'autres aliments, la marmite thermique peut \u00eatre utilis\u00e9e non seulement dans la cuisine domestique, mais aussi pour les pique-niques en plein air et le camping.<\/p>\n<p><strong>Service de vente en gros :<\/strong> Hengguang propose un service de vente en gros de marmites thermiques afin de vous garantir des produits de haute qualit\u00e9 au prix le plus comp\u00e9titif.<\/p>","protected":false},"featured_media":4492,"comment_status":"closed","ping_status":"closed","template":"","meta":[],"product_brand":[],"product_cat":[50],"product_tag":[],"class_list":{"0":"post-4486","1":"product","2":"type-product","3":"status-publish","4":"has-post-thumbnail","6":"product_cat-vacuum-thermal-cooker","8":"first","9":"instock","10":"shipping-taxable","11":"product-type-simple"},"_links":{"self":[{"href":"https:\/\/www.hg-cooker.com\/fr\/wp-json\/wp\/v2\/product\/4486","targetHints":{"allow":["GET"]}}],"collection":[{"href":"https:\/\/www.hg-cooker.com\/fr\/wp-json\/wp\/v2\/product"}],"about":[{"href":"https:\/\/www.hg-cooker.com\/fr\/wp-json\/wp\/v2\/types\/product"}],"replies":[{"embeddable":true,"href":"https:\/\/www.hg-cooker.com\/fr\/wp-json\/wp\/v2\/comments?post=4486"}],"wp:featuredmedia":[{"embeddable":true,"href":"https:\/\/www.hg-cooker.com\/fr\/wp-json\/wp\/v2\/media\/4492"}],"wp:attachment":[{"href":"https:\/\/www.hg-cooker.com\/fr\/wp-json\/wp\/v2\/media?parent=4486"}],"wp:term":[{"taxonomy":"product_brand","embeddable":true,"href":"https:\/\/www.hg-cooker.com\/fr\/wp-json\/wp\/v2\/product_brand?post=4486"},{"taxonomy":"product_cat","embeddable":true,"href":"https:\/\/www.hg-cooker.com\/fr\/wp-json\/wp\/v2\/product_cat?post=4486"},{"taxonomy":"product_tag","embeddable":true,"href":"https:\/\/www.hg-cooker.com\/fr\/wp-json\/wp\/v2\/product_tag?post=4486"}],"curies":[{"name":"wp","href":"https:\/\/api.w.org\/{rel}","templated":true}]}}