{"id":4452,"date":"2024-09-29T06:46:05","date_gmt":"2024-09-29T06:46:05","guid":{"rendered":"https:\/\/www.hg-cooker.com\/?post_type=product&#038;p=4452"},"modified":"2026-04-20T09:18:06","modified_gmt":"2026-04-20T09:18:06","slug":"pot-a-lait-bouillant-en-acier-inoxydable-wholesale-38","status":"publish","type":"product","link":"https:\/\/www.hg-cooker.com\/fr\/produit\/pot-a-lait-bouillant-en-acier-inoxydable-wholesale-38\/","title":{"rendered":"Mini autocuiseur efficace en gros, support OEM et ODM - HG Pressure Cooker Manufacturer"},"content":{"rendered":"<div class=\"wp-block-columns is-layout-flex wp-container-core-columns-is-layout-9d6595d7 wp-block-columns-is-layout-flex\">\n<div class=\"wp-block-column is-layout-flow wp-block-column-is-layout-flow\">\n<h3 class=\"wp-block-heading\">Param\u00e8tres du mini autocuiseur<\/h3>\n\n\n\n<figure class=\"wp-block-table\"><table class=\"has-fixed-layout\"><tbody><tr><td>Nom du produit<\/td><td>Mat\u00e9riau<\/td><td>Style<\/td><td>Capacit\u00e9<\/td><td>R\u00e9chaud adapt\u00e9<\/td><\/tr><tr><td>Mini autocuiseur<\/td><td>Acier inoxydable 304# (couvercle) + Acier inoxydable Tri-Ply (corps de la marmite)<\/td><td>Acier inoxydable \/ rev\u00eatement antiadh\u00e9sif<\/td><td>0,8L \/ 1,2L \/ 1,6L \/ 2,0L \/ 2,5L \/ 3,0L \/ 3,5L \/ 4,0L<\/td><td>Cuisini\u00e8re \u00e0 gaz \/ flamme nue \/ cuisini\u00e8re \u00e0 induction<\/td><\/tr><\/tbody><\/table><\/figure>\n\n\n\n<h3 class=\"wp-block-heading\">Options de mini-cuiseur \u00e0 pression personnalis\u00e9es<\/h3>\n\n\n\n<p><strong>Logo<\/strong>: Personnalisez le logo de votre marque sur le mini autocuiseur et l'emballage.<br><br><strong>Rev\u00eatement<\/strong>: Rev\u00eatement antiadh\u00e9sif \/ Acier inoxydable <br><br><strong>Taille<\/strong>: Personnalisez diff\u00e9rentes tailles de mini-cuiseurs \u00e0 pression en fonction de vos besoins.<br><br><strong>Paquet<\/strong>: carton\/bo\u00eete de couleur.<br><br><a href=\"https:\/\/www.hg-cooker.com\/fr\/custom-solution\/\" data-type=\"page\" data-id=\"2793\" target=\"_blank\" rel=\"noreferrer noopener\"><strong>En savoir plus sur les solutions de mini-cuiseurs \u00e0 pression sur mesure.<\/strong><\/a><\/p>\n<\/div>\n<\/div>\n\n\n\n<div class=\"wp-block-columns is-layout-flex wp-container-core-columns-is-layout-9d6595d7 wp-block-columns-is-layout-flex\">\n<div class=\"wp-block-column is-layout-flow wp-block-column-is-layout-flow\">\n<figure class=\"wp-block-image size-full\"><img fetchpriority=\"high\" decoding=\"async\" width=\"790\" height=\"1090\" src=\"https:\/\/www.hg-cooker.com\/wp-content\/uploads\/2024\/09\/Mini-pressure-cooker-detail.webp\" alt=\"Mini autocuiseur d\u00e9tail\" class=\"wp-image-4454\" srcset=\"https:\/\/www.hg-cooker.com\/wp-content\/uploads\/2024\/09\/Mini-pressure-cooker-detail.webp 790w, https:\/\/www.hg-cooker.com\/wp-content\/uploads\/2024\/09\/Mini-pressure-cooker-detail-109x150.webp 109w, https:\/\/www.hg-cooker.com\/wp-content\/uploads\/2024\/09\/Mini-pressure-cooker-detail-478x660.webp 478w, https:\/\/www.hg-cooker.com\/wp-content\/uploads\/2024\/09\/Mini-pressure-cooker-detail-217x300.webp 217w, https:\/\/www.hg-cooker.com\/wp-content\/uploads\/2024\/09\/Mini-pressure-cooker-detail-768x1060.webp 768w, https:\/\/www.hg-cooker.com\/wp-content\/uploads\/2024\/09\/Mini-pressure-cooker-detail-9x12.webp 9w, https:\/\/www.hg-cooker.com\/wp-content\/uploads\/2024\/09\/Mini-pressure-cooker-detail-285x393.webp 285w\" sizes=\"(max-width: 790px) 100vw, 790px\" \/><\/figure>\n<\/div>\n\n\n\n<div class=\"wp-block-column is-layout-flow wp-block-column-is-layout-flow\">\n<figure class=\"wp-block-image size-full\"><img decoding=\"async\" width=\"790\" height=\"1094\" src=\"https:\/\/www.hg-cooker.com\/wp-content\/uploads\/2024\/09\/Mini-pressure-cooker-detail-2.webp\" alt=\"Mini autocuiseur d\u00e9tail 2\" class=\"wp-image-4453\" srcset=\"https:\/\/www.hg-cooker.com\/wp-content\/uploads\/2024\/09\/Mini-pressure-cooker-detail-2.webp 790w, https:\/\/www.hg-cooker.com\/wp-content\/uploads\/2024\/09\/Mini-pressure-cooker-detail-2-108x150.webp 108w, https:\/\/www.hg-cooker.com\/wp-content\/uploads\/2024\/09\/Mini-pressure-cooker-detail-2-477x660.webp 477w, https:\/\/www.hg-cooker.com\/wp-content\/uploads\/2024\/09\/Mini-pressure-cooker-detail-2-217x300.webp 217w, https:\/\/www.hg-cooker.com\/wp-content\/uploads\/2024\/09\/Mini-pressure-cooker-detail-2-768x1064.webp 768w, https:\/\/www.hg-cooker.com\/wp-content\/uploads\/2024\/09\/Mini-pressure-cooker-detail-2-9x12.webp 9w, https:\/\/www.hg-cooker.com\/wp-content\/uploads\/2024\/09\/Mini-pressure-cooker-detail-2-285x395.webp 285w\" sizes=\"(max-width: 790px) 100vw, 790px\" \/><\/figure>\n<\/div>\n<\/div>","protected":false},"excerpt":{"rendered":"<p>Mini autocuiseur en gros, sa taille compacte le rend parfait pour les petites cuisines ou le camping, il peut facilement faire face \u00e0 divers besoins de cuisson. Avec une super performance de cuisson, le riz peut \u00eatre cuit en 5 minutes. Nous prenons en charge les produits OEM et ODM, nous invitons les acheteurs B2B \u00e0 nous contacter.<\/p>\n<h2>Caract\u00e9ristiques et avantages du mini autocuiseur<\/h2>\n<div>\n<p><strong>Conception compacte :<\/strong> Notre mini autocuiseur est con\u00e7u pour les cuisines, les dortoirs ou les amateurs de camping disposant d'un espace limit\u00e9.<\/p>\n<p><strong>Cuisson efficace :<\/strong> Dot\u00e9 d'une excellente conductivit\u00e9 thermique et d'une technologie de haute pression, ce mini autocuiseur permet d'augmenter rapidement la pression interne et de raccourcir consid\u00e9rablement le temps de cuisson.<\/p>\n<p><strong>Performance en mati\u00e8re de s\u00e9curit\u00e9 :<\/strong> Ce mini autocuiseur est \u00e9quip\u00e9 de plusieurs soupapes de s\u00e9curit\u00e9 et de verrous de s\u00e9curit\u00e9 pour garantir la s\u00e9curit\u00e9 pendant la cuisson \u00e0 haute pression.<\/p>\n<p><strong>Mat\u00e9riau durable :<\/strong> Le mini autocuiseur est fabriqu\u00e9 en acier inoxydable de haute qualit\u00e9 et pr\u00e9sente une excellente r\u00e9sistance \u00e0 la corrosion et \u00e0 l'oxydation.<\/p>\n<p><strong>Nombreuses options de personnalisation :<\/strong> Nous proposons de nombreuses options de personnalisation, y compris la capacit\u00e9, la taille et l'emballage de l'autocuiseur, afin de cr\u00e9er votre propre marque d'autocuiseur.<\/p>\n<\/div>","protected":false},"featured_media":7033,"comment_status":"closed","ping_status":"closed","template":"","meta":[],"product_brand":[],"product_cat":[49],"product_tag":[],"class_list":{"0":"post-4452","1":"product","2":"type-product","3":"status-publish","4":"has-post-thumbnail","6":"product_cat-mini-pressure-cooker","8":"first","9":"instock","10":"shipping-taxable","11":"product-type-simple"},"_links":{"self":[{"href":"https:\/\/www.hg-cooker.com\/fr\/wp-json\/wp\/v2\/product\/4452","targetHints":{"allow":["GET"]}}],"collection":[{"href":"https:\/\/www.hg-cooker.com\/fr\/wp-json\/wp\/v2\/product"}],"about":[{"href":"https:\/\/www.hg-cooker.com\/fr\/wp-json\/wp\/v2\/types\/product"}],"replies":[{"embeddable":true,"href":"https:\/\/www.hg-cooker.com\/fr\/wp-json\/wp\/v2\/comments?post=4452"}],"wp:featuredmedia":[{"embeddable":true,"href":"https:\/\/www.hg-cooker.com\/fr\/wp-json\/wp\/v2\/media\/7033"}],"wp:attachment":[{"href":"https:\/\/www.hg-cooker.com\/fr\/wp-json\/wp\/v2\/media?parent=4452"}],"wp:term":[{"taxonomy":"product_brand","embeddable":true,"href":"https:\/\/www.hg-cooker.com\/fr\/wp-json\/wp\/v2\/product_brand?post=4452"},{"taxonomy":"product_cat","embeddable":true,"href":"https:\/\/www.hg-cooker.com\/fr\/wp-json\/wp\/v2\/product_cat?post=4452"},{"taxonomy":"product_tag","embeddable":true,"href":"https:\/\/www.hg-cooker.com\/fr\/wp-json\/wp\/v2\/product_tag?post=4452"}],"curies":[{"name":"wp","href":"https:\/\/api.w.org\/{rel}","templated":true}]}}