{"id":4440,"date":"2025-09-09T01:53:29","date_gmt":"2025-09-09T01:53:29","guid":{"rendered":"https:\/\/www.hg-cooker.com\/?post_type=product&#038;p=4440"},"modified":"2025-09-13T01:38:06","modified_gmt":"2025-09-13T01:38:06","slug":"pot-a-lait-bouillant-en-acier-inoxydable-wholesale-37","status":"publish","type":"product","link":"https:\/\/www.hg-cooker.com\/fr\/produit\/pot-a-lait-bouillant-en-acier-inoxydable-wholesale-37\/","title":{"rendered":"Wholesale Set d'ustensiles de cuisine 3 pi\u00e8ces en acier inoxydable triple \u00e9paisseur, y compris marmite \u00e0 soupe, marmite \u00e0 lait, marmite \u00e0 bouillon"},"content":{"rendered":"<div class=\"wp-block-columns is-layout-flex wp-container-core-columns-is-layout-9d6595d7 wp-block-columns-is-layout-flex\">\n<div class=\"wp-block-column is-layout-flow wp-block-column-is-layout-flow\">\n<h3 class=\"wp-block-heading\">Param\u00e8tres de la batterie de cuisine Tri Ply<\/h3>\n\n\n\n<figure class=\"wp-block-table\"><table class=\"has-fixed-layout\"><tbody><tr><td>Nom du produit<\/td><td>Batterie de cuisine en acier inoxydable (marmite \u00e0 soupe, marmite \u00e0 lait, marmite \u00e0 bouillon)<\/td><\/tr><tr><td>Mat\u00e9riau<\/td><td>Acier inoxydable 304 et acier inoxydable composite tripl\u00e9<\/td><\/tr><tr><td>R\u00e9chaud adapt\u00e9<\/td><td>Cuisini\u00e8re radiante, four halog\u00e8ne, cuisini\u00e8re \u00e0 gaz, cuisini\u00e8re \u00e0 induction<\/td><\/tr><\/tbody><\/table><\/figure>\n<\/div>\n<\/div>\n\n\n\n<h3 class=\"wp-block-heading\">Options d'ustensiles de cuisine personnalis\u00e9s<\/h3>\n\n\n\n<figure class=\"wp-block-table\"><table class=\"has-fixed-layout\"><tbody><tr><td>Options personnalis\u00e9es<\/td><td>D\u00e9tails<\/td><\/tr><tr><td>Logo<\/td><td>Personnalisez le logo de votre marque sur le produit et l'emballage.<\/td><\/tr><tr><td>Mat\u00e9riau<\/td><td>Acier inoxydable Triply\/304 Acier inoxydable\/316 Acier inoxydable<\/td><\/tr><tr><td>Rev\u00eatement<\/td><td>Rev\u00eatement antiadh\u00e9sif\/Nid d'abeille Physiquement antiadh\u00e9sif\/Acier inoxydable (sans rev\u00eatement)<\/td><\/tr><tr><td>Taille<\/td><td>Dimensions personnalis\u00e9es des ustensiles de cuisine<\/td><\/tr><tr><td>Emballage<\/td><td>Carton, bo\u00eete de couleur<\/td><\/tr><\/tbody><\/table><\/figure>\n\n\n\n<div class=\"wp-block-columns is-layout-flex wp-container-core-columns-is-layout-9d6595d7 wp-block-columns-is-layout-flex\">\n<div class=\"wp-block-column is-layout-flow wp-block-column-is-layout-flow\">\n<figure class=\"wp-block-image size-full\"><img fetchpriority=\"high\" decoding=\"async\" width=\"790\" height=\"1000\" src=\"https:\/\/www.hg-cooker.com\/wp-content\/uploads\/2024\/09\/Soup-Pot-and-Stock-Pot-Dimensions.jpg\" alt=\"Dimensions des soupi\u00e8res et des marmites\" class=\"wp-image-4444\" srcset=\"https:\/\/www.hg-cooker.com\/wp-content\/uploads\/2024\/09\/Soup-Pot-and-Stock-Pot-Dimensions.jpg 790w, https:\/\/www.hg-cooker.com\/wp-content\/uploads\/2024\/09\/Soup-Pot-and-Stock-Pot-Dimensions-119x150.jpg 119w, https:\/\/www.hg-cooker.com\/wp-content\/uploads\/2024\/09\/Soup-Pot-and-Stock-Pot-Dimensions-521x660.jpg 521w, https:\/\/www.hg-cooker.com\/wp-content\/uploads\/2024\/09\/Soup-Pot-and-Stock-Pot-Dimensions-237x300.jpg 237w, https:\/\/www.hg-cooker.com\/wp-content\/uploads\/2024\/09\/Soup-Pot-and-Stock-Pot-Dimensions-768x972.jpg 768w, https:\/\/www.hg-cooker.com\/wp-content\/uploads\/2024\/09\/Soup-Pot-and-Stock-Pot-Dimensions-9x12.jpg 9w, https:\/\/www.hg-cooker.com\/wp-content\/uploads\/2024\/09\/Soup-Pot-and-Stock-Pot-Dimensions-285x361.jpg 285w\" sizes=\"(max-width: 790px) 100vw, 790px\" \/><\/figure>\n<\/div>\n\n\n\n<div class=\"wp-block-column is-layout-flow wp-block-column-is-layout-flow\">\n<figure class=\"wp-block-image size-full\"><img decoding=\"async\" width=\"790\" height=\"1000\" src=\"https:\/\/www.hg-cooker.com\/wp-content\/uploads\/2024\/09\/Milk-Pot-Dimensions-and-Parameters.jpg\" alt=\"Dimensions et param\u00e8tres du pot \u00e0 lait\" class=\"wp-image-4443\" srcset=\"https:\/\/www.hg-cooker.com\/wp-content\/uploads\/2024\/09\/Milk-Pot-Dimensions-and-Parameters.jpg 790w, https:\/\/www.hg-cooker.com\/wp-content\/uploads\/2024\/09\/Milk-Pot-Dimensions-and-Parameters-119x150.jpg 119w, https:\/\/www.hg-cooker.com\/wp-content\/uploads\/2024\/09\/Milk-Pot-Dimensions-and-Parameters-521x660.jpg 521w, https:\/\/www.hg-cooker.com\/wp-content\/uploads\/2024\/09\/Milk-Pot-Dimensions-and-Parameters-237x300.jpg 237w, https:\/\/www.hg-cooker.com\/wp-content\/uploads\/2024\/09\/Milk-Pot-Dimensions-and-Parameters-768x972.jpg 768w, https:\/\/www.hg-cooker.com\/wp-content\/uploads\/2024\/09\/Milk-Pot-Dimensions-and-Parameters-9x12.jpg 9w, https:\/\/www.hg-cooker.com\/wp-content\/uploads\/2024\/09\/Milk-Pot-Dimensions-and-Parameters-285x361.jpg 285w\" sizes=\"(max-width: 790px) 100vw, 790px\" \/><\/figure>\n<\/div>\n<\/div>","protected":false},"excerpt":{"rendered":"<p>Batterie de cuisine en gros en acier inoxydable \u00e0 trois couches, la batterie de cuisine contient une marmite \u00e0 soupe, une marmite \u00e0 lait et une marmite \u00e0 bouillon. Le fond de la batterie de cuisine est en acier inoxydable \u00e0 trois couches, ce qui permet un meilleur effet de chauffage et une distribution plus uniforme de la chaleur, convenant aux cuisines commerciales et \u00e0 l'usage domestique.<\/p>\n<p>En tant que fabricant d'ustensiles de cuisine, nous proposons des prix de gros d'usine. N'h\u00e9sitez pas \u00e0 nous contacter.<\/p>\n<h2>Caract\u00e9ristiques et avantages de la batterie de cuisine en acier inoxydable Tri-Ply\u00a0<\/h2>\n<div>\n<p><strong>Facile \u00e0 utiliser :<\/strong> Nos batteries de cuisine sont \u00e9quip\u00e9es de poign\u00e9es robustes, plus s\u00fbres et plus confortables \u00e0 utiliser. Chaque casserole est dot\u00e9e d'un couvercle en verre transparent, qui permet non seulement d'observer le processus de cuisson des aliments, mais aussi de conserver efficacement la chaleur et l'humidit\u00e9.<\/p>\n<p><strong>Respectueux de l'environnement et s\u00fbr :<\/strong> Les ustensiles de cuisine Hengguang sont fabriqu\u00e9s en acier inoxydable de haute qualit\u00e9. L'acier inoxydable est un mat\u00e9riau non toxique dot\u00e9 d'une tr\u00e8s bonne stabilit\u00e9, qui ne contient pas de PFOA et qui est tr\u00e8s durable. Il a une longue dur\u00e9e de vie.<\/p>\n<p><strong>Triple fond en acier inoxydable :<\/strong> Le fond du cuiseur utilise une technologie innovante de liaison \u00e0 triple impact, injectant une couche d'aluminium avec une excellente conductivit\u00e9 thermique entre deux couches d'acier inoxydable, de sorte que les aliments peuvent \u00eatre chauff\u00e9s uniform\u00e9ment pendant le processus de cuisson.<\/p>\n<p><strong>Large compatibilit\u00e9 :<\/strong> Nos cuisini\u00e8res conviennent \u00e0 toutes les sources de chaleur, y compris les cuisini\u00e8res \u00e0 induction, les cuisini\u00e8res \u00e0 gaz, les cuisini\u00e8res en verre et les cuisini\u00e8res en c\u00e9ramique. Quel que soit l'\u00e9quipement de votre cuisine, vous pouvez l'utiliser facilement.<\/p>\n<p><strong>Service de vente en gros :<\/strong> Nous proposons des services flexibles de vente en gros d'ustensiles de cuisine pour r\u00e9pondre aux besoins des diff\u00e9rents clients, qu'il s'agisse de petites entreprises ou de grands d\u00e9taillants. Notre \u00e9quipe assurera une livraison efficace et un service apr\u00e8s-vente de qualit\u00e9 pour vous aider \u00e0 acqu\u00e9rir un avantage concurrentiel sur le march\u00e9.<\/p>\n<p><strong>Solutions personnalis\u00e9es :<\/strong> En tant que fabricant professionnel d'ustensiles de cuisine, nous fournissons des solutions personnalis\u00e9es aux acheteurs B2B qui en ont besoin, couvrant la conception du produit, la conception de l'emballage, etc. N'h\u00e9sitez pas \u00e0 nous contacter.<\/p>\n<\/div>","protected":false},"featured_media":4446,"comment_status":"closed","ping_status":"closed","template":"","meta":[],"product_brand":[],"product_cat":[52],"product_tag":[],"class_list":{"0":"post-4440","1":"product","2":"type-product","3":"status-publish","4":"has-post-thumbnail","6":"product_cat-stainless-steel-cookware","8":"first","9":"instock","10":"shipping-taxable","11":"product-type-simple"},"_links":{"self":[{"href":"https:\/\/www.hg-cooker.com\/fr\/wp-json\/wp\/v2\/product\/4440","targetHints":{"allow":["GET"]}}],"collection":[{"href":"https:\/\/www.hg-cooker.com\/fr\/wp-json\/wp\/v2\/product"}],"about":[{"href":"https:\/\/www.hg-cooker.com\/fr\/wp-json\/wp\/v2\/types\/product"}],"replies":[{"embeddable":true,"href":"https:\/\/www.hg-cooker.com\/fr\/wp-json\/wp\/v2\/comments?post=4440"}],"wp:featuredmedia":[{"embeddable":true,"href":"https:\/\/www.hg-cooker.com\/fr\/wp-json\/wp\/v2\/media\/4446"}],"wp:attachment":[{"href":"https:\/\/www.hg-cooker.com\/fr\/wp-json\/wp\/v2\/media?parent=4440"}],"wp:term":[{"taxonomy":"product_brand","embeddable":true,"href":"https:\/\/www.hg-cooker.com\/fr\/wp-json\/wp\/v2\/product_brand?post=4440"},{"taxonomy":"product_cat","embeddable":true,"href":"https:\/\/www.hg-cooker.com\/fr\/wp-json\/wp\/v2\/product_cat?post=4440"},{"taxonomy":"product_tag","embeddable":true,"href":"https:\/\/www.hg-cooker.com\/fr\/wp-json\/wp\/v2\/product_tag?post=4440"}],"curies":[{"name":"wp","href":"https:\/\/api.w.org\/{rel}","templated":true}]}}