{"id":4432,"date":"2025-09-01T05:13:29","date_gmt":"2025-09-01T05:13:29","guid":{"rendered":"https:\/\/www.hg-cooker.com\/?post_type=product&#038;p=4432"},"modified":"2025-09-13T02:08:42","modified_gmt":"2025-09-13T02:08:42","slug":"pot-a-lait-bouillant-en-acier-inoxydable-wholesale-36","status":"publish","type":"product","link":"https:\/\/www.hg-cooker.com\/fr\/produit\/pot-a-lait-bouillant-en-acier-inoxydable-wholesale-36\/","title":{"rendered":"Ensemble d'ustensiles de cuisine antiadh\u00e9sifs en gros, comprenant un wok, une po\u00eale \u00e0 frire et une marmite \u00e0 lait"},"content":{"rendered":"<div class=\"wp-block-columns is-layout-flex wp-container-core-columns-is-layout-9d6595d7 wp-block-columns-is-layout-flex\">\n<div class=\"wp-block-column is-layout-flow wp-block-column-is-layout-flow\">\n<h3 class=\"wp-block-heading\">Param\u00e8tres de la batterie de cuisine antiadh\u00e9sive<\/h3>\n\n\n\n<figure class=\"wp-block-table\"><table class=\"has-fixed-layout\"><tbody><tr><td>Nom du produit<\/td><td>Batterie de cuisine antiadh\u00e9sive en acier inoxydable (marmite \u00e0 soupe + marmite \u00e0 lait)<\/td><\/tr><tr><td>Mat\u00e9riau du produit<\/td><td>Acier inoxydable 304 et acier inoxydable composite tripl\u00e9<\/td><\/tr><tr><td>Pot de soupe<\/td><td>20cm \/ 22cm \/ 24cm \/ 26cm<\/td><\/tr><tr><td>Pot \u00e0 lait<\/td><td>14cm \/ 16cm \/ 18cm<\/td><\/tr><tr><td>Wok<\/td><td>32cm<\/td><\/tr><tr><td>R\u00e9chaud adapt\u00e9<\/td><td>Cuisini\u00e8re radiante \/ Four halog\u00e8ne \/ Cuisini\u00e8re \u00e0 gaz \/ Cuisini\u00e8re \u00e0 induction<\/td><\/tr><\/tbody><\/table><\/figure>\n\n\n\n<h3 class=\"wp-block-heading\">Options d'ustensiles de cuisine personnalis\u00e9s<\/h3>\n\n\n\n<figure class=\"wp-block-table\"><table class=\"has-fixed-layout\"><tbody><tr><td>Options d'ustensiles de cuisine personnalis\u00e9s<\/td><td>D\u00e9tails<\/td><\/tr><tr><td>Logo<\/td><td>Personnalisez le logo de votre marque sur les ustensiles de cuisine et les emballages.<\/td><\/tr><tr><td>Mat\u00e9riau<\/td><td>Acier inoxydable triple \u00e9paisseur \/ Acier inoxydable 304 \/ Acier inoxydable 316<\/td><\/tr><tr><td>Rev\u00eatement<\/td><td>Nid d'abeille Rev\u00eatement physique antiadh\u00e9sif \/ Acier inoxydable (sans rev\u00eatement)<\/td><\/tr><tr><td>Taille<\/td><td>Dimensions personnalis\u00e9es des ustensiles de cuisine<\/td><\/tr><tr><td>Paquet<\/td><td>Carton \/ Bo\u00eete de couleur<\/td><\/tr><\/tbody><\/table><\/figure>\n\n\n\n<p class=\"has-medium-font-size\"><\/p>\n<\/div>\n<\/div>\n\n\n\n<div class=\"wp-block-columns is-layout-flex wp-container-core-columns-is-layout-9d6595d7 wp-block-columns-is-layout-flex\">\n<div class=\"wp-block-column is-layout-flow wp-block-column-is-layout-flow\">\n<figure class=\"wp-block-image size-full\"><img fetchpriority=\"high\" decoding=\"async\" width=\"790\" height=\"1240\" src=\"https:\/\/www.hg-cooker.com\/wp-content\/uploads\/2024\/09\/Non-stick-Cookware-Set-Details-1.png\" alt=\"Batterie de cuisine antiadh\u00e9sive D\u00e9tails (1)\" class=\"wp-image-4589\" srcset=\"https:\/\/www.hg-cooker.com\/wp-content\/uploads\/2024\/09\/Non-stick-Cookware-Set-Details-1.png 790w, https:\/\/www.hg-cooker.com\/wp-content\/uploads\/2024\/09\/Non-stick-Cookware-Set-Details-1-96x150.png 96w, https:\/\/www.hg-cooker.com\/wp-content\/uploads\/2024\/09\/Non-stick-Cookware-Set-Details-1-420x660.png 420w, https:\/\/www.hg-cooker.com\/wp-content\/uploads\/2024\/09\/Non-stick-Cookware-Set-Details-1-191x300.png 191w, https:\/\/www.hg-cooker.com\/wp-content\/uploads\/2024\/09\/Non-stick-Cookware-Set-Details-1-768x1205.png 768w, https:\/\/www.hg-cooker.com\/wp-content\/uploads\/2024\/09\/Non-stick-Cookware-Set-Details-1-8x12.png 8w, https:\/\/www.hg-cooker.com\/wp-content\/uploads\/2024\/09\/Non-stick-Cookware-Set-Details-1-285x447.png 285w\" sizes=\"(max-width: 790px) 100vw, 790px\" \/><\/figure>\n<\/div>\n\n\n\n<div class=\"wp-block-column is-layout-flow wp-block-column-is-layout-flow\">\n<figure class=\"wp-block-image size-full\"><img decoding=\"async\" width=\"790\" height=\"1240\" src=\"https:\/\/www.hg-cooker.com\/wp-content\/uploads\/2024\/09\/Non-stick-Cookware-Set-Details-2.png\" alt=\"Batterie de cuisine antiadh\u00e9sive D\u00e9tails (2)\" class=\"wp-image-4590\" srcset=\"https:\/\/www.hg-cooker.com\/wp-content\/uploads\/2024\/09\/Non-stick-Cookware-Set-Details-2.png 790w, https:\/\/www.hg-cooker.com\/wp-content\/uploads\/2024\/09\/Non-stick-Cookware-Set-Details-2-96x150.png 96w, https:\/\/www.hg-cooker.com\/wp-content\/uploads\/2024\/09\/Non-stick-Cookware-Set-Details-2-420x660.png 420w, https:\/\/www.hg-cooker.com\/wp-content\/uploads\/2024\/09\/Non-stick-Cookware-Set-Details-2-191x300.png 191w, https:\/\/www.hg-cooker.com\/wp-content\/uploads\/2024\/09\/Non-stick-Cookware-Set-Details-2-768x1205.png 768w, https:\/\/www.hg-cooker.com\/wp-content\/uploads\/2024\/09\/Non-stick-Cookware-Set-Details-2-8x12.png 8w, https:\/\/www.hg-cooker.com\/wp-content\/uploads\/2024\/09\/Non-stick-Cookware-Set-Details-2-285x447.png 285w\" sizes=\"(max-width: 790px) 100vw, 790px\" \/><\/figure>\n<\/div>\n<\/div>\n\n\n\n<div class=\"wp-block-columns is-layout-flex wp-container-core-columns-is-layout-9d6595d7 wp-block-columns-is-layout-flex\">\n<div class=\"wp-block-column is-layout-flow wp-block-column-is-layout-flow\"><\/div>\n\n\n\n<div class=\"wp-block-column is-layout-flow wp-block-column-is-layout-flow\"><\/div>\n<\/div>","protected":false},"excerpt":{"rendered":"<p>Batterie de cuisine antiadh\u00e9sive en nid d'abeille 3 pi\u00e8ces, comprenant une po\u00eale \u00e0 frire, une casserole \u00e0 lait et un wok, r\u00e9pondant \u00e0 tous les besoins de base de la famille en mati\u00e8re de cuisine.<\/p>\n<p>Le corps de la casserole est en acier inoxydable triple, avec une structure robuste et assure une distribution uniforme de la chaleur. Il convient \u00e0 toutes les cuisini\u00e8res et r\u00e9pond aux besoins des diff\u00e9rentes cuisines. Contactez-nous pour un devis.<\/p>\n<h3>Caract\u00e9ristiques de la batterie de cuisine antiadh\u00e9sive Honeycomb\u00a0<\/h3>\n<div>\n<p><strong>Sp\u00e9cifications compl\u00e8tes :<\/strong> Cette batterie de cuisine antiadh\u00e9sive est disponible dans une vari\u00e9t\u00e9 de sp\u00e9cifications, y compris des casseroles de 20 cm\/22 cm\/24 cm\/26 cm, des pots \u00e0 lait de 14 cm\/16 cm\/18 cm et des woks de 32 cm, afin de r\u00e9pondre aux besoins des diff\u00e9rents utilisateurs.<\/p>\n<p><strong>Convient \u00e0 une grande vari\u00e9t\u00e9 de po\u00eales :<\/strong> La batterie de cuisine est fabriqu\u00e9e en acier inoxydable \u00e0 trois couches et convient donc \u00e0 une grande vari\u00e9t\u00e9 de cuisini\u00e8res, y compris les cuisini\u00e8res \u00e0 induction, les cuisini\u00e8res \u00e0 gaz et les cuisini\u00e8res en c\u00e9ramique, ce qui am\u00e9liore grandement la flexibilit\u00e9 de la cuisine.<\/p>\n<p><strong>Couvercle en verre tremp\u00e9 :<\/strong> La batterie de cuisine antiadh\u00e9sive est \u00e9quip\u00e9e d'un couvercle en verre tremp\u00e9 incassable et antid\u00e9flagrant, qui convient mieux aux cuisines commerciales fr\u00e9quemment utilis\u00e9es.<\/p>\n<p><strong>Cuisine saine :<\/strong> Gr\u00e2ce \u00e0 ses excellentes performances antiadh\u00e9sives, il permet de r\u00e9duire efficacement l'utilisation d'huile et de cuisiner des aliments sains \u00e0 faible teneur en mati\u00e8res grasses. Il convient aux personnes soucieuses d'une alimentation saine.<\/p>\n<p><strong>Service OEM&amp;ODM :<\/strong> Le fabricant d'ustensiles de cuisine Hengguang propose un service OEM&amp;ODM pour aider les clients \u00e0 r\u00e9pondre aux besoins de personnalisation des ustensiles de cuisine de haute qualit\u00e9.<\/p>\n<\/div>","protected":false},"featured_media":4593,"comment_status":"closed","ping_status":"closed","template":"","meta":[],"product_brand":[],"product_cat":[52],"product_tag":[],"class_list":{"0":"post-4432","1":"product","2":"type-product","3":"status-publish","4":"has-post-thumbnail","6":"product_cat-stainless-steel-cookware","8":"first","9":"instock","10":"shipping-taxable","11":"product-type-simple"},"_links":{"self":[{"href":"https:\/\/www.hg-cooker.com\/fr\/wp-json\/wp\/v2\/product\/4432","targetHints":{"allow":["GET"]}}],"collection":[{"href":"https:\/\/www.hg-cooker.com\/fr\/wp-json\/wp\/v2\/product"}],"about":[{"href":"https:\/\/www.hg-cooker.com\/fr\/wp-json\/wp\/v2\/types\/product"}],"replies":[{"embeddable":true,"href":"https:\/\/www.hg-cooker.com\/fr\/wp-json\/wp\/v2\/comments?post=4432"}],"wp:featuredmedia":[{"embeddable":true,"href":"https:\/\/www.hg-cooker.com\/fr\/wp-json\/wp\/v2\/media\/4593"}],"wp:attachment":[{"href":"https:\/\/www.hg-cooker.com\/fr\/wp-json\/wp\/v2\/media?parent=4432"}],"wp:term":[{"taxonomy":"product_brand","embeddable":true,"href":"https:\/\/www.hg-cooker.com\/fr\/wp-json\/wp\/v2\/product_brand?post=4432"},{"taxonomy":"product_cat","embeddable":true,"href":"https:\/\/www.hg-cooker.com\/fr\/wp-json\/wp\/v2\/product_cat?post=4432"},{"taxonomy":"product_tag","embeddable":true,"href":"https:\/\/www.hg-cooker.com\/fr\/wp-json\/wp\/v2\/product_tag?post=4432"}],"curies":[{"name":"wp","href":"https:\/\/api.w.org\/{rel}","templated":true}]}}